{"id":6293,"date":"2024-08-13T08:38:53","date_gmt":"2024-08-13T08:38:53","guid":{"rendered":"https:\/\/rozewines.com\/product\/ambra-khvanchkara\/"},"modified":"2024-08-14T09:03:07","modified_gmt":"2024-08-14T09:03:07","slug":"ambra-khvanchkara","status":"publish","type":"product","link":"https:\/\/rozewines.com\/de\/produkt\/ambra-khvanchkara\/","title":{"rendered":"Ambra Khvanchkara"},"content":{"rendered":"<p>Perfekte Mischung aus zwei legend\u00e4ren georgischen Trauben Aleksandrouli und Mudjuretuli, Weinberg befindet sich in Racha, im Dorf Bugeuli, in der Mikrozone von Khvanchkara, am linken Ufer des Flusses Rioni, 450 Meter \u00fcber dem Meeresspiegel. Das Weingut besitzt 2 Hektar Weinberge, jedes Terroir zeichnet sich durch unterschiedliche Eigenschaften, die uns die h\u00f6chste Qualit\u00e4t der Rohstoffe geben. Schimmernder, rubinfarbener Wein, in dem es intensive s\u00fc\u00dfe Aromen f\u00fchlt &#8211; Himbeeren, Erdbeeren, Rose, schwarze Kirsche und Zimt. Im Gaumen schafft das Gleichgewicht von S\u00fc\u00dfe und S\u00e4ure einen idealen Effekt mit leichtem K\u00f6rper und weichen Tanninen. Die Aromen wiederholen sich mit einer gro\u00dfen Komplexit\u00e4t. Von langem und seidigem Abgang.<\/p>\n","protected":false},"excerpt":{"rendered":"<p>Perfekte Mischung aus zwei legend\u00e4ren georgischen Trauben Aleksandrouli und Mudjuretuli, Weinberg befindet sich in Racha, im Dorf Bugeuli, in der Mikrozone von Khvanchkara, am linken Ufer des Flusses Rioni, 450 Meter \u00fcber dem Meeresspiegel. Das Weingut besitzt 2 Hektar Weinberge, jedes Terroir zeichnet sich durch unterschiedliche Eigenschaften, die uns die h\u00f6chste Qualit\u00e4t der Rohstoffe geben. &hellip; <a href=\"https:\/\/rozewines.com\/de\/produkt\/ambra-khvanchkara\/\">Continued<\/a><\/p>\n","protected":false},"featured_media":5944,"comment_status":"closed","ping_status":"open","template":"","meta":{"_acf_changed":false},"brand":[1813],"colour":[1140],"flavour":[1080,1076,1073],"grape-variety":[1339],"harvest-year":[],"region":[1292],"size":[1598],"style":[1270],"technology":[],"product_cat":[1382],"product_tag":[],"ams_default_variation_id":0,"ams_product_points_reward":[],"ams_product_discount_percentage":0,"ams_price_to_display":25,"acf":[],"ams_acf":[{"key":"food_pairings","label":"Food pairings","value":"Kirsch  Makronen, Lobiani"},{"key":"alcohol_percentage","label":"Alcohol percentage","value":"13.5"}],"yoast_head":"<!-- This site is optimized with the Yoast SEO plugin v22.6 - https:\/\/yoast.com\/wordpress\/plugins\/seo\/ -->\n<title>Ambra Khvanchkara - Roze wines<\/title>\n<meta name=\"robots\" content=\"index, follow, max-snippet:-1, max-image-preview:large, max-video-preview:-1\" \/>\n<link rel=\"canonical\" href=\"https:\/\/rozewines.com\/de\/produkt\/ambra-khvanchkara\/\" \/>\n<meta property=\"og:locale\" content=\"de_DE\" \/>\n<meta property=\"og:type\" content=\"article\" \/>\n<meta property=\"og:title\" content=\"Ambra Khvanchkara - Roze wines\" \/>\n<meta property=\"og:description\" content=\"Perfekte Mischung aus zwei legend\u00e4ren georgischen Trauben Aleksandrouli und Mudjuretuli, Weinberg befindet sich in Racha, im Dorf Bugeuli, in der Mikrozone von Khvanchkara, am linken Ufer des Flusses Rioni, 450 Meter \u00fcber dem Meeresspiegel. Das Weingut besitzt 2 Hektar Weinberge, jedes Terroir zeichnet sich durch unterschiedliche Eigenschaften, die uns die h\u00f6chste Qualit\u00e4t der Rohstoffe geben. &hellip; Continued\" \/>\n<meta property=\"og:url\" content=\"https:\/\/rozewines.com\/de\/produkt\/ambra-khvanchkara\/\" \/>\n<meta property=\"og:site_name\" content=\"Roze wines\" \/>\n<meta property=\"article:modified_time\" content=\"2024-08-14T09:03:07+00:00\" \/>\n<meta property=\"og:image\" content=\"https:\/\/rozewines.com\/app\/uploads\/2024\/08\/Ambra-Khvanchkara-1.jpg\" \/>\n\t<meta property=\"og:image:width\" content=\"8078\" \/>\n\t<meta property=\"og:image:height\" content=\"8078\" \/>\n\t<meta property=\"og:image:type\" content=\"image\/jpeg\" \/>\n<meta name=\"twitter:card\" content=\"summary_large_image\" \/>\n<meta name=\"twitter:label1\" content=\"Est. reading time\" \/>\n\t<meta name=\"twitter:data1\" content=\"1 minute\" \/>\n<script type=\"application\/ld+json\" class=\"yoast-schema-graph\">{\"@context\":\"https:\/\/schema.org\",\"@graph\":[{\"@type\":\"WebPage\",\"@id\":\"https:\/\/rozewines.com\/de\/produkt\/ambra-khvanchkara\/\",\"url\":\"https:\/\/rozewines.com\/de\/produkt\/ambra-khvanchkara\/\",\"name\":\"Ambra Khvanchkara - Roze wines\",\"isPartOf\":{\"@id\":\"https:\/\/rozewines.com\/#website\"},\"primaryImageOfPage\":{\"@id\":\"https:\/\/rozewines.com\/de\/produkt\/ambra-khvanchkara\/#primaryimage\"},\"image\":{\"@id\":\"https:\/\/rozewines.com\/de\/produkt\/ambra-khvanchkara\/#primaryimage\"},\"thumbnailUrl\":\"https:\/\/rozewines.com\/app\/uploads\/2024\/08\/Ambra-Khvanchkara-1.jpg\",\"datePublished\":\"2024-08-13T08:38:53+00:00\",\"dateModified\":\"2024-08-14T09:03:07+00:00\",\"breadcrumb\":{\"@id\":\"https:\/\/rozewines.com\/de\/produkt\/ambra-khvanchkara\/#breadcrumb\"},\"inLanguage\":\"de-DE\",\"potentialAction\":[{\"@type\":\"ReadAction\",\"target\":[\"https:\/\/rozewines.com\/de\/produkt\/ambra-khvanchkara\/\"]}]},{\"@type\":\"ImageObject\",\"inLanguage\":\"de-DE\",\"@id\":\"https:\/\/rozewines.com\/de\/produkt\/ambra-khvanchkara\/#primaryimage\",\"url\":\"https:\/\/rozewines.com\/app\/uploads\/2024\/08\/Ambra-Khvanchkara-1.jpg\",\"contentUrl\":\"https:\/\/rozewines.com\/app\/uploads\/2024\/08\/Ambra-Khvanchkara-1.jpg\",\"width\":8078,\"height\":8078},{\"@type\":\"BreadcrumbList\",\"@id\":\"https:\/\/rozewines.com\/de\/produkt\/ambra-khvanchkara\/#breadcrumb\",\"itemListElement\":[{\"@type\":\"ListItem\",\"position\":1,\"name\":\"Home\",\"item\":\"https:\/\/rozewines.com\/de\/\"},{\"@type\":\"ListItem\",\"position\":2,\"name\":\"Unsere Weine\",\"item\":\"https:\/\/rozewines.com\/de\/musu-vins\/\"},{\"@type\":\"ListItem\",\"position\":3,\"name\":\"Ambra Khvanchkara\"}]},{\"@type\":\"WebSite\",\"@id\":\"https:\/\/rozewines.com\/#website\",\"url\":\"https:\/\/rozewines.com\/\",\"name\":\"Roze wines\",\"description\":\"\",\"publisher\":{\"@id\":\"https:\/\/rozewines.com\/#organization\"},\"potentialAction\":[{\"@type\":\"SearchAction\",\"target\":{\"@type\":\"EntryPoint\",\"urlTemplate\":\"https:\/\/rozewines.com\/?s={search_term_string}\"},\"query-input\":\"required name=search_term_string\"}],\"inLanguage\":\"de-DE\"},{\"@type\":\"Organization\",\"@id\":\"https:\/\/rozewines.com\/#organization\",\"name\":\"Roze wines\",\"url\":\"https:\/\/rozewines.com\/\",\"logo\":{\"@type\":\"ImageObject\",\"inLanguage\":\"de-DE\",\"@id\":\"https:\/\/rozewines.com\/#\/schema\/logo\/image\/\",\"url\":\"https:\/\/rozewines.com\/app\/uploads\/2024\/05\/logo.svg\",\"contentUrl\":\"https:\/\/rozewines.com\/app\/uploads\/2024\/05\/logo.svg\",\"width\":144,\"height\":68,\"caption\":\"Roze wines\"},\"image\":{\"@id\":\"https:\/\/rozewines.com\/#\/schema\/logo\/image\/\"}}]}<\/script>\n<!-- \/ Yoast SEO plugin. -->","yoast_head_json":{"title":"Ambra Khvanchkara - Roze wines","robots":{"index":"index","follow":"follow","max-snippet":"max-snippet:-1","max-image-preview":"max-image-preview:large","max-video-preview":"max-video-preview:-1"},"canonical":"https:\/\/rozewines.com\/de\/produkt\/ambra-khvanchkara\/","og_locale":"de_DE","og_type":"article","og_title":"Ambra Khvanchkara - Roze wines","og_description":"Perfekte Mischung aus zwei legend\u00e4ren georgischen Trauben Aleksandrouli und Mudjuretuli, Weinberg befindet sich in Racha, im Dorf Bugeuli, in der Mikrozone von Khvanchkara, am linken Ufer des Flusses Rioni, 450 Meter \u00fcber dem Meeresspiegel. Das Weingut besitzt 2 Hektar Weinberge, jedes Terroir zeichnet sich durch unterschiedliche Eigenschaften, die uns die h\u00f6chste Qualit\u00e4t der Rohstoffe geben. &hellip; Continued","og_url":"https:\/\/rozewines.com\/de\/produkt\/ambra-khvanchkara\/","og_site_name":"Roze wines","article_modified_time":"2024-08-14T09:03:07+00:00","og_image":[{"width":8078,"height":8078,"url":"https:\/\/rozewines.com\/app\/uploads\/2024\/08\/Ambra-Khvanchkara-1.jpg","type":"image\/jpeg"}],"twitter_card":"summary_large_image","twitter_misc":{"Est. reading time":"1 minute"},"schema":{"@context":"https:\/\/schema.org","@graph":[{"@type":"WebPage","@id":"https:\/\/rozewines.com\/de\/produkt\/ambra-khvanchkara\/","url":"https:\/\/rozewines.com\/de\/produkt\/ambra-khvanchkara\/","name":"Ambra Khvanchkara - Roze wines","isPartOf":{"@id":"https:\/\/rozewines.com\/#website"},"primaryImageOfPage":{"@id":"https:\/\/rozewines.com\/de\/produkt\/ambra-khvanchkara\/#primaryimage"},"image":{"@id":"https:\/\/rozewines.com\/de\/produkt\/ambra-khvanchkara\/#primaryimage"},"thumbnailUrl":"https:\/\/rozewines.com\/app\/uploads\/2024\/08\/Ambra-Khvanchkara-1.jpg","datePublished":"2024-08-13T08:38:53+00:00","dateModified":"2024-08-14T09:03:07+00:00","breadcrumb":{"@id":"https:\/\/rozewines.com\/de\/produkt\/ambra-khvanchkara\/#breadcrumb"},"inLanguage":"de-DE","potentialAction":[{"@type":"ReadAction","target":["https:\/\/rozewines.com\/de\/produkt\/ambra-khvanchkara\/"]}]},{"@type":"ImageObject","inLanguage":"de-DE","@id":"https:\/\/rozewines.com\/de\/produkt\/ambra-khvanchkara\/#primaryimage","url":"https:\/\/rozewines.com\/app\/uploads\/2024\/08\/Ambra-Khvanchkara-1.jpg","contentUrl":"https:\/\/rozewines.com\/app\/uploads\/2024\/08\/Ambra-Khvanchkara-1.jpg","width":8078,"height":8078},{"@type":"BreadcrumbList","@id":"https:\/\/rozewines.com\/de\/produkt\/ambra-khvanchkara\/#breadcrumb","itemListElement":[{"@type":"ListItem","position":1,"name":"Home","item":"https:\/\/rozewines.com\/de\/"},{"@type":"ListItem","position":2,"name":"Unsere Weine","item":"https:\/\/rozewines.com\/de\/musu-vins\/"},{"@type":"ListItem","position":3,"name":"Ambra Khvanchkara"}]},{"@type":"WebSite","@id":"https:\/\/rozewines.com\/#website","url":"https:\/\/rozewines.com\/","name":"Roze wines","description":"","publisher":{"@id":"https:\/\/rozewines.com\/#organization"},"potentialAction":[{"@type":"SearchAction","target":{"@type":"EntryPoint","urlTemplate":"https:\/\/rozewines.com\/?s={search_term_string}"},"query-input":"required name=search_term_string"}],"inLanguage":"de-DE"},{"@type":"Organization","@id":"https:\/\/rozewines.com\/#organization","name":"Roze wines","url":"https:\/\/rozewines.com\/","logo":{"@type":"ImageObject","inLanguage":"de-DE","@id":"https:\/\/rozewines.com\/#\/schema\/logo\/image\/","url":"https:\/\/rozewines.com\/app\/uploads\/2024\/05\/logo.svg","contentUrl":"https:\/\/rozewines.com\/app\/uploads\/2024\/05\/logo.svg","width":144,"height":68,"caption":"Roze wines"},"image":{"@id":"https:\/\/rozewines.com\/#\/schema\/logo\/image\/"}}]}},"_links":{"self":[{"href":"https:\/\/rozewines.com\/de\/wp-json\/wp\/v2\/product\/6293"}],"collection":[{"href":"https:\/\/rozewines.com\/de\/wp-json\/wp\/v2\/product"}],"about":[{"href":"https:\/\/rozewines.com\/de\/wp-json\/wp\/v2\/types\/product"}],"replies":[{"embeddable":true,"href":"https:\/\/rozewines.com\/de\/wp-json\/wp\/v2\/comments?post=6293"}],"wp:featuredmedia":[{"embeddable":true,"href":"https:\/\/rozewines.com\/de\/wp-json\/wp\/v2\/media\/5944"}],"wp:attachment":[{"href":"https:\/\/rozewines.com\/de\/wp-json\/wp\/v2\/media?parent=6293"}],"wp:term":[{"taxonomy":"brand","embeddable":true,"href":"https:\/\/rozewines.com\/de\/wp-json\/wp\/v2\/brand?post=6293"},{"taxonomy":"colour","embeddable":true,"href":"https:\/\/rozewines.com\/de\/wp-json\/wp\/v2\/colour?post=6293"},{"taxonomy":"flavour","embeddable":true,"href":"https:\/\/rozewines.com\/de\/wp-json\/wp\/v2\/flavour?post=6293"},{"taxonomy":"grape-variety","embeddable":true,"href":"https:\/\/rozewines.com\/de\/wp-json\/wp\/v2\/grape-variety?post=6293"},{"taxonomy":"harvest-year","embeddable":true,"href":"https:\/\/rozewines.com\/de\/wp-json\/wp\/v2\/harvest-year?post=6293"},{"taxonomy":"region","embeddable":true,"href":"https:\/\/rozewines.com\/de\/wp-json\/wp\/v2\/region?post=6293"},{"taxonomy":"size","embeddable":true,"href":"https:\/\/rozewines.com\/de\/wp-json\/wp\/v2\/size?post=6293"},{"taxonomy":"style","embeddable":true,"href":"https:\/\/rozewines.com\/de\/wp-json\/wp\/v2\/style?post=6293"},{"taxonomy":"technology","embeddable":true,"href":"https:\/\/rozewines.com\/de\/wp-json\/wp\/v2\/technology?post=6293"},{"taxonomy":"product_cat","embeddable":true,"href":"https:\/\/rozewines.com\/de\/wp-json\/wp\/v2\/product_cat?post=6293"},{"taxonomy":"product_tag","embeddable":true,"href":"https:\/\/rozewines.com\/de\/wp-json\/wp\/v2\/product_tag?post=6293"}],"curies":[{"name":"wp","href":"https:\/\/api.w.org\/{rel}","templated":true}]}}