{"id":6295,"date":"2024-08-13T08:38:53","date_gmt":"2024-08-13T08:38:53","guid":{"rendered":"https:\/\/rozewines.com\/product\/barakoni-aleksandrouli\/"},"modified":"2024-08-14T09:02:30","modified_gmt":"2024-08-14T09:02:30","slug":"barakoni-aleksandrouli","status":"publish","type":"product","link":"https:\/\/rozewines.com\/de\/produkt\/barakoni-aleksandrouli\/","title":{"rendered":"Barakoni &#8211; Aleksandrouli"},"content":{"rendered":"<p>Barakoni. Die Traubensorte Aleksandrouli ist eine einheimische georgische Rebsorte. Die Trauben sind unglaublich weich und cremig im Geschmack und reifen relativ sp\u00e4t. Da sie erst zu einem sp\u00e4teren Zeitpunkt geerntet werden, sind die Trauben voller Geschmack. Charakteristisch f\u00fcr diese Rebsorte sind die s\u00fc\u00dfen Aromen von Himbeeren und schwarzen Kirschen. Aus den Aleksandrouli-Trauben werden sowohl trockene als auch liebliche Rotweine hergestellt.<\/p>\n","protected":false},"excerpt":{"rendered":"<p>Barakoni. Die Traubensorte Aleksandrouli ist eine einheimische georgische Rebsorte. Die Trauben sind unglaublich weich und cremig im Geschmack und reifen relativ sp\u00e4t. Da sie erst zu einem sp\u00e4teren Zeitpunkt geerntet werden, sind die Trauben voller Geschmack. Charakteristisch f\u00fcr diese Rebsorte sind die s\u00fc\u00dfen Aromen von Himbeeren und schwarzen Kirschen. Aus den Aleksandrouli-Trauben werden sowohl trockene &hellip; <a href=\"https:\/\/rozewines.com\/de\/produkt\/barakoni-aleksandrouli\/\">Continued<\/a><\/p>\n","protected":false},"featured_media":5954,"comment_status":"closed","ping_status":"open","template":"","meta":{"_acf_changed":false},"brand":[1812],"colour":[1140],"flavour":[1080,1071,1010],"grape-variety":[],"harvest-year":[],"region":[1292],"size":[1598],"style":[1271],"technology":[],"product_cat":[1382],"product_tag":[],"ams_default_variation_id":0,"ams_product_points_reward":[],"ams_product_discount_percentage":0,"ams_price_to_display":19,"acf":[],"ams_acf":[{"key":"food_pairings","label":"Food pairings","value":"Ger\u00e4ucherte Schweinerippchen, K\u00e4sesnacks"},{"key":"alcohol_percentage","label":"Alcohol percentage","value":"12"}],"yoast_head":"<!-- This site is optimized with the Yoast SEO plugin v22.6 - https:\/\/yoast.com\/wordpress\/plugins\/seo\/ -->\n<title>Barakoni - Aleksandrouli - Roze wines<\/title>\n<meta name=\"robots\" content=\"index, follow, max-snippet:-1, max-image-preview:large, max-video-preview:-1\" \/>\n<link rel=\"canonical\" href=\"https:\/\/rozewines.com\/de\/produkt\/barakoni-aleksandrouli\/\" \/>\n<meta property=\"og:locale\" content=\"de_DE\" \/>\n<meta property=\"og:type\" content=\"article\" \/>\n<meta property=\"og:title\" content=\"Barakoni - Aleksandrouli - Roze wines\" \/>\n<meta property=\"og:description\" content=\"Barakoni. Die Traubensorte Aleksandrouli ist eine einheimische georgische Rebsorte. Die Trauben sind unglaublich weich und cremig im Geschmack und reifen relativ sp\u00e4t. Da sie erst zu einem sp\u00e4teren Zeitpunkt geerntet werden, sind die Trauben voller Geschmack. Charakteristisch f\u00fcr diese Rebsorte sind die s\u00fc\u00dfen Aromen von Himbeeren und schwarzen Kirschen. Aus den Aleksandrouli-Trauben werden sowohl trockene &hellip; Continued\" \/>\n<meta property=\"og:url\" content=\"https:\/\/rozewines.com\/de\/produkt\/barakoni-aleksandrouli\/\" \/>\n<meta property=\"og:site_name\" content=\"Roze wines\" \/>\n<meta property=\"article:modified_time\" content=\"2024-08-14T09:02:30+00:00\" \/>\n<meta property=\"og:image\" content=\"https:\/\/rozewines.com\/app\/uploads\/2024\/08\/Barakoni-Aleksandrouli-2022-1-1.jpg\" \/>\n\t<meta property=\"og:image:width\" content=\"7795\" \/>\n\t<meta property=\"og:image:height\" content=\"7795\" \/>\n\t<meta property=\"og:image:type\" content=\"image\/jpeg\" \/>\n<meta name=\"twitter:card\" content=\"summary_large_image\" \/>\n<script type=\"application\/ld+json\" class=\"yoast-schema-graph\">{\"@context\":\"https:\/\/schema.org\",\"@graph\":[{\"@type\":\"WebPage\",\"@id\":\"https:\/\/rozewines.com\/de\/produkt\/barakoni-aleksandrouli\/\",\"url\":\"https:\/\/rozewines.com\/de\/produkt\/barakoni-aleksandrouli\/\",\"name\":\"Barakoni - Aleksandrouli - Roze wines\",\"isPartOf\":{\"@id\":\"https:\/\/rozewines.com\/#website\"},\"primaryImageOfPage\":{\"@id\":\"https:\/\/rozewines.com\/de\/produkt\/barakoni-aleksandrouli\/#primaryimage\"},\"image\":{\"@id\":\"https:\/\/rozewines.com\/de\/produkt\/barakoni-aleksandrouli\/#primaryimage\"},\"thumbnailUrl\":\"https:\/\/rozewines.com\/app\/uploads\/2024\/08\/Barakoni-Aleksandrouli-2022-1-1.jpg\",\"datePublished\":\"2024-08-13T08:38:53+00:00\",\"dateModified\":\"2024-08-14T09:02:30+00:00\",\"breadcrumb\":{\"@id\":\"https:\/\/rozewines.com\/de\/produkt\/barakoni-aleksandrouli\/#breadcrumb\"},\"inLanguage\":\"de-DE\",\"potentialAction\":[{\"@type\":\"ReadAction\",\"target\":[\"https:\/\/rozewines.com\/de\/produkt\/barakoni-aleksandrouli\/\"]}]},{\"@type\":\"ImageObject\",\"inLanguage\":\"de-DE\",\"@id\":\"https:\/\/rozewines.com\/de\/produkt\/barakoni-aleksandrouli\/#primaryimage\",\"url\":\"https:\/\/rozewines.com\/app\/uploads\/2024\/08\/Barakoni-Aleksandrouli-2022-1-1.jpg\",\"contentUrl\":\"https:\/\/rozewines.com\/app\/uploads\/2024\/08\/Barakoni-Aleksandrouli-2022-1-1.jpg\",\"width\":7795,\"height\":7795},{\"@type\":\"BreadcrumbList\",\"@id\":\"https:\/\/rozewines.com\/de\/produkt\/barakoni-aleksandrouli\/#breadcrumb\",\"itemListElement\":[{\"@type\":\"ListItem\",\"position\":1,\"name\":\"Home\",\"item\":\"https:\/\/rozewines.com\/de\/\"},{\"@type\":\"ListItem\",\"position\":2,\"name\":\"Unsere Weine\",\"item\":\"https:\/\/rozewines.com\/de\/musu-vins\/\"},{\"@type\":\"ListItem\",\"position\":3,\"name\":\"Barakoni &#8211; Aleksandrouli\"}]},{\"@type\":\"WebSite\",\"@id\":\"https:\/\/rozewines.com\/#website\",\"url\":\"https:\/\/rozewines.com\/\",\"name\":\"Roze wines\",\"description\":\"\",\"publisher\":{\"@id\":\"https:\/\/rozewines.com\/#organization\"},\"potentialAction\":[{\"@type\":\"SearchAction\",\"target\":{\"@type\":\"EntryPoint\",\"urlTemplate\":\"https:\/\/rozewines.com\/?s={search_term_string}\"},\"query-input\":\"required name=search_term_string\"}],\"inLanguage\":\"de-DE\"},{\"@type\":\"Organization\",\"@id\":\"https:\/\/rozewines.com\/#organization\",\"name\":\"Roze wines\",\"url\":\"https:\/\/rozewines.com\/\",\"logo\":{\"@type\":\"ImageObject\",\"inLanguage\":\"de-DE\",\"@id\":\"https:\/\/rozewines.com\/#\/schema\/logo\/image\/\",\"url\":\"https:\/\/rozewines.com\/app\/uploads\/2024\/05\/logo.svg\",\"contentUrl\":\"https:\/\/rozewines.com\/app\/uploads\/2024\/05\/logo.svg\",\"width\":144,\"height\":68,\"caption\":\"Roze wines\"},\"image\":{\"@id\":\"https:\/\/rozewines.com\/#\/schema\/logo\/image\/\"}}]}<\/script>\n<!-- \/ Yoast SEO plugin. -->","yoast_head_json":{"title":"Barakoni - Aleksandrouli - Roze wines","robots":{"index":"index","follow":"follow","max-snippet":"max-snippet:-1","max-image-preview":"max-image-preview:large","max-video-preview":"max-video-preview:-1"},"canonical":"https:\/\/rozewines.com\/de\/produkt\/barakoni-aleksandrouli\/","og_locale":"de_DE","og_type":"article","og_title":"Barakoni - Aleksandrouli - Roze wines","og_description":"Barakoni. Die Traubensorte Aleksandrouli ist eine einheimische georgische Rebsorte. Die Trauben sind unglaublich weich und cremig im Geschmack und reifen relativ sp\u00e4t. Da sie erst zu einem sp\u00e4teren Zeitpunkt geerntet werden, sind die Trauben voller Geschmack. Charakteristisch f\u00fcr diese Rebsorte sind die s\u00fc\u00dfen Aromen von Himbeeren und schwarzen Kirschen. Aus den Aleksandrouli-Trauben werden sowohl trockene &hellip; Continued","og_url":"https:\/\/rozewines.com\/de\/produkt\/barakoni-aleksandrouli\/","og_site_name":"Roze wines","article_modified_time":"2024-08-14T09:02:30+00:00","og_image":[{"width":7795,"height":7795,"url":"https:\/\/rozewines.com\/app\/uploads\/2024\/08\/Barakoni-Aleksandrouli-2022-1-1.jpg","type":"image\/jpeg"}],"twitter_card":"summary_large_image","schema":{"@context":"https:\/\/schema.org","@graph":[{"@type":"WebPage","@id":"https:\/\/rozewines.com\/de\/produkt\/barakoni-aleksandrouli\/","url":"https:\/\/rozewines.com\/de\/produkt\/barakoni-aleksandrouli\/","name":"Barakoni - Aleksandrouli - Roze wines","isPartOf":{"@id":"https:\/\/rozewines.com\/#website"},"primaryImageOfPage":{"@id":"https:\/\/rozewines.com\/de\/produkt\/barakoni-aleksandrouli\/#primaryimage"},"image":{"@id":"https:\/\/rozewines.com\/de\/produkt\/barakoni-aleksandrouli\/#primaryimage"},"thumbnailUrl":"https:\/\/rozewines.com\/app\/uploads\/2024\/08\/Barakoni-Aleksandrouli-2022-1-1.jpg","datePublished":"2024-08-13T08:38:53+00:00","dateModified":"2024-08-14T09:02:30+00:00","breadcrumb":{"@id":"https:\/\/rozewines.com\/de\/produkt\/barakoni-aleksandrouli\/#breadcrumb"},"inLanguage":"de-DE","potentialAction":[{"@type":"ReadAction","target":["https:\/\/rozewines.com\/de\/produkt\/barakoni-aleksandrouli\/"]}]},{"@type":"ImageObject","inLanguage":"de-DE","@id":"https:\/\/rozewines.com\/de\/produkt\/barakoni-aleksandrouli\/#primaryimage","url":"https:\/\/rozewines.com\/app\/uploads\/2024\/08\/Barakoni-Aleksandrouli-2022-1-1.jpg","contentUrl":"https:\/\/rozewines.com\/app\/uploads\/2024\/08\/Barakoni-Aleksandrouli-2022-1-1.jpg","width":7795,"height":7795},{"@type":"BreadcrumbList","@id":"https:\/\/rozewines.com\/de\/produkt\/barakoni-aleksandrouli\/#breadcrumb","itemListElement":[{"@type":"ListItem","position":1,"name":"Home","item":"https:\/\/rozewines.com\/de\/"},{"@type":"ListItem","position":2,"name":"Unsere Weine","item":"https:\/\/rozewines.com\/de\/musu-vins\/"},{"@type":"ListItem","position":3,"name":"Barakoni &#8211; Aleksandrouli"}]},{"@type":"WebSite","@id":"https:\/\/rozewines.com\/#website","url":"https:\/\/rozewines.com\/","name":"Roze wines","description":"","publisher":{"@id":"https:\/\/rozewines.com\/#organization"},"potentialAction":[{"@type":"SearchAction","target":{"@type":"EntryPoint","urlTemplate":"https:\/\/rozewines.com\/?s={search_term_string}"},"query-input":"required name=search_term_string"}],"inLanguage":"de-DE"},{"@type":"Organization","@id":"https:\/\/rozewines.com\/#organization","name":"Roze wines","url":"https:\/\/rozewines.com\/","logo":{"@type":"ImageObject","inLanguage":"de-DE","@id":"https:\/\/rozewines.com\/#\/schema\/logo\/image\/","url":"https:\/\/rozewines.com\/app\/uploads\/2024\/05\/logo.svg","contentUrl":"https:\/\/rozewines.com\/app\/uploads\/2024\/05\/logo.svg","width":144,"height":68,"caption":"Roze wines"},"image":{"@id":"https:\/\/rozewines.com\/#\/schema\/logo\/image\/"}}]}},"_links":{"self":[{"href":"https:\/\/rozewines.com\/de\/wp-json\/wp\/v2\/product\/6295"}],"collection":[{"href":"https:\/\/rozewines.com\/de\/wp-json\/wp\/v2\/product"}],"about":[{"href":"https:\/\/rozewines.com\/de\/wp-json\/wp\/v2\/types\/product"}],"replies":[{"embeddable":true,"href":"https:\/\/rozewines.com\/de\/wp-json\/wp\/v2\/comments?post=6295"}],"wp:featuredmedia":[{"embeddable":true,"href":"https:\/\/rozewines.com\/de\/wp-json\/wp\/v2\/media\/5954"}],"wp:attachment":[{"href":"https:\/\/rozewines.com\/de\/wp-json\/wp\/v2\/media?parent=6295"}],"wp:term":[{"taxonomy":"brand","embeddable":true,"href":"https:\/\/rozewines.com\/de\/wp-json\/wp\/v2\/brand?post=6295"},{"taxonomy":"colour","embeddable":true,"href":"https:\/\/rozewines.com\/de\/wp-json\/wp\/v2\/colour?post=6295"},{"taxonomy":"flavour","embeddable":true,"href":"https:\/\/rozewines.com\/de\/wp-json\/wp\/v2\/flavour?post=6295"},{"taxonomy":"grape-variety","embeddable":true,"href":"https:\/\/rozewines.com\/de\/wp-json\/wp\/v2\/grape-variety?post=6295"},{"taxonomy":"harvest-year","embeddable":true,"href":"https:\/\/rozewines.com\/de\/wp-json\/wp\/v2\/harvest-year?post=6295"},{"taxonomy":"region","embeddable":true,"href":"https:\/\/rozewines.com\/de\/wp-json\/wp\/v2\/region?post=6295"},{"taxonomy":"size","embeddable":true,"href":"https:\/\/rozewines.com\/de\/wp-json\/wp\/v2\/size?post=6295"},{"taxonomy":"style","embeddable":true,"href":"https:\/\/rozewines.com\/de\/wp-json\/wp\/v2\/style?post=6295"},{"taxonomy":"technology","embeddable":true,"href":"https:\/\/rozewines.com\/de\/wp-json\/wp\/v2\/technology?post=6295"},{"taxonomy":"product_cat","embeddable":true,"href":"https:\/\/rozewines.com\/de\/wp-json\/wp\/v2\/product_cat?post=6295"},{"taxonomy":"product_tag","embeddable":true,"href":"https:\/\/rozewines.com\/de\/wp-json\/wp\/v2\/product_tag?post=6295"}],"curies":[{"name":"wp","href":"https:\/\/api.w.org\/{rel}","templated":true}]}}