{"id":6298,"date":"2024-08-13T08:38:53","date_gmt":"2024-08-13T08:38:53","guid":{"rendered":"https:\/\/rozewines.com\/product\/barakoni-tetra\/"},"modified":"2024-08-14T09:02:30","modified_gmt":"2024-08-14T09:02:30","slug":"barakoni-tetra","status":"publish","type":"product","link":"https:\/\/rozewines.com\/de\/produkt\/barakoni-tetra\/","title":{"rendered":"Barakoni &#8211; Tetra"},"content":{"rendered":"<p>Der liebliche Wei\u00dfwein Barakoni Tetra wird aus einer Vielzahl von Trauben hergestellt, die in der Region Racha in Georgien heimisch sind. Er hat eine sehr angenehme wei\u00dfe Bernsteinfarbe und ausgepr\u00e4gte Aromen von wei\u00dfen Fr\u00fcchten, wei\u00dfen Blumen, Birnen und Maulbeeren. Dieser Wein passt am besten zu K\u00e4se, Spinat- oder Gem\u00fcsesalaten.<\/p>\n","protected":false},"excerpt":{"rendered":"<p>Der liebliche Wei\u00dfwein Barakoni Tetra wird aus einer Vielzahl von Trauben hergestellt, die in der Region Racha in Georgien heimisch sind. Er hat eine sehr angenehme wei\u00dfe Bernsteinfarbe und ausgepr\u00e4gte Aromen von wei\u00dfen Fr\u00fcchten, wei\u00dfen Blumen, Birnen und Maulbeeren. Dieser Wein passt am besten zu K\u00e4se, Spinat- oder Gem\u00fcsesalaten.<\/p>\n","protected":false},"featured_media":5969,"comment_status":"closed","ping_status":"open","template":"","meta":{"_acf_changed":false},"brand":[1812],"colour":[1143],"flavour":[1524,1044],"grape-variety":[],"harvest-year":[],"region":[1292],"size":[1598],"style":[1270],"technology":[],"product_cat":[1382],"product_tag":[],"ams_default_variation_id":0,"ams_product_points_reward":[],"ams_product_discount_percentage":0,"ams_price_to_display":19,"acf":[],"ams_acf":[{"key":"food_pairings","label":"Food pairings","value":"Muscheln mit Blauschimmelk\u00e4sesauce, gebackene Pute"},{"key":"alcohol_percentage","label":"Alcohol percentage","value":"11"}],"yoast_head":"<!-- This site is optimized with the Yoast SEO plugin v22.6 - https:\/\/yoast.com\/wordpress\/plugins\/seo\/ -->\n<title>Barakoni - Tetra - Roze wines<\/title>\n<meta name=\"robots\" content=\"index, follow, max-snippet:-1, max-image-preview:large, max-video-preview:-1\" \/>\n<link rel=\"canonical\" href=\"https:\/\/rozewines.com\/de\/produkt\/barakoni-tetra\/\" \/>\n<meta property=\"og:locale\" content=\"de_DE\" \/>\n<meta property=\"og:type\" content=\"article\" \/>\n<meta property=\"og:title\" content=\"Barakoni - Tetra - Roze wines\" \/>\n<meta property=\"og:description\" content=\"Der liebliche Wei\u00dfwein Barakoni Tetra wird aus einer Vielzahl von Trauben hergestellt, die in der Region Racha in Georgien heimisch sind. Er hat eine sehr angenehme wei\u00dfe Bernsteinfarbe und ausgepr\u00e4gte Aromen von wei\u00dfen Fr\u00fcchten, wei\u00dfen Blumen, Birnen und Maulbeeren. Dieser Wein passt am besten zu K\u00e4se, Spinat- oder Gem\u00fcsesalaten.\" \/>\n<meta property=\"og:url\" content=\"https:\/\/rozewines.com\/de\/produkt\/barakoni-tetra\/\" \/>\n<meta property=\"og:site_name\" content=\"Roze wines\" \/>\n<meta property=\"article:modified_time\" content=\"2024-08-14T09:02:30+00:00\" \/>\n<meta property=\"og:image\" content=\"https:\/\/rozewines.com\/app\/uploads\/2024\/08\/Barakoni-Tetra-2022-scaled-1.jpg\" \/>\n\t<meta property=\"og:image:width\" content=\"2560\" \/>\n\t<meta property=\"og:image:height\" content=\"2560\" \/>\n\t<meta property=\"og:image:type\" content=\"image\/jpeg\" \/>\n<meta name=\"twitter:card\" content=\"summary_large_image\" \/>\n<script type=\"application\/ld+json\" class=\"yoast-schema-graph\">{\"@context\":\"https:\/\/schema.org\",\"@graph\":[{\"@type\":\"WebPage\",\"@id\":\"https:\/\/rozewines.com\/de\/produkt\/barakoni-tetra\/\",\"url\":\"https:\/\/rozewines.com\/de\/produkt\/barakoni-tetra\/\",\"name\":\"Barakoni - Tetra - Roze wines\",\"isPartOf\":{\"@id\":\"https:\/\/rozewines.com\/#website\"},\"primaryImageOfPage\":{\"@id\":\"https:\/\/rozewines.com\/de\/produkt\/barakoni-tetra\/#primaryimage\"},\"image\":{\"@id\":\"https:\/\/rozewines.com\/de\/produkt\/barakoni-tetra\/#primaryimage\"},\"thumbnailUrl\":\"https:\/\/rozewines.com\/app\/uploads\/2024\/08\/Barakoni-Tetra-2022-scaled-1.jpg\",\"datePublished\":\"2024-08-13T08:38:53+00:00\",\"dateModified\":\"2024-08-14T09:02:30+00:00\",\"breadcrumb\":{\"@id\":\"https:\/\/rozewines.com\/de\/produkt\/barakoni-tetra\/#breadcrumb\"},\"inLanguage\":\"de-DE\",\"potentialAction\":[{\"@type\":\"ReadAction\",\"target\":[\"https:\/\/rozewines.com\/de\/produkt\/barakoni-tetra\/\"]}]},{\"@type\":\"ImageObject\",\"inLanguage\":\"de-DE\",\"@id\":\"https:\/\/rozewines.com\/de\/produkt\/barakoni-tetra\/#primaryimage\",\"url\":\"https:\/\/rozewines.com\/app\/uploads\/2024\/08\/Barakoni-Tetra-2022-scaled-1.jpg\",\"contentUrl\":\"https:\/\/rozewines.com\/app\/uploads\/2024\/08\/Barakoni-Tetra-2022-scaled-1.jpg\",\"width\":2560,\"height\":2560},{\"@type\":\"BreadcrumbList\",\"@id\":\"https:\/\/rozewines.com\/de\/produkt\/barakoni-tetra\/#breadcrumb\",\"itemListElement\":[{\"@type\":\"ListItem\",\"position\":1,\"name\":\"Home\",\"item\":\"https:\/\/rozewines.com\/de\/\"},{\"@type\":\"ListItem\",\"position\":2,\"name\":\"Unsere Weine\",\"item\":\"https:\/\/rozewines.com\/de\/musu-vins\/\"},{\"@type\":\"ListItem\",\"position\":3,\"name\":\"Barakoni &#8211; Tetra\"}]},{\"@type\":\"WebSite\",\"@id\":\"https:\/\/rozewines.com\/#website\",\"url\":\"https:\/\/rozewines.com\/\",\"name\":\"Roze wines\",\"description\":\"\",\"publisher\":{\"@id\":\"https:\/\/rozewines.com\/#organization\"},\"potentialAction\":[{\"@type\":\"SearchAction\",\"target\":{\"@type\":\"EntryPoint\",\"urlTemplate\":\"https:\/\/rozewines.com\/?s={search_term_string}\"},\"query-input\":\"required name=search_term_string\"}],\"inLanguage\":\"de-DE\"},{\"@type\":\"Organization\",\"@id\":\"https:\/\/rozewines.com\/#organization\",\"name\":\"Roze wines\",\"url\":\"https:\/\/rozewines.com\/\",\"logo\":{\"@type\":\"ImageObject\",\"inLanguage\":\"de-DE\",\"@id\":\"https:\/\/rozewines.com\/#\/schema\/logo\/image\/\",\"url\":\"https:\/\/rozewines.com\/app\/uploads\/2024\/05\/logo.svg\",\"contentUrl\":\"https:\/\/rozewines.com\/app\/uploads\/2024\/05\/logo.svg\",\"width\":144,\"height\":68,\"caption\":\"Roze wines\"},\"image\":{\"@id\":\"https:\/\/rozewines.com\/#\/schema\/logo\/image\/\"}}]}<\/script>\n<!-- \/ Yoast SEO plugin. -->","yoast_head_json":{"title":"Barakoni - Tetra - Roze wines","robots":{"index":"index","follow":"follow","max-snippet":"max-snippet:-1","max-image-preview":"max-image-preview:large","max-video-preview":"max-video-preview:-1"},"canonical":"https:\/\/rozewines.com\/de\/produkt\/barakoni-tetra\/","og_locale":"de_DE","og_type":"article","og_title":"Barakoni - Tetra - Roze wines","og_description":"Der liebliche Wei\u00dfwein Barakoni Tetra wird aus einer Vielzahl von Trauben hergestellt, die in der Region Racha in Georgien heimisch sind. Er hat eine sehr angenehme wei\u00dfe Bernsteinfarbe und ausgepr\u00e4gte Aromen von wei\u00dfen Fr\u00fcchten, wei\u00dfen Blumen, Birnen und Maulbeeren. Dieser Wein passt am besten zu K\u00e4se, Spinat- oder Gem\u00fcsesalaten.","og_url":"https:\/\/rozewines.com\/de\/produkt\/barakoni-tetra\/","og_site_name":"Roze wines","article_modified_time":"2024-08-14T09:02:30+00:00","og_image":[{"width":2560,"height":2560,"url":"https:\/\/rozewines.com\/app\/uploads\/2024\/08\/Barakoni-Tetra-2022-scaled-1.jpg","type":"image\/jpeg"}],"twitter_card":"summary_large_image","schema":{"@context":"https:\/\/schema.org","@graph":[{"@type":"WebPage","@id":"https:\/\/rozewines.com\/de\/produkt\/barakoni-tetra\/","url":"https:\/\/rozewines.com\/de\/produkt\/barakoni-tetra\/","name":"Barakoni - Tetra - Roze wines","isPartOf":{"@id":"https:\/\/rozewines.com\/#website"},"primaryImageOfPage":{"@id":"https:\/\/rozewines.com\/de\/produkt\/barakoni-tetra\/#primaryimage"},"image":{"@id":"https:\/\/rozewines.com\/de\/produkt\/barakoni-tetra\/#primaryimage"},"thumbnailUrl":"https:\/\/rozewines.com\/app\/uploads\/2024\/08\/Barakoni-Tetra-2022-scaled-1.jpg","datePublished":"2024-08-13T08:38:53+00:00","dateModified":"2024-08-14T09:02:30+00:00","breadcrumb":{"@id":"https:\/\/rozewines.com\/de\/produkt\/barakoni-tetra\/#breadcrumb"},"inLanguage":"de-DE","potentialAction":[{"@type":"ReadAction","target":["https:\/\/rozewines.com\/de\/produkt\/barakoni-tetra\/"]}]},{"@type":"ImageObject","inLanguage":"de-DE","@id":"https:\/\/rozewines.com\/de\/produkt\/barakoni-tetra\/#primaryimage","url":"https:\/\/rozewines.com\/app\/uploads\/2024\/08\/Barakoni-Tetra-2022-scaled-1.jpg","contentUrl":"https:\/\/rozewines.com\/app\/uploads\/2024\/08\/Barakoni-Tetra-2022-scaled-1.jpg","width":2560,"height":2560},{"@type":"BreadcrumbList","@id":"https:\/\/rozewines.com\/de\/produkt\/barakoni-tetra\/#breadcrumb","itemListElement":[{"@type":"ListItem","position":1,"name":"Home","item":"https:\/\/rozewines.com\/de\/"},{"@type":"ListItem","position":2,"name":"Unsere Weine","item":"https:\/\/rozewines.com\/de\/musu-vins\/"},{"@type":"ListItem","position":3,"name":"Barakoni &#8211; Tetra"}]},{"@type":"WebSite","@id":"https:\/\/rozewines.com\/#website","url":"https:\/\/rozewines.com\/","name":"Roze wines","description":"","publisher":{"@id":"https:\/\/rozewines.com\/#organization"},"potentialAction":[{"@type":"SearchAction","target":{"@type":"EntryPoint","urlTemplate":"https:\/\/rozewines.com\/?s={search_term_string}"},"query-input":"required name=search_term_string"}],"inLanguage":"de-DE"},{"@type":"Organization","@id":"https:\/\/rozewines.com\/#organization","name":"Roze wines","url":"https:\/\/rozewines.com\/","logo":{"@type":"ImageObject","inLanguage":"de-DE","@id":"https:\/\/rozewines.com\/#\/schema\/logo\/image\/","url":"https:\/\/rozewines.com\/app\/uploads\/2024\/05\/logo.svg","contentUrl":"https:\/\/rozewines.com\/app\/uploads\/2024\/05\/logo.svg","width":144,"height":68,"caption":"Roze wines"},"image":{"@id":"https:\/\/rozewines.com\/#\/schema\/logo\/image\/"}}]}},"_links":{"self":[{"href":"https:\/\/rozewines.com\/de\/wp-json\/wp\/v2\/product\/6298"}],"collection":[{"href":"https:\/\/rozewines.com\/de\/wp-json\/wp\/v2\/product"}],"about":[{"href":"https:\/\/rozewines.com\/de\/wp-json\/wp\/v2\/types\/product"}],"replies":[{"embeddable":true,"href":"https:\/\/rozewines.com\/de\/wp-json\/wp\/v2\/comments?post=6298"}],"wp:featuredmedia":[{"embeddable":true,"href":"https:\/\/rozewines.com\/de\/wp-json\/wp\/v2\/media\/5969"}],"wp:attachment":[{"href":"https:\/\/rozewines.com\/de\/wp-json\/wp\/v2\/media?parent=6298"}],"wp:term":[{"taxonomy":"brand","embeddable":true,"href":"https:\/\/rozewines.com\/de\/wp-json\/wp\/v2\/brand?post=6298"},{"taxonomy":"colour","embeddable":true,"href":"https:\/\/rozewines.com\/de\/wp-json\/wp\/v2\/colour?post=6298"},{"taxonomy":"flavour","embeddable":true,"href":"https:\/\/rozewines.com\/de\/wp-json\/wp\/v2\/flavour?post=6298"},{"taxonomy":"grape-variety","embeddable":true,"href":"https:\/\/rozewines.com\/de\/wp-json\/wp\/v2\/grape-variety?post=6298"},{"taxonomy":"harvest-year","embeddable":true,"href":"https:\/\/rozewines.com\/de\/wp-json\/wp\/v2\/harvest-year?post=6298"},{"taxonomy":"region","embeddable":true,"href":"https:\/\/rozewines.com\/de\/wp-json\/wp\/v2\/region?post=6298"},{"taxonomy":"size","embeddable":true,"href":"https:\/\/rozewines.com\/de\/wp-json\/wp\/v2\/size?post=6298"},{"taxonomy":"style","embeddable":true,"href":"https:\/\/rozewines.com\/de\/wp-json\/wp\/v2\/style?post=6298"},{"taxonomy":"technology","embeddable":true,"href":"https:\/\/rozewines.com\/de\/wp-json\/wp\/v2\/technology?post=6298"},{"taxonomy":"product_cat","embeddable":true,"href":"https:\/\/rozewines.com\/de\/wp-json\/wp\/v2\/product_cat?post=6298"},{"taxonomy":"product_tag","embeddable":true,"href":"https:\/\/rozewines.com\/de\/wp-json\/wp\/v2\/product_tag?post=6298"}],"curies":[{"name":"wp","href":"https:\/\/api.w.org\/{rel}","templated":true}]}}