{"id":6299,"date":"2024-08-13T08:38:53","date_gmt":"2024-08-13T08:38:53","guid":{"rendered":"https:\/\/rozewines.com\/product\/chelti-saperavi-2008-familyreserve\/"},"modified":"2024-08-14T09:02:30","modified_gmt":"2024-08-14T09:02:30","slug":"chelti-saperavi-2008-familyreserve","status":"publish","type":"product","link":"https:\/\/rozewines.com\/de\/produkt\/chelti-saperavi-2008-familyreserve\/","title":{"rendered":"Chelti SAPERAVI 2008 FAMILY\nRESERVE"},"content":{"rendered":"<p>Der trockene Rotwein der Spitzenqualit\u00e4t wird aus der ausgew\u00e4hlten Rebsorte Saperavi hergestellt, die in den Chelti-Weinbergen angebaut wird. Die spezifische Probe ist die Reserve-Typ Wein, einer der \u00e4ltesten, Saperavi aus 2008, Der Wein ist durch eine leichte braunrote Farbe, maderized Aroma, Rauch und Leder T\u00f6ne gekennzeichnet. Der Geschmack ist ausgewogen, sanft und weich. Ein perfekt gereifter Wein, der eine Geschichte erz\u00e4hlt.<\/p>\n","protected":false},"excerpt":{"rendered":"<p>Der trockene Rotwein der Spitzenqualit\u00e4t wird aus der ausgew\u00e4hlten Rebsorte Saperavi hergestellt, die in den Chelti-Weinbergen angebaut wird. Die spezifische Probe ist die Reserve-Typ Wein, einer der \u00e4ltesten, Saperavi aus 2008, Der Wein ist durch eine leichte braunrote Farbe, maderized Aroma, Rauch und Leder T\u00f6ne gekennzeichnet. Der Geschmack ist ausgewogen, sanft und weich. Ein perfekt &hellip; <a href=\"https:\/\/rozewines.com\/de\/produkt\/chelti-saperavi-2008-familyreserve\/\">Continued<\/a><\/p>\n","protected":false},"featured_media":5974,"comment_status":"closed","ping_status":"closed","template":"","meta":{"_acf_changed":false},"brand":[1780],"colour":[1140],"flavour":[1010,1534],"grape-variety":[1283],"harvest-year":[],"region":[1294],"size":[1598],"style":[1271],"technology":[],"product_cat":[1382],"product_tag":[],"ams_default_variation_id":0,"ams_product_points_reward":[],"ams_product_discount_percentage":0,"ams_price_to_display":195,"acf":[],"ams_acf":[{"key":"food_pairings","label":"Food pairings","value":"Ger\u00e4ucherte Schweinerippchen, K\u00e4sesnacks"},{"key":"alcohol_percentage","label":"Alcohol percentage","value":"13.5"}],"yoast_head":"<!-- This site is optimized with the Yoast SEO plugin v22.6 - https:\/\/yoast.com\/wordpress\/plugins\/seo\/ -->\n<title>Chelti SAPERAVI 2008 FAMILY RESERVE - Roze wines<\/title>\n<meta name=\"robots\" content=\"index, follow, max-snippet:-1, max-image-preview:large, max-video-preview:-1\" \/>\n<link rel=\"canonical\" href=\"https:\/\/rozewines.com\/de\/produkt\/chelti-saperavi-2008-familyreserve\/\" \/>\n<meta property=\"og:locale\" content=\"de_DE\" \/>\n<meta property=\"og:type\" content=\"article\" \/>\n<meta property=\"og:title\" content=\"Chelti SAPERAVI 2008 FAMILY RESERVE - Roze wines\" \/>\n<meta property=\"og:description\" content=\"Der trockene Rotwein der Spitzenqualit\u00e4t wird aus der ausgew\u00e4hlten Rebsorte Saperavi hergestellt, die in den Chelti-Weinbergen angebaut wird. Die spezifische Probe ist die Reserve-Typ Wein, einer der \u00e4ltesten, Saperavi aus 2008, Der Wein ist durch eine leichte braunrote Farbe, maderized Aroma, Rauch und Leder T\u00f6ne gekennzeichnet. Der Geschmack ist ausgewogen, sanft und weich. Ein perfekt &hellip; Continued\" \/>\n<meta property=\"og:url\" content=\"https:\/\/rozewines.com\/de\/produkt\/chelti-saperavi-2008-familyreserve\/\" \/>\n<meta property=\"og:site_name\" content=\"Roze wines\" \/>\n<meta property=\"article:modified_time\" content=\"2024-08-14T09:02:30+00:00\" \/>\n<meta property=\"og:image\" content=\"https:\/\/rozewines.com\/app\/uploads\/2024\/08\/Chelti-Saperavi-2008-Family-Reserve-scaled-1.jpg\" \/>\n\t<meta property=\"og:image:width\" content=\"2560\" \/>\n\t<meta property=\"og:image:height\" content=\"2560\" \/>\n\t<meta property=\"og:image:type\" content=\"image\/jpeg\" \/>\n<meta name=\"twitter:card\" content=\"summary_large_image\" \/>\n<script type=\"application\/ld+json\" class=\"yoast-schema-graph\">{\"@context\":\"https:\/\/schema.org\",\"@graph\":[{\"@type\":\"WebPage\",\"@id\":\"https:\/\/rozewines.com\/de\/produkt\/chelti-saperavi-2008-familyreserve\/\",\"url\":\"https:\/\/rozewines.com\/de\/produkt\/chelti-saperavi-2008-familyreserve\/\",\"name\":\"Chelti SAPERAVI 2008 FAMILY RESERVE - Roze wines\",\"isPartOf\":{\"@id\":\"https:\/\/rozewines.com\/#website\"},\"primaryImageOfPage\":{\"@id\":\"https:\/\/rozewines.com\/de\/produkt\/chelti-saperavi-2008-familyreserve\/#primaryimage\"},\"image\":{\"@id\":\"https:\/\/rozewines.com\/de\/produkt\/chelti-saperavi-2008-familyreserve\/#primaryimage\"},\"thumbnailUrl\":\"https:\/\/rozewines.com\/app\/uploads\/2024\/08\/Chelti-Saperavi-2008-Family-Reserve-scaled-1.jpg\",\"datePublished\":\"2024-08-13T08:38:53+00:00\",\"dateModified\":\"2024-08-14T09:02:30+00:00\",\"breadcrumb\":{\"@id\":\"https:\/\/rozewines.com\/de\/produkt\/chelti-saperavi-2008-familyreserve\/#breadcrumb\"},\"inLanguage\":\"de-DE\",\"potentialAction\":[{\"@type\":\"ReadAction\",\"target\":[\"https:\/\/rozewines.com\/de\/produkt\/chelti-saperavi-2008-familyreserve\/\"]}]},{\"@type\":\"ImageObject\",\"inLanguage\":\"de-DE\",\"@id\":\"https:\/\/rozewines.com\/de\/produkt\/chelti-saperavi-2008-familyreserve\/#primaryimage\",\"url\":\"https:\/\/rozewines.com\/app\/uploads\/2024\/08\/Chelti-Saperavi-2008-Family-Reserve-scaled-1.jpg\",\"contentUrl\":\"https:\/\/rozewines.com\/app\/uploads\/2024\/08\/Chelti-Saperavi-2008-Family-Reserve-scaled-1.jpg\",\"width\":2560,\"height\":2560},{\"@type\":\"BreadcrumbList\",\"@id\":\"https:\/\/rozewines.com\/de\/produkt\/chelti-saperavi-2008-familyreserve\/#breadcrumb\",\"itemListElement\":[{\"@type\":\"ListItem\",\"position\":1,\"name\":\"Home\",\"item\":\"https:\/\/rozewines.com\/de\/\"},{\"@type\":\"ListItem\",\"position\":2,\"name\":\"Unsere Weine\",\"item\":\"https:\/\/rozewines.com\/de\/musu-vins\/\"},{\"@type\":\"ListItem\",\"position\":3,\"name\":\"Chelti SAPERAVI 2008 FAMILY RESERVE\"}]},{\"@type\":\"WebSite\",\"@id\":\"https:\/\/rozewines.com\/#website\",\"url\":\"https:\/\/rozewines.com\/\",\"name\":\"Roze wines\",\"description\":\"\",\"publisher\":{\"@id\":\"https:\/\/rozewines.com\/#organization\"},\"potentialAction\":[{\"@type\":\"SearchAction\",\"target\":{\"@type\":\"EntryPoint\",\"urlTemplate\":\"https:\/\/rozewines.com\/?s={search_term_string}\"},\"query-input\":\"required name=search_term_string\"}],\"inLanguage\":\"de-DE\"},{\"@type\":\"Organization\",\"@id\":\"https:\/\/rozewines.com\/#organization\",\"name\":\"Roze wines\",\"url\":\"https:\/\/rozewines.com\/\",\"logo\":{\"@type\":\"ImageObject\",\"inLanguage\":\"de-DE\",\"@id\":\"https:\/\/rozewines.com\/#\/schema\/logo\/image\/\",\"url\":\"https:\/\/rozewines.com\/app\/uploads\/2024\/05\/logo.svg\",\"contentUrl\":\"https:\/\/rozewines.com\/app\/uploads\/2024\/05\/logo.svg\",\"width\":144,\"height\":68,\"caption\":\"Roze wines\"},\"image\":{\"@id\":\"https:\/\/rozewines.com\/#\/schema\/logo\/image\/\"}}]}<\/script>\n<!-- \/ Yoast SEO plugin. -->","yoast_head_json":{"title":"Chelti SAPERAVI 2008 FAMILY RESERVE - Roze wines","robots":{"index":"index","follow":"follow","max-snippet":"max-snippet:-1","max-image-preview":"max-image-preview:large","max-video-preview":"max-video-preview:-1"},"canonical":"https:\/\/rozewines.com\/de\/produkt\/chelti-saperavi-2008-familyreserve\/","og_locale":"de_DE","og_type":"article","og_title":"Chelti SAPERAVI 2008 FAMILY RESERVE - Roze wines","og_description":"Der trockene Rotwein der Spitzenqualit\u00e4t wird aus der ausgew\u00e4hlten Rebsorte Saperavi hergestellt, die in den Chelti-Weinbergen angebaut wird. Die spezifische Probe ist die Reserve-Typ Wein, einer der \u00e4ltesten, Saperavi aus 2008, Der Wein ist durch eine leichte braunrote Farbe, maderized Aroma, Rauch und Leder T\u00f6ne gekennzeichnet. Der Geschmack ist ausgewogen, sanft und weich. Ein perfekt &hellip; Continued","og_url":"https:\/\/rozewines.com\/de\/produkt\/chelti-saperavi-2008-familyreserve\/","og_site_name":"Roze wines","article_modified_time":"2024-08-14T09:02:30+00:00","og_image":[{"width":2560,"height":2560,"url":"https:\/\/rozewines.com\/app\/uploads\/2024\/08\/Chelti-Saperavi-2008-Family-Reserve-scaled-1.jpg","type":"image\/jpeg"}],"twitter_card":"summary_large_image","schema":{"@context":"https:\/\/schema.org","@graph":[{"@type":"WebPage","@id":"https:\/\/rozewines.com\/de\/produkt\/chelti-saperavi-2008-familyreserve\/","url":"https:\/\/rozewines.com\/de\/produkt\/chelti-saperavi-2008-familyreserve\/","name":"Chelti SAPERAVI 2008 FAMILY RESERVE - Roze wines","isPartOf":{"@id":"https:\/\/rozewines.com\/#website"},"primaryImageOfPage":{"@id":"https:\/\/rozewines.com\/de\/produkt\/chelti-saperavi-2008-familyreserve\/#primaryimage"},"image":{"@id":"https:\/\/rozewines.com\/de\/produkt\/chelti-saperavi-2008-familyreserve\/#primaryimage"},"thumbnailUrl":"https:\/\/rozewines.com\/app\/uploads\/2024\/08\/Chelti-Saperavi-2008-Family-Reserve-scaled-1.jpg","datePublished":"2024-08-13T08:38:53+00:00","dateModified":"2024-08-14T09:02:30+00:00","breadcrumb":{"@id":"https:\/\/rozewines.com\/de\/produkt\/chelti-saperavi-2008-familyreserve\/#breadcrumb"},"inLanguage":"de-DE","potentialAction":[{"@type":"ReadAction","target":["https:\/\/rozewines.com\/de\/produkt\/chelti-saperavi-2008-familyreserve\/"]}]},{"@type":"ImageObject","inLanguage":"de-DE","@id":"https:\/\/rozewines.com\/de\/produkt\/chelti-saperavi-2008-familyreserve\/#primaryimage","url":"https:\/\/rozewines.com\/app\/uploads\/2024\/08\/Chelti-Saperavi-2008-Family-Reserve-scaled-1.jpg","contentUrl":"https:\/\/rozewines.com\/app\/uploads\/2024\/08\/Chelti-Saperavi-2008-Family-Reserve-scaled-1.jpg","width":2560,"height":2560},{"@type":"BreadcrumbList","@id":"https:\/\/rozewines.com\/de\/produkt\/chelti-saperavi-2008-familyreserve\/#breadcrumb","itemListElement":[{"@type":"ListItem","position":1,"name":"Home","item":"https:\/\/rozewines.com\/de\/"},{"@type":"ListItem","position":2,"name":"Unsere Weine","item":"https:\/\/rozewines.com\/de\/musu-vins\/"},{"@type":"ListItem","position":3,"name":"Chelti SAPERAVI 2008 FAMILY RESERVE"}]},{"@type":"WebSite","@id":"https:\/\/rozewines.com\/#website","url":"https:\/\/rozewines.com\/","name":"Roze wines","description":"","publisher":{"@id":"https:\/\/rozewines.com\/#organization"},"potentialAction":[{"@type":"SearchAction","target":{"@type":"EntryPoint","urlTemplate":"https:\/\/rozewines.com\/?s={search_term_string}"},"query-input":"required name=search_term_string"}],"inLanguage":"de-DE"},{"@type":"Organization","@id":"https:\/\/rozewines.com\/#organization","name":"Roze wines","url":"https:\/\/rozewines.com\/","logo":{"@type":"ImageObject","inLanguage":"de-DE","@id":"https:\/\/rozewines.com\/#\/schema\/logo\/image\/","url":"https:\/\/rozewines.com\/app\/uploads\/2024\/05\/logo.svg","contentUrl":"https:\/\/rozewines.com\/app\/uploads\/2024\/05\/logo.svg","width":144,"height":68,"caption":"Roze wines"},"image":{"@id":"https:\/\/rozewines.com\/#\/schema\/logo\/image\/"}}]}},"_links":{"self":[{"href":"https:\/\/rozewines.com\/de\/wp-json\/wp\/v2\/product\/6299"}],"collection":[{"href":"https:\/\/rozewines.com\/de\/wp-json\/wp\/v2\/product"}],"about":[{"href":"https:\/\/rozewines.com\/de\/wp-json\/wp\/v2\/types\/product"}],"replies":[{"embeddable":true,"href":"https:\/\/rozewines.com\/de\/wp-json\/wp\/v2\/comments?post=6299"}],"wp:featuredmedia":[{"embeddable":true,"href":"https:\/\/rozewines.com\/de\/wp-json\/wp\/v2\/media\/5974"}],"wp:attachment":[{"href":"https:\/\/rozewines.com\/de\/wp-json\/wp\/v2\/media?parent=6299"}],"wp:term":[{"taxonomy":"brand","embeddable":true,"href":"https:\/\/rozewines.com\/de\/wp-json\/wp\/v2\/brand?post=6299"},{"taxonomy":"colour","embeddable":true,"href":"https:\/\/rozewines.com\/de\/wp-json\/wp\/v2\/colour?post=6299"},{"taxonomy":"flavour","embeddable":true,"href":"https:\/\/rozewines.com\/de\/wp-json\/wp\/v2\/flavour?post=6299"},{"taxonomy":"grape-variety","embeddable":true,"href":"https:\/\/rozewines.com\/de\/wp-json\/wp\/v2\/grape-variety?post=6299"},{"taxonomy":"harvest-year","embeddable":true,"href":"https:\/\/rozewines.com\/de\/wp-json\/wp\/v2\/harvest-year?post=6299"},{"taxonomy":"region","embeddable":true,"href":"https:\/\/rozewines.com\/de\/wp-json\/wp\/v2\/region?post=6299"},{"taxonomy":"size","embeddable":true,"href":"https:\/\/rozewines.com\/de\/wp-json\/wp\/v2\/size?post=6299"},{"taxonomy":"style","embeddable":true,"href":"https:\/\/rozewines.com\/de\/wp-json\/wp\/v2\/style?post=6299"},{"taxonomy":"technology","embeddable":true,"href":"https:\/\/rozewines.com\/de\/wp-json\/wp\/v2\/technology?post=6299"},{"taxonomy":"product_cat","embeddable":true,"href":"https:\/\/rozewines.com\/de\/wp-json\/wp\/v2\/product_cat?post=6299"},{"taxonomy":"product_tag","embeddable":true,"href":"https:\/\/rozewines.com\/de\/wp-json\/wp\/v2\/product_tag?post=6299"}],"curies":[{"name":"wp","href":"https:\/\/api.w.org\/{rel}","templated":true}]}}