{"id":6304,"date":"2024-08-13T08:38:53","date_gmt":"2024-08-13T08:38:53","guid":{"rendered":"https:\/\/rozewines.com\/product\/khmelo-saperavi\/"},"modified":"2024-08-15T16:10:14","modified_gmt":"2024-08-15T16:10:14","slug":"khmelo-saperavi","status":"publish","type":"product","link":"https:\/\/rozewines.com\/de\/produkt\/khmelo-saperavi\/","title":{"rendered":"Khmelo &#8211; Saperavi"},"content":{"rendered":"<p>Saperavi wird aus der alten Traubensorte &#8220;Saperavi&#8221; nach einer traditionellen Methode hergestellt &#8211; vollst\u00e4ndige G\u00e4rung auf Tschascha und 2 Monate Reifung in Eiche, handgefertigten Tongef\u00e4\u00dfen, die nach jahrhundertealten Traditionen in Georgien hergestellt werden.<\/p>\n","protected":false},"excerpt":{"rendered":"<p>Saperavi wird aus der alten Traubensorte &#8220;Saperavi&#8221; nach einer traditionellen Methode hergestellt &#8211; vollst\u00e4ndige G\u00e4rung auf Tschascha und 2 Monate Reifung in Eiche, handgefertigten Tongef\u00e4\u00dfen, die nach jahrhundertealten Traditionen in Georgien hergestellt werden.<\/p>\n","protected":false},"featured_media":7318,"comment_status":"closed","ping_status":"closed","template":"","meta":{"_acf_changed":false},"brand":[1804],"colour":[1140],"flavour":[1011,1581,999],"grape-variety":[1283],"harvest-year":[],"region":[1297],"size":[1603],"style":[1271],"technology":[],"product_cat":[1382],"product_tag":[],"ams_default_variation_id":0,"ams_product_points_reward":[],"ams_product_discount_percentage":0,"ams_price_to_display":31,"acf":[],"ams_acf":[{"key":"food_pairings","label":"Food pairings","value":"Ger\u00e4ucherte Schweinerippchen, K\u00e4sesnacks"},{"key":"alcohol_percentage","label":"Alcohol percentage","value":"15"},{"key":"details","label":"Details","value":{"":null,"acidity":"3","body":"4","sweetness":"0","tannin":"4"}},{"key":"zero_sulfites","label":"Zero sulfites","value":false}],"yoast_head":"<!-- This site is optimized with the Yoast SEO plugin v22.6 - https:\/\/yoast.com\/wordpress\/plugins\/seo\/ -->\n<title>Khmelo - Saperavi - Roze wines<\/title>\n<meta name=\"robots\" content=\"index, follow, max-snippet:-1, max-image-preview:large, max-video-preview:-1\" \/>\n<link rel=\"canonical\" href=\"https:\/\/rozewines.com\/produkt\/khmelo-saperavi\/\" \/>\n<meta property=\"og:locale\" content=\"de_DE\" \/>\n<meta property=\"og:type\" content=\"article\" \/>\n<meta property=\"og:title\" content=\"Khmelo - Saperavi - Roze wines\" \/>\n<meta property=\"og:description\" content=\"Saperavi wird aus der alten Traubensorte &#8220;Saperavi&#8221; nach einer traditionellen Methode hergestellt &#8211; vollst\u00e4ndige G\u00e4rung auf Tschascha und 2 Monate Reifung in Eiche, handgefertigten Tongef\u00e4\u00dfen, die nach jahrhundertealten Traditionen in Georgien hergestellt werden.\" \/>\n<meta property=\"og:url\" content=\"https:\/\/rozewines.com\/produkt\/khmelo-saperavi\/\" \/>\n<meta property=\"og:site_name\" content=\"Roze wines\" \/>\n<meta property=\"article:modified_time\" content=\"2024-08-15T16:10:14+00:00\" \/>\n<meta property=\"og:image\" content=\"https:\/\/rozewines.com\/app\/uploads\/2024\/08\/Khmelo-Saperavi-2019-scaled.jpg.jpg\" \/>\n\t<meta property=\"og:image:width\" content=\"2560\" \/>\n\t<meta property=\"og:image:height\" content=\"2560\" \/>\n\t<meta property=\"og:image:type\" content=\"image\/jpeg\" \/>\n<meta name=\"twitter:card\" content=\"summary_large_image\" \/>\n<script type=\"application\/ld+json\" class=\"yoast-schema-graph\">{\"@context\":\"https:\/\/schema.org\",\"@graph\":[{\"@type\":\"WebPage\",\"@id\":\"https:\/\/rozewines.com\/produkt\/khmelo-saperavi\/\",\"url\":\"https:\/\/rozewines.com\/produkt\/khmelo-saperavi\/\",\"name\":\"Khmelo - Saperavi - Roze wines\",\"isPartOf\":{\"@id\":\"https:\/\/rozewines.com\/#website\"},\"primaryImageOfPage\":{\"@id\":\"https:\/\/rozewines.com\/produkt\/khmelo-saperavi\/#primaryimage\"},\"image\":{\"@id\":\"https:\/\/rozewines.com\/produkt\/khmelo-saperavi\/#primaryimage\"},\"thumbnailUrl\":\"https:\/\/rozewines.com\/app\/uploads\/2024\/08\/Khmelo-Saperavi-2019-scaled.jpg.jpg\",\"datePublished\":\"2024-08-13T08:38:53+00:00\",\"dateModified\":\"2024-08-15T16:10:14+00:00\",\"breadcrumb\":{\"@id\":\"https:\/\/rozewines.com\/produkt\/khmelo-saperavi\/#breadcrumb\"},\"inLanguage\":\"de-DE\",\"potentialAction\":[{\"@type\":\"ReadAction\",\"target\":[\"https:\/\/rozewines.com\/produkt\/khmelo-saperavi\/\"]}]},{\"@type\":\"ImageObject\",\"inLanguage\":\"de-DE\",\"@id\":\"https:\/\/rozewines.com\/produkt\/khmelo-saperavi\/#primaryimage\",\"url\":\"https:\/\/rozewines.com\/app\/uploads\/2024\/08\/Khmelo-Saperavi-2019-scaled.jpg.jpg\",\"contentUrl\":\"https:\/\/rozewines.com\/app\/uploads\/2024\/08\/Khmelo-Saperavi-2019-scaled.jpg.jpg\",\"width\":2560,\"height\":2560},{\"@type\":\"BreadcrumbList\",\"@id\":\"https:\/\/rozewines.com\/produkt\/khmelo-saperavi\/#breadcrumb\",\"itemListElement\":[{\"@type\":\"ListItem\",\"position\":1,\"name\":\"Home\",\"item\":\"https:\/\/rozewines.com\/de\/\"},{\"@type\":\"ListItem\",\"position\":2,\"name\":\"Unsere Weine\",\"item\":\"https:\/\/rozewines.com\/de\/musu-vins\/\"},{\"@type\":\"ListItem\",\"position\":3,\"name\":\"Khmelo &#8211; Saperavi\"}]},{\"@type\":\"WebSite\",\"@id\":\"https:\/\/rozewines.com\/#website\",\"url\":\"https:\/\/rozewines.com\/\",\"name\":\"Roze wines\",\"description\":\"\",\"publisher\":{\"@id\":\"https:\/\/rozewines.com\/#organization\"},\"potentialAction\":[{\"@type\":\"SearchAction\",\"target\":{\"@type\":\"EntryPoint\",\"urlTemplate\":\"https:\/\/rozewines.com\/?s={search_term_string}\"},\"query-input\":\"required name=search_term_string\"}],\"inLanguage\":\"de-DE\"},{\"@type\":\"Organization\",\"@id\":\"https:\/\/rozewines.com\/#organization\",\"name\":\"Roze wines\",\"url\":\"https:\/\/rozewines.com\/\",\"logo\":{\"@type\":\"ImageObject\",\"inLanguage\":\"de-DE\",\"@id\":\"https:\/\/rozewines.com\/#\/schema\/logo\/image\/\",\"url\":\"https:\/\/rozewines.com\/app\/uploads\/2024\/05\/logo.svg\",\"contentUrl\":\"https:\/\/rozewines.com\/app\/uploads\/2024\/05\/logo.svg\",\"width\":144,\"height\":68,\"caption\":\"Roze wines\"},\"image\":{\"@id\":\"https:\/\/rozewines.com\/#\/schema\/logo\/image\/\"}}]}<\/script>\n<!-- \/ Yoast SEO plugin. -->","yoast_head_json":{"title":"Khmelo - Saperavi - Roze wines","robots":{"index":"index","follow":"follow","max-snippet":"max-snippet:-1","max-image-preview":"max-image-preview:large","max-video-preview":"max-video-preview:-1"},"canonical":"https:\/\/rozewines.com\/produkt\/khmelo-saperavi\/","og_locale":"de_DE","og_type":"article","og_title":"Khmelo - Saperavi - Roze wines","og_description":"Saperavi wird aus der alten Traubensorte &#8220;Saperavi&#8221; nach einer traditionellen Methode hergestellt &#8211; vollst\u00e4ndige G\u00e4rung auf Tschascha und 2 Monate Reifung in Eiche, handgefertigten Tongef\u00e4\u00dfen, die nach jahrhundertealten Traditionen in Georgien hergestellt werden.","og_url":"https:\/\/rozewines.com\/produkt\/khmelo-saperavi\/","og_site_name":"Roze wines","article_modified_time":"2024-08-15T16:10:14+00:00","og_image":[{"width":2560,"height":2560,"url":"https:\/\/rozewines.com\/app\/uploads\/2024\/08\/Khmelo-Saperavi-2019-scaled.jpg.jpg","type":"image\/jpeg"}],"twitter_card":"summary_large_image","schema":{"@context":"https:\/\/schema.org","@graph":[{"@type":"WebPage","@id":"https:\/\/rozewines.com\/produkt\/khmelo-saperavi\/","url":"https:\/\/rozewines.com\/produkt\/khmelo-saperavi\/","name":"Khmelo - Saperavi - Roze wines","isPartOf":{"@id":"https:\/\/rozewines.com\/#website"},"primaryImageOfPage":{"@id":"https:\/\/rozewines.com\/produkt\/khmelo-saperavi\/#primaryimage"},"image":{"@id":"https:\/\/rozewines.com\/produkt\/khmelo-saperavi\/#primaryimage"},"thumbnailUrl":"https:\/\/rozewines.com\/app\/uploads\/2024\/08\/Khmelo-Saperavi-2019-scaled.jpg.jpg","datePublished":"2024-08-13T08:38:53+00:00","dateModified":"2024-08-15T16:10:14+00:00","breadcrumb":{"@id":"https:\/\/rozewines.com\/produkt\/khmelo-saperavi\/#breadcrumb"},"inLanguage":"de-DE","potentialAction":[{"@type":"ReadAction","target":["https:\/\/rozewines.com\/produkt\/khmelo-saperavi\/"]}]},{"@type":"ImageObject","inLanguage":"de-DE","@id":"https:\/\/rozewines.com\/produkt\/khmelo-saperavi\/#primaryimage","url":"https:\/\/rozewines.com\/app\/uploads\/2024\/08\/Khmelo-Saperavi-2019-scaled.jpg.jpg","contentUrl":"https:\/\/rozewines.com\/app\/uploads\/2024\/08\/Khmelo-Saperavi-2019-scaled.jpg.jpg","width":2560,"height":2560},{"@type":"BreadcrumbList","@id":"https:\/\/rozewines.com\/produkt\/khmelo-saperavi\/#breadcrumb","itemListElement":[{"@type":"ListItem","position":1,"name":"Home","item":"https:\/\/rozewines.com\/de\/"},{"@type":"ListItem","position":2,"name":"Unsere Weine","item":"https:\/\/rozewines.com\/de\/musu-vins\/"},{"@type":"ListItem","position":3,"name":"Khmelo &#8211; Saperavi"}]},{"@type":"WebSite","@id":"https:\/\/rozewines.com\/#website","url":"https:\/\/rozewines.com\/","name":"Roze wines","description":"","publisher":{"@id":"https:\/\/rozewines.com\/#organization"},"potentialAction":[{"@type":"SearchAction","target":{"@type":"EntryPoint","urlTemplate":"https:\/\/rozewines.com\/?s={search_term_string}"},"query-input":"required name=search_term_string"}],"inLanguage":"de-DE"},{"@type":"Organization","@id":"https:\/\/rozewines.com\/#organization","name":"Roze wines","url":"https:\/\/rozewines.com\/","logo":{"@type":"ImageObject","inLanguage":"de-DE","@id":"https:\/\/rozewines.com\/#\/schema\/logo\/image\/","url":"https:\/\/rozewines.com\/app\/uploads\/2024\/05\/logo.svg","contentUrl":"https:\/\/rozewines.com\/app\/uploads\/2024\/05\/logo.svg","width":144,"height":68,"caption":"Roze wines"},"image":{"@id":"https:\/\/rozewines.com\/#\/schema\/logo\/image\/"}}]}},"_links":{"self":[{"href":"https:\/\/rozewines.com\/de\/wp-json\/wp\/v2\/product\/6304"}],"collection":[{"href":"https:\/\/rozewines.com\/de\/wp-json\/wp\/v2\/product"}],"about":[{"href":"https:\/\/rozewines.com\/de\/wp-json\/wp\/v2\/types\/product"}],"replies":[{"embeddable":true,"href":"https:\/\/rozewines.com\/de\/wp-json\/wp\/v2\/comments?post=6304"}],"wp:featuredmedia":[{"embeddable":true,"href":"https:\/\/rozewines.com\/de\/wp-json\/wp\/v2\/media\/7318"}],"wp:attachment":[{"href":"https:\/\/rozewines.com\/de\/wp-json\/wp\/v2\/media?parent=6304"}],"wp:term":[{"taxonomy":"brand","embeddable":true,"href":"https:\/\/rozewines.com\/de\/wp-json\/wp\/v2\/brand?post=6304"},{"taxonomy":"colour","embeddable":true,"href":"https:\/\/rozewines.com\/de\/wp-json\/wp\/v2\/colour?post=6304"},{"taxonomy":"flavour","embeddable":true,"href":"https:\/\/rozewines.com\/de\/wp-json\/wp\/v2\/flavour?post=6304"},{"taxonomy":"grape-variety","embeddable":true,"href":"https:\/\/rozewines.com\/de\/wp-json\/wp\/v2\/grape-variety?post=6304"},{"taxonomy":"harvest-year","embeddable":true,"href":"https:\/\/rozewines.com\/de\/wp-json\/wp\/v2\/harvest-year?post=6304"},{"taxonomy":"region","embeddable":true,"href":"https:\/\/rozewines.com\/de\/wp-json\/wp\/v2\/region?post=6304"},{"taxonomy":"size","embeddable":true,"href":"https:\/\/rozewines.com\/de\/wp-json\/wp\/v2\/size?post=6304"},{"taxonomy":"style","embeddable":true,"href":"https:\/\/rozewines.com\/de\/wp-json\/wp\/v2\/style?post=6304"},{"taxonomy":"technology","embeddable":true,"href":"https:\/\/rozewines.com\/de\/wp-json\/wp\/v2\/technology?post=6304"},{"taxonomy":"product_cat","embeddable":true,"href":"https:\/\/rozewines.com\/de\/wp-json\/wp\/v2\/product_cat?post=6304"},{"taxonomy":"product_tag","embeddable":true,"href":"https:\/\/rozewines.com\/de\/wp-json\/wp\/v2\/product_tag?post=6304"}],"curies":[{"name":"wp","href":"https:\/\/api.w.org\/{rel}","templated":true}]}}