{"id":6306,"date":"2024-08-13T08:38:53","date_gmt":"2024-08-13T08:38:53","guid":{"rendered":"https:\/\/rozewines.com\/product\/magdana-gin\/"},"modified":"2024-08-14T09:03:05","modified_gmt":"2024-08-14T09:03:05","slug":"magdana-gin","status":"publish","type":"product","link":"https:\/\/rozewines.com\/de\/produkt\/magdana-gin\/","title":{"rendered":"Magdana Gin"},"content":{"rendered":"<p>&#8220;Magdana&#8221; &#8211; diese magische Flasche mit trockenem Gin stammt aus den unzug\u00e4nglichen Bergen. Er wurde in Zhinval, am rechten Ufer des Flusses Aragvi, geboren. Sein Name und seine Essenz sind von der kaukasischen Mythologie Magdana&#8217;s inspiriert. Das luxuri\u00f6se Aroma er\u00f6ffnet mit Wacholderbeeren, Zitrusfr\u00fcchten und blumigen T\u00f6nen. Das einzigartige Verfahren der Destillation durch Mazeration auf der Basis von Traubenbrand verleiht &#8220;Magdana&#8221; einen einzigartigen, ausgewogenen Geschmack. Die ideale Synthese der hochwertigsten ausl\u00e4ndischen Botanicals mit georgischen Pflanzen schafft erstaunlich samtige und w\u00fcrzige Akkorde des trockenen Gin<\/p>\n","protected":false},"excerpt":{"rendered":"<p>&#8220;Magdana&#8221; &#8211; diese magische Flasche mit trockenem Gin stammt aus den unzug\u00e4nglichen Bergen. Er wurde in Zhinval, am rechten Ufer des Flusses Aragvi, geboren. Sein Name und seine Essenz sind von der kaukasischen Mythologie Magdana&#8217;s inspiriert. Das luxuri\u00f6se Aroma er\u00f6ffnet mit Wacholderbeeren, Zitrusfr\u00fcchten und blumigen T\u00f6nen. Das einzigartige Verfahren der Destillation durch Mazeration auf der &hellip; <a href=\"https:\/\/rozewines.com\/de\/produkt\/magdana-gin\/\">Continued<\/a><\/p>\n","protected":false},"featured_media":6001,"comment_status":"closed","ping_status":"closed","template":"","meta":{"_acf_changed":false},"brand":[1786],"colour":[],"flavour":[1005,1722,1041],"grape-variety":[],"harvest-year":[],"region":[],"size":[1601],"style":[1271],"technology":[],"product_cat":[1385],"product_tag":[],"ams_default_variation_id":0,"ams_product_points_reward":[],"ams_product_discount_percentage":0,"ams_price_to_display":56,"acf":[],"ams_acf":[{"key":"food_pairings","label":"Food pairings","value":""},{"key":"alcohol_percentage","label":"Alcohol percentage","value":"44"}],"yoast_head":"<!-- This site is optimized with the Yoast SEO plugin v22.6 - https:\/\/yoast.com\/wordpress\/plugins\/seo\/ -->\n<title>Magdana Gin - Roze wines<\/title>\n<meta name=\"robots\" content=\"index, follow, max-snippet:-1, max-image-preview:large, max-video-preview:-1\" \/>\n<link rel=\"canonical\" href=\"https:\/\/rozewines.com\/de\/produkt\/magdana-gin\/\" \/>\n<meta property=\"og:locale\" content=\"de_DE\" \/>\n<meta property=\"og:type\" content=\"article\" \/>\n<meta property=\"og:title\" content=\"Magdana Gin - Roze wines\" \/>\n<meta property=\"og:description\" content=\"&#8220;Magdana&#8221; &#8211; diese magische Flasche mit trockenem Gin stammt aus den unzug\u00e4nglichen Bergen. Er wurde in Zhinval, am rechten Ufer des Flusses Aragvi, geboren. Sein Name und seine Essenz sind von der kaukasischen Mythologie Magdana&#8217;s inspiriert. Das luxuri\u00f6se Aroma er\u00f6ffnet mit Wacholderbeeren, Zitrusfr\u00fcchten und blumigen T\u00f6nen. Das einzigartige Verfahren der Destillation durch Mazeration auf der &hellip; Continued\" \/>\n<meta property=\"og:url\" content=\"https:\/\/rozewines.com\/de\/produkt\/magdana-gin\/\" \/>\n<meta property=\"og:site_name\" content=\"Roze wines\" \/>\n<meta property=\"article:modified_time\" content=\"2024-08-14T09:03:05+00:00\" \/>\n<meta property=\"og:image\" content=\"https:\/\/rozewines.com\/app\/uploads\/2024\/08\/Magdana-Gin-scaled-1.jpg\" \/>\n\t<meta property=\"og:image:width\" content=\"2560\" \/>\n\t<meta property=\"og:image:height\" content=\"2560\" \/>\n\t<meta property=\"og:image:type\" content=\"image\/jpeg\" \/>\n<meta name=\"twitter:card\" content=\"summary_large_image\" \/>\n<meta name=\"twitter:label1\" content=\"Est. reading time\" \/>\n\t<meta name=\"twitter:data1\" content=\"1 minute\" \/>\n<script type=\"application\/ld+json\" class=\"yoast-schema-graph\">{\"@context\":\"https:\/\/schema.org\",\"@graph\":[{\"@type\":\"WebPage\",\"@id\":\"https:\/\/rozewines.com\/de\/produkt\/magdana-gin\/\",\"url\":\"https:\/\/rozewines.com\/de\/produkt\/magdana-gin\/\",\"name\":\"Magdana Gin - Roze wines\",\"isPartOf\":{\"@id\":\"https:\/\/rozewines.com\/#website\"},\"primaryImageOfPage\":{\"@id\":\"https:\/\/rozewines.com\/de\/produkt\/magdana-gin\/#primaryimage\"},\"image\":{\"@id\":\"https:\/\/rozewines.com\/de\/produkt\/magdana-gin\/#primaryimage\"},\"thumbnailUrl\":\"https:\/\/rozewines.com\/app\/uploads\/2024\/08\/Magdana-Gin-scaled-1.jpg\",\"datePublished\":\"2024-08-13T08:38:53+00:00\",\"dateModified\":\"2024-08-14T09:03:05+00:00\",\"breadcrumb\":{\"@id\":\"https:\/\/rozewines.com\/de\/produkt\/magdana-gin\/#breadcrumb\"},\"inLanguage\":\"de-DE\",\"potentialAction\":[{\"@type\":\"ReadAction\",\"target\":[\"https:\/\/rozewines.com\/de\/produkt\/magdana-gin\/\"]}]},{\"@type\":\"ImageObject\",\"inLanguage\":\"de-DE\",\"@id\":\"https:\/\/rozewines.com\/de\/produkt\/magdana-gin\/#primaryimage\",\"url\":\"https:\/\/rozewines.com\/app\/uploads\/2024\/08\/Magdana-Gin-scaled-1.jpg\",\"contentUrl\":\"https:\/\/rozewines.com\/app\/uploads\/2024\/08\/Magdana-Gin-scaled-1.jpg\",\"width\":2560,\"height\":2560},{\"@type\":\"BreadcrumbList\",\"@id\":\"https:\/\/rozewines.com\/de\/produkt\/magdana-gin\/#breadcrumb\",\"itemListElement\":[{\"@type\":\"ListItem\",\"position\":1,\"name\":\"Home\",\"item\":\"https:\/\/rozewines.com\/de\/\"},{\"@type\":\"ListItem\",\"position\":2,\"name\":\"Unsere Weine\",\"item\":\"https:\/\/rozewines.com\/de\/musu-vins\/\"},{\"@type\":\"ListItem\",\"position\":3,\"name\":\"Magdana Gin\"}]},{\"@type\":\"WebSite\",\"@id\":\"https:\/\/rozewines.com\/#website\",\"url\":\"https:\/\/rozewines.com\/\",\"name\":\"Roze wines\",\"description\":\"\",\"publisher\":{\"@id\":\"https:\/\/rozewines.com\/#organization\"},\"potentialAction\":[{\"@type\":\"SearchAction\",\"target\":{\"@type\":\"EntryPoint\",\"urlTemplate\":\"https:\/\/rozewines.com\/?s={search_term_string}\"},\"query-input\":\"required name=search_term_string\"}],\"inLanguage\":\"de-DE\"},{\"@type\":\"Organization\",\"@id\":\"https:\/\/rozewines.com\/#organization\",\"name\":\"Roze wines\",\"url\":\"https:\/\/rozewines.com\/\",\"logo\":{\"@type\":\"ImageObject\",\"inLanguage\":\"de-DE\",\"@id\":\"https:\/\/rozewines.com\/#\/schema\/logo\/image\/\",\"url\":\"https:\/\/rozewines.com\/app\/uploads\/2024\/05\/logo.svg\",\"contentUrl\":\"https:\/\/rozewines.com\/app\/uploads\/2024\/05\/logo.svg\",\"width\":144,\"height\":68,\"caption\":\"Roze wines\"},\"image\":{\"@id\":\"https:\/\/rozewines.com\/#\/schema\/logo\/image\/\"}}]}<\/script>\n<!-- \/ Yoast SEO plugin. -->","yoast_head_json":{"title":"Magdana Gin - Roze wines","robots":{"index":"index","follow":"follow","max-snippet":"max-snippet:-1","max-image-preview":"max-image-preview:large","max-video-preview":"max-video-preview:-1"},"canonical":"https:\/\/rozewines.com\/de\/produkt\/magdana-gin\/","og_locale":"de_DE","og_type":"article","og_title":"Magdana Gin - Roze wines","og_description":"&#8220;Magdana&#8221; &#8211; diese magische Flasche mit trockenem Gin stammt aus den unzug\u00e4nglichen Bergen. Er wurde in Zhinval, am rechten Ufer des Flusses Aragvi, geboren. Sein Name und seine Essenz sind von der kaukasischen Mythologie Magdana&#8217;s inspiriert. Das luxuri\u00f6se Aroma er\u00f6ffnet mit Wacholderbeeren, Zitrusfr\u00fcchten und blumigen T\u00f6nen. Das einzigartige Verfahren der Destillation durch Mazeration auf der &hellip; Continued","og_url":"https:\/\/rozewines.com\/de\/produkt\/magdana-gin\/","og_site_name":"Roze wines","article_modified_time":"2024-08-14T09:03:05+00:00","og_image":[{"width":2560,"height":2560,"url":"https:\/\/rozewines.com\/app\/uploads\/2024\/08\/Magdana-Gin-scaled-1.jpg","type":"image\/jpeg"}],"twitter_card":"summary_large_image","twitter_misc":{"Est. reading time":"1 minute"},"schema":{"@context":"https:\/\/schema.org","@graph":[{"@type":"WebPage","@id":"https:\/\/rozewines.com\/de\/produkt\/magdana-gin\/","url":"https:\/\/rozewines.com\/de\/produkt\/magdana-gin\/","name":"Magdana Gin - Roze wines","isPartOf":{"@id":"https:\/\/rozewines.com\/#website"},"primaryImageOfPage":{"@id":"https:\/\/rozewines.com\/de\/produkt\/magdana-gin\/#primaryimage"},"image":{"@id":"https:\/\/rozewines.com\/de\/produkt\/magdana-gin\/#primaryimage"},"thumbnailUrl":"https:\/\/rozewines.com\/app\/uploads\/2024\/08\/Magdana-Gin-scaled-1.jpg","datePublished":"2024-08-13T08:38:53+00:00","dateModified":"2024-08-14T09:03:05+00:00","breadcrumb":{"@id":"https:\/\/rozewines.com\/de\/produkt\/magdana-gin\/#breadcrumb"},"inLanguage":"de-DE","potentialAction":[{"@type":"ReadAction","target":["https:\/\/rozewines.com\/de\/produkt\/magdana-gin\/"]}]},{"@type":"ImageObject","inLanguage":"de-DE","@id":"https:\/\/rozewines.com\/de\/produkt\/magdana-gin\/#primaryimage","url":"https:\/\/rozewines.com\/app\/uploads\/2024\/08\/Magdana-Gin-scaled-1.jpg","contentUrl":"https:\/\/rozewines.com\/app\/uploads\/2024\/08\/Magdana-Gin-scaled-1.jpg","width":2560,"height":2560},{"@type":"BreadcrumbList","@id":"https:\/\/rozewines.com\/de\/produkt\/magdana-gin\/#breadcrumb","itemListElement":[{"@type":"ListItem","position":1,"name":"Home","item":"https:\/\/rozewines.com\/de\/"},{"@type":"ListItem","position":2,"name":"Unsere Weine","item":"https:\/\/rozewines.com\/de\/musu-vins\/"},{"@type":"ListItem","position":3,"name":"Magdana Gin"}]},{"@type":"WebSite","@id":"https:\/\/rozewines.com\/#website","url":"https:\/\/rozewines.com\/","name":"Roze wines","description":"","publisher":{"@id":"https:\/\/rozewines.com\/#organization"},"potentialAction":[{"@type":"SearchAction","target":{"@type":"EntryPoint","urlTemplate":"https:\/\/rozewines.com\/?s={search_term_string}"},"query-input":"required name=search_term_string"}],"inLanguage":"de-DE"},{"@type":"Organization","@id":"https:\/\/rozewines.com\/#organization","name":"Roze wines","url":"https:\/\/rozewines.com\/","logo":{"@type":"ImageObject","inLanguage":"de-DE","@id":"https:\/\/rozewines.com\/#\/schema\/logo\/image\/","url":"https:\/\/rozewines.com\/app\/uploads\/2024\/05\/logo.svg","contentUrl":"https:\/\/rozewines.com\/app\/uploads\/2024\/05\/logo.svg","width":144,"height":68,"caption":"Roze wines"},"image":{"@id":"https:\/\/rozewines.com\/#\/schema\/logo\/image\/"}}]}},"_links":{"self":[{"href":"https:\/\/rozewines.com\/de\/wp-json\/wp\/v2\/product\/6306"}],"collection":[{"href":"https:\/\/rozewines.com\/de\/wp-json\/wp\/v2\/product"}],"about":[{"href":"https:\/\/rozewines.com\/de\/wp-json\/wp\/v2\/types\/product"}],"replies":[{"embeddable":true,"href":"https:\/\/rozewines.com\/de\/wp-json\/wp\/v2\/comments?post=6306"}],"wp:featuredmedia":[{"embeddable":true,"href":"https:\/\/rozewines.com\/de\/wp-json\/wp\/v2\/media\/6001"}],"wp:attachment":[{"href":"https:\/\/rozewines.com\/de\/wp-json\/wp\/v2\/media?parent=6306"}],"wp:term":[{"taxonomy":"brand","embeddable":true,"href":"https:\/\/rozewines.com\/de\/wp-json\/wp\/v2\/brand?post=6306"},{"taxonomy":"colour","embeddable":true,"href":"https:\/\/rozewines.com\/de\/wp-json\/wp\/v2\/colour?post=6306"},{"taxonomy":"flavour","embeddable":true,"href":"https:\/\/rozewines.com\/de\/wp-json\/wp\/v2\/flavour?post=6306"},{"taxonomy":"grape-variety","embeddable":true,"href":"https:\/\/rozewines.com\/de\/wp-json\/wp\/v2\/grape-variety?post=6306"},{"taxonomy":"harvest-year","embeddable":true,"href":"https:\/\/rozewines.com\/de\/wp-json\/wp\/v2\/harvest-year?post=6306"},{"taxonomy":"region","embeddable":true,"href":"https:\/\/rozewines.com\/de\/wp-json\/wp\/v2\/region?post=6306"},{"taxonomy":"size","embeddable":true,"href":"https:\/\/rozewines.com\/de\/wp-json\/wp\/v2\/size?post=6306"},{"taxonomy":"style","embeddable":true,"href":"https:\/\/rozewines.com\/de\/wp-json\/wp\/v2\/style?post=6306"},{"taxonomy":"technology","embeddable":true,"href":"https:\/\/rozewines.com\/de\/wp-json\/wp\/v2\/technology?post=6306"},{"taxonomy":"product_cat","embeddable":true,"href":"https:\/\/rozewines.com\/de\/wp-json\/wp\/v2\/product_cat?post=6306"},{"taxonomy":"product_tag","embeddable":true,"href":"https:\/\/rozewines.com\/de\/wp-json\/wp\/v2\/product_tag?post=6306"}],"curies":[{"name":"wp","href":"https:\/\/api.w.org\/{rel}","templated":true}]}}