{"id":6313,"date":"2024-08-13T08:39:10","date_gmt":"2024-08-13T08:39:10","guid":{"rendered":"https:\/\/rozewines.com\/product\/napheri-goruli-mtsvane\/"},"modified":"2024-08-14T09:02:29","modified_gmt":"2024-08-14T09:02:29","slug":"napheri-goruli-mtsvane","status":"publish","type":"product","link":"https:\/\/rozewines.com\/de\/produkt\/napheri-goruli-mtsvane\/","title":{"rendered":"Napheri &#8211; Goruli Mtsvane"},"content":{"rendered":"<p>Vergoren in Qvevri mit wilden Hefen 10% Schalen ohne Stiele, 3 Monate Mazeration in Qvevri, 3 Monate in Edelstahl gereift. Aromen von Blumen, gr\u00fcnem Apfel, Zitrusfr\u00fcchten, frischen wei\u00dfen Fr\u00fcchten, weich mit angenehmer mittlerer S\u00e4ure, mittlerer K\u00f6rper, perfekte Kombination von Frische und W\u00fcrze.<\/p>\n","protected":false},"excerpt":{"rendered":"<p>Vergoren in Qvevri mit wilden Hefen 10% Schalen ohne Stiele, 3 Monate Mazeration in Qvevri, 3 Monate in Edelstahl gereift. Aromen von Blumen, gr\u00fcnem Apfel, Zitrusfr\u00fcchten, frischen wei\u00dfen Fr\u00fcchten, weich mit angenehmer mittlerer S\u00e4ure, mittlerer K\u00f6rper, perfekte Kombination von Frische und W\u00fcrze.<\/p>\n","protected":false},"featured_media":6036,"comment_status":"closed","ping_status":"closed","template":"","meta":{"_acf_changed":false},"brand":[1794],"colour":[1139],"flavour":[1064,1536],"grape-variety":[1345],"harvest-year":[],"region":[1297],"size":[1598],"style":[1271],"technology":[1694],"product_cat":[1382],"product_tag":[],"ams_default_variation_id":0,"ams_product_points_reward":[],"ams_product_discount_percentage":0,"ams_price_to_display":26,"acf":[],"ams_acf":[{"key":"food_pairings","label":"Food pairings","value":"Fischeintopf, Kharcho mit Waln\u00fcssen"},{"key":"alcohol_percentage","label":"Alcohol percentage","value":"13"},{"key":"details","label":"Details","value":{"":null,"acidity":"3","body":"3","sweetness":"0","tannin":"2"}},{"key":"zero_sulfites","label":"Zero sulfites","value":true}],"yoast_head":"<!-- This site is optimized with the Yoast SEO plugin v22.6 - https:\/\/yoast.com\/wordpress\/plugins\/seo\/ -->\n<title>Napheri - Goruli Mtsvane - Roze wines<\/title>\n<meta name=\"robots\" content=\"index, follow, max-snippet:-1, max-image-preview:large, max-video-preview:-1\" \/>\n<link rel=\"canonical\" href=\"https:\/\/rozewines.com\/produkt\/napheri-goruli-mtsvane\/\" \/>\n<meta property=\"og:locale\" content=\"de_DE\" \/>\n<meta property=\"og:type\" content=\"article\" \/>\n<meta property=\"og:title\" content=\"Napheri - Goruli Mtsvane - Roze wines\" \/>\n<meta property=\"og:description\" content=\"Vergoren in Qvevri mit wilden Hefen 10% Schalen ohne Stiele, 3 Monate Mazeration in Qvevri, 3 Monate in Edelstahl gereift. Aromen von Blumen, gr\u00fcnem Apfel, Zitrusfr\u00fcchten, frischen wei\u00dfen Fr\u00fcchten, weich mit angenehmer mittlerer S\u00e4ure, mittlerer K\u00f6rper, perfekte Kombination von Frische und W\u00fcrze.\" \/>\n<meta property=\"og:url\" content=\"https:\/\/rozewines.com\/produkt\/napheri-goruli-mtsvane\/\" \/>\n<meta property=\"og:site_name\" content=\"Roze wines\" \/>\n<meta property=\"article:modified_time\" content=\"2024-08-14T09:02:29+00:00\" \/>\n<meta property=\"og:image\" content=\"https:\/\/rozewines.com\/app\/uploads\/2024\/08\/Napheri-Goruli-Mtsvane-scaled-1.jpg\" \/>\n\t<meta property=\"og:image:width\" content=\"2560\" \/>\n\t<meta property=\"og:image:height\" content=\"2560\" \/>\n\t<meta property=\"og:image:type\" content=\"image\/jpeg\" \/>\n<meta name=\"twitter:card\" content=\"summary_large_image\" \/>\n<script type=\"application\/ld+json\" class=\"yoast-schema-graph\">{\"@context\":\"https:\/\/schema.org\",\"@graph\":[{\"@type\":\"WebPage\",\"@id\":\"https:\/\/rozewines.com\/produkt\/napheri-goruli-mtsvane\/\",\"url\":\"https:\/\/rozewines.com\/produkt\/napheri-goruli-mtsvane\/\",\"name\":\"Napheri - Goruli Mtsvane - Roze wines\",\"isPartOf\":{\"@id\":\"https:\/\/rozewines.com\/#website\"},\"primaryImageOfPage\":{\"@id\":\"https:\/\/rozewines.com\/produkt\/napheri-goruli-mtsvane\/#primaryimage\"},\"image\":{\"@id\":\"https:\/\/rozewines.com\/produkt\/napheri-goruli-mtsvane\/#primaryimage\"},\"thumbnailUrl\":\"https:\/\/rozewines.com\/app\/uploads\/2024\/08\/Napheri-Goruli-Mtsvane-scaled-1.jpg\",\"datePublished\":\"2024-08-13T08:39:10+00:00\",\"dateModified\":\"2024-08-14T09:02:29+00:00\",\"breadcrumb\":{\"@id\":\"https:\/\/rozewines.com\/produkt\/napheri-goruli-mtsvane\/#breadcrumb\"},\"inLanguage\":\"de-DE\",\"potentialAction\":[{\"@type\":\"ReadAction\",\"target\":[\"https:\/\/rozewines.com\/produkt\/napheri-goruli-mtsvane\/\"]}]},{\"@type\":\"ImageObject\",\"inLanguage\":\"de-DE\",\"@id\":\"https:\/\/rozewines.com\/produkt\/napheri-goruli-mtsvane\/#primaryimage\",\"url\":\"https:\/\/rozewines.com\/app\/uploads\/2024\/08\/Napheri-Goruli-Mtsvane-scaled-1.jpg\",\"contentUrl\":\"https:\/\/rozewines.com\/app\/uploads\/2024\/08\/Napheri-Goruli-Mtsvane-scaled-1.jpg\",\"width\":2560,\"height\":2560},{\"@type\":\"BreadcrumbList\",\"@id\":\"https:\/\/rozewines.com\/produkt\/napheri-goruli-mtsvane\/#breadcrumb\",\"itemListElement\":[{\"@type\":\"ListItem\",\"position\":1,\"name\":\"Home\",\"item\":\"https:\/\/rozewines.com\/de\/\"},{\"@type\":\"ListItem\",\"position\":2,\"name\":\"Unsere Weine\",\"item\":\"https:\/\/rozewines.com\/de\/musu-vins\/\"},{\"@type\":\"ListItem\",\"position\":3,\"name\":\"Napheri &#8211; Goruli Mtsvane\"}]},{\"@type\":\"WebSite\",\"@id\":\"https:\/\/rozewines.com\/#website\",\"url\":\"https:\/\/rozewines.com\/\",\"name\":\"Roze wines\",\"description\":\"\",\"publisher\":{\"@id\":\"https:\/\/rozewines.com\/#organization\"},\"potentialAction\":[{\"@type\":\"SearchAction\",\"target\":{\"@type\":\"EntryPoint\",\"urlTemplate\":\"https:\/\/rozewines.com\/?s={search_term_string}\"},\"query-input\":\"required name=search_term_string\"}],\"inLanguage\":\"de-DE\"},{\"@type\":\"Organization\",\"@id\":\"https:\/\/rozewines.com\/#organization\",\"name\":\"Roze wines\",\"url\":\"https:\/\/rozewines.com\/\",\"logo\":{\"@type\":\"ImageObject\",\"inLanguage\":\"de-DE\",\"@id\":\"https:\/\/rozewines.com\/#\/schema\/logo\/image\/\",\"url\":\"https:\/\/rozewines.com\/app\/uploads\/2024\/05\/logo.svg\",\"contentUrl\":\"https:\/\/rozewines.com\/app\/uploads\/2024\/05\/logo.svg\",\"width\":144,\"height\":68,\"caption\":\"Roze wines\"},\"image\":{\"@id\":\"https:\/\/rozewines.com\/#\/schema\/logo\/image\/\"}}]}<\/script>\n<!-- \/ Yoast SEO plugin. -->","yoast_head_json":{"title":"Napheri - Goruli Mtsvane - Roze wines","robots":{"index":"index","follow":"follow","max-snippet":"max-snippet:-1","max-image-preview":"max-image-preview:large","max-video-preview":"max-video-preview:-1"},"canonical":"https:\/\/rozewines.com\/produkt\/napheri-goruli-mtsvane\/","og_locale":"de_DE","og_type":"article","og_title":"Napheri - Goruli Mtsvane - Roze wines","og_description":"Vergoren in Qvevri mit wilden Hefen 10% Schalen ohne Stiele, 3 Monate Mazeration in Qvevri, 3 Monate in Edelstahl gereift. Aromen von Blumen, gr\u00fcnem Apfel, Zitrusfr\u00fcchten, frischen wei\u00dfen Fr\u00fcchten, weich mit angenehmer mittlerer S\u00e4ure, mittlerer K\u00f6rper, perfekte Kombination von Frische und W\u00fcrze.","og_url":"https:\/\/rozewines.com\/produkt\/napheri-goruli-mtsvane\/","og_site_name":"Roze wines","article_modified_time":"2024-08-14T09:02:29+00:00","og_image":[{"width":2560,"height":2560,"url":"https:\/\/rozewines.com\/app\/uploads\/2024\/08\/Napheri-Goruli-Mtsvane-scaled-1.jpg","type":"image\/jpeg"}],"twitter_card":"summary_large_image","schema":{"@context":"https:\/\/schema.org","@graph":[{"@type":"WebPage","@id":"https:\/\/rozewines.com\/produkt\/napheri-goruli-mtsvane\/","url":"https:\/\/rozewines.com\/produkt\/napheri-goruli-mtsvane\/","name":"Napheri - Goruli Mtsvane - Roze wines","isPartOf":{"@id":"https:\/\/rozewines.com\/#website"},"primaryImageOfPage":{"@id":"https:\/\/rozewines.com\/produkt\/napheri-goruli-mtsvane\/#primaryimage"},"image":{"@id":"https:\/\/rozewines.com\/produkt\/napheri-goruli-mtsvane\/#primaryimage"},"thumbnailUrl":"https:\/\/rozewines.com\/app\/uploads\/2024\/08\/Napheri-Goruli-Mtsvane-scaled-1.jpg","datePublished":"2024-08-13T08:39:10+00:00","dateModified":"2024-08-14T09:02:29+00:00","breadcrumb":{"@id":"https:\/\/rozewines.com\/produkt\/napheri-goruli-mtsvane\/#breadcrumb"},"inLanguage":"de-DE","potentialAction":[{"@type":"ReadAction","target":["https:\/\/rozewines.com\/produkt\/napheri-goruli-mtsvane\/"]}]},{"@type":"ImageObject","inLanguage":"de-DE","@id":"https:\/\/rozewines.com\/produkt\/napheri-goruli-mtsvane\/#primaryimage","url":"https:\/\/rozewines.com\/app\/uploads\/2024\/08\/Napheri-Goruli-Mtsvane-scaled-1.jpg","contentUrl":"https:\/\/rozewines.com\/app\/uploads\/2024\/08\/Napheri-Goruli-Mtsvane-scaled-1.jpg","width":2560,"height":2560},{"@type":"BreadcrumbList","@id":"https:\/\/rozewines.com\/produkt\/napheri-goruli-mtsvane\/#breadcrumb","itemListElement":[{"@type":"ListItem","position":1,"name":"Home","item":"https:\/\/rozewines.com\/de\/"},{"@type":"ListItem","position":2,"name":"Unsere Weine","item":"https:\/\/rozewines.com\/de\/musu-vins\/"},{"@type":"ListItem","position":3,"name":"Napheri &#8211; Goruli Mtsvane"}]},{"@type":"WebSite","@id":"https:\/\/rozewines.com\/#website","url":"https:\/\/rozewines.com\/","name":"Roze wines","description":"","publisher":{"@id":"https:\/\/rozewines.com\/#organization"},"potentialAction":[{"@type":"SearchAction","target":{"@type":"EntryPoint","urlTemplate":"https:\/\/rozewines.com\/?s={search_term_string}"},"query-input":"required name=search_term_string"}],"inLanguage":"de-DE"},{"@type":"Organization","@id":"https:\/\/rozewines.com\/#organization","name":"Roze wines","url":"https:\/\/rozewines.com\/","logo":{"@type":"ImageObject","inLanguage":"de-DE","@id":"https:\/\/rozewines.com\/#\/schema\/logo\/image\/","url":"https:\/\/rozewines.com\/app\/uploads\/2024\/05\/logo.svg","contentUrl":"https:\/\/rozewines.com\/app\/uploads\/2024\/05\/logo.svg","width":144,"height":68,"caption":"Roze wines"},"image":{"@id":"https:\/\/rozewines.com\/#\/schema\/logo\/image\/"}}]}},"_links":{"self":[{"href":"https:\/\/rozewines.com\/de\/wp-json\/wp\/v2\/product\/6313"}],"collection":[{"href":"https:\/\/rozewines.com\/de\/wp-json\/wp\/v2\/product"}],"about":[{"href":"https:\/\/rozewines.com\/de\/wp-json\/wp\/v2\/types\/product"}],"replies":[{"embeddable":true,"href":"https:\/\/rozewines.com\/de\/wp-json\/wp\/v2\/comments?post=6313"}],"wp:featuredmedia":[{"embeddable":true,"href":"https:\/\/rozewines.com\/de\/wp-json\/wp\/v2\/media\/6036"}],"wp:attachment":[{"href":"https:\/\/rozewines.com\/de\/wp-json\/wp\/v2\/media?parent=6313"}],"wp:term":[{"taxonomy":"brand","embeddable":true,"href":"https:\/\/rozewines.com\/de\/wp-json\/wp\/v2\/brand?post=6313"},{"taxonomy":"colour","embeddable":true,"href":"https:\/\/rozewines.com\/de\/wp-json\/wp\/v2\/colour?post=6313"},{"taxonomy":"flavour","embeddable":true,"href":"https:\/\/rozewines.com\/de\/wp-json\/wp\/v2\/flavour?post=6313"},{"taxonomy":"grape-variety","embeddable":true,"href":"https:\/\/rozewines.com\/de\/wp-json\/wp\/v2\/grape-variety?post=6313"},{"taxonomy":"harvest-year","embeddable":true,"href":"https:\/\/rozewines.com\/de\/wp-json\/wp\/v2\/harvest-year?post=6313"},{"taxonomy":"region","embeddable":true,"href":"https:\/\/rozewines.com\/de\/wp-json\/wp\/v2\/region?post=6313"},{"taxonomy":"size","embeddable":true,"href":"https:\/\/rozewines.com\/de\/wp-json\/wp\/v2\/size?post=6313"},{"taxonomy":"style","embeddable":true,"href":"https:\/\/rozewines.com\/de\/wp-json\/wp\/v2\/style?post=6313"},{"taxonomy":"technology","embeddable":true,"href":"https:\/\/rozewines.com\/de\/wp-json\/wp\/v2\/technology?post=6313"},{"taxonomy":"product_cat","embeddable":true,"href":"https:\/\/rozewines.com\/de\/wp-json\/wp\/v2\/product_cat?post=6313"},{"taxonomy":"product_tag","embeddable":true,"href":"https:\/\/rozewines.com\/de\/wp-json\/wp\/v2\/product_tag?post=6313"}],"curies":[{"name":"wp","href":"https:\/\/api.w.org\/{rel}","templated":true}]}}