{"id":6314,"date":"2024-08-13T08:39:10","date_gmt":"2024-08-13T08:39:10","guid":{"rendered":"https:\/\/rozewines.com\/product\/nekresi-estate-chinuri-rkatsiteli\/"},"modified":"2024-08-14T09:02:29","modified_gmt":"2024-08-14T09:02:29","slug":"nekresi-estate-chinuri-rkatsiteli","status":"publish","type":"product","link":"https:\/\/rozewines.com\/de\/produkt\/nekresi-estate-chinuri-rkatsiteli\/","title":{"rendered":"Nekresi Estate &#8211; Chinuri Rkatsiteli"},"content":{"rendered":"<p>Nekresi Weingut auf 5 Hektar gebaut, kombiniert einen Weinkeller, ein Hotel und ein Restaurant. Das Weingut befindet sich im Osten Georgiens, im Bezirk Kvareli, im Dorf Nekresi. Der Wein hat eine blasse Strohfarbe, intensive Aromen von Apfel, Birne, Zitrone und Kiefer. Der Wein ist ausgewogen, mit mittlerem S\u00e4uregehalt, best\u00e4ndiger Frucht und einem angenehmen Zitronenabgang. Der Wein ist eine Grundierung f\u00fcr den Verbrauch und erfordert keine Alterung. Passt zu Garnelensalat, gegrilltem Spargel mit Zitrone und Muscheln.<\/p>\n","protected":false},"excerpt":{"rendered":"<p>Nekresi Weingut auf 5 Hektar gebaut, kombiniert einen Weinkeller, ein Hotel und ein Restaurant. Das Weingut befindet sich im Osten Georgiens, im Bezirk Kvareli, im Dorf Nekresi. Der Wein hat eine blasse Strohfarbe, intensive Aromen von Apfel, Birne, Zitrone und Kiefer. Der Wein ist ausgewogen, mit mittlerem S\u00e4uregehalt, best\u00e4ndiger Frucht und einem angenehmen Zitronenabgang. Der &hellip; <a href=\"https:\/\/rozewines.com\/de\/produkt\/nekresi-estate-chinuri-rkatsiteli\/\">Continued<\/a><\/p>\n","protected":false},"featured_media":6041,"comment_status":"closed","ping_status":"closed","template":"","meta":{"_acf_changed":false},"brand":[1815],"colour":[1143],"flavour":[994,1531,1044],"grape-variety":[],"harvest-year":[],"region":[1294],"size":[1598],"style":[1271],"technology":[],"product_cat":[1382],"product_tag":[],"ams_default_variation_id":0,"ams_product_points_reward":[],"ams_product_discount_percentage":0,"ams_price_to_display":21,"acf":[],"ams_acf":[{"key":"food_pairings","label":"Food pairings","value":"Muscheln mit Blauschimmelk\u00e4sesauce, gebackener Truthahn"},{"key":"alcohol_percentage","label":"Alcohol percentage","value":"12.5"}],"yoast_head":"<!-- This site is optimized with the Yoast SEO plugin v22.6 - https:\/\/yoast.com\/wordpress\/plugins\/seo\/ -->\n<title>Nekresi Estate - Chinuri Rkatsiteli - Roze wines<\/title>\n<meta name=\"robots\" content=\"index, follow, max-snippet:-1, max-image-preview:large, max-video-preview:-1\" \/>\n<link rel=\"canonical\" href=\"https:\/\/rozewines.com\/de\/produkt\/nekresi-estate-chinuri-rkatsiteli\/\" \/>\n<meta property=\"og:locale\" content=\"de_DE\" \/>\n<meta property=\"og:type\" content=\"article\" \/>\n<meta property=\"og:title\" content=\"Nekresi Estate - Chinuri Rkatsiteli - Roze wines\" \/>\n<meta property=\"og:description\" content=\"Nekresi Weingut auf 5 Hektar gebaut, kombiniert einen Weinkeller, ein Hotel und ein Restaurant. Das Weingut befindet sich im Osten Georgiens, im Bezirk Kvareli, im Dorf Nekresi. Der Wein hat eine blasse Strohfarbe, intensive Aromen von Apfel, Birne, Zitrone und Kiefer. Der Wein ist ausgewogen, mit mittlerem S\u00e4uregehalt, best\u00e4ndiger Frucht und einem angenehmen Zitronenabgang. Der &hellip; Continued\" \/>\n<meta property=\"og:url\" content=\"https:\/\/rozewines.com\/de\/produkt\/nekresi-estate-chinuri-rkatsiteli\/\" \/>\n<meta property=\"og:site_name\" content=\"Roze wines\" \/>\n<meta property=\"article:modified_time\" content=\"2024-08-14T09:02:29+00:00\" \/>\n<meta property=\"og:image\" content=\"https:\/\/rozewines.com\/app\/uploads\/2024\/08\/Nekresi-Estate-Chinuri-Rkatsiteli-scaled-1.jpg\" \/>\n\t<meta property=\"og:image:width\" content=\"2560\" \/>\n\t<meta property=\"og:image:height\" content=\"2560\" \/>\n\t<meta property=\"og:image:type\" content=\"image\/jpeg\" \/>\n<meta name=\"twitter:card\" content=\"summary_large_image\" \/>\n<script type=\"application\/ld+json\" class=\"yoast-schema-graph\">{\"@context\":\"https:\/\/schema.org\",\"@graph\":[{\"@type\":\"WebPage\",\"@id\":\"https:\/\/rozewines.com\/de\/produkt\/nekresi-estate-chinuri-rkatsiteli\/\",\"url\":\"https:\/\/rozewines.com\/de\/produkt\/nekresi-estate-chinuri-rkatsiteli\/\",\"name\":\"Nekresi Estate - Chinuri Rkatsiteli - Roze wines\",\"isPartOf\":{\"@id\":\"https:\/\/rozewines.com\/#website\"},\"primaryImageOfPage\":{\"@id\":\"https:\/\/rozewines.com\/de\/produkt\/nekresi-estate-chinuri-rkatsiteli\/#primaryimage\"},\"image\":{\"@id\":\"https:\/\/rozewines.com\/de\/produkt\/nekresi-estate-chinuri-rkatsiteli\/#primaryimage\"},\"thumbnailUrl\":\"https:\/\/rozewines.com\/app\/uploads\/2024\/08\/Nekresi-Estate-Chinuri-Rkatsiteli-scaled-1.jpg\",\"datePublished\":\"2024-08-13T08:39:10+00:00\",\"dateModified\":\"2024-08-14T09:02:29+00:00\",\"breadcrumb\":{\"@id\":\"https:\/\/rozewines.com\/de\/produkt\/nekresi-estate-chinuri-rkatsiteli\/#breadcrumb\"},\"inLanguage\":\"de-DE\",\"potentialAction\":[{\"@type\":\"ReadAction\",\"target\":[\"https:\/\/rozewines.com\/de\/produkt\/nekresi-estate-chinuri-rkatsiteli\/\"]}]},{\"@type\":\"ImageObject\",\"inLanguage\":\"de-DE\",\"@id\":\"https:\/\/rozewines.com\/de\/produkt\/nekresi-estate-chinuri-rkatsiteli\/#primaryimage\",\"url\":\"https:\/\/rozewines.com\/app\/uploads\/2024\/08\/Nekresi-Estate-Chinuri-Rkatsiteli-scaled-1.jpg\",\"contentUrl\":\"https:\/\/rozewines.com\/app\/uploads\/2024\/08\/Nekresi-Estate-Chinuri-Rkatsiteli-scaled-1.jpg\",\"width\":2560,\"height\":2560},{\"@type\":\"BreadcrumbList\",\"@id\":\"https:\/\/rozewines.com\/de\/produkt\/nekresi-estate-chinuri-rkatsiteli\/#breadcrumb\",\"itemListElement\":[{\"@type\":\"ListItem\",\"position\":1,\"name\":\"Home\",\"item\":\"https:\/\/rozewines.com\/de\/\"},{\"@type\":\"ListItem\",\"position\":2,\"name\":\"Unsere Weine\",\"item\":\"https:\/\/rozewines.com\/de\/musu-vins\/\"},{\"@type\":\"ListItem\",\"position\":3,\"name\":\"Nekresi Estate &#8211; Chinuri Rkatsiteli\"}]},{\"@type\":\"WebSite\",\"@id\":\"https:\/\/rozewines.com\/#website\",\"url\":\"https:\/\/rozewines.com\/\",\"name\":\"Roze wines\",\"description\":\"\",\"publisher\":{\"@id\":\"https:\/\/rozewines.com\/#organization\"},\"potentialAction\":[{\"@type\":\"SearchAction\",\"target\":{\"@type\":\"EntryPoint\",\"urlTemplate\":\"https:\/\/rozewines.com\/?s={search_term_string}\"},\"query-input\":\"required name=search_term_string\"}],\"inLanguage\":\"de-DE\"},{\"@type\":\"Organization\",\"@id\":\"https:\/\/rozewines.com\/#organization\",\"name\":\"Roze wines\",\"url\":\"https:\/\/rozewines.com\/\",\"logo\":{\"@type\":\"ImageObject\",\"inLanguage\":\"de-DE\",\"@id\":\"https:\/\/rozewines.com\/#\/schema\/logo\/image\/\",\"url\":\"https:\/\/rozewines.com\/app\/uploads\/2024\/05\/logo.svg\",\"contentUrl\":\"https:\/\/rozewines.com\/app\/uploads\/2024\/05\/logo.svg\",\"width\":144,\"height\":68,\"caption\":\"Roze wines\"},\"image\":{\"@id\":\"https:\/\/rozewines.com\/#\/schema\/logo\/image\/\"}}]}<\/script>\n<!-- \/ Yoast SEO plugin. -->","yoast_head_json":{"title":"Nekresi Estate - Chinuri Rkatsiteli - Roze wines","robots":{"index":"index","follow":"follow","max-snippet":"max-snippet:-1","max-image-preview":"max-image-preview:large","max-video-preview":"max-video-preview:-1"},"canonical":"https:\/\/rozewines.com\/de\/produkt\/nekresi-estate-chinuri-rkatsiteli\/","og_locale":"de_DE","og_type":"article","og_title":"Nekresi Estate - Chinuri Rkatsiteli - Roze wines","og_description":"Nekresi Weingut auf 5 Hektar gebaut, kombiniert einen Weinkeller, ein Hotel und ein Restaurant. Das Weingut befindet sich im Osten Georgiens, im Bezirk Kvareli, im Dorf Nekresi. Der Wein hat eine blasse Strohfarbe, intensive Aromen von Apfel, Birne, Zitrone und Kiefer. Der Wein ist ausgewogen, mit mittlerem S\u00e4uregehalt, best\u00e4ndiger Frucht und einem angenehmen Zitronenabgang. Der &hellip; Continued","og_url":"https:\/\/rozewines.com\/de\/produkt\/nekresi-estate-chinuri-rkatsiteli\/","og_site_name":"Roze wines","article_modified_time":"2024-08-14T09:02:29+00:00","og_image":[{"width":2560,"height":2560,"url":"https:\/\/rozewines.com\/app\/uploads\/2024\/08\/Nekresi-Estate-Chinuri-Rkatsiteli-scaled-1.jpg","type":"image\/jpeg"}],"twitter_card":"summary_large_image","schema":{"@context":"https:\/\/schema.org","@graph":[{"@type":"WebPage","@id":"https:\/\/rozewines.com\/de\/produkt\/nekresi-estate-chinuri-rkatsiteli\/","url":"https:\/\/rozewines.com\/de\/produkt\/nekresi-estate-chinuri-rkatsiteli\/","name":"Nekresi Estate - Chinuri Rkatsiteli - Roze wines","isPartOf":{"@id":"https:\/\/rozewines.com\/#website"},"primaryImageOfPage":{"@id":"https:\/\/rozewines.com\/de\/produkt\/nekresi-estate-chinuri-rkatsiteli\/#primaryimage"},"image":{"@id":"https:\/\/rozewines.com\/de\/produkt\/nekresi-estate-chinuri-rkatsiteli\/#primaryimage"},"thumbnailUrl":"https:\/\/rozewines.com\/app\/uploads\/2024\/08\/Nekresi-Estate-Chinuri-Rkatsiteli-scaled-1.jpg","datePublished":"2024-08-13T08:39:10+00:00","dateModified":"2024-08-14T09:02:29+00:00","breadcrumb":{"@id":"https:\/\/rozewines.com\/de\/produkt\/nekresi-estate-chinuri-rkatsiteli\/#breadcrumb"},"inLanguage":"de-DE","potentialAction":[{"@type":"ReadAction","target":["https:\/\/rozewines.com\/de\/produkt\/nekresi-estate-chinuri-rkatsiteli\/"]}]},{"@type":"ImageObject","inLanguage":"de-DE","@id":"https:\/\/rozewines.com\/de\/produkt\/nekresi-estate-chinuri-rkatsiteli\/#primaryimage","url":"https:\/\/rozewines.com\/app\/uploads\/2024\/08\/Nekresi-Estate-Chinuri-Rkatsiteli-scaled-1.jpg","contentUrl":"https:\/\/rozewines.com\/app\/uploads\/2024\/08\/Nekresi-Estate-Chinuri-Rkatsiteli-scaled-1.jpg","width":2560,"height":2560},{"@type":"BreadcrumbList","@id":"https:\/\/rozewines.com\/de\/produkt\/nekresi-estate-chinuri-rkatsiteli\/#breadcrumb","itemListElement":[{"@type":"ListItem","position":1,"name":"Home","item":"https:\/\/rozewines.com\/de\/"},{"@type":"ListItem","position":2,"name":"Unsere Weine","item":"https:\/\/rozewines.com\/de\/musu-vins\/"},{"@type":"ListItem","position":3,"name":"Nekresi Estate &#8211; Chinuri Rkatsiteli"}]},{"@type":"WebSite","@id":"https:\/\/rozewines.com\/#website","url":"https:\/\/rozewines.com\/","name":"Roze wines","description":"","publisher":{"@id":"https:\/\/rozewines.com\/#organization"},"potentialAction":[{"@type":"SearchAction","target":{"@type":"EntryPoint","urlTemplate":"https:\/\/rozewines.com\/?s={search_term_string}"},"query-input":"required name=search_term_string"}],"inLanguage":"de-DE"},{"@type":"Organization","@id":"https:\/\/rozewines.com\/#organization","name":"Roze wines","url":"https:\/\/rozewines.com\/","logo":{"@type":"ImageObject","inLanguage":"de-DE","@id":"https:\/\/rozewines.com\/#\/schema\/logo\/image\/","url":"https:\/\/rozewines.com\/app\/uploads\/2024\/05\/logo.svg","contentUrl":"https:\/\/rozewines.com\/app\/uploads\/2024\/05\/logo.svg","width":144,"height":68,"caption":"Roze wines"},"image":{"@id":"https:\/\/rozewines.com\/#\/schema\/logo\/image\/"}}]}},"_links":{"self":[{"href":"https:\/\/rozewines.com\/de\/wp-json\/wp\/v2\/product\/6314"}],"collection":[{"href":"https:\/\/rozewines.com\/de\/wp-json\/wp\/v2\/product"}],"about":[{"href":"https:\/\/rozewines.com\/de\/wp-json\/wp\/v2\/types\/product"}],"replies":[{"embeddable":true,"href":"https:\/\/rozewines.com\/de\/wp-json\/wp\/v2\/comments?post=6314"}],"wp:featuredmedia":[{"embeddable":true,"href":"https:\/\/rozewines.com\/de\/wp-json\/wp\/v2\/media\/6041"}],"wp:attachment":[{"href":"https:\/\/rozewines.com\/de\/wp-json\/wp\/v2\/media?parent=6314"}],"wp:term":[{"taxonomy":"brand","embeddable":true,"href":"https:\/\/rozewines.com\/de\/wp-json\/wp\/v2\/brand?post=6314"},{"taxonomy":"colour","embeddable":true,"href":"https:\/\/rozewines.com\/de\/wp-json\/wp\/v2\/colour?post=6314"},{"taxonomy":"flavour","embeddable":true,"href":"https:\/\/rozewines.com\/de\/wp-json\/wp\/v2\/flavour?post=6314"},{"taxonomy":"grape-variety","embeddable":true,"href":"https:\/\/rozewines.com\/de\/wp-json\/wp\/v2\/grape-variety?post=6314"},{"taxonomy":"harvest-year","embeddable":true,"href":"https:\/\/rozewines.com\/de\/wp-json\/wp\/v2\/harvest-year?post=6314"},{"taxonomy":"region","embeddable":true,"href":"https:\/\/rozewines.com\/de\/wp-json\/wp\/v2\/region?post=6314"},{"taxonomy":"size","embeddable":true,"href":"https:\/\/rozewines.com\/de\/wp-json\/wp\/v2\/size?post=6314"},{"taxonomy":"style","embeddable":true,"href":"https:\/\/rozewines.com\/de\/wp-json\/wp\/v2\/style?post=6314"},{"taxonomy":"technology","embeddable":true,"href":"https:\/\/rozewines.com\/de\/wp-json\/wp\/v2\/technology?post=6314"},{"taxonomy":"product_cat","embeddable":true,"href":"https:\/\/rozewines.com\/de\/wp-json\/wp\/v2\/product_cat?post=6314"},{"taxonomy":"product_tag","embeddable":true,"href":"https:\/\/rozewines.com\/de\/wp-json\/wp\/v2\/product_tag?post=6314"}],"curies":[{"name":"wp","href":"https:\/\/api.w.org\/{rel}","templated":true}]}}