{"id":6315,"date":"2024-08-13T08:39:10","date_gmt":"2024-08-13T08:39:10","guid":{"rendered":"https:\/\/rozewines.com\/product\/nekresi-pet-nat-kisi\/"},"modified":"2024-08-14T09:02:27","modified_gmt":"2024-08-14T09:02:27","slug":"nekresi-pet-nat-kisi","status":"publish","type":"product","link":"https:\/\/rozewines.com\/de\/produkt\/nekresi-pet-nat-kisi\/","title":{"rendered":"NEKRESI PET NAT KISI"},"content":{"rendered":"<p>Dieser spritzige Wein bringt die spielerische Seite der Kisi-Traube zum Vorschein. Berauschende D\u00fcfte von Birne, Holunderbl\u00fcten und Zitrusfr\u00fcchten umwehen das Bouquet dieses buttergelben Weins. &#8220;Pet Nat&#8221; ist die Abk\u00fcrzung f\u00fcr P\u00e9tillant Naturel, also nat\u00fcrliche Bl\u00e4schen. Bei der georgischen &#8220;Machari&#8221;-Methode wird die G\u00e4rung in der Flasche abgeschlossen, wodurch jede Flasche einen einzigartigen Charakter erh\u00e4lt. Eine F\u00fclle von Pfirsich-, Ingwer-, Karamell- und Bananennoten verbinden sich am Gaumen mit einem herrlich schaumigen Mundgef\u00fchl. Er eignet sich perfekt f\u00fcr einen Drink vor dem Essen und wird am besten gek\u00fchlt serviert.<\/p>\n","protected":false},"excerpt":{"rendered":"<p>Dieser spritzige Wein bringt die spielerische Seite der Kisi-Traube zum Vorschein. Berauschende D\u00fcfte von Birne, Holunderbl\u00fcten und Zitrusfr\u00fcchten umwehen das Bouquet dieses buttergelben Weins. &#8220;Pet Nat&#8221; ist die Abk\u00fcrzung f\u00fcr P\u00e9tillant Naturel, also nat\u00fcrliche Bl\u00e4schen. Bei der georgischen &#8220;Machari&#8221;-Methode wird die G\u00e4rung in der Flasche abgeschlossen, wodurch jede Flasche einen einzigartigen Charakter erh\u00e4lt. Eine F\u00fclle &hellip; <a href=\"https:\/\/rozewines.com\/de\/produkt\/nekresi-pet-nat-kisi\/\">Continued<\/a><\/p>\n","protected":false},"featured_media":6046,"comment_status":"closed","ping_status":"closed","template":"","meta":{"_acf_changed":false},"brand":[1815],"colour":[1143],"flavour":[996,1530,1062],"grape-variety":[1352],"harvest-year":[],"region":[1294],"size":[1598],"style":[1271],"technology":[],"product_cat":[1382],"product_tag":[],"ams_default_variation_id":0,"ams_product_points_reward":[],"ams_product_discount_percentage":0,"ams_price_to_display":24,"acf":[],"ams_acf":[{"key":"food_pairings","label":"Food pairings","value":"Gegrillte Garnelenspie\u00dfe, W\u00fcrziges Curry"},{"key":"alcohol_percentage","label":"Alcohol percentage","value":"11.5"}],"yoast_head":"<!-- This site is optimized with the Yoast SEO plugin v22.6 - https:\/\/yoast.com\/wordpress\/plugins\/seo\/ -->\n<title>NEKRESI PET NAT KISI - Roze wines<\/title>\n<meta name=\"robots\" content=\"index, follow, max-snippet:-1, max-image-preview:large, max-video-preview:-1\" \/>\n<link rel=\"canonical\" href=\"https:\/\/rozewines.com\/de\/produkt\/nekresi-pet-nat-kisi\/\" \/>\n<meta property=\"og:locale\" content=\"de_DE\" \/>\n<meta property=\"og:type\" content=\"article\" \/>\n<meta property=\"og:title\" content=\"NEKRESI PET NAT KISI - Roze wines\" \/>\n<meta property=\"og:description\" content=\"Dieser spritzige Wein bringt die spielerische Seite der Kisi-Traube zum Vorschein. Berauschende D\u00fcfte von Birne, Holunderbl\u00fcten und Zitrusfr\u00fcchten umwehen das Bouquet dieses buttergelben Weins. &#8220;Pet Nat&#8221; ist die Abk\u00fcrzung f\u00fcr P\u00e9tillant Naturel, also nat\u00fcrliche Bl\u00e4schen. Bei der georgischen &#8220;Machari&#8221;-Methode wird die G\u00e4rung in der Flasche abgeschlossen, wodurch jede Flasche einen einzigartigen Charakter erh\u00e4lt. Eine F\u00fclle &hellip; Continued\" \/>\n<meta property=\"og:url\" content=\"https:\/\/rozewines.com\/de\/produkt\/nekresi-pet-nat-kisi\/\" \/>\n<meta property=\"og:site_name\" content=\"Roze wines\" \/>\n<meta property=\"article:modified_time\" content=\"2024-08-14T09:02:27+00:00\" \/>\n<meta property=\"og:image\" content=\"https:\/\/rozewines.com\/app\/uploads\/2024\/08\/Nekresi-Pet-Nat-Kisi-1.jpg\" \/>\n\t<meta property=\"og:image:width\" content=\"7906\" \/>\n\t<meta property=\"og:image:height\" content=\"7906\" \/>\n\t<meta property=\"og:image:type\" content=\"image\/jpeg\" \/>\n<meta name=\"twitter:card\" content=\"summary_large_image\" \/>\n<meta name=\"twitter:label1\" content=\"Est. reading time\" \/>\n\t<meta name=\"twitter:data1\" content=\"1 minute\" \/>\n<script type=\"application\/ld+json\" class=\"yoast-schema-graph\">{\"@context\":\"https:\/\/schema.org\",\"@graph\":[{\"@type\":\"WebPage\",\"@id\":\"https:\/\/rozewines.com\/de\/produkt\/nekresi-pet-nat-kisi\/\",\"url\":\"https:\/\/rozewines.com\/de\/produkt\/nekresi-pet-nat-kisi\/\",\"name\":\"NEKRESI PET NAT KISI - Roze wines\",\"isPartOf\":{\"@id\":\"https:\/\/rozewines.com\/#website\"},\"primaryImageOfPage\":{\"@id\":\"https:\/\/rozewines.com\/de\/produkt\/nekresi-pet-nat-kisi\/#primaryimage\"},\"image\":{\"@id\":\"https:\/\/rozewines.com\/de\/produkt\/nekresi-pet-nat-kisi\/#primaryimage\"},\"thumbnailUrl\":\"https:\/\/rozewines.com\/app\/uploads\/2024\/08\/Nekresi-Pet-Nat-Kisi-1.jpg\",\"datePublished\":\"2024-08-13T08:39:10+00:00\",\"dateModified\":\"2024-08-14T09:02:27+00:00\",\"breadcrumb\":{\"@id\":\"https:\/\/rozewines.com\/de\/produkt\/nekresi-pet-nat-kisi\/#breadcrumb\"},\"inLanguage\":\"de-DE\",\"potentialAction\":[{\"@type\":\"ReadAction\",\"target\":[\"https:\/\/rozewines.com\/de\/produkt\/nekresi-pet-nat-kisi\/\"]}]},{\"@type\":\"ImageObject\",\"inLanguage\":\"de-DE\",\"@id\":\"https:\/\/rozewines.com\/de\/produkt\/nekresi-pet-nat-kisi\/#primaryimage\",\"url\":\"https:\/\/rozewines.com\/app\/uploads\/2024\/08\/Nekresi-Pet-Nat-Kisi-1.jpg\",\"contentUrl\":\"https:\/\/rozewines.com\/app\/uploads\/2024\/08\/Nekresi-Pet-Nat-Kisi-1.jpg\",\"width\":7906,\"height\":7906},{\"@type\":\"BreadcrumbList\",\"@id\":\"https:\/\/rozewines.com\/de\/produkt\/nekresi-pet-nat-kisi\/#breadcrumb\",\"itemListElement\":[{\"@type\":\"ListItem\",\"position\":1,\"name\":\"Home\",\"item\":\"https:\/\/rozewines.com\/de\/\"},{\"@type\":\"ListItem\",\"position\":2,\"name\":\"Unsere Weine\",\"item\":\"https:\/\/rozewines.com\/de\/musu-vins\/\"},{\"@type\":\"ListItem\",\"position\":3,\"name\":\"NEKRESI PET NAT KISI\"}]},{\"@type\":\"WebSite\",\"@id\":\"https:\/\/rozewines.com\/#website\",\"url\":\"https:\/\/rozewines.com\/\",\"name\":\"Roze wines\",\"description\":\"\",\"publisher\":{\"@id\":\"https:\/\/rozewines.com\/#organization\"},\"potentialAction\":[{\"@type\":\"SearchAction\",\"target\":{\"@type\":\"EntryPoint\",\"urlTemplate\":\"https:\/\/rozewines.com\/?s={search_term_string}\"},\"query-input\":\"required name=search_term_string\"}],\"inLanguage\":\"de-DE\"},{\"@type\":\"Organization\",\"@id\":\"https:\/\/rozewines.com\/#organization\",\"name\":\"Roze wines\",\"url\":\"https:\/\/rozewines.com\/\",\"logo\":{\"@type\":\"ImageObject\",\"inLanguage\":\"de-DE\",\"@id\":\"https:\/\/rozewines.com\/#\/schema\/logo\/image\/\",\"url\":\"https:\/\/rozewines.com\/app\/uploads\/2024\/05\/logo.svg\",\"contentUrl\":\"https:\/\/rozewines.com\/app\/uploads\/2024\/05\/logo.svg\",\"width\":144,\"height\":68,\"caption\":\"Roze wines\"},\"image\":{\"@id\":\"https:\/\/rozewines.com\/#\/schema\/logo\/image\/\"}}]}<\/script>\n<!-- \/ Yoast SEO plugin. -->","yoast_head_json":{"title":"NEKRESI PET NAT KISI - Roze wines","robots":{"index":"index","follow":"follow","max-snippet":"max-snippet:-1","max-image-preview":"max-image-preview:large","max-video-preview":"max-video-preview:-1"},"canonical":"https:\/\/rozewines.com\/de\/produkt\/nekresi-pet-nat-kisi\/","og_locale":"de_DE","og_type":"article","og_title":"NEKRESI PET NAT KISI - Roze wines","og_description":"Dieser spritzige Wein bringt die spielerische Seite der Kisi-Traube zum Vorschein. Berauschende D\u00fcfte von Birne, Holunderbl\u00fcten und Zitrusfr\u00fcchten umwehen das Bouquet dieses buttergelben Weins. &#8220;Pet Nat&#8221; ist die Abk\u00fcrzung f\u00fcr P\u00e9tillant Naturel, also nat\u00fcrliche Bl\u00e4schen. Bei der georgischen &#8220;Machari&#8221;-Methode wird die G\u00e4rung in der Flasche abgeschlossen, wodurch jede Flasche einen einzigartigen Charakter erh\u00e4lt. Eine F\u00fclle &hellip; Continued","og_url":"https:\/\/rozewines.com\/de\/produkt\/nekresi-pet-nat-kisi\/","og_site_name":"Roze wines","article_modified_time":"2024-08-14T09:02:27+00:00","og_image":[{"width":7906,"height":7906,"url":"https:\/\/rozewines.com\/app\/uploads\/2024\/08\/Nekresi-Pet-Nat-Kisi-1.jpg","type":"image\/jpeg"}],"twitter_card":"summary_large_image","twitter_misc":{"Est. reading time":"1 minute"},"schema":{"@context":"https:\/\/schema.org","@graph":[{"@type":"WebPage","@id":"https:\/\/rozewines.com\/de\/produkt\/nekresi-pet-nat-kisi\/","url":"https:\/\/rozewines.com\/de\/produkt\/nekresi-pet-nat-kisi\/","name":"NEKRESI PET NAT KISI - Roze wines","isPartOf":{"@id":"https:\/\/rozewines.com\/#website"},"primaryImageOfPage":{"@id":"https:\/\/rozewines.com\/de\/produkt\/nekresi-pet-nat-kisi\/#primaryimage"},"image":{"@id":"https:\/\/rozewines.com\/de\/produkt\/nekresi-pet-nat-kisi\/#primaryimage"},"thumbnailUrl":"https:\/\/rozewines.com\/app\/uploads\/2024\/08\/Nekresi-Pet-Nat-Kisi-1.jpg","datePublished":"2024-08-13T08:39:10+00:00","dateModified":"2024-08-14T09:02:27+00:00","breadcrumb":{"@id":"https:\/\/rozewines.com\/de\/produkt\/nekresi-pet-nat-kisi\/#breadcrumb"},"inLanguage":"de-DE","potentialAction":[{"@type":"ReadAction","target":["https:\/\/rozewines.com\/de\/produkt\/nekresi-pet-nat-kisi\/"]}]},{"@type":"ImageObject","inLanguage":"de-DE","@id":"https:\/\/rozewines.com\/de\/produkt\/nekresi-pet-nat-kisi\/#primaryimage","url":"https:\/\/rozewines.com\/app\/uploads\/2024\/08\/Nekresi-Pet-Nat-Kisi-1.jpg","contentUrl":"https:\/\/rozewines.com\/app\/uploads\/2024\/08\/Nekresi-Pet-Nat-Kisi-1.jpg","width":7906,"height":7906},{"@type":"BreadcrumbList","@id":"https:\/\/rozewines.com\/de\/produkt\/nekresi-pet-nat-kisi\/#breadcrumb","itemListElement":[{"@type":"ListItem","position":1,"name":"Home","item":"https:\/\/rozewines.com\/de\/"},{"@type":"ListItem","position":2,"name":"Unsere Weine","item":"https:\/\/rozewines.com\/de\/musu-vins\/"},{"@type":"ListItem","position":3,"name":"NEKRESI PET NAT KISI"}]},{"@type":"WebSite","@id":"https:\/\/rozewines.com\/#website","url":"https:\/\/rozewines.com\/","name":"Roze wines","description":"","publisher":{"@id":"https:\/\/rozewines.com\/#organization"},"potentialAction":[{"@type":"SearchAction","target":{"@type":"EntryPoint","urlTemplate":"https:\/\/rozewines.com\/?s={search_term_string}"},"query-input":"required name=search_term_string"}],"inLanguage":"de-DE"},{"@type":"Organization","@id":"https:\/\/rozewines.com\/#organization","name":"Roze wines","url":"https:\/\/rozewines.com\/","logo":{"@type":"ImageObject","inLanguage":"de-DE","@id":"https:\/\/rozewines.com\/#\/schema\/logo\/image\/","url":"https:\/\/rozewines.com\/app\/uploads\/2024\/05\/logo.svg","contentUrl":"https:\/\/rozewines.com\/app\/uploads\/2024\/05\/logo.svg","width":144,"height":68,"caption":"Roze wines"},"image":{"@id":"https:\/\/rozewines.com\/#\/schema\/logo\/image\/"}}]}},"_links":{"self":[{"href":"https:\/\/rozewines.com\/de\/wp-json\/wp\/v2\/product\/6315"}],"collection":[{"href":"https:\/\/rozewines.com\/de\/wp-json\/wp\/v2\/product"}],"about":[{"href":"https:\/\/rozewines.com\/de\/wp-json\/wp\/v2\/types\/product"}],"replies":[{"embeddable":true,"href":"https:\/\/rozewines.com\/de\/wp-json\/wp\/v2\/comments?post=6315"}],"wp:featuredmedia":[{"embeddable":true,"href":"https:\/\/rozewines.com\/de\/wp-json\/wp\/v2\/media\/6046"}],"wp:attachment":[{"href":"https:\/\/rozewines.com\/de\/wp-json\/wp\/v2\/media?parent=6315"}],"wp:term":[{"taxonomy":"brand","embeddable":true,"href":"https:\/\/rozewines.com\/de\/wp-json\/wp\/v2\/brand?post=6315"},{"taxonomy":"colour","embeddable":true,"href":"https:\/\/rozewines.com\/de\/wp-json\/wp\/v2\/colour?post=6315"},{"taxonomy":"flavour","embeddable":true,"href":"https:\/\/rozewines.com\/de\/wp-json\/wp\/v2\/flavour?post=6315"},{"taxonomy":"grape-variety","embeddable":true,"href":"https:\/\/rozewines.com\/de\/wp-json\/wp\/v2\/grape-variety?post=6315"},{"taxonomy":"harvest-year","embeddable":true,"href":"https:\/\/rozewines.com\/de\/wp-json\/wp\/v2\/harvest-year?post=6315"},{"taxonomy":"region","embeddable":true,"href":"https:\/\/rozewines.com\/de\/wp-json\/wp\/v2\/region?post=6315"},{"taxonomy":"size","embeddable":true,"href":"https:\/\/rozewines.com\/de\/wp-json\/wp\/v2\/size?post=6315"},{"taxonomy":"style","embeddable":true,"href":"https:\/\/rozewines.com\/de\/wp-json\/wp\/v2\/style?post=6315"},{"taxonomy":"technology","embeddable":true,"href":"https:\/\/rozewines.com\/de\/wp-json\/wp\/v2\/technology?post=6315"},{"taxonomy":"product_cat","embeddable":true,"href":"https:\/\/rozewines.com\/de\/wp-json\/wp\/v2\/product_cat?post=6315"},{"taxonomy":"product_tag","embeddable":true,"href":"https:\/\/rozewines.com\/de\/wp-json\/wp\/v2\/product_tag?post=6315"}],"curies":[{"name":"wp","href":"https:\/\/api.w.org\/{rel}","templated":true}]}}