{"id":6318,"date":"2024-08-13T08:39:10","date_gmt":"2024-08-13T08:39:10","guid":{"rendered":"https:\/\/rozewines.com\/product\/queen-khvanhckara\/"},"modified":"2024-08-14T09:02:26","modified_gmt":"2024-08-14T09:02:26","slug":"queen-khvanhckara","status":"publish","type":"product","link":"https:\/\/rozewines.com\/de\/produkt\/queen-khvanhckara\/","title":{"rendered":"Queen &#8211; Khvanhckara"},"content":{"rendered":"<p>K\u00f6nigin Khvanchkara-Dieser legend\u00e4re liebliche Rotwein mit der Herkunftsbezeichnung Khvanchkara wird aus zwei endemischen Sorten der Region Racha hergestellt: Mujuretuli und Alexandrouli. Der Khvanchkara von Askaneli, der streng nach den anerkannten Regeln der Herkunftsbezeichnung hergestellt wird, vermittelt alle Feinheiten eines Luxusweins mit besonderer Anmut und ist ein begehrtes Getr\u00e4nk f\u00fcr Liebhaber von m\u00e4\u00dfig s\u00fc\u00dfen Weinen.<\/p>\n","protected":false},"excerpt":{"rendered":"<p>K\u00f6nigin Khvanchkara-Dieser legend\u00e4re liebliche Rotwein mit der Herkunftsbezeichnung Khvanchkara wird aus zwei endemischen Sorten der Region Racha hergestellt: Mujuretuli und Alexandrouli. Der Khvanchkara von Askaneli, der streng nach den anerkannten Regeln der Herkunftsbezeichnung hergestellt wird, vermittelt alle Feinheiten eines Luxusweins mit besonderer Anmut und ist ein begehrtes Getr\u00e4nk f\u00fcr Liebhaber von m\u00e4\u00dfig s\u00fc\u00dfen Weinen.<\/p>\n","protected":false},"featured_media":6061,"comment_status":"closed","ping_status":"closed","template":"","meta":{"_acf_changed":false},"brand":[],"colour":[1140],"flavour":[1080,1071,1010],"grape-variety":[1339],"harvest-year":[],"region":[1292],"size":[1598],"style":[1270],"technology":[],"product_cat":[1382],"product_tag":[],"ams_default_variation_id":0,"ams_product_points_reward":[],"ams_product_discount_percentage":0,"ams_price_to_display":27,"acf":[],"ams_acf":[{"key":"food_pairings","label":"Food pairings","value":"Ger\u00e4ucherte Schweinerippchen, K\u00e4sesnacks"},{"key":"alcohol_percentage","label":"Alcohol percentage","value":"11.5"}],"yoast_head":"<!-- This site is optimized with the Yoast SEO plugin v22.6 - https:\/\/yoast.com\/wordpress\/plugins\/seo\/ -->\n<title>Queen - Khvanhckara - Roze wines<\/title>\n<meta name=\"robots\" content=\"index, follow, max-snippet:-1, max-image-preview:large, max-video-preview:-1\" \/>\n<link rel=\"canonical\" href=\"https:\/\/rozewines.com\/de\/produkt\/queen-khvanhckara\/\" \/>\n<meta property=\"og:locale\" content=\"de_DE\" \/>\n<meta property=\"og:type\" content=\"article\" \/>\n<meta property=\"og:title\" content=\"Queen - Khvanhckara - Roze wines\" \/>\n<meta property=\"og:description\" content=\"K\u00f6nigin Khvanchkara-Dieser legend\u00e4re liebliche Rotwein mit der Herkunftsbezeichnung Khvanchkara wird aus zwei endemischen Sorten der Region Racha hergestellt: Mujuretuli und Alexandrouli. Der Khvanchkara von Askaneli, der streng nach den anerkannten Regeln der Herkunftsbezeichnung hergestellt wird, vermittelt alle Feinheiten eines Luxusweins mit besonderer Anmut und ist ein begehrtes Getr\u00e4nk f\u00fcr Liebhaber von m\u00e4\u00dfig s\u00fc\u00dfen Weinen.\" \/>\n<meta property=\"og:url\" content=\"https:\/\/rozewines.com\/de\/produkt\/queen-khvanhckara\/\" \/>\n<meta property=\"og:site_name\" content=\"Roze wines\" \/>\n<meta property=\"article:modified_time\" content=\"2024-08-14T09:02:26+00:00\" \/>\n<meta property=\"og:image\" content=\"https:\/\/rozewines.com\/app\/uploads\/2024\/08\/Queen-Khvanhckara-1.jpg\" \/>\n\t<meta property=\"og:image:width\" content=\"8024\" \/>\n\t<meta property=\"og:image:height\" content=\"8024\" \/>\n\t<meta property=\"og:image:type\" content=\"image\/jpeg\" \/>\n<meta name=\"twitter:card\" content=\"summary_large_image\" \/>\n<script type=\"application\/ld+json\" class=\"yoast-schema-graph\">{\"@context\":\"https:\/\/schema.org\",\"@graph\":[{\"@type\":\"WebPage\",\"@id\":\"https:\/\/rozewines.com\/de\/produkt\/queen-khvanhckara\/\",\"url\":\"https:\/\/rozewines.com\/de\/produkt\/queen-khvanhckara\/\",\"name\":\"Queen - Khvanhckara - Roze wines\",\"isPartOf\":{\"@id\":\"https:\/\/rozewines.com\/#website\"},\"primaryImageOfPage\":{\"@id\":\"https:\/\/rozewines.com\/de\/produkt\/queen-khvanhckara\/#primaryimage\"},\"image\":{\"@id\":\"https:\/\/rozewines.com\/de\/produkt\/queen-khvanhckara\/#primaryimage\"},\"thumbnailUrl\":\"https:\/\/rozewines.com\/app\/uploads\/2024\/08\/Queen-Khvanhckara-1.jpg\",\"datePublished\":\"2024-08-13T08:39:10+00:00\",\"dateModified\":\"2024-08-14T09:02:26+00:00\",\"breadcrumb\":{\"@id\":\"https:\/\/rozewines.com\/de\/produkt\/queen-khvanhckara\/#breadcrumb\"},\"inLanguage\":\"de-DE\",\"potentialAction\":[{\"@type\":\"ReadAction\",\"target\":[\"https:\/\/rozewines.com\/de\/produkt\/queen-khvanhckara\/\"]}]},{\"@type\":\"ImageObject\",\"inLanguage\":\"de-DE\",\"@id\":\"https:\/\/rozewines.com\/de\/produkt\/queen-khvanhckara\/#primaryimage\",\"url\":\"https:\/\/rozewines.com\/app\/uploads\/2024\/08\/Queen-Khvanhckara-1.jpg\",\"contentUrl\":\"https:\/\/rozewines.com\/app\/uploads\/2024\/08\/Queen-Khvanhckara-1.jpg\",\"width\":8024,\"height\":8024},{\"@type\":\"BreadcrumbList\",\"@id\":\"https:\/\/rozewines.com\/de\/produkt\/queen-khvanhckara\/#breadcrumb\",\"itemListElement\":[{\"@type\":\"ListItem\",\"position\":1,\"name\":\"Home\",\"item\":\"https:\/\/rozewines.com\/de\/\"},{\"@type\":\"ListItem\",\"position\":2,\"name\":\"Unsere Weine\",\"item\":\"https:\/\/rozewines.com\/de\/musu-vins\/\"},{\"@type\":\"ListItem\",\"position\":3,\"name\":\"Queen &#8211; Khvanhckara\"}]},{\"@type\":\"WebSite\",\"@id\":\"https:\/\/rozewines.com\/#website\",\"url\":\"https:\/\/rozewines.com\/\",\"name\":\"Roze wines\",\"description\":\"\",\"publisher\":{\"@id\":\"https:\/\/rozewines.com\/#organization\"},\"potentialAction\":[{\"@type\":\"SearchAction\",\"target\":{\"@type\":\"EntryPoint\",\"urlTemplate\":\"https:\/\/rozewines.com\/?s={search_term_string}\"},\"query-input\":\"required name=search_term_string\"}],\"inLanguage\":\"de-DE\"},{\"@type\":\"Organization\",\"@id\":\"https:\/\/rozewines.com\/#organization\",\"name\":\"Roze wines\",\"url\":\"https:\/\/rozewines.com\/\",\"logo\":{\"@type\":\"ImageObject\",\"inLanguage\":\"de-DE\",\"@id\":\"https:\/\/rozewines.com\/#\/schema\/logo\/image\/\",\"url\":\"https:\/\/rozewines.com\/app\/uploads\/2024\/05\/logo.svg\",\"contentUrl\":\"https:\/\/rozewines.com\/app\/uploads\/2024\/05\/logo.svg\",\"width\":144,\"height\":68,\"caption\":\"Roze wines\"},\"image\":{\"@id\":\"https:\/\/rozewines.com\/#\/schema\/logo\/image\/\"}}]}<\/script>\n<!-- \/ Yoast SEO plugin. -->","yoast_head_json":{"title":"Queen - Khvanhckara - Roze wines","robots":{"index":"index","follow":"follow","max-snippet":"max-snippet:-1","max-image-preview":"max-image-preview:large","max-video-preview":"max-video-preview:-1"},"canonical":"https:\/\/rozewines.com\/de\/produkt\/queen-khvanhckara\/","og_locale":"de_DE","og_type":"article","og_title":"Queen - Khvanhckara - Roze wines","og_description":"K\u00f6nigin Khvanchkara-Dieser legend\u00e4re liebliche Rotwein mit der Herkunftsbezeichnung Khvanchkara wird aus zwei endemischen Sorten der Region Racha hergestellt: Mujuretuli und Alexandrouli. Der Khvanchkara von Askaneli, der streng nach den anerkannten Regeln der Herkunftsbezeichnung hergestellt wird, vermittelt alle Feinheiten eines Luxusweins mit besonderer Anmut und ist ein begehrtes Getr\u00e4nk f\u00fcr Liebhaber von m\u00e4\u00dfig s\u00fc\u00dfen Weinen.","og_url":"https:\/\/rozewines.com\/de\/produkt\/queen-khvanhckara\/","og_site_name":"Roze wines","article_modified_time":"2024-08-14T09:02:26+00:00","og_image":[{"width":8024,"height":8024,"url":"https:\/\/rozewines.com\/app\/uploads\/2024\/08\/Queen-Khvanhckara-1.jpg","type":"image\/jpeg"}],"twitter_card":"summary_large_image","schema":{"@context":"https:\/\/schema.org","@graph":[{"@type":"WebPage","@id":"https:\/\/rozewines.com\/de\/produkt\/queen-khvanhckara\/","url":"https:\/\/rozewines.com\/de\/produkt\/queen-khvanhckara\/","name":"Queen - Khvanhckara - Roze wines","isPartOf":{"@id":"https:\/\/rozewines.com\/#website"},"primaryImageOfPage":{"@id":"https:\/\/rozewines.com\/de\/produkt\/queen-khvanhckara\/#primaryimage"},"image":{"@id":"https:\/\/rozewines.com\/de\/produkt\/queen-khvanhckara\/#primaryimage"},"thumbnailUrl":"https:\/\/rozewines.com\/app\/uploads\/2024\/08\/Queen-Khvanhckara-1.jpg","datePublished":"2024-08-13T08:39:10+00:00","dateModified":"2024-08-14T09:02:26+00:00","breadcrumb":{"@id":"https:\/\/rozewines.com\/de\/produkt\/queen-khvanhckara\/#breadcrumb"},"inLanguage":"de-DE","potentialAction":[{"@type":"ReadAction","target":["https:\/\/rozewines.com\/de\/produkt\/queen-khvanhckara\/"]}]},{"@type":"ImageObject","inLanguage":"de-DE","@id":"https:\/\/rozewines.com\/de\/produkt\/queen-khvanhckara\/#primaryimage","url":"https:\/\/rozewines.com\/app\/uploads\/2024\/08\/Queen-Khvanhckara-1.jpg","contentUrl":"https:\/\/rozewines.com\/app\/uploads\/2024\/08\/Queen-Khvanhckara-1.jpg","width":8024,"height":8024},{"@type":"BreadcrumbList","@id":"https:\/\/rozewines.com\/de\/produkt\/queen-khvanhckara\/#breadcrumb","itemListElement":[{"@type":"ListItem","position":1,"name":"Home","item":"https:\/\/rozewines.com\/de\/"},{"@type":"ListItem","position":2,"name":"Unsere Weine","item":"https:\/\/rozewines.com\/de\/musu-vins\/"},{"@type":"ListItem","position":3,"name":"Queen &#8211; Khvanhckara"}]},{"@type":"WebSite","@id":"https:\/\/rozewines.com\/#website","url":"https:\/\/rozewines.com\/","name":"Roze wines","description":"","publisher":{"@id":"https:\/\/rozewines.com\/#organization"},"potentialAction":[{"@type":"SearchAction","target":{"@type":"EntryPoint","urlTemplate":"https:\/\/rozewines.com\/?s={search_term_string}"},"query-input":"required name=search_term_string"}],"inLanguage":"de-DE"},{"@type":"Organization","@id":"https:\/\/rozewines.com\/#organization","name":"Roze wines","url":"https:\/\/rozewines.com\/","logo":{"@type":"ImageObject","inLanguage":"de-DE","@id":"https:\/\/rozewines.com\/#\/schema\/logo\/image\/","url":"https:\/\/rozewines.com\/app\/uploads\/2024\/05\/logo.svg","contentUrl":"https:\/\/rozewines.com\/app\/uploads\/2024\/05\/logo.svg","width":144,"height":68,"caption":"Roze wines"},"image":{"@id":"https:\/\/rozewines.com\/#\/schema\/logo\/image\/"}}]}},"_links":{"self":[{"href":"https:\/\/rozewines.com\/de\/wp-json\/wp\/v2\/product\/6318"}],"collection":[{"href":"https:\/\/rozewines.com\/de\/wp-json\/wp\/v2\/product"}],"about":[{"href":"https:\/\/rozewines.com\/de\/wp-json\/wp\/v2\/types\/product"}],"replies":[{"embeddable":true,"href":"https:\/\/rozewines.com\/de\/wp-json\/wp\/v2\/comments?post=6318"}],"wp:featuredmedia":[{"embeddable":true,"href":"https:\/\/rozewines.com\/de\/wp-json\/wp\/v2\/media\/6061"}],"wp:attachment":[{"href":"https:\/\/rozewines.com\/de\/wp-json\/wp\/v2\/media?parent=6318"}],"wp:term":[{"taxonomy":"brand","embeddable":true,"href":"https:\/\/rozewines.com\/de\/wp-json\/wp\/v2\/brand?post=6318"},{"taxonomy":"colour","embeddable":true,"href":"https:\/\/rozewines.com\/de\/wp-json\/wp\/v2\/colour?post=6318"},{"taxonomy":"flavour","embeddable":true,"href":"https:\/\/rozewines.com\/de\/wp-json\/wp\/v2\/flavour?post=6318"},{"taxonomy":"grape-variety","embeddable":true,"href":"https:\/\/rozewines.com\/de\/wp-json\/wp\/v2\/grape-variety?post=6318"},{"taxonomy":"harvest-year","embeddable":true,"href":"https:\/\/rozewines.com\/de\/wp-json\/wp\/v2\/harvest-year?post=6318"},{"taxonomy":"region","embeddable":true,"href":"https:\/\/rozewines.com\/de\/wp-json\/wp\/v2\/region?post=6318"},{"taxonomy":"size","embeddable":true,"href":"https:\/\/rozewines.com\/de\/wp-json\/wp\/v2\/size?post=6318"},{"taxonomy":"style","embeddable":true,"href":"https:\/\/rozewines.com\/de\/wp-json\/wp\/v2\/style?post=6318"},{"taxonomy":"technology","embeddable":true,"href":"https:\/\/rozewines.com\/de\/wp-json\/wp\/v2\/technology?post=6318"},{"taxonomy":"product_cat","embeddable":true,"href":"https:\/\/rozewines.com\/de\/wp-json\/wp\/v2\/product_cat?post=6318"},{"taxonomy":"product_tag","embeddable":true,"href":"https:\/\/rozewines.com\/de\/wp-json\/wp\/v2\/product_tag?post=6318"}],"curies":[{"name":"wp","href":"https:\/\/api.w.org\/{rel}","templated":true}]}}