{"id":6321,"date":"2024-08-13T08:39:10","date_gmt":"2024-08-13T08:39:10","guid":{"rendered":"https:\/\/rozewines.com\/product\/solomone-tsitska-tsolikouri\/"},"modified":"2024-12-09T09:59:22","modified_gmt":"2024-12-09T09:59:22","slug":"solomone-tsitska-tsolikouri","status":"publish","type":"product","link":"https:\/\/rozewines.com\/de\/produkt\/solomone-tsitska-tsolikouri\/","title":{"rendered":"Solomone Tsitska Tsolikouri OAK"},"content":{"rendered":"<p>Tsitska und Tsolikouri. Ursprungsbezeichnung &#8211; Chiatura, Imereti. Die hohe Qualit\u00e4t der Ernte, die wir haben, ist vor allem ein Ergebnis der Variation der optimalen Temperaturen. In Imereti neigen die Traubensorten zu einer sp\u00e4ten Reifung, was zu Trauben mit einem h\u00f6heren S\u00e4uregehalt f\u00fchrt, der typisch f\u00fcr den Wein aus Imereti ist. Die Weinkellerei Solomone hat aufgrund der optimalen klimatischen Bedingungen ausgezeichnete Trauben der Sorten Tsitska und Tsolikouri erworben, bei denen der Zucker- und S\u00e4uregehalt im Wesentlichen ausgeglichen ist und die Temperaturunterschiede dem Wein komplexe und zus\u00e4tzliche Terroir-Aromen verleihen, was wiederum im Wein gut schmeckt.<\/p>\n","protected":false},"excerpt":{"rendered":"<p>Tsitska und Tsolikouri. Ursprungsbezeichnung &#8211; Chiatura, Imereti. Die hohe Qualit\u00e4t der Ernte, die wir haben, ist vor allem ein Ergebnis der Variation der optimalen Temperaturen. In Imereti neigen die Traubensorten zu einer sp\u00e4ten Reifung, was zu Trauben mit einem h\u00f6heren S\u00e4uregehalt f\u00fchrt, der typisch f\u00fcr den Wein aus Imereti ist. Die Weinkellerei Solomone hat aufgrund &hellip; <a href=\"https:\/\/rozewines.com\/de\/produkt\/solomone-tsitska-tsolikouri\/\">Continued<\/a><\/p>\n","protected":false},"featured_media":6076,"comment_status":"closed","ping_status":"closed","template":"","meta":{"_acf_changed":false},"brand":[1817],"colour":[1143],"flavour":[1530,1084,1044],"grape-variety":[1367],"harvest-year":[],"region":[1293],"size":[1598],"style":[1271],"technology":[],"product_cat":[1382],"product_tag":[],"ams_default_variation_id":0,"ams_product_points_reward":[],"ams_product_discount_percentage":0,"ams_price_to_display":24,"acf":[],"ams_acf":[{"key":"food_pairings","label":"Food pairings","value":"Kalb, Kaninchen, Huhn"},{"key":"alcohol_percentage","label":"Alcohol percentage","value":"11.5"}],"yoast_head":"<!-- This site is optimized with the Yoast SEO plugin v22.6 - https:\/\/yoast.com\/wordpress\/plugins\/seo\/ -->\n<title>Solomone Tsitska Tsolikouri OAK - Roze wines<\/title>\n<meta name=\"robots\" content=\"index, follow, max-snippet:-1, max-image-preview:large, max-video-preview:-1\" \/>\n<link rel=\"canonical\" href=\"https:\/\/rozewines.com\/produkt\/solomone-tsitska-tsolikouri\/\" \/>\n<meta property=\"og:locale\" content=\"de_DE\" \/>\n<meta property=\"og:type\" content=\"article\" \/>\n<meta property=\"og:title\" content=\"Solomone Tsitska Tsolikouri OAK - Roze wines\" \/>\n<meta property=\"og:description\" content=\"Tsitska und Tsolikouri. Ursprungsbezeichnung &#8211; Chiatura, Imereti. Die hohe Qualit\u00e4t der Ernte, die wir haben, ist vor allem ein Ergebnis der Variation der optimalen Temperaturen. In Imereti neigen die Traubensorten zu einer sp\u00e4ten Reifung, was zu Trauben mit einem h\u00f6heren S\u00e4uregehalt f\u00fchrt, der typisch f\u00fcr den Wein aus Imereti ist. Die Weinkellerei Solomone hat aufgrund &hellip; Continued\" \/>\n<meta property=\"og:url\" content=\"https:\/\/rozewines.com\/produkt\/solomone-tsitska-tsolikouri\/\" \/>\n<meta property=\"og:site_name\" content=\"Roze wines\" \/>\n<meta property=\"article:modified_time\" content=\"2024-12-09T09:59:22+00:00\" \/>\n<meta property=\"og:image\" content=\"https:\/\/rozewines.com\/app\/uploads\/2024\/08\/Solomone-Tsitka-Tsolikouri-scaled-1.jpg\" \/>\n\t<meta property=\"og:image:width\" content=\"2560\" \/>\n\t<meta property=\"og:image:height\" content=\"2560\" \/>\n\t<meta property=\"og:image:type\" content=\"image\/jpeg\" \/>\n<meta name=\"twitter:card\" content=\"summary_large_image\" \/>\n<meta name=\"twitter:label1\" content=\"Est. reading time\" \/>\n\t<meta name=\"twitter:data1\" content=\"1 minute\" \/>\n<script type=\"application\/ld+json\" class=\"yoast-schema-graph\">{\"@context\":\"https:\/\/schema.org\",\"@graph\":[{\"@type\":\"WebPage\",\"@id\":\"https:\/\/rozewines.com\/produkt\/solomone-tsitska-tsolikouri\/\",\"url\":\"https:\/\/rozewines.com\/produkt\/solomone-tsitska-tsolikouri\/\",\"name\":\"Solomone Tsitska Tsolikouri OAK - Roze wines\",\"isPartOf\":{\"@id\":\"https:\/\/rozewines.com\/#website\"},\"primaryImageOfPage\":{\"@id\":\"https:\/\/rozewines.com\/produkt\/solomone-tsitska-tsolikouri\/#primaryimage\"},\"image\":{\"@id\":\"https:\/\/rozewines.com\/produkt\/solomone-tsitska-tsolikouri\/#primaryimage\"},\"thumbnailUrl\":\"https:\/\/rozewines.com\/app\/uploads\/2024\/08\/Solomone-Tsitka-Tsolikouri-scaled-1.jpg\",\"datePublished\":\"2024-08-13T08:39:10+00:00\",\"dateModified\":\"2024-12-09T09:59:22+00:00\",\"breadcrumb\":{\"@id\":\"https:\/\/rozewines.com\/produkt\/solomone-tsitska-tsolikouri\/#breadcrumb\"},\"inLanguage\":\"de-DE\",\"potentialAction\":[{\"@type\":\"ReadAction\",\"target\":[\"https:\/\/rozewines.com\/produkt\/solomone-tsitska-tsolikouri\/\"]}]},{\"@type\":\"ImageObject\",\"inLanguage\":\"de-DE\",\"@id\":\"https:\/\/rozewines.com\/produkt\/solomone-tsitska-tsolikouri\/#primaryimage\",\"url\":\"https:\/\/rozewines.com\/app\/uploads\/2024\/08\/Solomone-Tsitka-Tsolikouri-scaled-1.jpg\",\"contentUrl\":\"https:\/\/rozewines.com\/app\/uploads\/2024\/08\/Solomone-Tsitka-Tsolikouri-scaled-1.jpg\",\"width\":2560,\"height\":2560},{\"@type\":\"BreadcrumbList\",\"@id\":\"https:\/\/rozewines.com\/produkt\/solomone-tsitska-tsolikouri\/#breadcrumb\",\"itemListElement\":[{\"@type\":\"ListItem\",\"position\":1,\"name\":\"Home\",\"item\":\"https:\/\/rozewines.com\/de\/\"},{\"@type\":\"ListItem\",\"position\":2,\"name\":\"Unsere Weine\",\"item\":\"https:\/\/rozewines.com\/de\/musu-vins\/\"},{\"@type\":\"ListItem\",\"position\":3,\"name\":\"Solomone Tsitska Tsolikouri OAK\"}]},{\"@type\":\"WebSite\",\"@id\":\"https:\/\/rozewines.com\/#website\",\"url\":\"https:\/\/rozewines.com\/\",\"name\":\"Roze wines\",\"description\":\"\",\"publisher\":{\"@id\":\"https:\/\/rozewines.com\/#organization\"},\"potentialAction\":[{\"@type\":\"SearchAction\",\"target\":{\"@type\":\"EntryPoint\",\"urlTemplate\":\"https:\/\/rozewines.com\/?s={search_term_string}\"},\"query-input\":\"required name=search_term_string\"}],\"inLanguage\":\"de-DE\"},{\"@type\":\"Organization\",\"@id\":\"https:\/\/rozewines.com\/#organization\",\"name\":\"Roze wines\",\"url\":\"https:\/\/rozewines.com\/\",\"logo\":{\"@type\":\"ImageObject\",\"inLanguage\":\"de-DE\",\"@id\":\"https:\/\/rozewines.com\/#\/schema\/logo\/image\/\",\"url\":\"https:\/\/rozewines.com\/app\/uploads\/2024\/05\/logo.svg\",\"contentUrl\":\"https:\/\/rozewines.com\/app\/uploads\/2024\/05\/logo.svg\",\"width\":144,\"height\":68,\"caption\":\"Roze wines\"},\"image\":{\"@id\":\"https:\/\/rozewines.com\/#\/schema\/logo\/image\/\"}}]}<\/script>\n<!-- \/ Yoast SEO plugin. -->","yoast_head_json":{"title":"Solomone Tsitska Tsolikouri OAK - Roze wines","robots":{"index":"index","follow":"follow","max-snippet":"max-snippet:-1","max-image-preview":"max-image-preview:large","max-video-preview":"max-video-preview:-1"},"canonical":"https:\/\/rozewines.com\/produkt\/solomone-tsitska-tsolikouri\/","og_locale":"de_DE","og_type":"article","og_title":"Solomone Tsitska Tsolikouri OAK - Roze wines","og_description":"Tsitska und Tsolikouri. Ursprungsbezeichnung &#8211; Chiatura, Imereti. Die hohe Qualit\u00e4t der Ernte, die wir haben, ist vor allem ein Ergebnis der Variation der optimalen Temperaturen. In Imereti neigen die Traubensorten zu einer sp\u00e4ten Reifung, was zu Trauben mit einem h\u00f6heren S\u00e4uregehalt f\u00fchrt, der typisch f\u00fcr den Wein aus Imereti ist. Die Weinkellerei Solomone hat aufgrund &hellip; Continued","og_url":"https:\/\/rozewines.com\/produkt\/solomone-tsitska-tsolikouri\/","og_site_name":"Roze wines","article_modified_time":"2024-12-09T09:59:22+00:00","og_image":[{"width":2560,"height":2560,"url":"https:\/\/rozewines.com\/app\/uploads\/2024\/08\/Solomone-Tsitka-Tsolikouri-scaled-1.jpg","type":"image\/jpeg"}],"twitter_card":"summary_large_image","twitter_misc":{"Est. reading time":"1 minute"},"schema":{"@context":"https:\/\/schema.org","@graph":[{"@type":"WebPage","@id":"https:\/\/rozewines.com\/produkt\/solomone-tsitska-tsolikouri\/","url":"https:\/\/rozewines.com\/produkt\/solomone-tsitska-tsolikouri\/","name":"Solomone Tsitska Tsolikouri OAK - Roze wines","isPartOf":{"@id":"https:\/\/rozewines.com\/#website"},"primaryImageOfPage":{"@id":"https:\/\/rozewines.com\/produkt\/solomone-tsitska-tsolikouri\/#primaryimage"},"image":{"@id":"https:\/\/rozewines.com\/produkt\/solomone-tsitska-tsolikouri\/#primaryimage"},"thumbnailUrl":"https:\/\/rozewines.com\/app\/uploads\/2024\/08\/Solomone-Tsitka-Tsolikouri-scaled-1.jpg","datePublished":"2024-08-13T08:39:10+00:00","dateModified":"2024-12-09T09:59:22+00:00","breadcrumb":{"@id":"https:\/\/rozewines.com\/produkt\/solomone-tsitska-tsolikouri\/#breadcrumb"},"inLanguage":"de-DE","potentialAction":[{"@type":"ReadAction","target":["https:\/\/rozewines.com\/produkt\/solomone-tsitska-tsolikouri\/"]}]},{"@type":"ImageObject","inLanguage":"de-DE","@id":"https:\/\/rozewines.com\/produkt\/solomone-tsitska-tsolikouri\/#primaryimage","url":"https:\/\/rozewines.com\/app\/uploads\/2024\/08\/Solomone-Tsitka-Tsolikouri-scaled-1.jpg","contentUrl":"https:\/\/rozewines.com\/app\/uploads\/2024\/08\/Solomone-Tsitka-Tsolikouri-scaled-1.jpg","width":2560,"height":2560},{"@type":"BreadcrumbList","@id":"https:\/\/rozewines.com\/produkt\/solomone-tsitska-tsolikouri\/#breadcrumb","itemListElement":[{"@type":"ListItem","position":1,"name":"Home","item":"https:\/\/rozewines.com\/de\/"},{"@type":"ListItem","position":2,"name":"Unsere Weine","item":"https:\/\/rozewines.com\/de\/musu-vins\/"},{"@type":"ListItem","position":3,"name":"Solomone Tsitska Tsolikouri OAK"}]},{"@type":"WebSite","@id":"https:\/\/rozewines.com\/#website","url":"https:\/\/rozewines.com\/","name":"Roze wines","description":"","publisher":{"@id":"https:\/\/rozewines.com\/#organization"},"potentialAction":[{"@type":"SearchAction","target":{"@type":"EntryPoint","urlTemplate":"https:\/\/rozewines.com\/?s={search_term_string}"},"query-input":"required name=search_term_string"}],"inLanguage":"de-DE"},{"@type":"Organization","@id":"https:\/\/rozewines.com\/#organization","name":"Roze wines","url":"https:\/\/rozewines.com\/","logo":{"@type":"ImageObject","inLanguage":"de-DE","@id":"https:\/\/rozewines.com\/#\/schema\/logo\/image\/","url":"https:\/\/rozewines.com\/app\/uploads\/2024\/05\/logo.svg","contentUrl":"https:\/\/rozewines.com\/app\/uploads\/2024\/05\/logo.svg","width":144,"height":68,"caption":"Roze wines"},"image":{"@id":"https:\/\/rozewines.com\/#\/schema\/logo\/image\/"}}]}},"_links":{"self":[{"href":"https:\/\/rozewines.com\/de\/wp-json\/wp\/v2\/product\/6321"}],"collection":[{"href":"https:\/\/rozewines.com\/de\/wp-json\/wp\/v2\/product"}],"about":[{"href":"https:\/\/rozewines.com\/de\/wp-json\/wp\/v2\/types\/product"}],"replies":[{"embeddable":true,"href":"https:\/\/rozewines.com\/de\/wp-json\/wp\/v2\/comments?post=6321"}],"wp:featuredmedia":[{"embeddable":true,"href":"https:\/\/rozewines.com\/de\/wp-json\/wp\/v2\/media\/6076"}],"wp:attachment":[{"href":"https:\/\/rozewines.com\/de\/wp-json\/wp\/v2\/media?parent=6321"}],"wp:term":[{"taxonomy":"brand","embeddable":true,"href":"https:\/\/rozewines.com\/de\/wp-json\/wp\/v2\/brand?post=6321"},{"taxonomy":"colour","embeddable":true,"href":"https:\/\/rozewines.com\/de\/wp-json\/wp\/v2\/colour?post=6321"},{"taxonomy":"flavour","embeddable":true,"href":"https:\/\/rozewines.com\/de\/wp-json\/wp\/v2\/flavour?post=6321"},{"taxonomy":"grape-variety","embeddable":true,"href":"https:\/\/rozewines.com\/de\/wp-json\/wp\/v2\/grape-variety?post=6321"},{"taxonomy":"harvest-year","embeddable":true,"href":"https:\/\/rozewines.com\/de\/wp-json\/wp\/v2\/harvest-year?post=6321"},{"taxonomy":"region","embeddable":true,"href":"https:\/\/rozewines.com\/de\/wp-json\/wp\/v2\/region?post=6321"},{"taxonomy":"size","embeddable":true,"href":"https:\/\/rozewines.com\/de\/wp-json\/wp\/v2\/size?post=6321"},{"taxonomy":"style","embeddable":true,"href":"https:\/\/rozewines.com\/de\/wp-json\/wp\/v2\/style?post=6321"},{"taxonomy":"technology","embeddable":true,"href":"https:\/\/rozewines.com\/de\/wp-json\/wp\/v2\/technology?post=6321"},{"taxonomy":"product_cat","embeddable":true,"href":"https:\/\/rozewines.com\/de\/wp-json\/wp\/v2\/product_cat?post=6321"},{"taxonomy":"product_tag","embeddable":true,"href":"https:\/\/rozewines.com\/de\/wp-json\/wp\/v2\/product_tag?post=6321"}],"curies":[{"name":"wp","href":"https:\/\/api.w.org\/{rel}","templated":true}]}}