{"id":6322,"date":"2024-08-13T08:39:10","date_gmt":"2024-08-13T08:39:10","guid":{"rendered":"https:\/\/rozewines.com\/product\/terra-kisi-mukuzani\/"},"modified":"2024-08-14T09:02:26","modified_gmt":"2024-08-14T09:02:26","slug":"terra-kisi-mukuzani","status":"publish","type":"product","link":"https:\/\/rozewines.com\/de\/produkt\/terra-kisi-mukuzani\/","title":{"rendered":"TERRA KISI MUKUZANI"},"content":{"rendered":"<p>Terra Kisi Mukuzani, wird aus Saperavi hergestellt. Ausgew\u00e4hlte Trauben und eine lange Reifung in Eichenf\u00e4ssern haben die klassischen Mukuzani-Qualit\u00e4ten weiter verbessert, die Aromenvielfalt vertieft und diesem raffinierten Wein eine besondere Brillanz verliehen. In dem dunkelrubinroten Wein verbinden sich die gut ausgepr\u00e4gten Aromen von Brombeeren, schwarzen Pflaumen und schwarzem Pfeffer harmonisch mit zarten Eichent\u00f6nen. Der Wein zeichnet sich durch eine erfrischende S\u00e4ure, reiche, runde Tannine, einen vollen K\u00f6rper und einen langen Abgang aus.<\/p>\n","protected":false},"excerpt":{"rendered":"<p>Terra Kisi Mukuzani, wird aus Saperavi hergestellt. Ausgew\u00e4hlte Trauben und eine lange Reifung in Eichenf\u00e4ssern haben die klassischen Mukuzani-Qualit\u00e4ten weiter verbessert, die Aromenvielfalt vertieft und diesem raffinierten Wein eine besondere Brillanz verliehen. In dem dunkelrubinroten Wein verbinden sich die gut ausgepr\u00e4gten Aromen von Brombeeren, schwarzen Pflaumen und schwarzem Pfeffer harmonisch mit zarten Eichent\u00f6nen. Der Wein &hellip; <a href=\"https:\/\/rozewines.com\/de\/produkt\/terra-kisi-mukuzani\/\">Continued<\/a><\/p>\n","protected":false},"featured_media":6081,"comment_status":"closed","ping_status":"open","template":"","meta":{"_acf_changed":false},"brand":[1784],"colour":[1140],"flavour":[1535,1010,1066],"grape-variety":[1283],"harvest-year":[],"region":[1294],"size":[1598],"style":[1271],"technology":[],"product_cat":[1382],"product_tag":[],"ams_default_variation_id":0,"ams_product_points_reward":[],"ams_product_discount_percentage":0,"ams_price_to_display":19,"acf":[],"ams_acf":[{"key":"food_pairings","label":"Food pairings","value":"Grillen,Pute,Portobello-Pilze"},{"key":"alcohol_percentage","label":"Alcohol percentage","value":"14"}],"yoast_head":"<!-- This site is optimized with the Yoast SEO plugin v22.6 - https:\/\/yoast.com\/wordpress\/plugins\/seo\/ -->\n<title>TERRA KISI MUKUZANI - Roze wines<\/title>\n<meta name=\"robots\" content=\"index, follow, max-snippet:-1, max-image-preview:large, max-video-preview:-1\" \/>\n<link rel=\"canonical\" href=\"https:\/\/rozewines.com\/de\/produkt\/terra-kisi-mukuzani\/\" \/>\n<meta property=\"og:locale\" content=\"de_DE\" \/>\n<meta property=\"og:type\" content=\"article\" \/>\n<meta property=\"og:title\" content=\"TERRA KISI MUKUZANI - Roze wines\" \/>\n<meta property=\"og:description\" content=\"Terra Kisi Mukuzani, wird aus Saperavi hergestellt. Ausgew\u00e4hlte Trauben und eine lange Reifung in Eichenf\u00e4ssern haben die klassischen Mukuzani-Qualit\u00e4ten weiter verbessert, die Aromenvielfalt vertieft und diesem raffinierten Wein eine besondere Brillanz verliehen. In dem dunkelrubinroten Wein verbinden sich die gut ausgepr\u00e4gten Aromen von Brombeeren, schwarzen Pflaumen und schwarzem Pfeffer harmonisch mit zarten Eichent\u00f6nen. Der Wein &hellip; Continued\" \/>\n<meta property=\"og:url\" content=\"https:\/\/rozewines.com\/de\/produkt\/terra-kisi-mukuzani\/\" \/>\n<meta property=\"og:site_name\" content=\"Roze wines\" \/>\n<meta property=\"article:modified_time\" content=\"2024-08-14T09:02:26+00:00\" \/>\n<meta property=\"og:image\" content=\"https:\/\/rozewines.com\/app\/uploads\/2024\/08\/TERRA-KISI-MUKUZANI-1-1.jpg\" \/>\n\t<meta property=\"og:image:width\" content=\"7906\" \/>\n\t<meta property=\"og:image:height\" content=\"7906\" \/>\n\t<meta property=\"og:image:type\" content=\"image\/jpeg\" \/>\n<meta name=\"twitter:card\" content=\"summary_large_image\" \/>\n<script type=\"application\/ld+json\" class=\"yoast-schema-graph\">{\"@context\":\"https:\/\/schema.org\",\"@graph\":[{\"@type\":\"WebPage\",\"@id\":\"https:\/\/rozewines.com\/de\/produkt\/terra-kisi-mukuzani\/\",\"url\":\"https:\/\/rozewines.com\/de\/produkt\/terra-kisi-mukuzani\/\",\"name\":\"TERRA KISI MUKUZANI - Roze wines\",\"isPartOf\":{\"@id\":\"https:\/\/rozewines.com\/#website\"},\"primaryImageOfPage\":{\"@id\":\"https:\/\/rozewines.com\/de\/produkt\/terra-kisi-mukuzani\/#primaryimage\"},\"image\":{\"@id\":\"https:\/\/rozewines.com\/de\/produkt\/terra-kisi-mukuzani\/#primaryimage\"},\"thumbnailUrl\":\"https:\/\/rozewines.com\/app\/uploads\/2024\/08\/TERRA-KISI-MUKUZANI-1-1.jpg\",\"datePublished\":\"2024-08-13T08:39:10+00:00\",\"dateModified\":\"2024-08-14T09:02:26+00:00\",\"breadcrumb\":{\"@id\":\"https:\/\/rozewines.com\/de\/produkt\/terra-kisi-mukuzani\/#breadcrumb\"},\"inLanguage\":\"de-DE\",\"potentialAction\":[{\"@type\":\"ReadAction\",\"target\":[\"https:\/\/rozewines.com\/de\/produkt\/terra-kisi-mukuzani\/\"]}]},{\"@type\":\"ImageObject\",\"inLanguage\":\"de-DE\",\"@id\":\"https:\/\/rozewines.com\/de\/produkt\/terra-kisi-mukuzani\/#primaryimage\",\"url\":\"https:\/\/rozewines.com\/app\/uploads\/2024\/08\/TERRA-KISI-MUKUZANI-1-1.jpg\",\"contentUrl\":\"https:\/\/rozewines.com\/app\/uploads\/2024\/08\/TERRA-KISI-MUKUZANI-1-1.jpg\",\"width\":7906,\"height\":7906},{\"@type\":\"BreadcrumbList\",\"@id\":\"https:\/\/rozewines.com\/de\/produkt\/terra-kisi-mukuzani\/#breadcrumb\",\"itemListElement\":[{\"@type\":\"ListItem\",\"position\":1,\"name\":\"Home\",\"item\":\"https:\/\/rozewines.com\/de\/\"},{\"@type\":\"ListItem\",\"position\":2,\"name\":\"Unsere Weine\",\"item\":\"https:\/\/rozewines.com\/de\/musu-vins\/\"},{\"@type\":\"ListItem\",\"position\":3,\"name\":\"TERRA KISI MUKUZANI\"}]},{\"@type\":\"WebSite\",\"@id\":\"https:\/\/rozewines.com\/#website\",\"url\":\"https:\/\/rozewines.com\/\",\"name\":\"Roze wines\",\"description\":\"\",\"publisher\":{\"@id\":\"https:\/\/rozewines.com\/#organization\"},\"potentialAction\":[{\"@type\":\"SearchAction\",\"target\":{\"@type\":\"EntryPoint\",\"urlTemplate\":\"https:\/\/rozewines.com\/?s={search_term_string}\"},\"query-input\":\"required name=search_term_string\"}],\"inLanguage\":\"de-DE\"},{\"@type\":\"Organization\",\"@id\":\"https:\/\/rozewines.com\/#organization\",\"name\":\"Roze wines\",\"url\":\"https:\/\/rozewines.com\/\",\"logo\":{\"@type\":\"ImageObject\",\"inLanguage\":\"de-DE\",\"@id\":\"https:\/\/rozewines.com\/#\/schema\/logo\/image\/\",\"url\":\"https:\/\/rozewines.com\/app\/uploads\/2024\/05\/logo.svg\",\"contentUrl\":\"https:\/\/rozewines.com\/app\/uploads\/2024\/05\/logo.svg\",\"width\":144,\"height\":68,\"caption\":\"Roze wines\"},\"image\":{\"@id\":\"https:\/\/rozewines.com\/#\/schema\/logo\/image\/\"}}]}<\/script>\n<!-- \/ Yoast SEO plugin. -->","yoast_head_json":{"title":"TERRA KISI MUKUZANI - Roze wines","robots":{"index":"index","follow":"follow","max-snippet":"max-snippet:-1","max-image-preview":"max-image-preview:large","max-video-preview":"max-video-preview:-1"},"canonical":"https:\/\/rozewines.com\/de\/produkt\/terra-kisi-mukuzani\/","og_locale":"de_DE","og_type":"article","og_title":"TERRA KISI MUKUZANI - Roze wines","og_description":"Terra Kisi Mukuzani, wird aus Saperavi hergestellt. Ausgew\u00e4hlte Trauben und eine lange Reifung in Eichenf\u00e4ssern haben die klassischen Mukuzani-Qualit\u00e4ten weiter verbessert, die Aromenvielfalt vertieft und diesem raffinierten Wein eine besondere Brillanz verliehen. In dem dunkelrubinroten Wein verbinden sich die gut ausgepr\u00e4gten Aromen von Brombeeren, schwarzen Pflaumen und schwarzem Pfeffer harmonisch mit zarten Eichent\u00f6nen. Der Wein &hellip; Continued","og_url":"https:\/\/rozewines.com\/de\/produkt\/terra-kisi-mukuzani\/","og_site_name":"Roze wines","article_modified_time":"2024-08-14T09:02:26+00:00","og_image":[{"width":7906,"height":7906,"url":"https:\/\/rozewines.com\/app\/uploads\/2024\/08\/TERRA-KISI-MUKUZANI-1-1.jpg","type":"image\/jpeg"}],"twitter_card":"summary_large_image","schema":{"@context":"https:\/\/schema.org","@graph":[{"@type":"WebPage","@id":"https:\/\/rozewines.com\/de\/produkt\/terra-kisi-mukuzani\/","url":"https:\/\/rozewines.com\/de\/produkt\/terra-kisi-mukuzani\/","name":"TERRA KISI MUKUZANI - Roze wines","isPartOf":{"@id":"https:\/\/rozewines.com\/#website"},"primaryImageOfPage":{"@id":"https:\/\/rozewines.com\/de\/produkt\/terra-kisi-mukuzani\/#primaryimage"},"image":{"@id":"https:\/\/rozewines.com\/de\/produkt\/terra-kisi-mukuzani\/#primaryimage"},"thumbnailUrl":"https:\/\/rozewines.com\/app\/uploads\/2024\/08\/TERRA-KISI-MUKUZANI-1-1.jpg","datePublished":"2024-08-13T08:39:10+00:00","dateModified":"2024-08-14T09:02:26+00:00","breadcrumb":{"@id":"https:\/\/rozewines.com\/de\/produkt\/terra-kisi-mukuzani\/#breadcrumb"},"inLanguage":"de-DE","potentialAction":[{"@type":"ReadAction","target":["https:\/\/rozewines.com\/de\/produkt\/terra-kisi-mukuzani\/"]}]},{"@type":"ImageObject","inLanguage":"de-DE","@id":"https:\/\/rozewines.com\/de\/produkt\/terra-kisi-mukuzani\/#primaryimage","url":"https:\/\/rozewines.com\/app\/uploads\/2024\/08\/TERRA-KISI-MUKUZANI-1-1.jpg","contentUrl":"https:\/\/rozewines.com\/app\/uploads\/2024\/08\/TERRA-KISI-MUKUZANI-1-1.jpg","width":7906,"height":7906},{"@type":"BreadcrumbList","@id":"https:\/\/rozewines.com\/de\/produkt\/terra-kisi-mukuzani\/#breadcrumb","itemListElement":[{"@type":"ListItem","position":1,"name":"Home","item":"https:\/\/rozewines.com\/de\/"},{"@type":"ListItem","position":2,"name":"Unsere Weine","item":"https:\/\/rozewines.com\/de\/musu-vins\/"},{"@type":"ListItem","position":3,"name":"TERRA KISI MUKUZANI"}]},{"@type":"WebSite","@id":"https:\/\/rozewines.com\/#website","url":"https:\/\/rozewines.com\/","name":"Roze wines","description":"","publisher":{"@id":"https:\/\/rozewines.com\/#organization"},"potentialAction":[{"@type":"SearchAction","target":{"@type":"EntryPoint","urlTemplate":"https:\/\/rozewines.com\/?s={search_term_string}"},"query-input":"required name=search_term_string"}],"inLanguage":"de-DE"},{"@type":"Organization","@id":"https:\/\/rozewines.com\/#organization","name":"Roze wines","url":"https:\/\/rozewines.com\/","logo":{"@type":"ImageObject","inLanguage":"de-DE","@id":"https:\/\/rozewines.com\/#\/schema\/logo\/image\/","url":"https:\/\/rozewines.com\/app\/uploads\/2024\/05\/logo.svg","contentUrl":"https:\/\/rozewines.com\/app\/uploads\/2024\/05\/logo.svg","width":144,"height":68,"caption":"Roze wines"},"image":{"@id":"https:\/\/rozewines.com\/#\/schema\/logo\/image\/"}}]}},"_links":{"self":[{"href":"https:\/\/rozewines.com\/de\/wp-json\/wp\/v2\/product\/6322"}],"collection":[{"href":"https:\/\/rozewines.com\/de\/wp-json\/wp\/v2\/product"}],"about":[{"href":"https:\/\/rozewines.com\/de\/wp-json\/wp\/v2\/types\/product"}],"replies":[{"embeddable":true,"href":"https:\/\/rozewines.com\/de\/wp-json\/wp\/v2\/comments?post=6322"}],"wp:featuredmedia":[{"embeddable":true,"href":"https:\/\/rozewines.com\/de\/wp-json\/wp\/v2\/media\/6081"}],"wp:attachment":[{"href":"https:\/\/rozewines.com\/de\/wp-json\/wp\/v2\/media?parent=6322"}],"wp:term":[{"taxonomy":"brand","embeddable":true,"href":"https:\/\/rozewines.com\/de\/wp-json\/wp\/v2\/brand?post=6322"},{"taxonomy":"colour","embeddable":true,"href":"https:\/\/rozewines.com\/de\/wp-json\/wp\/v2\/colour?post=6322"},{"taxonomy":"flavour","embeddable":true,"href":"https:\/\/rozewines.com\/de\/wp-json\/wp\/v2\/flavour?post=6322"},{"taxonomy":"grape-variety","embeddable":true,"href":"https:\/\/rozewines.com\/de\/wp-json\/wp\/v2\/grape-variety?post=6322"},{"taxonomy":"harvest-year","embeddable":true,"href":"https:\/\/rozewines.com\/de\/wp-json\/wp\/v2\/harvest-year?post=6322"},{"taxonomy":"region","embeddable":true,"href":"https:\/\/rozewines.com\/de\/wp-json\/wp\/v2\/region?post=6322"},{"taxonomy":"size","embeddable":true,"href":"https:\/\/rozewines.com\/de\/wp-json\/wp\/v2\/size?post=6322"},{"taxonomy":"style","embeddable":true,"href":"https:\/\/rozewines.com\/de\/wp-json\/wp\/v2\/style?post=6322"},{"taxonomy":"technology","embeddable":true,"href":"https:\/\/rozewines.com\/de\/wp-json\/wp\/v2\/technology?post=6322"},{"taxonomy":"product_cat","embeddable":true,"href":"https:\/\/rozewines.com\/de\/wp-json\/wp\/v2\/product_cat?post=6322"},{"taxonomy":"product_tag","embeddable":true,"href":"https:\/\/rozewines.com\/de\/wp-json\/wp\/v2\/product_tag?post=6322"}],"curies":[{"name":"wp","href":"https:\/\/api.w.org\/{rel}","templated":true}]}}