{"id":6324,"date":"2024-08-13T08:39:10","date_gmt":"2024-08-13T08:39:10","guid":{"rendered":"https:\/\/rozewines.com\/product\/terra-kisi-shiraz\/"},"modified":"2024-08-14T09:02:27","modified_gmt":"2024-08-14T09:02:27","slug":"terra-kisi-shiraz","status":"publish","type":"product","link":"https:\/\/rozewines.com\/de\/produkt\/terra-kisi-shiraz\/","title":{"rendered":"TERRA KISI SHIRAZ"},"content":{"rendered":"<p>Terra Kisi Shiraz. Reichhaltiges, beerenfruchtiges Bouquet mit reifen roten Pflaumen und einem Hauch von wei\u00dfem Pfeffer. Einige blumige Noten im Hintergrund, mit Noten von Holzkohle und schwacher Lakritze, die Blaubeeren, schwarzen Johannisbeeren und Nuancen von s\u00fc\u00dfen, getrockneten Kr\u00e4utern Platz machen. Am Gaumen zeigen sich Schichten von Beerenfr\u00fcchten mit Gew\u00fcrzen wie Pfeffer, Zimt und Nelken.<\/p>\n","protected":false},"excerpt":{"rendered":"<p>Terra Kisi Shiraz. Reichhaltiges, beerenfruchtiges Bouquet mit reifen roten Pflaumen und einem Hauch von wei\u00dfem Pfeffer. Einige blumige Noten im Hintergrund, mit Noten von Holzkohle und schwacher Lakritze, die Blaubeeren, schwarzen Johannisbeeren und Nuancen von s\u00fc\u00dfen, getrockneten Kr\u00e4utern Platz machen. Am Gaumen zeigen sich Schichten von Beerenfr\u00fcchten mit Gew\u00fcrzen wie Pfeffer, Zimt und Nelken.<\/p>\n","protected":false},"featured_media":6091,"comment_status":"closed","ping_status":"closed","template":"","meta":{"_acf_changed":false},"brand":[1784],"colour":[1140],"flavour":[1527,999],"grape-variety":[],"harvest-year":[],"region":[1294],"size":[1598],"style":[1271],"technology":[],"product_cat":[1382],"product_tag":[],"ams_default_variation_id":0,"ams_product_points_reward":[],"ams_product_discount_percentage":0,"ams_price_to_display":22,"acf":[],"ams_acf":[{"key":"food_pairings","label":"Food pairings","value":"Rindfleisch, Lamm, Wildfleisch"},{"key":"alcohol_percentage","label":"Alcohol percentage","value":"13.5"}],"yoast_head":"<!-- This site is optimized with the Yoast SEO plugin v22.6 - https:\/\/yoast.com\/wordpress\/plugins\/seo\/ -->\n<title>TERRA KISI SHIRAZ - Roze wines<\/title>\n<meta name=\"robots\" content=\"index, follow, max-snippet:-1, max-image-preview:large, max-video-preview:-1\" \/>\n<link rel=\"canonical\" href=\"https:\/\/rozewines.com\/de\/produkt\/terra-kisi-shiraz\/\" \/>\n<meta property=\"og:locale\" content=\"de_DE\" \/>\n<meta property=\"og:type\" content=\"article\" \/>\n<meta property=\"og:title\" content=\"TERRA KISI SHIRAZ - Roze wines\" \/>\n<meta property=\"og:description\" content=\"Terra Kisi Shiraz. Reichhaltiges, beerenfruchtiges Bouquet mit reifen roten Pflaumen und einem Hauch von wei\u00dfem Pfeffer. Einige blumige Noten im Hintergrund, mit Noten von Holzkohle und schwacher Lakritze, die Blaubeeren, schwarzen Johannisbeeren und Nuancen von s\u00fc\u00dfen, getrockneten Kr\u00e4utern Platz machen. Am Gaumen zeigen sich Schichten von Beerenfr\u00fcchten mit Gew\u00fcrzen wie Pfeffer, Zimt und Nelken.\" \/>\n<meta property=\"og:url\" content=\"https:\/\/rozewines.com\/de\/produkt\/terra-kisi-shiraz\/\" \/>\n<meta property=\"og:site_name\" content=\"Roze wines\" \/>\n<meta property=\"article:modified_time\" content=\"2024-08-14T09:02:27+00:00\" \/>\n<meta property=\"og:image\" content=\"https:\/\/rozewines.com\/app\/uploads\/2024\/08\/Terra-Kisi-Shiraz-scaled-1.jpg\" \/>\n\t<meta property=\"og:image:width\" content=\"2560\" \/>\n\t<meta property=\"og:image:height\" content=\"2560\" \/>\n\t<meta property=\"og:image:type\" content=\"image\/jpeg\" \/>\n<meta name=\"twitter:card\" content=\"summary_large_image\" \/>\n<script type=\"application\/ld+json\" class=\"yoast-schema-graph\">{\"@context\":\"https:\/\/schema.org\",\"@graph\":[{\"@type\":\"WebPage\",\"@id\":\"https:\/\/rozewines.com\/de\/produkt\/terra-kisi-shiraz\/\",\"url\":\"https:\/\/rozewines.com\/de\/produkt\/terra-kisi-shiraz\/\",\"name\":\"TERRA KISI SHIRAZ - Roze wines\",\"isPartOf\":{\"@id\":\"https:\/\/rozewines.com\/#website\"},\"primaryImageOfPage\":{\"@id\":\"https:\/\/rozewines.com\/de\/produkt\/terra-kisi-shiraz\/#primaryimage\"},\"image\":{\"@id\":\"https:\/\/rozewines.com\/de\/produkt\/terra-kisi-shiraz\/#primaryimage\"},\"thumbnailUrl\":\"https:\/\/rozewines.com\/app\/uploads\/2024\/08\/Terra-Kisi-Shiraz-scaled-1.jpg\",\"datePublished\":\"2024-08-13T08:39:10+00:00\",\"dateModified\":\"2024-08-14T09:02:27+00:00\",\"breadcrumb\":{\"@id\":\"https:\/\/rozewines.com\/de\/produkt\/terra-kisi-shiraz\/#breadcrumb\"},\"inLanguage\":\"de-DE\",\"potentialAction\":[{\"@type\":\"ReadAction\",\"target\":[\"https:\/\/rozewines.com\/de\/produkt\/terra-kisi-shiraz\/\"]}]},{\"@type\":\"ImageObject\",\"inLanguage\":\"de-DE\",\"@id\":\"https:\/\/rozewines.com\/de\/produkt\/terra-kisi-shiraz\/#primaryimage\",\"url\":\"https:\/\/rozewines.com\/app\/uploads\/2024\/08\/Terra-Kisi-Shiraz-scaled-1.jpg\",\"contentUrl\":\"https:\/\/rozewines.com\/app\/uploads\/2024\/08\/Terra-Kisi-Shiraz-scaled-1.jpg\",\"width\":2560,\"height\":2560},{\"@type\":\"BreadcrumbList\",\"@id\":\"https:\/\/rozewines.com\/de\/produkt\/terra-kisi-shiraz\/#breadcrumb\",\"itemListElement\":[{\"@type\":\"ListItem\",\"position\":1,\"name\":\"Home\",\"item\":\"https:\/\/rozewines.com\/de\/\"},{\"@type\":\"ListItem\",\"position\":2,\"name\":\"Unsere Weine\",\"item\":\"https:\/\/rozewines.com\/de\/musu-vins\/\"},{\"@type\":\"ListItem\",\"position\":3,\"name\":\"TERRA KISI SHIRAZ\"}]},{\"@type\":\"WebSite\",\"@id\":\"https:\/\/rozewines.com\/#website\",\"url\":\"https:\/\/rozewines.com\/\",\"name\":\"Roze wines\",\"description\":\"\",\"publisher\":{\"@id\":\"https:\/\/rozewines.com\/#organization\"},\"potentialAction\":[{\"@type\":\"SearchAction\",\"target\":{\"@type\":\"EntryPoint\",\"urlTemplate\":\"https:\/\/rozewines.com\/?s={search_term_string}\"},\"query-input\":\"required name=search_term_string\"}],\"inLanguage\":\"de-DE\"},{\"@type\":\"Organization\",\"@id\":\"https:\/\/rozewines.com\/#organization\",\"name\":\"Roze wines\",\"url\":\"https:\/\/rozewines.com\/\",\"logo\":{\"@type\":\"ImageObject\",\"inLanguage\":\"de-DE\",\"@id\":\"https:\/\/rozewines.com\/#\/schema\/logo\/image\/\",\"url\":\"https:\/\/rozewines.com\/app\/uploads\/2024\/05\/logo.svg\",\"contentUrl\":\"https:\/\/rozewines.com\/app\/uploads\/2024\/05\/logo.svg\",\"width\":144,\"height\":68,\"caption\":\"Roze wines\"},\"image\":{\"@id\":\"https:\/\/rozewines.com\/#\/schema\/logo\/image\/\"}}]}<\/script>\n<!-- \/ Yoast SEO plugin. -->","yoast_head_json":{"title":"TERRA KISI SHIRAZ - Roze wines","robots":{"index":"index","follow":"follow","max-snippet":"max-snippet:-1","max-image-preview":"max-image-preview:large","max-video-preview":"max-video-preview:-1"},"canonical":"https:\/\/rozewines.com\/de\/produkt\/terra-kisi-shiraz\/","og_locale":"de_DE","og_type":"article","og_title":"TERRA KISI SHIRAZ - Roze wines","og_description":"Terra Kisi Shiraz. Reichhaltiges, beerenfruchtiges Bouquet mit reifen roten Pflaumen und einem Hauch von wei\u00dfem Pfeffer. Einige blumige Noten im Hintergrund, mit Noten von Holzkohle und schwacher Lakritze, die Blaubeeren, schwarzen Johannisbeeren und Nuancen von s\u00fc\u00dfen, getrockneten Kr\u00e4utern Platz machen. Am Gaumen zeigen sich Schichten von Beerenfr\u00fcchten mit Gew\u00fcrzen wie Pfeffer, Zimt und Nelken.","og_url":"https:\/\/rozewines.com\/de\/produkt\/terra-kisi-shiraz\/","og_site_name":"Roze wines","article_modified_time":"2024-08-14T09:02:27+00:00","og_image":[{"width":2560,"height":2560,"url":"https:\/\/rozewines.com\/app\/uploads\/2024\/08\/Terra-Kisi-Shiraz-scaled-1.jpg","type":"image\/jpeg"}],"twitter_card":"summary_large_image","schema":{"@context":"https:\/\/schema.org","@graph":[{"@type":"WebPage","@id":"https:\/\/rozewines.com\/de\/produkt\/terra-kisi-shiraz\/","url":"https:\/\/rozewines.com\/de\/produkt\/terra-kisi-shiraz\/","name":"TERRA KISI SHIRAZ - Roze wines","isPartOf":{"@id":"https:\/\/rozewines.com\/#website"},"primaryImageOfPage":{"@id":"https:\/\/rozewines.com\/de\/produkt\/terra-kisi-shiraz\/#primaryimage"},"image":{"@id":"https:\/\/rozewines.com\/de\/produkt\/terra-kisi-shiraz\/#primaryimage"},"thumbnailUrl":"https:\/\/rozewines.com\/app\/uploads\/2024\/08\/Terra-Kisi-Shiraz-scaled-1.jpg","datePublished":"2024-08-13T08:39:10+00:00","dateModified":"2024-08-14T09:02:27+00:00","breadcrumb":{"@id":"https:\/\/rozewines.com\/de\/produkt\/terra-kisi-shiraz\/#breadcrumb"},"inLanguage":"de-DE","potentialAction":[{"@type":"ReadAction","target":["https:\/\/rozewines.com\/de\/produkt\/terra-kisi-shiraz\/"]}]},{"@type":"ImageObject","inLanguage":"de-DE","@id":"https:\/\/rozewines.com\/de\/produkt\/terra-kisi-shiraz\/#primaryimage","url":"https:\/\/rozewines.com\/app\/uploads\/2024\/08\/Terra-Kisi-Shiraz-scaled-1.jpg","contentUrl":"https:\/\/rozewines.com\/app\/uploads\/2024\/08\/Terra-Kisi-Shiraz-scaled-1.jpg","width":2560,"height":2560},{"@type":"BreadcrumbList","@id":"https:\/\/rozewines.com\/de\/produkt\/terra-kisi-shiraz\/#breadcrumb","itemListElement":[{"@type":"ListItem","position":1,"name":"Home","item":"https:\/\/rozewines.com\/de\/"},{"@type":"ListItem","position":2,"name":"Unsere Weine","item":"https:\/\/rozewines.com\/de\/musu-vins\/"},{"@type":"ListItem","position":3,"name":"TERRA KISI SHIRAZ"}]},{"@type":"WebSite","@id":"https:\/\/rozewines.com\/#website","url":"https:\/\/rozewines.com\/","name":"Roze wines","description":"","publisher":{"@id":"https:\/\/rozewines.com\/#organization"},"potentialAction":[{"@type":"SearchAction","target":{"@type":"EntryPoint","urlTemplate":"https:\/\/rozewines.com\/?s={search_term_string}"},"query-input":"required name=search_term_string"}],"inLanguage":"de-DE"},{"@type":"Organization","@id":"https:\/\/rozewines.com\/#organization","name":"Roze wines","url":"https:\/\/rozewines.com\/","logo":{"@type":"ImageObject","inLanguage":"de-DE","@id":"https:\/\/rozewines.com\/#\/schema\/logo\/image\/","url":"https:\/\/rozewines.com\/app\/uploads\/2024\/05\/logo.svg","contentUrl":"https:\/\/rozewines.com\/app\/uploads\/2024\/05\/logo.svg","width":144,"height":68,"caption":"Roze wines"},"image":{"@id":"https:\/\/rozewines.com\/#\/schema\/logo\/image\/"}}]}},"_links":{"self":[{"href":"https:\/\/rozewines.com\/de\/wp-json\/wp\/v2\/product\/6324"}],"collection":[{"href":"https:\/\/rozewines.com\/de\/wp-json\/wp\/v2\/product"}],"about":[{"href":"https:\/\/rozewines.com\/de\/wp-json\/wp\/v2\/types\/product"}],"replies":[{"embeddable":true,"href":"https:\/\/rozewines.com\/de\/wp-json\/wp\/v2\/comments?post=6324"}],"wp:featuredmedia":[{"embeddable":true,"href":"https:\/\/rozewines.com\/de\/wp-json\/wp\/v2\/media\/6091"}],"wp:attachment":[{"href":"https:\/\/rozewines.com\/de\/wp-json\/wp\/v2\/media?parent=6324"}],"wp:term":[{"taxonomy":"brand","embeddable":true,"href":"https:\/\/rozewines.com\/de\/wp-json\/wp\/v2\/brand?post=6324"},{"taxonomy":"colour","embeddable":true,"href":"https:\/\/rozewines.com\/de\/wp-json\/wp\/v2\/colour?post=6324"},{"taxonomy":"flavour","embeddable":true,"href":"https:\/\/rozewines.com\/de\/wp-json\/wp\/v2\/flavour?post=6324"},{"taxonomy":"grape-variety","embeddable":true,"href":"https:\/\/rozewines.com\/de\/wp-json\/wp\/v2\/grape-variety?post=6324"},{"taxonomy":"harvest-year","embeddable":true,"href":"https:\/\/rozewines.com\/de\/wp-json\/wp\/v2\/harvest-year?post=6324"},{"taxonomy":"region","embeddable":true,"href":"https:\/\/rozewines.com\/de\/wp-json\/wp\/v2\/region?post=6324"},{"taxonomy":"size","embeddable":true,"href":"https:\/\/rozewines.com\/de\/wp-json\/wp\/v2\/size?post=6324"},{"taxonomy":"style","embeddable":true,"href":"https:\/\/rozewines.com\/de\/wp-json\/wp\/v2\/style?post=6324"},{"taxonomy":"technology","embeddable":true,"href":"https:\/\/rozewines.com\/de\/wp-json\/wp\/v2\/technology?post=6324"},{"taxonomy":"product_cat","embeddable":true,"href":"https:\/\/rozewines.com\/de\/wp-json\/wp\/v2\/product_cat?post=6324"},{"taxonomy":"product_tag","embeddable":true,"href":"https:\/\/rozewines.com\/de\/wp-json\/wp\/v2\/product_tag?post=6324"}],"curies":[{"name":"wp","href":"https:\/\/api.w.org\/{rel}","templated":true}]}}