{"id":6326,"date":"2024-08-13T08:39:10","date_gmt":"2024-08-13T08:39:10","guid":{"rendered":"https:\/\/rozewines.com\/product\/terrakisi-rose-cabernetfranc\/"},"modified":"2024-08-14T09:02:29","modified_gmt":"2024-08-14T09:02:29","slug":"terrakisi-rose-cabernetfranc","status":"publish","type":"product","link":"https:\/\/rozewines.com\/de\/produkt\/terrakisi-rose-cabernetfranc\/","title":{"rendered":"TERRAKISI ROSE CABERNET\nFRANC"},"content":{"rendered":"<p>Er hat eine blassrosa Farbe mit violetten Reflexen. Noten von roten Fr\u00fcchten, Erdbeeren, Himbeeren sind im Bouquet zu erkennen. Im Mund ist es ein frischer Wein mit hohem S\u00e4uregehalt, alle Aromen der Fr\u00fcchte, die wir in der Nase finden, erscheinen. Es ist immer noch ein ernsthafter Wein mit guter Struktur, Volumen und gro\u00dfer Ausdauer.<\/p>\n","protected":false},"excerpt":{"rendered":"<p>Er hat eine blassrosa Farbe mit violetten Reflexen. Noten von roten Fr\u00fcchten, Erdbeeren, Himbeeren sind im Bouquet zu erkennen. Im Mund ist es ein frischer Wein mit hohem S\u00e4uregehalt, alle Aromen der Fr\u00fcchte, die wir in der Nase finden, erscheinen. Es ist immer noch ein ernsthafter Wein mit guter Struktur, Volumen und gro\u00dfer Ausdauer.<\/p>\n","protected":false},"featured_media":6101,"comment_status":"closed","ping_status":"open","template":"","meta":{"_acf_changed":false},"brand":[1784],"colour":[1141],"flavour":[1080,1071,1529],"grape-variety":[],"harvest-year":[],"region":[1294],"size":[1598],"style":[1271],"technology":[],"product_cat":[1382],"product_tag":[],"ams_default_variation_id":0,"ams_product_points_reward":[],"ams_product_discount_percentage":0,"ams_price_to_display":17,"acf":[],"ams_acf":[{"key":"food_pairings","label":"Food pairings","value":"Lachs, Garnelen, Muscheln"},{"key":"alcohol_percentage","label":"Alcohol percentage","value":"11.5"}],"yoast_head":"<!-- This site is optimized with the Yoast SEO plugin v22.6 - https:\/\/yoast.com\/wordpress\/plugins\/seo\/ -->\n<title>TERRAKISI ROSE CABERNET FRANC - Roze wines<\/title>\n<meta name=\"robots\" content=\"index, follow, max-snippet:-1, max-image-preview:large, max-video-preview:-1\" \/>\n<link rel=\"canonical\" href=\"https:\/\/rozewines.com\/de\/produkt\/terrakisi-rose-cabernetfranc\/\" \/>\n<meta property=\"og:locale\" content=\"de_DE\" \/>\n<meta property=\"og:type\" content=\"article\" \/>\n<meta property=\"og:title\" content=\"TERRAKISI ROSE CABERNET FRANC - Roze wines\" \/>\n<meta property=\"og:description\" content=\"Er hat eine blassrosa Farbe mit violetten Reflexen. Noten von roten Fr\u00fcchten, Erdbeeren, Himbeeren sind im Bouquet zu erkennen. Im Mund ist es ein frischer Wein mit hohem S\u00e4uregehalt, alle Aromen der Fr\u00fcchte, die wir in der Nase finden, erscheinen. Es ist immer noch ein ernsthafter Wein mit guter Struktur, Volumen und gro\u00dfer Ausdauer.\" \/>\n<meta property=\"og:url\" content=\"https:\/\/rozewines.com\/de\/produkt\/terrakisi-rose-cabernetfranc\/\" \/>\n<meta property=\"og:site_name\" content=\"Roze wines\" \/>\n<meta property=\"article:modified_time\" content=\"2024-08-14T09:02:29+00:00\" \/>\n<meta property=\"og:image\" content=\"https:\/\/rozewines.com\/app\/uploads\/2024\/08\/TERRA-KISI-ROSE-CABERNET-scaled-1.jpg\" \/>\n\t<meta property=\"og:image:width\" content=\"2560\" \/>\n\t<meta property=\"og:image:height\" content=\"2560\" \/>\n\t<meta property=\"og:image:type\" content=\"image\/jpeg\" \/>\n<meta name=\"twitter:card\" content=\"summary_large_image\" \/>\n<script type=\"application\/ld+json\" class=\"yoast-schema-graph\">{\"@context\":\"https:\/\/schema.org\",\"@graph\":[{\"@type\":\"WebPage\",\"@id\":\"https:\/\/rozewines.com\/de\/produkt\/terrakisi-rose-cabernetfranc\/\",\"url\":\"https:\/\/rozewines.com\/de\/produkt\/terrakisi-rose-cabernetfranc\/\",\"name\":\"TERRAKISI ROSE CABERNET FRANC - Roze wines\",\"isPartOf\":{\"@id\":\"https:\/\/rozewines.com\/#website\"},\"primaryImageOfPage\":{\"@id\":\"https:\/\/rozewines.com\/de\/produkt\/terrakisi-rose-cabernetfranc\/#primaryimage\"},\"image\":{\"@id\":\"https:\/\/rozewines.com\/de\/produkt\/terrakisi-rose-cabernetfranc\/#primaryimage\"},\"thumbnailUrl\":\"https:\/\/rozewines.com\/app\/uploads\/2024\/08\/TERRA-KISI-ROSE-CABERNET-scaled-1.jpg\",\"datePublished\":\"2024-08-13T08:39:10+00:00\",\"dateModified\":\"2024-08-14T09:02:29+00:00\",\"breadcrumb\":{\"@id\":\"https:\/\/rozewines.com\/de\/produkt\/terrakisi-rose-cabernetfranc\/#breadcrumb\"},\"inLanguage\":\"de-DE\",\"potentialAction\":[{\"@type\":\"ReadAction\",\"target\":[\"https:\/\/rozewines.com\/de\/produkt\/terrakisi-rose-cabernetfranc\/\"]}]},{\"@type\":\"ImageObject\",\"inLanguage\":\"de-DE\",\"@id\":\"https:\/\/rozewines.com\/de\/produkt\/terrakisi-rose-cabernetfranc\/#primaryimage\",\"url\":\"https:\/\/rozewines.com\/app\/uploads\/2024\/08\/TERRA-KISI-ROSE-CABERNET-scaled-1.jpg\",\"contentUrl\":\"https:\/\/rozewines.com\/app\/uploads\/2024\/08\/TERRA-KISI-ROSE-CABERNET-scaled-1.jpg\",\"width\":2560,\"height\":2560},{\"@type\":\"BreadcrumbList\",\"@id\":\"https:\/\/rozewines.com\/de\/produkt\/terrakisi-rose-cabernetfranc\/#breadcrumb\",\"itemListElement\":[{\"@type\":\"ListItem\",\"position\":1,\"name\":\"Home\",\"item\":\"https:\/\/rozewines.com\/de\/\"},{\"@type\":\"ListItem\",\"position\":2,\"name\":\"Unsere Weine\",\"item\":\"https:\/\/rozewines.com\/de\/musu-vins\/\"},{\"@type\":\"ListItem\",\"position\":3,\"name\":\"TERRAKISI ROSE CABERNET FRANC\"}]},{\"@type\":\"WebSite\",\"@id\":\"https:\/\/rozewines.com\/#website\",\"url\":\"https:\/\/rozewines.com\/\",\"name\":\"Roze wines\",\"description\":\"\",\"publisher\":{\"@id\":\"https:\/\/rozewines.com\/#organization\"},\"potentialAction\":[{\"@type\":\"SearchAction\",\"target\":{\"@type\":\"EntryPoint\",\"urlTemplate\":\"https:\/\/rozewines.com\/?s={search_term_string}\"},\"query-input\":\"required name=search_term_string\"}],\"inLanguage\":\"de-DE\"},{\"@type\":\"Organization\",\"@id\":\"https:\/\/rozewines.com\/#organization\",\"name\":\"Roze wines\",\"url\":\"https:\/\/rozewines.com\/\",\"logo\":{\"@type\":\"ImageObject\",\"inLanguage\":\"de-DE\",\"@id\":\"https:\/\/rozewines.com\/#\/schema\/logo\/image\/\",\"url\":\"https:\/\/rozewines.com\/app\/uploads\/2024\/05\/logo.svg\",\"contentUrl\":\"https:\/\/rozewines.com\/app\/uploads\/2024\/05\/logo.svg\",\"width\":144,\"height\":68,\"caption\":\"Roze wines\"},\"image\":{\"@id\":\"https:\/\/rozewines.com\/#\/schema\/logo\/image\/\"}}]}<\/script>\n<!-- \/ Yoast SEO plugin. -->","yoast_head_json":{"title":"TERRAKISI ROSE CABERNET FRANC - Roze wines","robots":{"index":"index","follow":"follow","max-snippet":"max-snippet:-1","max-image-preview":"max-image-preview:large","max-video-preview":"max-video-preview:-1"},"canonical":"https:\/\/rozewines.com\/de\/produkt\/terrakisi-rose-cabernetfranc\/","og_locale":"de_DE","og_type":"article","og_title":"TERRAKISI ROSE CABERNET FRANC - Roze wines","og_description":"Er hat eine blassrosa Farbe mit violetten Reflexen. Noten von roten Fr\u00fcchten, Erdbeeren, Himbeeren sind im Bouquet zu erkennen. Im Mund ist es ein frischer Wein mit hohem S\u00e4uregehalt, alle Aromen der Fr\u00fcchte, die wir in der Nase finden, erscheinen. Es ist immer noch ein ernsthafter Wein mit guter Struktur, Volumen und gro\u00dfer Ausdauer.","og_url":"https:\/\/rozewines.com\/de\/produkt\/terrakisi-rose-cabernetfranc\/","og_site_name":"Roze wines","article_modified_time":"2024-08-14T09:02:29+00:00","og_image":[{"width":2560,"height":2560,"url":"https:\/\/rozewines.com\/app\/uploads\/2024\/08\/TERRA-KISI-ROSE-CABERNET-scaled-1.jpg","type":"image\/jpeg"}],"twitter_card":"summary_large_image","schema":{"@context":"https:\/\/schema.org","@graph":[{"@type":"WebPage","@id":"https:\/\/rozewines.com\/de\/produkt\/terrakisi-rose-cabernetfranc\/","url":"https:\/\/rozewines.com\/de\/produkt\/terrakisi-rose-cabernetfranc\/","name":"TERRAKISI ROSE CABERNET FRANC - Roze wines","isPartOf":{"@id":"https:\/\/rozewines.com\/#website"},"primaryImageOfPage":{"@id":"https:\/\/rozewines.com\/de\/produkt\/terrakisi-rose-cabernetfranc\/#primaryimage"},"image":{"@id":"https:\/\/rozewines.com\/de\/produkt\/terrakisi-rose-cabernetfranc\/#primaryimage"},"thumbnailUrl":"https:\/\/rozewines.com\/app\/uploads\/2024\/08\/TERRA-KISI-ROSE-CABERNET-scaled-1.jpg","datePublished":"2024-08-13T08:39:10+00:00","dateModified":"2024-08-14T09:02:29+00:00","breadcrumb":{"@id":"https:\/\/rozewines.com\/de\/produkt\/terrakisi-rose-cabernetfranc\/#breadcrumb"},"inLanguage":"de-DE","potentialAction":[{"@type":"ReadAction","target":["https:\/\/rozewines.com\/de\/produkt\/terrakisi-rose-cabernetfranc\/"]}]},{"@type":"ImageObject","inLanguage":"de-DE","@id":"https:\/\/rozewines.com\/de\/produkt\/terrakisi-rose-cabernetfranc\/#primaryimage","url":"https:\/\/rozewines.com\/app\/uploads\/2024\/08\/TERRA-KISI-ROSE-CABERNET-scaled-1.jpg","contentUrl":"https:\/\/rozewines.com\/app\/uploads\/2024\/08\/TERRA-KISI-ROSE-CABERNET-scaled-1.jpg","width":2560,"height":2560},{"@type":"BreadcrumbList","@id":"https:\/\/rozewines.com\/de\/produkt\/terrakisi-rose-cabernetfranc\/#breadcrumb","itemListElement":[{"@type":"ListItem","position":1,"name":"Home","item":"https:\/\/rozewines.com\/de\/"},{"@type":"ListItem","position":2,"name":"Unsere Weine","item":"https:\/\/rozewines.com\/de\/musu-vins\/"},{"@type":"ListItem","position":3,"name":"TERRAKISI ROSE CABERNET FRANC"}]},{"@type":"WebSite","@id":"https:\/\/rozewines.com\/#website","url":"https:\/\/rozewines.com\/","name":"Roze wines","description":"","publisher":{"@id":"https:\/\/rozewines.com\/#organization"},"potentialAction":[{"@type":"SearchAction","target":{"@type":"EntryPoint","urlTemplate":"https:\/\/rozewines.com\/?s={search_term_string}"},"query-input":"required name=search_term_string"}],"inLanguage":"de-DE"},{"@type":"Organization","@id":"https:\/\/rozewines.com\/#organization","name":"Roze wines","url":"https:\/\/rozewines.com\/","logo":{"@type":"ImageObject","inLanguage":"de-DE","@id":"https:\/\/rozewines.com\/#\/schema\/logo\/image\/","url":"https:\/\/rozewines.com\/app\/uploads\/2024\/05\/logo.svg","contentUrl":"https:\/\/rozewines.com\/app\/uploads\/2024\/05\/logo.svg","width":144,"height":68,"caption":"Roze wines"},"image":{"@id":"https:\/\/rozewines.com\/#\/schema\/logo\/image\/"}}]}},"_links":{"self":[{"href":"https:\/\/rozewines.com\/de\/wp-json\/wp\/v2\/product\/6326"}],"collection":[{"href":"https:\/\/rozewines.com\/de\/wp-json\/wp\/v2\/product"}],"about":[{"href":"https:\/\/rozewines.com\/de\/wp-json\/wp\/v2\/types\/product"}],"replies":[{"embeddable":true,"href":"https:\/\/rozewines.com\/de\/wp-json\/wp\/v2\/comments?post=6326"}],"wp:featuredmedia":[{"embeddable":true,"href":"https:\/\/rozewines.com\/de\/wp-json\/wp\/v2\/media\/6101"}],"wp:attachment":[{"href":"https:\/\/rozewines.com\/de\/wp-json\/wp\/v2\/media?parent=6326"}],"wp:term":[{"taxonomy":"brand","embeddable":true,"href":"https:\/\/rozewines.com\/de\/wp-json\/wp\/v2\/brand?post=6326"},{"taxonomy":"colour","embeddable":true,"href":"https:\/\/rozewines.com\/de\/wp-json\/wp\/v2\/colour?post=6326"},{"taxonomy":"flavour","embeddable":true,"href":"https:\/\/rozewines.com\/de\/wp-json\/wp\/v2\/flavour?post=6326"},{"taxonomy":"grape-variety","embeddable":true,"href":"https:\/\/rozewines.com\/de\/wp-json\/wp\/v2\/grape-variety?post=6326"},{"taxonomy":"harvest-year","embeddable":true,"href":"https:\/\/rozewines.com\/de\/wp-json\/wp\/v2\/harvest-year?post=6326"},{"taxonomy":"region","embeddable":true,"href":"https:\/\/rozewines.com\/de\/wp-json\/wp\/v2\/region?post=6326"},{"taxonomy":"size","embeddable":true,"href":"https:\/\/rozewines.com\/de\/wp-json\/wp\/v2\/size?post=6326"},{"taxonomy":"style","embeddable":true,"href":"https:\/\/rozewines.com\/de\/wp-json\/wp\/v2\/style?post=6326"},{"taxonomy":"technology","embeddable":true,"href":"https:\/\/rozewines.com\/de\/wp-json\/wp\/v2\/technology?post=6326"},{"taxonomy":"product_cat","embeddable":true,"href":"https:\/\/rozewines.com\/de\/wp-json\/wp\/v2\/product_cat?post=6326"},{"taxonomy":"product_tag","embeddable":true,"href":"https:\/\/rozewines.com\/de\/wp-json\/wp\/v2\/product_tag?post=6326"}],"curies":[{"name":"wp","href":"https:\/\/api.w.org\/{rel}","templated":true}]}}