{"id":6327,"date":"2024-08-13T08:39:10","date_gmt":"2024-08-13T08:39:10","guid":{"rendered":"https:\/\/rozewines.com\/product\/tiko-estate-mtsvane\/"},"modified":"2024-08-15T16:10:15","modified_gmt":"2024-08-15T16:10:15","slug":"tiko-estate-mtsvane","status":"publish","type":"product","link":"https:\/\/rozewines.com\/de\/produkt\/tiko-estate-mtsvane\/","title":{"rendered":"Tiko Estate Mtsvane"},"content":{"rendered":"<p>Der Mtsvane von Tiko Weingut wird aus einer der wei\u00dfen Alphatrauben aus Ostgeorgien hergestellt und verf\u00fchrt mit duftenden Aromen von wei\u00dfen Blumen, Aprikosenhaut und Zitronenbl\u00fcten. Am Gaumen entdecken Sie die K\u00f6stlichkeit von Zitronencurd, begleitet von einem zarten Hauch von wei\u00dfem Pfeffer und Obstgartenfr\u00fcchten, alles unterst\u00fctzt von einem ausgepr\u00e4gten mineralischen Hintergrund. Der Wein zeichnet sich durch eine bemerkenswerte L\u00e4nge und Persistenz aus, mit einer lebendigen Frucht, die nach einem warmen, mineralischen Mittelteil allm\u00e4hlich verblasst und in einen sch\u00f6n strukturierten Abgang m\u00fcndet.<\/p>\n","protected":false},"excerpt":{"rendered":"<p>Der Mtsvane von Tiko Weingut wird aus einer der wei\u00dfen Alphatrauben aus Ostgeorgien hergestellt und verf\u00fchrt mit duftenden Aromen von wei\u00dfen Blumen, Aprikosenhaut und Zitronenbl\u00fcten. Am Gaumen entdecken Sie die K\u00f6stlichkeit von Zitronencurd, begleitet von einem zarten Hauch von wei\u00dfem Pfeffer und Obstgartenfr\u00fcchten, alles unterst\u00fctzt von einem ausgepr\u00e4gten mineralischen Hintergrund. Der Wein zeichnet sich durch &hellip; <a href=\"https:\/\/rozewines.com\/de\/produkt\/tiko-estate-mtsvane\/\">Continued<\/a><\/p>\n","protected":false},"featured_media":6601,"comment_status":"closed","ping_status":"closed","template":"","meta":{"_acf_changed":false},"brand":[1818],"colour":[1143],"flavour":[1523,1531,1044],"grape-variety":[],"harvest-year":[],"region":[1294],"size":[1598],"style":[1271],"technology":[],"product_cat":[1382],"product_tag":[],"ams_default_variation_id":0,"ams_product_points_reward":[],"ams_product_discount_percentage":0,"ams_price_to_display":18,"acf":[],"ams_acf":[{"key":"food_pairings","label":"Food pairings","value":"Gemischte Pizza, Asiarollen"},{"key":"alcohol_percentage","label":"Alcohol percentage","value":"13"},{"key":"details","label":"Details","value":{"":null,"acidity":"3","body":"2","sweetness":"0","tannin":"1"}},{"key":"zero_sulfites","label":"Zero sulfites","value":false}],"yoast_head":"<!-- This site is optimized with the Yoast SEO plugin v22.6 - https:\/\/yoast.com\/wordpress\/plugins\/seo\/ -->\n<title>Tiko Estate Mtsvane - Roze wines<\/title>\n<meta name=\"robots\" content=\"index, follow, max-snippet:-1, max-image-preview:large, max-video-preview:-1\" \/>\n<link rel=\"canonical\" href=\"https:\/\/rozewines.com\/de\/produkt\/tiko-estate-mtsvane\/\" \/>\n<meta property=\"og:locale\" content=\"de_DE\" \/>\n<meta property=\"og:type\" content=\"article\" \/>\n<meta property=\"og:title\" content=\"Tiko Estate Mtsvane - Roze wines\" \/>\n<meta property=\"og:description\" content=\"Der Mtsvane von Tiko Weingut wird aus einer der wei\u00dfen Alphatrauben aus Ostgeorgien hergestellt und verf\u00fchrt mit duftenden Aromen von wei\u00dfen Blumen, Aprikosenhaut und Zitronenbl\u00fcten. Am Gaumen entdecken Sie die K\u00f6stlichkeit von Zitronencurd, begleitet von einem zarten Hauch von wei\u00dfem Pfeffer und Obstgartenfr\u00fcchten, alles unterst\u00fctzt von einem ausgepr\u00e4gten mineralischen Hintergrund. Der Wein zeichnet sich durch &hellip; Continued\" \/>\n<meta property=\"og:url\" content=\"https:\/\/rozewines.com\/de\/produkt\/tiko-estate-mtsvane\/\" \/>\n<meta property=\"og:site_name\" content=\"Roze wines\" \/>\n<meta property=\"article:modified_time\" content=\"2024-08-15T16:10:15+00:00\" \/>\n<meta property=\"og:image\" content=\"https:\/\/rozewines.com\/app\/uploads\/2024\/09\/Tiko-Estate-Mtsvane.jpg\" \/>\n\t<meta property=\"og:image:width\" content=\"7820\" \/>\n\t<meta property=\"og:image:height\" content=\"7820\" \/>\n\t<meta property=\"og:image:type\" content=\"image\/jpeg\" \/>\n<meta name=\"twitter:card\" content=\"summary_large_image\" \/>\n<script type=\"application\/ld+json\" class=\"yoast-schema-graph\">{\"@context\":\"https:\/\/schema.org\",\"@graph\":[{\"@type\":\"WebPage\",\"@id\":\"https:\/\/rozewines.com\/de\/produkt\/tiko-estate-mtsvane\/\",\"url\":\"https:\/\/rozewines.com\/de\/produkt\/tiko-estate-mtsvane\/\",\"name\":\"Tiko Estate Mtsvane - Roze wines\",\"isPartOf\":{\"@id\":\"https:\/\/rozewines.com\/#website\"},\"primaryImageOfPage\":{\"@id\":\"https:\/\/rozewines.com\/de\/produkt\/tiko-estate-mtsvane\/#primaryimage\"},\"image\":{\"@id\":\"https:\/\/rozewines.com\/de\/produkt\/tiko-estate-mtsvane\/#primaryimage\"},\"thumbnailUrl\":\"https:\/\/rozewines.com\/app\/uploads\/2024\/09\/Tiko-Estate-Mtsvane.jpg\",\"datePublished\":\"2024-08-13T08:39:10+00:00\",\"dateModified\":\"2024-08-15T16:10:15+00:00\",\"breadcrumb\":{\"@id\":\"https:\/\/rozewines.com\/de\/produkt\/tiko-estate-mtsvane\/#breadcrumb\"},\"inLanguage\":\"de-DE\",\"potentialAction\":[{\"@type\":\"ReadAction\",\"target\":[\"https:\/\/rozewines.com\/de\/produkt\/tiko-estate-mtsvane\/\"]}]},{\"@type\":\"ImageObject\",\"inLanguage\":\"de-DE\",\"@id\":\"https:\/\/rozewines.com\/de\/produkt\/tiko-estate-mtsvane\/#primaryimage\",\"url\":\"https:\/\/rozewines.com\/app\/uploads\/2024\/09\/Tiko-Estate-Mtsvane.jpg\",\"contentUrl\":\"https:\/\/rozewines.com\/app\/uploads\/2024\/09\/Tiko-Estate-Mtsvane.jpg\",\"width\":7820,\"height\":7820},{\"@type\":\"BreadcrumbList\",\"@id\":\"https:\/\/rozewines.com\/de\/produkt\/tiko-estate-mtsvane\/#breadcrumb\",\"itemListElement\":[{\"@type\":\"ListItem\",\"position\":1,\"name\":\"Home\",\"item\":\"https:\/\/rozewines.com\/de\/\"},{\"@type\":\"ListItem\",\"position\":2,\"name\":\"Unsere Weine\",\"item\":\"https:\/\/rozewines.com\/de\/musu-vins\/\"},{\"@type\":\"ListItem\",\"position\":3,\"name\":\"Tiko Estate Mtsvane\"}]},{\"@type\":\"WebSite\",\"@id\":\"https:\/\/rozewines.com\/#website\",\"url\":\"https:\/\/rozewines.com\/\",\"name\":\"Roze wines\",\"description\":\"\",\"publisher\":{\"@id\":\"https:\/\/rozewines.com\/#organization\"},\"potentialAction\":[{\"@type\":\"SearchAction\",\"target\":{\"@type\":\"EntryPoint\",\"urlTemplate\":\"https:\/\/rozewines.com\/?s={search_term_string}\"},\"query-input\":\"required name=search_term_string\"}],\"inLanguage\":\"de-DE\"},{\"@type\":\"Organization\",\"@id\":\"https:\/\/rozewines.com\/#organization\",\"name\":\"Roze wines\",\"url\":\"https:\/\/rozewines.com\/\",\"logo\":{\"@type\":\"ImageObject\",\"inLanguage\":\"de-DE\",\"@id\":\"https:\/\/rozewines.com\/#\/schema\/logo\/image\/\",\"url\":\"https:\/\/rozewines.com\/app\/uploads\/2024\/05\/logo.svg\",\"contentUrl\":\"https:\/\/rozewines.com\/app\/uploads\/2024\/05\/logo.svg\",\"width\":144,\"height\":68,\"caption\":\"Roze wines\"},\"image\":{\"@id\":\"https:\/\/rozewines.com\/#\/schema\/logo\/image\/\"}}]}<\/script>\n<!-- \/ Yoast SEO plugin. -->","yoast_head_json":{"title":"Tiko Estate Mtsvane - Roze wines","robots":{"index":"index","follow":"follow","max-snippet":"max-snippet:-1","max-image-preview":"max-image-preview:large","max-video-preview":"max-video-preview:-1"},"canonical":"https:\/\/rozewines.com\/de\/produkt\/tiko-estate-mtsvane\/","og_locale":"de_DE","og_type":"article","og_title":"Tiko Estate Mtsvane - Roze wines","og_description":"Der Mtsvane von Tiko Weingut wird aus einer der wei\u00dfen Alphatrauben aus Ostgeorgien hergestellt und verf\u00fchrt mit duftenden Aromen von wei\u00dfen Blumen, Aprikosenhaut und Zitronenbl\u00fcten. Am Gaumen entdecken Sie die K\u00f6stlichkeit von Zitronencurd, begleitet von einem zarten Hauch von wei\u00dfem Pfeffer und Obstgartenfr\u00fcchten, alles unterst\u00fctzt von einem ausgepr\u00e4gten mineralischen Hintergrund. Der Wein zeichnet sich durch &hellip; Continued","og_url":"https:\/\/rozewines.com\/de\/produkt\/tiko-estate-mtsvane\/","og_site_name":"Roze wines","article_modified_time":"2024-08-15T16:10:15+00:00","og_image":[{"width":7820,"height":7820,"url":"https:\/\/rozewines.com\/app\/uploads\/2024\/09\/Tiko-Estate-Mtsvane.jpg","type":"image\/jpeg"}],"twitter_card":"summary_large_image","schema":{"@context":"https:\/\/schema.org","@graph":[{"@type":"WebPage","@id":"https:\/\/rozewines.com\/de\/produkt\/tiko-estate-mtsvane\/","url":"https:\/\/rozewines.com\/de\/produkt\/tiko-estate-mtsvane\/","name":"Tiko Estate Mtsvane - Roze wines","isPartOf":{"@id":"https:\/\/rozewines.com\/#website"},"primaryImageOfPage":{"@id":"https:\/\/rozewines.com\/de\/produkt\/tiko-estate-mtsvane\/#primaryimage"},"image":{"@id":"https:\/\/rozewines.com\/de\/produkt\/tiko-estate-mtsvane\/#primaryimage"},"thumbnailUrl":"https:\/\/rozewines.com\/app\/uploads\/2024\/09\/Tiko-Estate-Mtsvane.jpg","datePublished":"2024-08-13T08:39:10+00:00","dateModified":"2024-08-15T16:10:15+00:00","breadcrumb":{"@id":"https:\/\/rozewines.com\/de\/produkt\/tiko-estate-mtsvane\/#breadcrumb"},"inLanguage":"de-DE","potentialAction":[{"@type":"ReadAction","target":["https:\/\/rozewines.com\/de\/produkt\/tiko-estate-mtsvane\/"]}]},{"@type":"ImageObject","inLanguage":"de-DE","@id":"https:\/\/rozewines.com\/de\/produkt\/tiko-estate-mtsvane\/#primaryimage","url":"https:\/\/rozewines.com\/app\/uploads\/2024\/09\/Tiko-Estate-Mtsvane.jpg","contentUrl":"https:\/\/rozewines.com\/app\/uploads\/2024\/09\/Tiko-Estate-Mtsvane.jpg","width":7820,"height":7820},{"@type":"BreadcrumbList","@id":"https:\/\/rozewines.com\/de\/produkt\/tiko-estate-mtsvane\/#breadcrumb","itemListElement":[{"@type":"ListItem","position":1,"name":"Home","item":"https:\/\/rozewines.com\/de\/"},{"@type":"ListItem","position":2,"name":"Unsere Weine","item":"https:\/\/rozewines.com\/de\/musu-vins\/"},{"@type":"ListItem","position":3,"name":"Tiko Estate Mtsvane"}]},{"@type":"WebSite","@id":"https:\/\/rozewines.com\/#website","url":"https:\/\/rozewines.com\/","name":"Roze wines","description":"","publisher":{"@id":"https:\/\/rozewines.com\/#organization"},"potentialAction":[{"@type":"SearchAction","target":{"@type":"EntryPoint","urlTemplate":"https:\/\/rozewines.com\/?s={search_term_string}"},"query-input":"required name=search_term_string"}],"inLanguage":"de-DE"},{"@type":"Organization","@id":"https:\/\/rozewines.com\/#organization","name":"Roze wines","url":"https:\/\/rozewines.com\/","logo":{"@type":"ImageObject","inLanguage":"de-DE","@id":"https:\/\/rozewines.com\/#\/schema\/logo\/image\/","url":"https:\/\/rozewines.com\/app\/uploads\/2024\/05\/logo.svg","contentUrl":"https:\/\/rozewines.com\/app\/uploads\/2024\/05\/logo.svg","width":144,"height":68,"caption":"Roze wines"},"image":{"@id":"https:\/\/rozewines.com\/#\/schema\/logo\/image\/"}}]}},"_links":{"self":[{"href":"https:\/\/rozewines.com\/de\/wp-json\/wp\/v2\/product\/6327"}],"collection":[{"href":"https:\/\/rozewines.com\/de\/wp-json\/wp\/v2\/product"}],"about":[{"href":"https:\/\/rozewines.com\/de\/wp-json\/wp\/v2\/types\/product"}],"replies":[{"embeddable":true,"href":"https:\/\/rozewines.com\/de\/wp-json\/wp\/v2\/comments?post=6327"}],"wp:featuredmedia":[{"embeddable":true,"href":"https:\/\/rozewines.com\/de\/wp-json\/wp\/v2\/media\/6601"}],"wp:attachment":[{"href":"https:\/\/rozewines.com\/de\/wp-json\/wp\/v2\/media?parent=6327"}],"wp:term":[{"taxonomy":"brand","embeddable":true,"href":"https:\/\/rozewines.com\/de\/wp-json\/wp\/v2\/brand?post=6327"},{"taxonomy":"colour","embeddable":true,"href":"https:\/\/rozewines.com\/de\/wp-json\/wp\/v2\/colour?post=6327"},{"taxonomy":"flavour","embeddable":true,"href":"https:\/\/rozewines.com\/de\/wp-json\/wp\/v2\/flavour?post=6327"},{"taxonomy":"grape-variety","embeddable":true,"href":"https:\/\/rozewines.com\/de\/wp-json\/wp\/v2\/grape-variety?post=6327"},{"taxonomy":"harvest-year","embeddable":true,"href":"https:\/\/rozewines.com\/de\/wp-json\/wp\/v2\/harvest-year?post=6327"},{"taxonomy":"region","embeddable":true,"href":"https:\/\/rozewines.com\/de\/wp-json\/wp\/v2\/region?post=6327"},{"taxonomy":"size","embeddable":true,"href":"https:\/\/rozewines.com\/de\/wp-json\/wp\/v2\/size?post=6327"},{"taxonomy":"style","embeddable":true,"href":"https:\/\/rozewines.com\/de\/wp-json\/wp\/v2\/style?post=6327"},{"taxonomy":"technology","embeddable":true,"href":"https:\/\/rozewines.com\/de\/wp-json\/wp\/v2\/technology?post=6327"},{"taxonomy":"product_cat","embeddable":true,"href":"https:\/\/rozewines.com\/de\/wp-json\/wp\/v2\/product_cat?post=6327"},{"taxonomy":"product_tag","embeddable":true,"href":"https:\/\/rozewines.com\/de\/wp-json\/wp\/v2\/product_tag?post=6327"}],"curies":[{"name":"wp","href":"https:\/\/api.w.org\/{rel}","templated":true}]}}