{"id":6329,"date":"2024-08-13T08:39:10","date_gmt":"2024-08-13T08:39:10","guid":{"rendered":"https:\/\/rozewines.com\/product\/tiko-estate-pet-nat\/"},"modified":"2024-08-14T09:02:28","modified_gmt":"2024-08-14T09:02:28","slug":"tiko-estate-pet-nat","status":"publish","type":"product","link":"https:\/\/rozewines.com\/de\/produkt\/tiko-estate-pet-nat\/","title":{"rendered":"Tiko Estate Pet Nat"},"content":{"rendered":"<p>Der Pet Nat von Tiko Weingut wird aus Trauben hergestellt, die in den Weinbergen der Region Kachetien ausgew\u00e4hlt werden, und wird w\u00e4hrend der G\u00e4rung in Flaschen abgef\u00fcllt, um die Blasenbildung zu f\u00f6rdern. Im Bouquet ist er frisch und leicht blumig, zeigt aber auch Aromen von Steinobst, gr\u00fcnem Apfel und Zitrusfr\u00fcchten. Am Gaumen ist er lebhaft, angenehm sprudelnd und mit einer guten Mineralit\u00e4t versehen. Er hat einen gem\u00e4\u00dfigten und perfekt ausgewogenen S\u00e4uregehalt und einen k\u00f6stlichen s\u00fc\u00dflichen Nachgeschmack.<\/p>\n","protected":false},"excerpt":{"rendered":"<p>Der Pet Nat von Tiko Weingut wird aus Trauben hergestellt, die in den Weinbergen der Region Kachetien ausgew\u00e4hlt werden, und wird w\u00e4hrend der G\u00e4rung in Flaschen abgef\u00fcllt, um die Blasenbildung zu f\u00f6rdern. Im Bouquet ist er frisch und leicht blumig, zeigt aber auch Aromen von Steinobst, gr\u00fcnem Apfel und Zitrusfr\u00fcchten. Am Gaumen ist er lebhaft, &hellip; <a href=\"https:\/\/rozewines.com\/de\/produkt\/tiko-estate-pet-nat\/\">Continued<\/a><\/p>\n","protected":false},"featured_media":6112,"comment_status":"closed","ping_status":"closed","template":"","meta":{"_acf_changed":false},"brand":[1818],"colour":[1143],"flavour":[1523,1048,1019],"grape-variety":[1350],"harvest-year":[],"region":[1294],"size":[1598],"style":[1271],"technology":[],"product_cat":[1382],"product_tag":[],"ams_default_variation_id":0,"ams_product_points_reward":[],"ams_product_discount_percentage":0,"ams_price_to_display":22.5,"acf":[],"ams_acf":[{"key":"food_pairings","label":"Food pairings","value":"Avocado-Salate, Garnelen, Muscheln"},{"key":"alcohol_percentage","label":"Alcohol percentage","value":"12"}],"yoast_head":"<!-- This site is optimized with the Yoast SEO plugin v22.6 - https:\/\/yoast.com\/wordpress\/plugins\/seo\/ -->\n<title>Tiko Estate Pet Nat - Roze wines<\/title>\n<meta name=\"robots\" content=\"index, follow, max-snippet:-1, max-image-preview:large, max-video-preview:-1\" \/>\n<link rel=\"canonical\" href=\"https:\/\/rozewines.com\/de\/produkt\/tiko-estate-pet-nat\/\" \/>\n<meta property=\"og:locale\" content=\"de_DE\" \/>\n<meta property=\"og:type\" content=\"article\" \/>\n<meta property=\"og:title\" content=\"Tiko Estate Pet Nat - Roze wines\" \/>\n<meta property=\"og:description\" content=\"Der Pet Nat von Tiko Weingut wird aus Trauben hergestellt, die in den Weinbergen der Region Kachetien ausgew\u00e4hlt werden, und wird w\u00e4hrend der G\u00e4rung in Flaschen abgef\u00fcllt, um die Blasenbildung zu f\u00f6rdern. Im Bouquet ist er frisch und leicht blumig, zeigt aber auch Aromen von Steinobst, gr\u00fcnem Apfel und Zitrusfr\u00fcchten. Am Gaumen ist er lebhaft, &hellip; Continued\" \/>\n<meta property=\"og:url\" content=\"https:\/\/rozewines.com\/de\/produkt\/tiko-estate-pet-nat\/\" \/>\n<meta property=\"og:site_name\" content=\"Roze wines\" \/>\n<meta property=\"article:modified_time\" content=\"2024-08-14T09:02:28+00:00\" \/>\n<meta property=\"og:image\" content=\"https:\/\/rozewines.com\/app\/uploads\/2024\/08\/Tiko-Estate-Pet-Nat-scaled-1.jpg\" \/>\n\t<meta property=\"og:image:width\" content=\"2560\" \/>\n\t<meta property=\"og:image:height\" content=\"2560\" \/>\n\t<meta property=\"og:image:type\" content=\"image\/jpeg\" \/>\n<meta name=\"twitter:card\" content=\"summary_large_image\" \/>\n<script type=\"application\/ld+json\" class=\"yoast-schema-graph\">{\"@context\":\"https:\/\/schema.org\",\"@graph\":[{\"@type\":\"WebPage\",\"@id\":\"https:\/\/rozewines.com\/de\/produkt\/tiko-estate-pet-nat\/\",\"url\":\"https:\/\/rozewines.com\/de\/produkt\/tiko-estate-pet-nat\/\",\"name\":\"Tiko Estate Pet Nat - Roze wines\",\"isPartOf\":{\"@id\":\"https:\/\/rozewines.com\/#website\"},\"primaryImageOfPage\":{\"@id\":\"https:\/\/rozewines.com\/de\/produkt\/tiko-estate-pet-nat\/#primaryimage\"},\"image\":{\"@id\":\"https:\/\/rozewines.com\/de\/produkt\/tiko-estate-pet-nat\/#primaryimage\"},\"thumbnailUrl\":\"https:\/\/rozewines.com\/app\/uploads\/2024\/08\/Tiko-Estate-Pet-Nat-scaled-1.jpg\",\"datePublished\":\"2024-08-13T08:39:10+00:00\",\"dateModified\":\"2024-08-14T09:02:28+00:00\",\"breadcrumb\":{\"@id\":\"https:\/\/rozewines.com\/de\/produkt\/tiko-estate-pet-nat\/#breadcrumb\"},\"inLanguage\":\"de-DE\",\"potentialAction\":[{\"@type\":\"ReadAction\",\"target\":[\"https:\/\/rozewines.com\/de\/produkt\/tiko-estate-pet-nat\/\"]}]},{\"@type\":\"ImageObject\",\"inLanguage\":\"de-DE\",\"@id\":\"https:\/\/rozewines.com\/de\/produkt\/tiko-estate-pet-nat\/#primaryimage\",\"url\":\"https:\/\/rozewines.com\/app\/uploads\/2024\/08\/Tiko-Estate-Pet-Nat-scaled-1.jpg\",\"contentUrl\":\"https:\/\/rozewines.com\/app\/uploads\/2024\/08\/Tiko-Estate-Pet-Nat-scaled-1.jpg\",\"width\":2560,\"height\":2560},{\"@type\":\"BreadcrumbList\",\"@id\":\"https:\/\/rozewines.com\/de\/produkt\/tiko-estate-pet-nat\/#breadcrumb\",\"itemListElement\":[{\"@type\":\"ListItem\",\"position\":1,\"name\":\"Home\",\"item\":\"https:\/\/rozewines.com\/de\/\"},{\"@type\":\"ListItem\",\"position\":2,\"name\":\"Unsere Weine\",\"item\":\"https:\/\/rozewines.com\/de\/musu-vins\/\"},{\"@type\":\"ListItem\",\"position\":3,\"name\":\"Tiko Estate Pet Nat\"}]},{\"@type\":\"WebSite\",\"@id\":\"https:\/\/rozewines.com\/#website\",\"url\":\"https:\/\/rozewines.com\/\",\"name\":\"Roze wines\",\"description\":\"\",\"publisher\":{\"@id\":\"https:\/\/rozewines.com\/#organization\"},\"potentialAction\":[{\"@type\":\"SearchAction\",\"target\":{\"@type\":\"EntryPoint\",\"urlTemplate\":\"https:\/\/rozewines.com\/?s={search_term_string}\"},\"query-input\":\"required name=search_term_string\"}],\"inLanguage\":\"de-DE\"},{\"@type\":\"Organization\",\"@id\":\"https:\/\/rozewines.com\/#organization\",\"name\":\"Roze wines\",\"url\":\"https:\/\/rozewines.com\/\",\"logo\":{\"@type\":\"ImageObject\",\"inLanguage\":\"de-DE\",\"@id\":\"https:\/\/rozewines.com\/#\/schema\/logo\/image\/\",\"url\":\"https:\/\/rozewines.com\/app\/uploads\/2024\/05\/logo.svg\",\"contentUrl\":\"https:\/\/rozewines.com\/app\/uploads\/2024\/05\/logo.svg\",\"width\":144,\"height\":68,\"caption\":\"Roze wines\"},\"image\":{\"@id\":\"https:\/\/rozewines.com\/#\/schema\/logo\/image\/\"}}]}<\/script>\n<!-- \/ Yoast SEO plugin. -->","yoast_head_json":{"title":"Tiko Estate Pet Nat - Roze wines","robots":{"index":"index","follow":"follow","max-snippet":"max-snippet:-1","max-image-preview":"max-image-preview:large","max-video-preview":"max-video-preview:-1"},"canonical":"https:\/\/rozewines.com\/de\/produkt\/tiko-estate-pet-nat\/","og_locale":"de_DE","og_type":"article","og_title":"Tiko Estate Pet Nat - Roze wines","og_description":"Der Pet Nat von Tiko Weingut wird aus Trauben hergestellt, die in den Weinbergen der Region Kachetien ausgew\u00e4hlt werden, und wird w\u00e4hrend der G\u00e4rung in Flaschen abgef\u00fcllt, um die Blasenbildung zu f\u00f6rdern. Im Bouquet ist er frisch und leicht blumig, zeigt aber auch Aromen von Steinobst, gr\u00fcnem Apfel und Zitrusfr\u00fcchten. Am Gaumen ist er lebhaft, &hellip; Continued","og_url":"https:\/\/rozewines.com\/de\/produkt\/tiko-estate-pet-nat\/","og_site_name":"Roze wines","article_modified_time":"2024-08-14T09:02:28+00:00","og_image":[{"width":2560,"height":2560,"url":"https:\/\/rozewines.com\/app\/uploads\/2024\/08\/Tiko-Estate-Pet-Nat-scaled-1.jpg","type":"image\/jpeg"}],"twitter_card":"summary_large_image","schema":{"@context":"https:\/\/schema.org","@graph":[{"@type":"WebPage","@id":"https:\/\/rozewines.com\/de\/produkt\/tiko-estate-pet-nat\/","url":"https:\/\/rozewines.com\/de\/produkt\/tiko-estate-pet-nat\/","name":"Tiko Estate Pet Nat - Roze wines","isPartOf":{"@id":"https:\/\/rozewines.com\/#website"},"primaryImageOfPage":{"@id":"https:\/\/rozewines.com\/de\/produkt\/tiko-estate-pet-nat\/#primaryimage"},"image":{"@id":"https:\/\/rozewines.com\/de\/produkt\/tiko-estate-pet-nat\/#primaryimage"},"thumbnailUrl":"https:\/\/rozewines.com\/app\/uploads\/2024\/08\/Tiko-Estate-Pet-Nat-scaled-1.jpg","datePublished":"2024-08-13T08:39:10+00:00","dateModified":"2024-08-14T09:02:28+00:00","breadcrumb":{"@id":"https:\/\/rozewines.com\/de\/produkt\/tiko-estate-pet-nat\/#breadcrumb"},"inLanguage":"de-DE","potentialAction":[{"@type":"ReadAction","target":["https:\/\/rozewines.com\/de\/produkt\/tiko-estate-pet-nat\/"]}]},{"@type":"ImageObject","inLanguage":"de-DE","@id":"https:\/\/rozewines.com\/de\/produkt\/tiko-estate-pet-nat\/#primaryimage","url":"https:\/\/rozewines.com\/app\/uploads\/2024\/08\/Tiko-Estate-Pet-Nat-scaled-1.jpg","contentUrl":"https:\/\/rozewines.com\/app\/uploads\/2024\/08\/Tiko-Estate-Pet-Nat-scaled-1.jpg","width":2560,"height":2560},{"@type":"BreadcrumbList","@id":"https:\/\/rozewines.com\/de\/produkt\/tiko-estate-pet-nat\/#breadcrumb","itemListElement":[{"@type":"ListItem","position":1,"name":"Home","item":"https:\/\/rozewines.com\/de\/"},{"@type":"ListItem","position":2,"name":"Unsere Weine","item":"https:\/\/rozewines.com\/de\/musu-vins\/"},{"@type":"ListItem","position":3,"name":"Tiko Estate Pet Nat"}]},{"@type":"WebSite","@id":"https:\/\/rozewines.com\/#website","url":"https:\/\/rozewines.com\/","name":"Roze wines","description":"","publisher":{"@id":"https:\/\/rozewines.com\/#organization"},"potentialAction":[{"@type":"SearchAction","target":{"@type":"EntryPoint","urlTemplate":"https:\/\/rozewines.com\/?s={search_term_string}"},"query-input":"required name=search_term_string"}],"inLanguage":"de-DE"},{"@type":"Organization","@id":"https:\/\/rozewines.com\/#organization","name":"Roze wines","url":"https:\/\/rozewines.com\/","logo":{"@type":"ImageObject","inLanguage":"de-DE","@id":"https:\/\/rozewines.com\/#\/schema\/logo\/image\/","url":"https:\/\/rozewines.com\/app\/uploads\/2024\/05\/logo.svg","contentUrl":"https:\/\/rozewines.com\/app\/uploads\/2024\/05\/logo.svg","width":144,"height":68,"caption":"Roze wines"},"image":{"@id":"https:\/\/rozewines.com\/#\/schema\/logo\/image\/"}}]}},"_links":{"self":[{"href":"https:\/\/rozewines.com\/de\/wp-json\/wp\/v2\/product\/6329"}],"collection":[{"href":"https:\/\/rozewines.com\/de\/wp-json\/wp\/v2\/product"}],"about":[{"href":"https:\/\/rozewines.com\/de\/wp-json\/wp\/v2\/types\/product"}],"replies":[{"embeddable":true,"href":"https:\/\/rozewines.com\/de\/wp-json\/wp\/v2\/comments?post=6329"}],"wp:featuredmedia":[{"embeddable":true,"href":"https:\/\/rozewines.com\/de\/wp-json\/wp\/v2\/media\/6112"}],"wp:attachment":[{"href":"https:\/\/rozewines.com\/de\/wp-json\/wp\/v2\/media?parent=6329"}],"wp:term":[{"taxonomy":"brand","embeddable":true,"href":"https:\/\/rozewines.com\/de\/wp-json\/wp\/v2\/brand?post=6329"},{"taxonomy":"colour","embeddable":true,"href":"https:\/\/rozewines.com\/de\/wp-json\/wp\/v2\/colour?post=6329"},{"taxonomy":"flavour","embeddable":true,"href":"https:\/\/rozewines.com\/de\/wp-json\/wp\/v2\/flavour?post=6329"},{"taxonomy":"grape-variety","embeddable":true,"href":"https:\/\/rozewines.com\/de\/wp-json\/wp\/v2\/grape-variety?post=6329"},{"taxonomy":"harvest-year","embeddable":true,"href":"https:\/\/rozewines.com\/de\/wp-json\/wp\/v2\/harvest-year?post=6329"},{"taxonomy":"region","embeddable":true,"href":"https:\/\/rozewines.com\/de\/wp-json\/wp\/v2\/region?post=6329"},{"taxonomy":"size","embeddable":true,"href":"https:\/\/rozewines.com\/de\/wp-json\/wp\/v2\/size?post=6329"},{"taxonomy":"style","embeddable":true,"href":"https:\/\/rozewines.com\/de\/wp-json\/wp\/v2\/style?post=6329"},{"taxonomy":"technology","embeddable":true,"href":"https:\/\/rozewines.com\/de\/wp-json\/wp\/v2\/technology?post=6329"},{"taxonomy":"product_cat","embeddable":true,"href":"https:\/\/rozewines.com\/de\/wp-json\/wp\/v2\/product_cat?post=6329"},{"taxonomy":"product_tag","embeddable":true,"href":"https:\/\/rozewines.com\/de\/wp-json\/wp\/v2\/product_tag?post=6329"}],"curies":[{"name":"wp","href":"https:\/\/api.w.org\/{rel}","templated":true}]}}