{"id":6335,"date":"2024-08-13T08:39:23","date_gmt":"2024-08-13T08:39:23","guid":{"rendered":"https:\/\/rozewines.com\/product\/zangaura-gviani\/"},"modified":"2024-08-14T09:02:25","modified_gmt":"2024-08-14T09:02:25","slug":"zangaura-gviani","status":"publish","type":"product","link":"https:\/\/rozewines.com\/de\/produkt\/zangaura-gviani\/","title":{"rendered":"Zangaura GVIANI"},"content":{"rendered":"<p>Der Zangaura Gviani tendiert zu Noten von wei\u00dfem Pfirsich, leichten Zitrusaromen und einem Hauch von Birne. Ein Hauch von Parf\u00fcm und eine leichte W\u00fcrze runden diesen leichten, leicht zu trinkenden Wei\u00dfwein ab, w\u00e4hrend Sie auch zus\u00e4tzliche Aromen von Gei\u00dfblatt, gr\u00fcnem Apfel oder sogar Grapefruit wahrnehmen k\u00f6nnen.<\/p>\n","protected":false},"excerpt":{"rendered":"<p>Der Zangaura Gviani tendiert zu Noten von wei\u00dfem Pfirsich, leichten Zitrusaromen und einem Hauch von Birne. Ein Hauch von Parf\u00fcm und eine leichte W\u00fcrze runden diesen leichten, leicht zu trinkenden Wei\u00dfwein ab, w\u00e4hrend Sie auch zus\u00e4tzliche Aromen von Gei\u00dfblatt, gr\u00fcnem Apfel oder sogar Grapefruit wahrnehmen k\u00f6nnen.<\/p>\n","protected":false},"featured_media":6142,"comment_status":"closed","ping_status":"closed","template":"","meta":{"_acf_changed":false},"brand":[1791],"colour":[1143],"flavour":[1063,1062],"grape-variety":[],"harvest-year":[],"region":[1294],"size":[1598],"style":[1271],"technology":[],"product_cat":[1382],"product_tag":[],"ams_default_variation_id":0,"ams_product_points_reward":[],"ams_product_discount_percentage":0,"ams_price_to_display":21.7,"acf":[],"ams_acf":[{"key":"food_pairings","label":"Food pairings","value":"Schweinefleisch Mtsvadi, Gebackener Karpfen"},{"key":"alcohol_percentage","label":"Alcohol percentage","value":"12"},{"key":"details","label":"Details","value":{"":null,"acidity":"2","body":"3","sweetness":"0","tannin":"0"}}],"yoast_head":"<!-- This site is optimized with the Yoast SEO plugin v22.6 - https:\/\/yoast.com\/wordpress\/plugins\/seo\/ -->\n<title>Zangaura GVIANI - Roze wines<\/title>\n<meta name=\"robots\" content=\"index, follow, max-snippet:-1, max-image-preview:large, max-video-preview:-1\" \/>\n<link rel=\"canonical\" href=\"https:\/\/rozewines.com\/de\/produkt\/zangaura-gviani\/\" \/>\n<meta property=\"og:locale\" content=\"de_DE\" \/>\n<meta property=\"og:type\" content=\"article\" \/>\n<meta property=\"og:title\" content=\"Zangaura GVIANI - Roze wines\" \/>\n<meta property=\"og:description\" content=\"Der Zangaura Gviani tendiert zu Noten von wei\u00dfem Pfirsich, leichten Zitrusaromen und einem Hauch von Birne. Ein Hauch von Parf\u00fcm und eine leichte W\u00fcrze runden diesen leichten, leicht zu trinkenden Wei\u00dfwein ab, w\u00e4hrend Sie auch zus\u00e4tzliche Aromen von Gei\u00dfblatt, gr\u00fcnem Apfel oder sogar Grapefruit wahrnehmen k\u00f6nnen.\" \/>\n<meta property=\"og:url\" content=\"https:\/\/rozewines.com\/de\/produkt\/zangaura-gviani\/\" \/>\n<meta property=\"og:site_name\" content=\"Roze wines\" \/>\n<meta property=\"article:modified_time\" content=\"2024-08-14T09:02:25+00:00\" \/>\n<meta property=\"og:image\" content=\"https:\/\/rozewines.com\/app\/uploads\/2024\/08\/Zangaura-GVIANI-scaled-1.jpg\" \/>\n\t<meta property=\"og:image:width\" content=\"2560\" \/>\n\t<meta property=\"og:image:height\" content=\"2560\" \/>\n\t<meta property=\"og:image:type\" content=\"image\/jpeg\" \/>\n<meta name=\"twitter:card\" content=\"summary_large_image\" \/>\n<script type=\"application\/ld+json\" class=\"yoast-schema-graph\">{\"@context\":\"https:\/\/schema.org\",\"@graph\":[{\"@type\":\"WebPage\",\"@id\":\"https:\/\/rozewines.com\/de\/produkt\/zangaura-gviani\/\",\"url\":\"https:\/\/rozewines.com\/de\/produkt\/zangaura-gviani\/\",\"name\":\"Zangaura GVIANI - Roze wines\",\"isPartOf\":{\"@id\":\"https:\/\/rozewines.com\/#website\"},\"primaryImageOfPage\":{\"@id\":\"https:\/\/rozewines.com\/de\/produkt\/zangaura-gviani\/#primaryimage\"},\"image\":{\"@id\":\"https:\/\/rozewines.com\/de\/produkt\/zangaura-gviani\/#primaryimage\"},\"thumbnailUrl\":\"https:\/\/rozewines.com\/app\/uploads\/2024\/08\/Zangaura-GVIANI-scaled-1.jpg\",\"datePublished\":\"2024-08-13T08:39:23+00:00\",\"dateModified\":\"2024-08-14T09:02:25+00:00\",\"breadcrumb\":{\"@id\":\"https:\/\/rozewines.com\/de\/produkt\/zangaura-gviani\/#breadcrumb\"},\"inLanguage\":\"de-DE\",\"potentialAction\":[{\"@type\":\"ReadAction\",\"target\":[\"https:\/\/rozewines.com\/de\/produkt\/zangaura-gviani\/\"]}]},{\"@type\":\"ImageObject\",\"inLanguage\":\"de-DE\",\"@id\":\"https:\/\/rozewines.com\/de\/produkt\/zangaura-gviani\/#primaryimage\",\"url\":\"https:\/\/rozewines.com\/app\/uploads\/2024\/08\/Zangaura-GVIANI-scaled-1.jpg\",\"contentUrl\":\"https:\/\/rozewines.com\/app\/uploads\/2024\/08\/Zangaura-GVIANI-scaled-1.jpg\",\"width\":2560,\"height\":2560},{\"@type\":\"BreadcrumbList\",\"@id\":\"https:\/\/rozewines.com\/de\/produkt\/zangaura-gviani\/#breadcrumb\",\"itemListElement\":[{\"@type\":\"ListItem\",\"position\":1,\"name\":\"Home\",\"item\":\"https:\/\/rozewines.com\/de\/\"},{\"@type\":\"ListItem\",\"position\":2,\"name\":\"Unsere Weine\",\"item\":\"https:\/\/rozewines.com\/de\/musu-vins\/\"},{\"@type\":\"ListItem\",\"position\":3,\"name\":\"Zangaura GVIANI\"}]},{\"@type\":\"WebSite\",\"@id\":\"https:\/\/rozewines.com\/#website\",\"url\":\"https:\/\/rozewines.com\/\",\"name\":\"Roze wines\",\"description\":\"\",\"publisher\":{\"@id\":\"https:\/\/rozewines.com\/#organization\"},\"potentialAction\":[{\"@type\":\"SearchAction\",\"target\":{\"@type\":\"EntryPoint\",\"urlTemplate\":\"https:\/\/rozewines.com\/?s={search_term_string}\"},\"query-input\":\"required name=search_term_string\"}],\"inLanguage\":\"de-DE\"},{\"@type\":\"Organization\",\"@id\":\"https:\/\/rozewines.com\/#organization\",\"name\":\"Roze wines\",\"url\":\"https:\/\/rozewines.com\/\",\"logo\":{\"@type\":\"ImageObject\",\"inLanguage\":\"de-DE\",\"@id\":\"https:\/\/rozewines.com\/#\/schema\/logo\/image\/\",\"url\":\"https:\/\/rozewines.com\/app\/uploads\/2024\/05\/logo.svg\",\"contentUrl\":\"https:\/\/rozewines.com\/app\/uploads\/2024\/05\/logo.svg\",\"width\":144,\"height\":68,\"caption\":\"Roze wines\"},\"image\":{\"@id\":\"https:\/\/rozewines.com\/#\/schema\/logo\/image\/\"}}]}<\/script>\n<!-- \/ Yoast SEO plugin. -->","yoast_head_json":{"title":"Zangaura GVIANI - Roze wines","robots":{"index":"index","follow":"follow","max-snippet":"max-snippet:-1","max-image-preview":"max-image-preview:large","max-video-preview":"max-video-preview:-1"},"canonical":"https:\/\/rozewines.com\/de\/produkt\/zangaura-gviani\/","og_locale":"de_DE","og_type":"article","og_title":"Zangaura GVIANI - Roze wines","og_description":"Der Zangaura Gviani tendiert zu Noten von wei\u00dfem Pfirsich, leichten Zitrusaromen und einem Hauch von Birne. Ein Hauch von Parf\u00fcm und eine leichte W\u00fcrze runden diesen leichten, leicht zu trinkenden Wei\u00dfwein ab, w\u00e4hrend Sie auch zus\u00e4tzliche Aromen von Gei\u00dfblatt, gr\u00fcnem Apfel oder sogar Grapefruit wahrnehmen k\u00f6nnen.","og_url":"https:\/\/rozewines.com\/de\/produkt\/zangaura-gviani\/","og_site_name":"Roze wines","article_modified_time":"2024-08-14T09:02:25+00:00","og_image":[{"width":2560,"height":2560,"url":"https:\/\/rozewines.com\/app\/uploads\/2024\/08\/Zangaura-GVIANI-scaled-1.jpg","type":"image\/jpeg"}],"twitter_card":"summary_large_image","schema":{"@context":"https:\/\/schema.org","@graph":[{"@type":"WebPage","@id":"https:\/\/rozewines.com\/de\/produkt\/zangaura-gviani\/","url":"https:\/\/rozewines.com\/de\/produkt\/zangaura-gviani\/","name":"Zangaura GVIANI - Roze wines","isPartOf":{"@id":"https:\/\/rozewines.com\/#website"},"primaryImageOfPage":{"@id":"https:\/\/rozewines.com\/de\/produkt\/zangaura-gviani\/#primaryimage"},"image":{"@id":"https:\/\/rozewines.com\/de\/produkt\/zangaura-gviani\/#primaryimage"},"thumbnailUrl":"https:\/\/rozewines.com\/app\/uploads\/2024\/08\/Zangaura-GVIANI-scaled-1.jpg","datePublished":"2024-08-13T08:39:23+00:00","dateModified":"2024-08-14T09:02:25+00:00","breadcrumb":{"@id":"https:\/\/rozewines.com\/de\/produkt\/zangaura-gviani\/#breadcrumb"},"inLanguage":"de-DE","potentialAction":[{"@type":"ReadAction","target":["https:\/\/rozewines.com\/de\/produkt\/zangaura-gviani\/"]}]},{"@type":"ImageObject","inLanguage":"de-DE","@id":"https:\/\/rozewines.com\/de\/produkt\/zangaura-gviani\/#primaryimage","url":"https:\/\/rozewines.com\/app\/uploads\/2024\/08\/Zangaura-GVIANI-scaled-1.jpg","contentUrl":"https:\/\/rozewines.com\/app\/uploads\/2024\/08\/Zangaura-GVIANI-scaled-1.jpg","width":2560,"height":2560},{"@type":"BreadcrumbList","@id":"https:\/\/rozewines.com\/de\/produkt\/zangaura-gviani\/#breadcrumb","itemListElement":[{"@type":"ListItem","position":1,"name":"Home","item":"https:\/\/rozewines.com\/de\/"},{"@type":"ListItem","position":2,"name":"Unsere Weine","item":"https:\/\/rozewines.com\/de\/musu-vins\/"},{"@type":"ListItem","position":3,"name":"Zangaura GVIANI"}]},{"@type":"WebSite","@id":"https:\/\/rozewines.com\/#website","url":"https:\/\/rozewines.com\/","name":"Roze wines","description":"","publisher":{"@id":"https:\/\/rozewines.com\/#organization"},"potentialAction":[{"@type":"SearchAction","target":{"@type":"EntryPoint","urlTemplate":"https:\/\/rozewines.com\/?s={search_term_string}"},"query-input":"required name=search_term_string"}],"inLanguage":"de-DE"},{"@type":"Organization","@id":"https:\/\/rozewines.com\/#organization","name":"Roze wines","url":"https:\/\/rozewines.com\/","logo":{"@type":"ImageObject","inLanguage":"de-DE","@id":"https:\/\/rozewines.com\/#\/schema\/logo\/image\/","url":"https:\/\/rozewines.com\/app\/uploads\/2024\/05\/logo.svg","contentUrl":"https:\/\/rozewines.com\/app\/uploads\/2024\/05\/logo.svg","width":144,"height":68,"caption":"Roze wines"},"image":{"@id":"https:\/\/rozewines.com\/#\/schema\/logo\/image\/"}}]}},"_links":{"self":[{"href":"https:\/\/rozewines.com\/de\/wp-json\/wp\/v2\/product\/6335"}],"collection":[{"href":"https:\/\/rozewines.com\/de\/wp-json\/wp\/v2\/product"}],"about":[{"href":"https:\/\/rozewines.com\/de\/wp-json\/wp\/v2\/types\/product"}],"replies":[{"embeddable":true,"href":"https:\/\/rozewines.com\/de\/wp-json\/wp\/v2\/comments?post=6335"}],"wp:featuredmedia":[{"embeddable":true,"href":"https:\/\/rozewines.com\/de\/wp-json\/wp\/v2\/media\/6142"}],"wp:attachment":[{"href":"https:\/\/rozewines.com\/de\/wp-json\/wp\/v2\/media?parent=6335"}],"wp:term":[{"taxonomy":"brand","embeddable":true,"href":"https:\/\/rozewines.com\/de\/wp-json\/wp\/v2\/brand?post=6335"},{"taxonomy":"colour","embeddable":true,"href":"https:\/\/rozewines.com\/de\/wp-json\/wp\/v2\/colour?post=6335"},{"taxonomy":"flavour","embeddable":true,"href":"https:\/\/rozewines.com\/de\/wp-json\/wp\/v2\/flavour?post=6335"},{"taxonomy":"grape-variety","embeddable":true,"href":"https:\/\/rozewines.com\/de\/wp-json\/wp\/v2\/grape-variety?post=6335"},{"taxonomy":"harvest-year","embeddable":true,"href":"https:\/\/rozewines.com\/de\/wp-json\/wp\/v2\/harvest-year?post=6335"},{"taxonomy":"region","embeddable":true,"href":"https:\/\/rozewines.com\/de\/wp-json\/wp\/v2\/region?post=6335"},{"taxonomy":"size","embeddable":true,"href":"https:\/\/rozewines.com\/de\/wp-json\/wp\/v2\/size?post=6335"},{"taxonomy":"style","embeddable":true,"href":"https:\/\/rozewines.com\/de\/wp-json\/wp\/v2\/style?post=6335"},{"taxonomy":"technology","embeddable":true,"href":"https:\/\/rozewines.com\/de\/wp-json\/wp\/v2\/technology?post=6335"},{"taxonomy":"product_cat","embeddable":true,"href":"https:\/\/rozewines.com\/de\/wp-json\/wp\/v2\/product_cat?post=6335"},{"taxonomy":"product_tag","embeddable":true,"href":"https:\/\/rozewines.com\/de\/wp-json\/wp\/v2\/product_tag?post=6335"}],"curies":[{"name":"wp","href":"https:\/\/api.w.org\/{rel}","templated":true}]}}