{"id":6336,"date":"2024-08-13T08:39:23","date_gmt":"2024-08-13T08:39:23","guid":{"rendered":"https:\/\/rozewines.com\/product\/zangaura-khikhvi\/"},"modified":"2024-08-14T09:02:25","modified_gmt":"2024-08-14T09:02:25","slug":"zangaura-khikhvi","status":"publish","type":"product","link":"https:\/\/rozewines.com\/de\/produkt\/zangaura-khikhvi\/","title":{"rendered":"Zangaura KHIKHVI"},"content":{"rendered":"<p>Zangaura Khikhvi, ein lieblicher Wein, wird aus speziell ausgew\u00e4hlten Khikhvi-Trauben hergestellt. Aufgrund des warmen Klimas hat er einen hohen Anteil an nat\u00fcrlicher S\u00fc\u00dfe. Er hat eine klare blassgoldene Farbe und bietet dominante Aromen von Kiwi, gr\u00fcnem Apfel, Pfirsich und ger\u00f6steten N\u00fcssen. Das frische Aroma verbindet sich k\u00f6stlich mit seinem samtig-s\u00fc\u00dfen Geschmack.<\/p>\n","protected":false},"excerpt":{"rendered":"<p>Zangaura Khikhvi, ein lieblicher Wein, wird aus speziell ausgew\u00e4hlten Khikhvi-Trauben hergestellt. Aufgrund des warmen Klimas hat er einen hohen Anteil an nat\u00fcrlicher S\u00fc\u00dfe. Er hat eine klare blassgoldene Farbe und bietet dominante Aromen von Kiwi, gr\u00fcnem Apfel, Pfirsich und ger\u00f6steten N\u00fcssen. Das frische Aroma verbindet sich k\u00f6stlich mit seinem samtig-s\u00fc\u00dfen Geschmack.<\/p>\n","protected":false},"featured_media":6147,"comment_status":"closed","ping_status":"closed","template":"","meta":{"_acf_changed":false},"brand":[1791],"colour":[1143],"flavour":[1052,1062,1077],"grape-variety":[1350],"harvest-year":[],"region":[1294],"size":[1598],"style":[1270],"technology":[],"product_cat":[1382],"product_tag":[],"ams_default_variation_id":0,"ams_product_points_reward":[],"ams_product_discount_percentage":0,"ams_price_to_display":24,"acf":[],"ams_acf":[{"key":"food_pairings","label":"Food pairings","value":"Brath\u00e4hnchen, Blauschimmelk\u00e4se"},{"key":"alcohol_percentage","label":"Alcohol percentage","value":"14"}],"yoast_head":"<!-- This site is optimized with the Yoast SEO plugin v22.6 - https:\/\/yoast.com\/wordpress\/plugins\/seo\/ -->\n<title>Zangaura KHIKHVI - Roze wines<\/title>\n<meta name=\"robots\" content=\"index, follow, max-snippet:-1, max-image-preview:large, max-video-preview:-1\" \/>\n<link rel=\"canonical\" href=\"https:\/\/rozewines.com\/de\/produkt\/zangaura-khikhvi\/\" \/>\n<meta property=\"og:locale\" content=\"de_DE\" \/>\n<meta property=\"og:type\" content=\"article\" \/>\n<meta property=\"og:title\" content=\"Zangaura KHIKHVI - Roze wines\" \/>\n<meta property=\"og:description\" content=\"Zangaura Khikhvi, ein lieblicher Wein, wird aus speziell ausgew\u00e4hlten Khikhvi-Trauben hergestellt. Aufgrund des warmen Klimas hat er einen hohen Anteil an nat\u00fcrlicher S\u00fc\u00dfe. Er hat eine klare blassgoldene Farbe und bietet dominante Aromen von Kiwi, gr\u00fcnem Apfel, Pfirsich und ger\u00f6steten N\u00fcssen. Das frische Aroma verbindet sich k\u00f6stlich mit seinem samtig-s\u00fc\u00dfen Geschmack.\" \/>\n<meta property=\"og:url\" content=\"https:\/\/rozewines.com\/de\/produkt\/zangaura-khikhvi\/\" \/>\n<meta property=\"og:site_name\" content=\"Roze wines\" \/>\n<meta property=\"article:modified_time\" content=\"2024-08-14T09:02:25+00:00\" \/>\n<meta property=\"og:image\" content=\"https:\/\/rozewines.com\/app\/uploads\/2024\/08\/Zangaura-KHIKHVI-scaled-1.jpg\" \/>\n\t<meta property=\"og:image:width\" content=\"2560\" \/>\n\t<meta property=\"og:image:height\" content=\"2560\" \/>\n\t<meta property=\"og:image:type\" content=\"image\/jpeg\" \/>\n<meta name=\"twitter:card\" content=\"summary_large_image\" \/>\n<script type=\"application\/ld+json\" class=\"yoast-schema-graph\">{\"@context\":\"https:\/\/schema.org\",\"@graph\":[{\"@type\":\"WebPage\",\"@id\":\"https:\/\/rozewines.com\/de\/produkt\/zangaura-khikhvi\/\",\"url\":\"https:\/\/rozewines.com\/de\/produkt\/zangaura-khikhvi\/\",\"name\":\"Zangaura KHIKHVI - Roze wines\",\"isPartOf\":{\"@id\":\"https:\/\/rozewines.com\/#website\"},\"primaryImageOfPage\":{\"@id\":\"https:\/\/rozewines.com\/de\/produkt\/zangaura-khikhvi\/#primaryimage\"},\"image\":{\"@id\":\"https:\/\/rozewines.com\/de\/produkt\/zangaura-khikhvi\/#primaryimage\"},\"thumbnailUrl\":\"https:\/\/rozewines.com\/app\/uploads\/2024\/08\/Zangaura-KHIKHVI-scaled-1.jpg\",\"datePublished\":\"2024-08-13T08:39:23+00:00\",\"dateModified\":\"2024-08-14T09:02:25+00:00\",\"breadcrumb\":{\"@id\":\"https:\/\/rozewines.com\/de\/produkt\/zangaura-khikhvi\/#breadcrumb\"},\"inLanguage\":\"de-DE\",\"potentialAction\":[{\"@type\":\"ReadAction\",\"target\":[\"https:\/\/rozewines.com\/de\/produkt\/zangaura-khikhvi\/\"]}]},{\"@type\":\"ImageObject\",\"inLanguage\":\"de-DE\",\"@id\":\"https:\/\/rozewines.com\/de\/produkt\/zangaura-khikhvi\/#primaryimage\",\"url\":\"https:\/\/rozewines.com\/app\/uploads\/2024\/08\/Zangaura-KHIKHVI-scaled-1.jpg\",\"contentUrl\":\"https:\/\/rozewines.com\/app\/uploads\/2024\/08\/Zangaura-KHIKHVI-scaled-1.jpg\",\"width\":2560,\"height\":2560},{\"@type\":\"BreadcrumbList\",\"@id\":\"https:\/\/rozewines.com\/de\/produkt\/zangaura-khikhvi\/#breadcrumb\",\"itemListElement\":[{\"@type\":\"ListItem\",\"position\":1,\"name\":\"Home\",\"item\":\"https:\/\/rozewines.com\/de\/\"},{\"@type\":\"ListItem\",\"position\":2,\"name\":\"Unsere Weine\",\"item\":\"https:\/\/rozewines.com\/de\/musu-vins\/\"},{\"@type\":\"ListItem\",\"position\":3,\"name\":\"Zangaura KHIKHVI\"}]},{\"@type\":\"WebSite\",\"@id\":\"https:\/\/rozewines.com\/#website\",\"url\":\"https:\/\/rozewines.com\/\",\"name\":\"Roze wines\",\"description\":\"\",\"publisher\":{\"@id\":\"https:\/\/rozewines.com\/#organization\"},\"potentialAction\":[{\"@type\":\"SearchAction\",\"target\":{\"@type\":\"EntryPoint\",\"urlTemplate\":\"https:\/\/rozewines.com\/?s={search_term_string}\"},\"query-input\":\"required name=search_term_string\"}],\"inLanguage\":\"de-DE\"},{\"@type\":\"Organization\",\"@id\":\"https:\/\/rozewines.com\/#organization\",\"name\":\"Roze wines\",\"url\":\"https:\/\/rozewines.com\/\",\"logo\":{\"@type\":\"ImageObject\",\"inLanguage\":\"de-DE\",\"@id\":\"https:\/\/rozewines.com\/#\/schema\/logo\/image\/\",\"url\":\"https:\/\/rozewines.com\/app\/uploads\/2024\/05\/logo.svg\",\"contentUrl\":\"https:\/\/rozewines.com\/app\/uploads\/2024\/05\/logo.svg\",\"width\":144,\"height\":68,\"caption\":\"Roze wines\"},\"image\":{\"@id\":\"https:\/\/rozewines.com\/#\/schema\/logo\/image\/\"}}]}<\/script>\n<!-- \/ Yoast SEO plugin. -->","yoast_head_json":{"title":"Zangaura KHIKHVI - Roze wines","robots":{"index":"index","follow":"follow","max-snippet":"max-snippet:-1","max-image-preview":"max-image-preview:large","max-video-preview":"max-video-preview:-1"},"canonical":"https:\/\/rozewines.com\/de\/produkt\/zangaura-khikhvi\/","og_locale":"de_DE","og_type":"article","og_title":"Zangaura KHIKHVI - Roze wines","og_description":"Zangaura Khikhvi, ein lieblicher Wein, wird aus speziell ausgew\u00e4hlten Khikhvi-Trauben hergestellt. Aufgrund des warmen Klimas hat er einen hohen Anteil an nat\u00fcrlicher S\u00fc\u00dfe. Er hat eine klare blassgoldene Farbe und bietet dominante Aromen von Kiwi, gr\u00fcnem Apfel, Pfirsich und ger\u00f6steten N\u00fcssen. Das frische Aroma verbindet sich k\u00f6stlich mit seinem samtig-s\u00fc\u00dfen Geschmack.","og_url":"https:\/\/rozewines.com\/de\/produkt\/zangaura-khikhvi\/","og_site_name":"Roze wines","article_modified_time":"2024-08-14T09:02:25+00:00","og_image":[{"width":2560,"height":2560,"url":"https:\/\/rozewines.com\/app\/uploads\/2024\/08\/Zangaura-KHIKHVI-scaled-1.jpg","type":"image\/jpeg"}],"twitter_card":"summary_large_image","schema":{"@context":"https:\/\/schema.org","@graph":[{"@type":"WebPage","@id":"https:\/\/rozewines.com\/de\/produkt\/zangaura-khikhvi\/","url":"https:\/\/rozewines.com\/de\/produkt\/zangaura-khikhvi\/","name":"Zangaura KHIKHVI - Roze wines","isPartOf":{"@id":"https:\/\/rozewines.com\/#website"},"primaryImageOfPage":{"@id":"https:\/\/rozewines.com\/de\/produkt\/zangaura-khikhvi\/#primaryimage"},"image":{"@id":"https:\/\/rozewines.com\/de\/produkt\/zangaura-khikhvi\/#primaryimage"},"thumbnailUrl":"https:\/\/rozewines.com\/app\/uploads\/2024\/08\/Zangaura-KHIKHVI-scaled-1.jpg","datePublished":"2024-08-13T08:39:23+00:00","dateModified":"2024-08-14T09:02:25+00:00","breadcrumb":{"@id":"https:\/\/rozewines.com\/de\/produkt\/zangaura-khikhvi\/#breadcrumb"},"inLanguage":"de-DE","potentialAction":[{"@type":"ReadAction","target":["https:\/\/rozewines.com\/de\/produkt\/zangaura-khikhvi\/"]}]},{"@type":"ImageObject","inLanguage":"de-DE","@id":"https:\/\/rozewines.com\/de\/produkt\/zangaura-khikhvi\/#primaryimage","url":"https:\/\/rozewines.com\/app\/uploads\/2024\/08\/Zangaura-KHIKHVI-scaled-1.jpg","contentUrl":"https:\/\/rozewines.com\/app\/uploads\/2024\/08\/Zangaura-KHIKHVI-scaled-1.jpg","width":2560,"height":2560},{"@type":"BreadcrumbList","@id":"https:\/\/rozewines.com\/de\/produkt\/zangaura-khikhvi\/#breadcrumb","itemListElement":[{"@type":"ListItem","position":1,"name":"Home","item":"https:\/\/rozewines.com\/de\/"},{"@type":"ListItem","position":2,"name":"Unsere Weine","item":"https:\/\/rozewines.com\/de\/musu-vins\/"},{"@type":"ListItem","position":3,"name":"Zangaura KHIKHVI"}]},{"@type":"WebSite","@id":"https:\/\/rozewines.com\/#website","url":"https:\/\/rozewines.com\/","name":"Roze wines","description":"","publisher":{"@id":"https:\/\/rozewines.com\/#organization"},"potentialAction":[{"@type":"SearchAction","target":{"@type":"EntryPoint","urlTemplate":"https:\/\/rozewines.com\/?s={search_term_string}"},"query-input":"required name=search_term_string"}],"inLanguage":"de-DE"},{"@type":"Organization","@id":"https:\/\/rozewines.com\/#organization","name":"Roze wines","url":"https:\/\/rozewines.com\/","logo":{"@type":"ImageObject","inLanguage":"de-DE","@id":"https:\/\/rozewines.com\/#\/schema\/logo\/image\/","url":"https:\/\/rozewines.com\/app\/uploads\/2024\/05\/logo.svg","contentUrl":"https:\/\/rozewines.com\/app\/uploads\/2024\/05\/logo.svg","width":144,"height":68,"caption":"Roze wines"},"image":{"@id":"https:\/\/rozewines.com\/#\/schema\/logo\/image\/"}}]}},"_links":{"self":[{"href":"https:\/\/rozewines.com\/de\/wp-json\/wp\/v2\/product\/6336"}],"collection":[{"href":"https:\/\/rozewines.com\/de\/wp-json\/wp\/v2\/product"}],"about":[{"href":"https:\/\/rozewines.com\/de\/wp-json\/wp\/v2\/types\/product"}],"replies":[{"embeddable":true,"href":"https:\/\/rozewines.com\/de\/wp-json\/wp\/v2\/comments?post=6336"}],"wp:featuredmedia":[{"embeddable":true,"href":"https:\/\/rozewines.com\/de\/wp-json\/wp\/v2\/media\/6147"}],"wp:attachment":[{"href":"https:\/\/rozewines.com\/de\/wp-json\/wp\/v2\/media?parent=6336"}],"wp:term":[{"taxonomy":"brand","embeddable":true,"href":"https:\/\/rozewines.com\/de\/wp-json\/wp\/v2\/brand?post=6336"},{"taxonomy":"colour","embeddable":true,"href":"https:\/\/rozewines.com\/de\/wp-json\/wp\/v2\/colour?post=6336"},{"taxonomy":"flavour","embeddable":true,"href":"https:\/\/rozewines.com\/de\/wp-json\/wp\/v2\/flavour?post=6336"},{"taxonomy":"grape-variety","embeddable":true,"href":"https:\/\/rozewines.com\/de\/wp-json\/wp\/v2\/grape-variety?post=6336"},{"taxonomy":"harvest-year","embeddable":true,"href":"https:\/\/rozewines.com\/de\/wp-json\/wp\/v2\/harvest-year?post=6336"},{"taxonomy":"region","embeddable":true,"href":"https:\/\/rozewines.com\/de\/wp-json\/wp\/v2\/region?post=6336"},{"taxonomy":"size","embeddable":true,"href":"https:\/\/rozewines.com\/de\/wp-json\/wp\/v2\/size?post=6336"},{"taxonomy":"style","embeddable":true,"href":"https:\/\/rozewines.com\/de\/wp-json\/wp\/v2\/style?post=6336"},{"taxonomy":"technology","embeddable":true,"href":"https:\/\/rozewines.com\/de\/wp-json\/wp\/v2\/technology?post=6336"},{"taxonomy":"product_cat","embeddable":true,"href":"https:\/\/rozewines.com\/de\/wp-json\/wp\/v2\/product_cat?post=6336"},{"taxonomy":"product_tag","embeddable":true,"href":"https:\/\/rozewines.com\/de\/wp-json\/wp\/v2\/product_tag?post=6336"}],"curies":[{"name":"wp","href":"https:\/\/api.w.org\/{rel}","templated":true}]}}