{"id":6534,"date":"2024-08-31T11:32:25","date_gmt":"2024-08-31T11:32:25","guid":{"rendered":"https:\/\/rozewines.com\/product\/chateau-grw-khvanchkara\/"},"modified":"2024-09-11T08:11:51","modified_gmt":"2024-09-11T08:11:51","slug":"chateau-grw-khvanchkara","status":"publish","type":"product","link":"https:\/\/rozewines.com\/de\/produkt\/chateau-grw-khvanchkara\/","title":{"rendered":"GRW &#8211; Khvanchkara"},"content":{"rendered":"<p>Begeben Sie sich auf eine Genussreise mit GRW Khvanchkara , einem lieblichen Edelstein, der f\u00fcr seine Weichheit und Leichtigkeit gesch\u00e4tzt wird. Genie\u00dfen Sie das Bouquet von reifen Erdbeeren, Lakritze und roten Kirschen. Dieser bezaubernde Wein verspricht eine harmonische Verschmelzung von Aromen, perfekt f\u00fcr Momente der gl\u00fcckseligen Entspannung.<\/p>\n","protected":false},"excerpt":{"rendered":"<p>Begeben Sie sich auf eine Genussreise mit GRW Khvanchkara , einem lieblichen Edelstein, der f\u00fcr seine Weichheit und Leichtigkeit gesch\u00e4tzt wird. Genie\u00dfen Sie das Bouquet von reifen Erdbeeren, Lakritze und roten Kirschen. Dieser bezaubernde Wein verspricht eine harmonische Verschmelzung von Aromen, perfekt f\u00fcr Momente der gl\u00fcckseligen Entspannung.<\/p>\n","protected":false},"featured_media":6593,"comment_status":"closed","ping_status":"closed","template":"","meta":{"_acf_changed":false},"brand":[1814],"colour":[1140],"flavour":[1080,1010,1050],"grape-variety":[1673],"harvest-year":[],"region":[1292],"size":[1598],"style":[1270],"technology":[1116],"product_cat":[1382],"product_tag":[],"ams_default_variation_id":0,"ams_product_points_reward":[],"ams_product_discount_percentage":0,"ams_price_to_display":20,"acf":[],"ams_acf":[{"key":"food_pairings","label":"Food pairings","value":"Brie oder Camembert, Salat mit Erdbeeren"},{"key":"alcohol_percentage","label":"Alcohol percentage","value":"11.5"},{"key":"details","label":"Details","value":{"":null,"acidity":"2","body":"2","sweetness":"4","tannin":"2"}}],"yoast_head":"<!-- This site is optimized with the Yoast SEO plugin v22.6 - https:\/\/yoast.com\/wordpress\/plugins\/seo\/ -->\n<title>GRW - Khvanchkara - Roze wines<\/title>\n<meta name=\"robots\" content=\"index, follow, max-snippet:-1, max-image-preview:large, max-video-preview:-1\" \/>\n<link rel=\"canonical\" href=\"https:\/\/rozewines.com\/de\/produkt\/chateau-grw-khvanchkara\/\" \/>\n<meta property=\"og:locale\" content=\"de_DE\" \/>\n<meta property=\"og:type\" content=\"article\" \/>\n<meta property=\"og:title\" content=\"GRW - Khvanchkara - Roze wines\" \/>\n<meta property=\"og:description\" content=\"Begeben Sie sich auf eine Genussreise mit GRW Khvanchkara , einem lieblichen Edelstein, der f\u00fcr seine Weichheit und Leichtigkeit gesch\u00e4tzt wird. Genie\u00dfen Sie das Bouquet von reifen Erdbeeren, Lakritze und roten Kirschen. Dieser bezaubernde Wein verspricht eine harmonische Verschmelzung von Aromen, perfekt f\u00fcr Momente der gl\u00fcckseligen Entspannung.\" \/>\n<meta property=\"og:url\" content=\"https:\/\/rozewines.com\/de\/produkt\/chateau-grw-khvanchkara\/\" \/>\n<meta property=\"og:site_name\" content=\"Roze wines\" \/>\n<meta property=\"article:modified_time\" content=\"2024-09-11T08:11:51+00:00\" \/>\n<meta property=\"og:image\" content=\"https:\/\/rozewines.com\/app\/uploads\/2024\/09\/Chateau-GRW-Khvanchkara-scaled.jpg\" \/>\n\t<meta property=\"og:image:width\" content=\"2560\" \/>\n\t<meta property=\"og:image:height\" content=\"2560\" \/>\n\t<meta property=\"og:image:type\" content=\"image\/jpeg\" \/>\n<meta name=\"twitter:card\" content=\"summary_large_image\" \/>\n<meta name=\"twitter:label1\" content=\"Est. reading time\" \/>\n\t<meta name=\"twitter:data1\" content=\"1 minute\" \/>\n<script type=\"application\/ld+json\" class=\"yoast-schema-graph\">{\"@context\":\"https:\/\/schema.org\",\"@graph\":[{\"@type\":\"WebPage\",\"@id\":\"https:\/\/rozewines.com\/de\/produkt\/chateau-grw-khvanchkara\/\",\"url\":\"https:\/\/rozewines.com\/de\/produkt\/chateau-grw-khvanchkara\/\",\"name\":\"GRW - Khvanchkara - Roze wines\",\"isPartOf\":{\"@id\":\"https:\/\/rozewines.com\/#website\"},\"primaryImageOfPage\":{\"@id\":\"https:\/\/rozewines.com\/de\/produkt\/chateau-grw-khvanchkara\/#primaryimage\"},\"image\":{\"@id\":\"https:\/\/rozewines.com\/de\/produkt\/chateau-grw-khvanchkara\/#primaryimage\"},\"thumbnailUrl\":\"https:\/\/rozewines.com\/app\/uploads\/2024\/09\/Chateau-GRW-Khvanchkara-scaled.jpg\",\"datePublished\":\"2024-08-31T11:32:25+00:00\",\"dateModified\":\"2024-09-11T08:11:51+00:00\",\"breadcrumb\":{\"@id\":\"https:\/\/rozewines.com\/de\/produkt\/chateau-grw-khvanchkara\/#breadcrumb\"},\"inLanguage\":\"de-DE\",\"potentialAction\":[{\"@type\":\"ReadAction\",\"target\":[\"https:\/\/rozewines.com\/de\/produkt\/chateau-grw-khvanchkara\/\"]}]},{\"@type\":\"ImageObject\",\"inLanguage\":\"de-DE\",\"@id\":\"https:\/\/rozewines.com\/de\/produkt\/chateau-grw-khvanchkara\/#primaryimage\",\"url\":\"https:\/\/rozewines.com\/app\/uploads\/2024\/09\/Chateau-GRW-Khvanchkara-scaled.jpg\",\"contentUrl\":\"https:\/\/rozewines.com\/app\/uploads\/2024\/09\/Chateau-GRW-Khvanchkara-scaled.jpg\",\"width\":2560,\"height\":2560},{\"@type\":\"BreadcrumbList\",\"@id\":\"https:\/\/rozewines.com\/de\/produkt\/chateau-grw-khvanchkara\/#breadcrumb\",\"itemListElement\":[{\"@type\":\"ListItem\",\"position\":1,\"name\":\"Home\",\"item\":\"https:\/\/rozewines.com\/de\/\"},{\"@type\":\"ListItem\",\"position\":2,\"name\":\"Unsere Weine\",\"item\":\"https:\/\/rozewines.com\/de\/musu-vins\/\"},{\"@type\":\"ListItem\",\"position\":3,\"name\":\"GRW &#8211; Khvanchkara\"}]},{\"@type\":\"WebSite\",\"@id\":\"https:\/\/rozewines.com\/#website\",\"url\":\"https:\/\/rozewines.com\/\",\"name\":\"Roze wines\",\"description\":\"\",\"publisher\":{\"@id\":\"https:\/\/rozewines.com\/#organization\"},\"potentialAction\":[{\"@type\":\"SearchAction\",\"target\":{\"@type\":\"EntryPoint\",\"urlTemplate\":\"https:\/\/rozewines.com\/?s={search_term_string}\"},\"query-input\":\"required name=search_term_string\"}],\"inLanguage\":\"de-DE\"},{\"@type\":\"Organization\",\"@id\":\"https:\/\/rozewines.com\/#organization\",\"name\":\"Roze wines\",\"url\":\"https:\/\/rozewines.com\/\",\"logo\":{\"@type\":\"ImageObject\",\"inLanguage\":\"de-DE\",\"@id\":\"https:\/\/rozewines.com\/#\/schema\/logo\/image\/\",\"url\":\"https:\/\/rozewines.com\/app\/uploads\/2024\/05\/logo.svg\",\"contentUrl\":\"https:\/\/rozewines.com\/app\/uploads\/2024\/05\/logo.svg\",\"width\":144,\"height\":68,\"caption\":\"Roze wines\"},\"image\":{\"@id\":\"https:\/\/rozewines.com\/#\/schema\/logo\/image\/\"}}]}<\/script>\n<!-- \/ Yoast SEO plugin. -->","yoast_head_json":{"title":"GRW - Khvanchkara - Roze wines","robots":{"index":"index","follow":"follow","max-snippet":"max-snippet:-1","max-image-preview":"max-image-preview:large","max-video-preview":"max-video-preview:-1"},"canonical":"https:\/\/rozewines.com\/de\/produkt\/chateau-grw-khvanchkara\/","og_locale":"de_DE","og_type":"article","og_title":"GRW - Khvanchkara - Roze wines","og_description":"Begeben Sie sich auf eine Genussreise mit GRW Khvanchkara , einem lieblichen Edelstein, der f\u00fcr seine Weichheit und Leichtigkeit gesch\u00e4tzt wird. Genie\u00dfen Sie das Bouquet von reifen Erdbeeren, Lakritze und roten Kirschen. Dieser bezaubernde Wein verspricht eine harmonische Verschmelzung von Aromen, perfekt f\u00fcr Momente der gl\u00fcckseligen Entspannung.","og_url":"https:\/\/rozewines.com\/de\/produkt\/chateau-grw-khvanchkara\/","og_site_name":"Roze wines","article_modified_time":"2024-09-11T08:11:51+00:00","og_image":[{"width":2560,"height":2560,"url":"https:\/\/rozewines.com\/app\/uploads\/2024\/09\/Chateau-GRW-Khvanchkara-scaled.jpg","type":"image\/jpeg"}],"twitter_card":"summary_large_image","twitter_misc":{"Est. reading time":"1 minute"},"schema":{"@context":"https:\/\/schema.org","@graph":[{"@type":"WebPage","@id":"https:\/\/rozewines.com\/de\/produkt\/chateau-grw-khvanchkara\/","url":"https:\/\/rozewines.com\/de\/produkt\/chateau-grw-khvanchkara\/","name":"GRW - Khvanchkara - Roze wines","isPartOf":{"@id":"https:\/\/rozewines.com\/#website"},"primaryImageOfPage":{"@id":"https:\/\/rozewines.com\/de\/produkt\/chateau-grw-khvanchkara\/#primaryimage"},"image":{"@id":"https:\/\/rozewines.com\/de\/produkt\/chateau-grw-khvanchkara\/#primaryimage"},"thumbnailUrl":"https:\/\/rozewines.com\/app\/uploads\/2024\/09\/Chateau-GRW-Khvanchkara-scaled.jpg","datePublished":"2024-08-31T11:32:25+00:00","dateModified":"2024-09-11T08:11:51+00:00","breadcrumb":{"@id":"https:\/\/rozewines.com\/de\/produkt\/chateau-grw-khvanchkara\/#breadcrumb"},"inLanguage":"de-DE","potentialAction":[{"@type":"ReadAction","target":["https:\/\/rozewines.com\/de\/produkt\/chateau-grw-khvanchkara\/"]}]},{"@type":"ImageObject","inLanguage":"de-DE","@id":"https:\/\/rozewines.com\/de\/produkt\/chateau-grw-khvanchkara\/#primaryimage","url":"https:\/\/rozewines.com\/app\/uploads\/2024\/09\/Chateau-GRW-Khvanchkara-scaled.jpg","contentUrl":"https:\/\/rozewines.com\/app\/uploads\/2024\/09\/Chateau-GRW-Khvanchkara-scaled.jpg","width":2560,"height":2560},{"@type":"BreadcrumbList","@id":"https:\/\/rozewines.com\/de\/produkt\/chateau-grw-khvanchkara\/#breadcrumb","itemListElement":[{"@type":"ListItem","position":1,"name":"Home","item":"https:\/\/rozewines.com\/de\/"},{"@type":"ListItem","position":2,"name":"Unsere Weine","item":"https:\/\/rozewines.com\/de\/musu-vins\/"},{"@type":"ListItem","position":3,"name":"GRW &#8211; Khvanchkara"}]},{"@type":"WebSite","@id":"https:\/\/rozewines.com\/#website","url":"https:\/\/rozewines.com\/","name":"Roze wines","description":"","publisher":{"@id":"https:\/\/rozewines.com\/#organization"},"potentialAction":[{"@type":"SearchAction","target":{"@type":"EntryPoint","urlTemplate":"https:\/\/rozewines.com\/?s={search_term_string}"},"query-input":"required name=search_term_string"}],"inLanguage":"de-DE"},{"@type":"Organization","@id":"https:\/\/rozewines.com\/#organization","name":"Roze wines","url":"https:\/\/rozewines.com\/","logo":{"@type":"ImageObject","inLanguage":"de-DE","@id":"https:\/\/rozewines.com\/#\/schema\/logo\/image\/","url":"https:\/\/rozewines.com\/app\/uploads\/2024\/05\/logo.svg","contentUrl":"https:\/\/rozewines.com\/app\/uploads\/2024\/05\/logo.svg","width":144,"height":68,"caption":"Roze wines"},"image":{"@id":"https:\/\/rozewines.com\/#\/schema\/logo\/image\/"}}]}},"_links":{"self":[{"href":"https:\/\/rozewines.com\/de\/wp-json\/wp\/v2\/product\/6534"}],"collection":[{"href":"https:\/\/rozewines.com\/de\/wp-json\/wp\/v2\/product"}],"about":[{"href":"https:\/\/rozewines.com\/de\/wp-json\/wp\/v2\/types\/product"}],"replies":[{"embeddable":true,"href":"https:\/\/rozewines.com\/de\/wp-json\/wp\/v2\/comments?post=6534"}],"wp:featuredmedia":[{"embeddable":true,"href":"https:\/\/rozewines.com\/de\/wp-json\/wp\/v2\/media\/6593"}],"wp:attachment":[{"href":"https:\/\/rozewines.com\/de\/wp-json\/wp\/v2\/media?parent=6534"}],"wp:term":[{"taxonomy":"brand","embeddable":true,"href":"https:\/\/rozewines.com\/de\/wp-json\/wp\/v2\/brand?post=6534"},{"taxonomy":"colour","embeddable":true,"href":"https:\/\/rozewines.com\/de\/wp-json\/wp\/v2\/colour?post=6534"},{"taxonomy":"flavour","embeddable":true,"href":"https:\/\/rozewines.com\/de\/wp-json\/wp\/v2\/flavour?post=6534"},{"taxonomy":"grape-variety","embeddable":true,"href":"https:\/\/rozewines.com\/de\/wp-json\/wp\/v2\/grape-variety?post=6534"},{"taxonomy":"harvest-year","embeddable":true,"href":"https:\/\/rozewines.com\/de\/wp-json\/wp\/v2\/harvest-year?post=6534"},{"taxonomy":"region","embeddable":true,"href":"https:\/\/rozewines.com\/de\/wp-json\/wp\/v2\/region?post=6534"},{"taxonomy":"size","embeddable":true,"href":"https:\/\/rozewines.com\/de\/wp-json\/wp\/v2\/size?post=6534"},{"taxonomy":"style","embeddable":true,"href":"https:\/\/rozewines.com\/de\/wp-json\/wp\/v2\/style?post=6534"},{"taxonomy":"technology","embeddable":true,"href":"https:\/\/rozewines.com\/de\/wp-json\/wp\/v2\/technology?post=6534"},{"taxonomy":"product_cat","embeddable":true,"href":"https:\/\/rozewines.com\/de\/wp-json\/wp\/v2\/product_cat?post=6534"},{"taxonomy":"product_tag","embeddable":true,"href":"https:\/\/rozewines.com\/de\/wp-json\/wp\/v2\/product_tag?post=6534"}],"curies":[{"name":"wp","href":"https:\/\/api.w.org\/{rel}","templated":true}]}}