{"id":6536,"date":"2024-08-31T11:32:25","date_gmt":"2024-08-31T11:32:25","guid":{"rendered":"https:\/\/rozewines.com\/product\/grw-alazani-valley\/"},"modified":"2024-12-24T21:21:19","modified_gmt":"2024-12-24T21:21:19","slug":"grw-alazani-valley","status":"publish","type":"product","link":"https:\/\/rozewines.com\/de\/produkt\/grw-alazani-valley\/","title":{"rendered":"GRW &#8211; Alazani Valley"},"content":{"rendered":"<p>GRW &#8211; Alazani Valley, ein k\u00f6stlicher lieblicher Wein, der aus dem gr\u00f6\u00dften Weinanbaugebiet Georgiens stammt. Dieser Wein besticht durch seine Leichtigkeit und bietet eine harmonische Mischung von Aromen. Tauchen Sie ein in die bezaubernden D\u00fcfte von reifem Pfirsich und Zitronenschalen. Mit seinem aromatischen Charme und erfrischenden Charakter verspricht jeder Schluck eine Reise durch die malerischen Landschaften des sch\u00f6nen Alazani-Tals.<\/p>\n","protected":false},"excerpt":{"rendered":"<p>GRW &#8211; Alazani Valley, ein k\u00f6stlicher lieblicher Wein, der aus dem gr\u00f6\u00dften Weinanbaugebiet Georgiens stammt. Dieser Wein besticht durch seine Leichtigkeit und bietet eine harmonische Mischung von Aromen. Tauchen Sie ein in die bezaubernden D\u00fcfte von reifem Pfirsich und Zitronenschalen. Mit seinem aromatischen Charme und erfrischenden Charakter verspricht jeder Schluck eine Reise durch die malerischen &hellip; <a href=\"https:\/\/rozewines.com\/de\/produkt\/grw-alazani-valley\/\">Continued<\/a><\/p>\n","protected":false},"featured_media":6394,"comment_status":"closed","ping_status":"closed","template":"","meta":{"_acf_changed":false},"brand":[1814],"colour":[1143],"flavour":[1049,1062,1044],"grape-variety":[1356],"harvest-year":[],"region":[1294],"size":[1598],"style":[1270],"technology":[1116],"product_cat":[1382],"product_tag":[],"ams_default_variation_id":0,"ams_product_points_reward":[],"ams_product_discount_percentage":0,"ams_price_to_display":9.2,"acf":[],"ams_acf":[{"key":"food_pairings","label":"Food pairings","value":"Vanille-Tarte, Wei\u00dfe Schokolade"},{"key":"alcohol_percentage","label":"Alcohol percentage","value":"11.5"}],"yoast_head":"<!-- This site is optimized with the Yoast SEO plugin v22.6 - https:\/\/yoast.com\/wordpress\/plugins\/seo\/ -->\n<title>GRW - Alazani Valley - Roze wines<\/title>\n<meta name=\"robots\" content=\"index, follow, max-snippet:-1, max-image-preview:large, max-video-preview:-1\" \/>\n<link rel=\"canonical\" href=\"https:\/\/rozewines.com\/produkt\/grw-alazani-valley\/\" \/>\n<meta property=\"og:locale\" content=\"de_DE\" \/>\n<meta property=\"og:type\" content=\"article\" \/>\n<meta property=\"og:title\" content=\"GRW - Alazani Valley - Roze wines\" \/>\n<meta property=\"og:description\" content=\"GRW &#8211; Alazani Valley, ein k\u00f6stlicher lieblicher Wein, der aus dem gr\u00f6\u00dften Weinanbaugebiet Georgiens stammt. Dieser Wein besticht durch seine Leichtigkeit und bietet eine harmonische Mischung von Aromen. Tauchen Sie ein in die bezaubernden D\u00fcfte von reifem Pfirsich und Zitronenschalen. Mit seinem aromatischen Charme und erfrischenden Charakter verspricht jeder Schluck eine Reise durch die malerischen &hellip; Continued\" \/>\n<meta property=\"og:url\" content=\"https:\/\/rozewines.com\/produkt\/grw-alazani-valley\/\" \/>\n<meta property=\"og:site_name\" content=\"Roze wines\" \/>\n<meta property=\"article:modified_time\" content=\"2024-12-24T21:21:19+00:00\" \/>\n<meta property=\"og:image\" content=\"https:\/\/rozewines.com\/app\/uploads\/2024\/08\/GRW-Alazani-Valley.jpg\" \/>\n\t<meta property=\"og:image:width\" content=\"7820\" \/>\n\t<meta property=\"og:image:height\" content=\"7820\" \/>\n\t<meta property=\"og:image:type\" content=\"image\/jpeg\" \/>\n<meta name=\"twitter:card\" content=\"summary_large_image\" \/>\n<meta name=\"twitter:label1\" content=\"Est. reading time\" \/>\n\t<meta name=\"twitter:data1\" content=\"1 minute\" \/>\n<script type=\"application\/ld+json\" class=\"yoast-schema-graph\">{\"@context\":\"https:\/\/schema.org\",\"@graph\":[{\"@type\":\"WebPage\",\"@id\":\"https:\/\/rozewines.com\/produkt\/grw-alazani-valley\/\",\"url\":\"https:\/\/rozewines.com\/produkt\/grw-alazani-valley\/\",\"name\":\"GRW - Alazani Valley - Roze wines\",\"isPartOf\":{\"@id\":\"https:\/\/rozewines.com\/#website\"},\"primaryImageOfPage\":{\"@id\":\"https:\/\/rozewines.com\/produkt\/grw-alazani-valley\/#primaryimage\"},\"image\":{\"@id\":\"https:\/\/rozewines.com\/produkt\/grw-alazani-valley\/#primaryimage\"},\"thumbnailUrl\":\"https:\/\/rozewines.com\/app\/uploads\/2024\/08\/GRW-Alazani-Valley.jpg\",\"datePublished\":\"2024-08-31T11:32:25+00:00\",\"dateModified\":\"2024-12-24T21:21:19+00:00\",\"breadcrumb\":{\"@id\":\"https:\/\/rozewines.com\/produkt\/grw-alazani-valley\/#breadcrumb\"},\"inLanguage\":\"de-DE\",\"potentialAction\":[{\"@type\":\"ReadAction\",\"target\":[\"https:\/\/rozewines.com\/produkt\/grw-alazani-valley\/\"]}]},{\"@type\":\"ImageObject\",\"inLanguage\":\"de-DE\",\"@id\":\"https:\/\/rozewines.com\/produkt\/grw-alazani-valley\/#primaryimage\",\"url\":\"https:\/\/rozewines.com\/app\/uploads\/2024\/08\/GRW-Alazani-Valley.jpg\",\"contentUrl\":\"https:\/\/rozewines.com\/app\/uploads\/2024\/08\/GRW-Alazani-Valley.jpg\",\"width\":7820,\"height\":7820},{\"@type\":\"BreadcrumbList\",\"@id\":\"https:\/\/rozewines.com\/produkt\/grw-alazani-valley\/#breadcrumb\",\"itemListElement\":[{\"@type\":\"ListItem\",\"position\":1,\"name\":\"Home\",\"item\":\"https:\/\/rozewines.com\/de\/\"},{\"@type\":\"ListItem\",\"position\":2,\"name\":\"Unsere Weine\",\"item\":\"https:\/\/rozewines.com\/de\/musu-vins\/\"},{\"@type\":\"ListItem\",\"position\":3,\"name\":\"GRW &#8211; Alazani Valley\"}]},{\"@type\":\"WebSite\",\"@id\":\"https:\/\/rozewines.com\/#website\",\"url\":\"https:\/\/rozewines.com\/\",\"name\":\"Roze wines\",\"description\":\"\",\"publisher\":{\"@id\":\"https:\/\/rozewines.com\/#organization\"},\"potentialAction\":[{\"@type\":\"SearchAction\",\"target\":{\"@type\":\"EntryPoint\",\"urlTemplate\":\"https:\/\/rozewines.com\/?s={search_term_string}\"},\"query-input\":\"required name=search_term_string\"}],\"inLanguage\":\"de-DE\"},{\"@type\":\"Organization\",\"@id\":\"https:\/\/rozewines.com\/#organization\",\"name\":\"Roze wines\",\"url\":\"https:\/\/rozewines.com\/\",\"logo\":{\"@type\":\"ImageObject\",\"inLanguage\":\"de-DE\",\"@id\":\"https:\/\/rozewines.com\/#\/schema\/logo\/image\/\",\"url\":\"https:\/\/rozewines.com\/app\/uploads\/2024\/05\/logo.svg\",\"contentUrl\":\"https:\/\/rozewines.com\/app\/uploads\/2024\/05\/logo.svg\",\"width\":144,\"height\":68,\"caption\":\"Roze wines\"},\"image\":{\"@id\":\"https:\/\/rozewines.com\/#\/schema\/logo\/image\/\"}}]}<\/script>\n<!-- \/ Yoast SEO plugin. -->","yoast_head_json":{"title":"GRW - Alazani Valley - Roze wines","robots":{"index":"index","follow":"follow","max-snippet":"max-snippet:-1","max-image-preview":"max-image-preview:large","max-video-preview":"max-video-preview:-1"},"canonical":"https:\/\/rozewines.com\/produkt\/grw-alazani-valley\/","og_locale":"de_DE","og_type":"article","og_title":"GRW - Alazani Valley - Roze wines","og_description":"GRW &#8211; Alazani Valley, ein k\u00f6stlicher lieblicher Wein, der aus dem gr\u00f6\u00dften Weinanbaugebiet Georgiens stammt. Dieser Wein besticht durch seine Leichtigkeit und bietet eine harmonische Mischung von Aromen. Tauchen Sie ein in die bezaubernden D\u00fcfte von reifem Pfirsich und Zitronenschalen. Mit seinem aromatischen Charme und erfrischenden Charakter verspricht jeder Schluck eine Reise durch die malerischen &hellip; Continued","og_url":"https:\/\/rozewines.com\/produkt\/grw-alazani-valley\/","og_site_name":"Roze wines","article_modified_time":"2024-12-24T21:21:19+00:00","og_image":[{"width":7820,"height":7820,"url":"https:\/\/rozewines.com\/app\/uploads\/2024\/08\/GRW-Alazani-Valley.jpg","type":"image\/jpeg"}],"twitter_card":"summary_large_image","twitter_misc":{"Est. reading time":"1 minute"},"schema":{"@context":"https:\/\/schema.org","@graph":[{"@type":"WebPage","@id":"https:\/\/rozewines.com\/produkt\/grw-alazani-valley\/","url":"https:\/\/rozewines.com\/produkt\/grw-alazani-valley\/","name":"GRW - Alazani Valley - Roze wines","isPartOf":{"@id":"https:\/\/rozewines.com\/#website"},"primaryImageOfPage":{"@id":"https:\/\/rozewines.com\/produkt\/grw-alazani-valley\/#primaryimage"},"image":{"@id":"https:\/\/rozewines.com\/produkt\/grw-alazani-valley\/#primaryimage"},"thumbnailUrl":"https:\/\/rozewines.com\/app\/uploads\/2024\/08\/GRW-Alazani-Valley.jpg","datePublished":"2024-08-31T11:32:25+00:00","dateModified":"2024-12-24T21:21:19+00:00","breadcrumb":{"@id":"https:\/\/rozewines.com\/produkt\/grw-alazani-valley\/#breadcrumb"},"inLanguage":"de-DE","potentialAction":[{"@type":"ReadAction","target":["https:\/\/rozewines.com\/produkt\/grw-alazani-valley\/"]}]},{"@type":"ImageObject","inLanguage":"de-DE","@id":"https:\/\/rozewines.com\/produkt\/grw-alazani-valley\/#primaryimage","url":"https:\/\/rozewines.com\/app\/uploads\/2024\/08\/GRW-Alazani-Valley.jpg","contentUrl":"https:\/\/rozewines.com\/app\/uploads\/2024\/08\/GRW-Alazani-Valley.jpg","width":7820,"height":7820},{"@type":"BreadcrumbList","@id":"https:\/\/rozewines.com\/produkt\/grw-alazani-valley\/#breadcrumb","itemListElement":[{"@type":"ListItem","position":1,"name":"Home","item":"https:\/\/rozewines.com\/de\/"},{"@type":"ListItem","position":2,"name":"Unsere Weine","item":"https:\/\/rozewines.com\/de\/musu-vins\/"},{"@type":"ListItem","position":3,"name":"GRW &#8211; Alazani Valley"}]},{"@type":"WebSite","@id":"https:\/\/rozewines.com\/#website","url":"https:\/\/rozewines.com\/","name":"Roze wines","description":"","publisher":{"@id":"https:\/\/rozewines.com\/#organization"},"potentialAction":[{"@type":"SearchAction","target":{"@type":"EntryPoint","urlTemplate":"https:\/\/rozewines.com\/?s={search_term_string}"},"query-input":"required name=search_term_string"}],"inLanguage":"de-DE"},{"@type":"Organization","@id":"https:\/\/rozewines.com\/#organization","name":"Roze wines","url":"https:\/\/rozewines.com\/","logo":{"@type":"ImageObject","inLanguage":"de-DE","@id":"https:\/\/rozewines.com\/#\/schema\/logo\/image\/","url":"https:\/\/rozewines.com\/app\/uploads\/2024\/05\/logo.svg","contentUrl":"https:\/\/rozewines.com\/app\/uploads\/2024\/05\/logo.svg","width":144,"height":68,"caption":"Roze wines"},"image":{"@id":"https:\/\/rozewines.com\/#\/schema\/logo\/image\/"}}]}},"_links":{"self":[{"href":"https:\/\/rozewines.com\/de\/wp-json\/wp\/v2\/product\/6536"}],"collection":[{"href":"https:\/\/rozewines.com\/de\/wp-json\/wp\/v2\/product"}],"about":[{"href":"https:\/\/rozewines.com\/de\/wp-json\/wp\/v2\/types\/product"}],"replies":[{"embeddable":true,"href":"https:\/\/rozewines.com\/de\/wp-json\/wp\/v2\/comments?post=6536"}],"wp:featuredmedia":[{"embeddable":true,"href":"https:\/\/rozewines.com\/de\/wp-json\/wp\/v2\/media\/6394"}],"wp:attachment":[{"href":"https:\/\/rozewines.com\/de\/wp-json\/wp\/v2\/media?parent=6536"}],"wp:term":[{"taxonomy":"brand","embeddable":true,"href":"https:\/\/rozewines.com\/de\/wp-json\/wp\/v2\/brand?post=6536"},{"taxonomy":"colour","embeddable":true,"href":"https:\/\/rozewines.com\/de\/wp-json\/wp\/v2\/colour?post=6536"},{"taxonomy":"flavour","embeddable":true,"href":"https:\/\/rozewines.com\/de\/wp-json\/wp\/v2\/flavour?post=6536"},{"taxonomy":"grape-variety","embeddable":true,"href":"https:\/\/rozewines.com\/de\/wp-json\/wp\/v2\/grape-variety?post=6536"},{"taxonomy":"harvest-year","embeddable":true,"href":"https:\/\/rozewines.com\/de\/wp-json\/wp\/v2\/harvest-year?post=6536"},{"taxonomy":"region","embeddable":true,"href":"https:\/\/rozewines.com\/de\/wp-json\/wp\/v2\/region?post=6536"},{"taxonomy":"size","embeddable":true,"href":"https:\/\/rozewines.com\/de\/wp-json\/wp\/v2\/size?post=6536"},{"taxonomy":"style","embeddable":true,"href":"https:\/\/rozewines.com\/de\/wp-json\/wp\/v2\/style?post=6536"},{"taxonomy":"technology","embeddable":true,"href":"https:\/\/rozewines.com\/de\/wp-json\/wp\/v2\/technology?post=6536"},{"taxonomy":"product_cat","embeddable":true,"href":"https:\/\/rozewines.com\/de\/wp-json\/wp\/v2\/product_cat?post=6536"},{"taxonomy":"product_tag","embeddable":true,"href":"https:\/\/rozewines.com\/de\/wp-json\/wp\/v2\/product_tag?post=6536"}],"curies":[{"name":"wp","href":"https:\/\/api.w.org\/{rel}","templated":true}]}}