{"id":6537,"date":"2024-08-31T11:32:25","date_gmt":"2024-08-31T11:32:25","guid":{"rendered":"https:\/\/rozewines.com\/product\/grw-alazani-valley-2\/"},"modified":"2024-12-24T21:21:27","modified_gmt":"2024-12-24T21:21:27","slug":"grw-alazani-valley-2","status":"publish","type":"product","link":"https:\/\/rozewines.com\/de\/produkt\/grw-alazani-valley-2\/","title":{"rendered":"GRW &#8211; Alazani Valley"},"content":{"rendered":"<p>Ein leichter und unkomplizierter halbtrockener Wein, der f\u00fcr den t\u00e4glichen Genuss gemacht ist. Dieser herrliche Jahrgang bietet Aromen von reifen roten Pflaumen, roten Kirschen und w\u00e4rmenden Nelken. Er eignet sich perfekt f\u00fcr den gelegentlichen Genuss und verspricht ein erfrischendes und zug\u00e4ngliches Weinerlebnis, das zu jeder Gelegenheit passt.<\/p>\n","protected":false},"excerpt":{"rendered":"<p>Ein leichter und unkomplizierter halbtrockener Wein, der f\u00fcr den t\u00e4glichen Genuss gemacht ist. Dieser herrliche Jahrgang bietet Aromen von reifen roten Pflaumen, roten Kirschen und w\u00e4rmenden Nelken. Er eignet sich perfekt f\u00fcr den gelegentlichen Genuss und verspricht ein erfrischendes und zug\u00e4ngliches Weinerlebnis, das zu jeder Gelegenheit passt.<\/p>\n","protected":false},"featured_media":6390,"comment_status":"closed","ping_status":"closed","template":"","meta":{"_acf_changed":false},"brand":[1814],"colour":[1140],"flavour":[1004,1000,1085],"grape-variety":[1283],"harvest-year":[],"region":[1294],"size":[1598],"style":[1270],"technology":[1116],"product_cat":[1382],"product_tag":[],"ams_default_variation_id":0,"ams_product_points_reward":[],"ams_product_discount_percentage":0,"ams_price_to_display":9.5,"acf":[],"ams_acf":[{"key":"food_pairings","label":"Food pairings","value":"Beerenkuchen, Vanille-Panna-Cotta"},{"key":"alcohol_percentage","label":"Alcohol percentage","value":"11.5"}],"yoast_head":"<!-- This site is optimized with the Yoast SEO plugin v22.6 - https:\/\/yoast.com\/wordpress\/plugins\/seo\/ -->\n<title>GRW - Alazani Valley - Roze wines<\/title>\n<meta name=\"robots\" content=\"index, follow, max-snippet:-1, max-image-preview:large, max-video-preview:-1\" \/>\n<link rel=\"canonical\" href=\"https:\/\/rozewines.com\/produkt\/grw-alazani-valley-2\/\" \/>\n<meta property=\"og:locale\" content=\"de_DE\" \/>\n<meta property=\"og:type\" content=\"article\" \/>\n<meta property=\"og:title\" content=\"GRW - Alazani Valley - Roze wines\" \/>\n<meta property=\"og:description\" content=\"Ein leichter und unkomplizierter halbtrockener Wein, der f\u00fcr den t\u00e4glichen Genuss gemacht ist. Dieser herrliche Jahrgang bietet Aromen von reifen roten Pflaumen, roten Kirschen und w\u00e4rmenden Nelken. Er eignet sich perfekt f\u00fcr den gelegentlichen Genuss und verspricht ein erfrischendes und zug\u00e4ngliches Weinerlebnis, das zu jeder Gelegenheit passt.\" \/>\n<meta property=\"og:url\" content=\"https:\/\/rozewines.com\/produkt\/grw-alazani-valley-2\/\" \/>\n<meta property=\"og:site_name\" content=\"Roze wines\" \/>\n<meta property=\"article:modified_time\" content=\"2024-12-24T21:21:27+00:00\" \/>\n<meta property=\"og:image\" content=\"https:\/\/rozewines.com\/app\/uploads\/2024\/08\/GRW-Alazani-Valley-.jpg\" \/>\n\t<meta property=\"og:image:width\" content=\"7748\" \/>\n\t<meta property=\"og:image:height\" content=\"7748\" \/>\n\t<meta property=\"og:image:type\" content=\"image\/jpeg\" \/>\n<meta name=\"twitter:card\" content=\"summary_large_image\" \/>\n<meta name=\"twitter:label1\" content=\"Est. reading time\" \/>\n\t<meta name=\"twitter:data1\" content=\"1 minute\" \/>\n<script type=\"application\/ld+json\" class=\"yoast-schema-graph\">{\"@context\":\"https:\/\/schema.org\",\"@graph\":[{\"@type\":\"WebPage\",\"@id\":\"https:\/\/rozewines.com\/produkt\/grw-alazani-valley-2\/\",\"url\":\"https:\/\/rozewines.com\/produkt\/grw-alazani-valley-2\/\",\"name\":\"GRW - Alazani Valley - Roze wines\",\"isPartOf\":{\"@id\":\"https:\/\/rozewines.com\/#website\"},\"primaryImageOfPage\":{\"@id\":\"https:\/\/rozewines.com\/produkt\/grw-alazani-valley-2\/#primaryimage\"},\"image\":{\"@id\":\"https:\/\/rozewines.com\/produkt\/grw-alazani-valley-2\/#primaryimage\"},\"thumbnailUrl\":\"https:\/\/rozewines.com\/app\/uploads\/2024\/08\/GRW-Alazani-Valley-.jpg\",\"datePublished\":\"2024-08-31T11:32:25+00:00\",\"dateModified\":\"2024-12-24T21:21:27+00:00\",\"breadcrumb\":{\"@id\":\"https:\/\/rozewines.com\/produkt\/grw-alazani-valley-2\/#breadcrumb\"},\"inLanguage\":\"de-DE\",\"potentialAction\":[{\"@type\":\"ReadAction\",\"target\":[\"https:\/\/rozewines.com\/produkt\/grw-alazani-valley-2\/\"]}]},{\"@type\":\"ImageObject\",\"inLanguage\":\"de-DE\",\"@id\":\"https:\/\/rozewines.com\/produkt\/grw-alazani-valley-2\/#primaryimage\",\"url\":\"https:\/\/rozewines.com\/app\/uploads\/2024\/08\/GRW-Alazani-Valley-.jpg\",\"contentUrl\":\"https:\/\/rozewines.com\/app\/uploads\/2024\/08\/GRW-Alazani-Valley-.jpg\",\"width\":7748,\"height\":7748},{\"@type\":\"BreadcrumbList\",\"@id\":\"https:\/\/rozewines.com\/produkt\/grw-alazani-valley-2\/#breadcrumb\",\"itemListElement\":[{\"@type\":\"ListItem\",\"position\":1,\"name\":\"Home\",\"item\":\"https:\/\/rozewines.com\/de\/\"},{\"@type\":\"ListItem\",\"position\":2,\"name\":\"Unsere Weine\",\"item\":\"https:\/\/rozewines.com\/de\/musu-vins\/\"},{\"@type\":\"ListItem\",\"position\":3,\"name\":\"GRW &#8211; Alazani Valley\"}]},{\"@type\":\"WebSite\",\"@id\":\"https:\/\/rozewines.com\/#website\",\"url\":\"https:\/\/rozewines.com\/\",\"name\":\"Roze wines\",\"description\":\"\",\"publisher\":{\"@id\":\"https:\/\/rozewines.com\/#organization\"},\"potentialAction\":[{\"@type\":\"SearchAction\",\"target\":{\"@type\":\"EntryPoint\",\"urlTemplate\":\"https:\/\/rozewines.com\/?s={search_term_string}\"},\"query-input\":\"required name=search_term_string\"}],\"inLanguage\":\"de-DE\"},{\"@type\":\"Organization\",\"@id\":\"https:\/\/rozewines.com\/#organization\",\"name\":\"Roze wines\",\"url\":\"https:\/\/rozewines.com\/\",\"logo\":{\"@type\":\"ImageObject\",\"inLanguage\":\"de-DE\",\"@id\":\"https:\/\/rozewines.com\/#\/schema\/logo\/image\/\",\"url\":\"https:\/\/rozewines.com\/app\/uploads\/2024\/05\/logo.svg\",\"contentUrl\":\"https:\/\/rozewines.com\/app\/uploads\/2024\/05\/logo.svg\",\"width\":144,\"height\":68,\"caption\":\"Roze wines\"},\"image\":{\"@id\":\"https:\/\/rozewines.com\/#\/schema\/logo\/image\/\"}}]}<\/script>\n<!-- \/ Yoast SEO plugin. -->","yoast_head_json":{"title":"GRW - Alazani Valley - Roze wines","robots":{"index":"index","follow":"follow","max-snippet":"max-snippet:-1","max-image-preview":"max-image-preview:large","max-video-preview":"max-video-preview:-1"},"canonical":"https:\/\/rozewines.com\/produkt\/grw-alazani-valley-2\/","og_locale":"de_DE","og_type":"article","og_title":"GRW - Alazani Valley - Roze wines","og_description":"Ein leichter und unkomplizierter halbtrockener Wein, der f\u00fcr den t\u00e4glichen Genuss gemacht ist. Dieser herrliche Jahrgang bietet Aromen von reifen roten Pflaumen, roten Kirschen und w\u00e4rmenden Nelken. Er eignet sich perfekt f\u00fcr den gelegentlichen Genuss und verspricht ein erfrischendes und zug\u00e4ngliches Weinerlebnis, das zu jeder Gelegenheit passt.","og_url":"https:\/\/rozewines.com\/produkt\/grw-alazani-valley-2\/","og_site_name":"Roze wines","article_modified_time":"2024-12-24T21:21:27+00:00","og_image":[{"width":7748,"height":7748,"url":"https:\/\/rozewines.com\/app\/uploads\/2024\/08\/GRW-Alazani-Valley-.jpg","type":"image\/jpeg"}],"twitter_card":"summary_large_image","twitter_misc":{"Est. reading time":"1 minute"},"schema":{"@context":"https:\/\/schema.org","@graph":[{"@type":"WebPage","@id":"https:\/\/rozewines.com\/produkt\/grw-alazani-valley-2\/","url":"https:\/\/rozewines.com\/produkt\/grw-alazani-valley-2\/","name":"GRW - Alazani Valley - Roze wines","isPartOf":{"@id":"https:\/\/rozewines.com\/#website"},"primaryImageOfPage":{"@id":"https:\/\/rozewines.com\/produkt\/grw-alazani-valley-2\/#primaryimage"},"image":{"@id":"https:\/\/rozewines.com\/produkt\/grw-alazani-valley-2\/#primaryimage"},"thumbnailUrl":"https:\/\/rozewines.com\/app\/uploads\/2024\/08\/GRW-Alazani-Valley-.jpg","datePublished":"2024-08-31T11:32:25+00:00","dateModified":"2024-12-24T21:21:27+00:00","breadcrumb":{"@id":"https:\/\/rozewines.com\/produkt\/grw-alazani-valley-2\/#breadcrumb"},"inLanguage":"de-DE","potentialAction":[{"@type":"ReadAction","target":["https:\/\/rozewines.com\/produkt\/grw-alazani-valley-2\/"]}]},{"@type":"ImageObject","inLanguage":"de-DE","@id":"https:\/\/rozewines.com\/produkt\/grw-alazani-valley-2\/#primaryimage","url":"https:\/\/rozewines.com\/app\/uploads\/2024\/08\/GRW-Alazani-Valley-.jpg","contentUrl":"https:\/\/rozewines.com\/app\/uploads\/2024\/08\/GRW-Alazani-Valley-.jpg","width":7748,"height":7748},{"@type":"BreadcrumbList","@id":"https:\/\/rozewines.com\/produkt\/grw-alazani-valley-2\/#breadcrumb","itemListElement":[{"@type":"ListItem","position":1,"name":"Home","item":"https:\/\/rozewines.com\/de\/"},{"@type":"ListItem","position":2,"name":"Unsere Weine","item":"https:\/\/rozewines.com\/de\/musu-vins\/"},{"@type":"ListItem","position":3,"name":"GRW &#8211; Alazani Valley"}]},{"@type":"WebSite","@id":"https:\/\/rozewines.com\/#website","url":"https:\/\/rozewines.com\/","name":"Roze wines","description":"","publisher":{"@id":"https:\/\/rozewines.com\/#organization"},"potentialAction":[{"@type":"SearchAction","target":{"@type":"EntryPoint","urlTemplate":"https:\/\/rozewines.com\/?s={search_term_string}"},"query-input":"required name=search_term_string"}],"inLanguage":"de-DE"},{"@type":"Organization","@id":"https:\/\/rozewines.com\/#organization","name":"Roze wines","url":"https:\/\/rozewines.com\/","logo":{"@type":"ImageObject","inLanguage":"de-DE","@id":"https:\/\/rozewines.com\/#\/schema\/logo\/image\/","url":"https:\/\/rozewines.com\/app\/uploads\/2024\/05\/logo.svg","contentUrl":"https:\/\/rozewines.com\/app\/uploads\/2024\/05\/logo.svg","width":144,"height":68,"caption":"Roze wines"},"image":{"@id":"https:\/\/rozewines.com\/#\/schema\/logo\/image\/"}}]}},"_links":{"self":[{"href":"https:\/\/rozewines.com\/de\/wp-json\/wp\/v2\/product\/6537"}],"collection":[{"href":"https:\/\/rozewines.com\/de\/wp-json\/wp\/v2\/product"}],"about":[{"href":"https:\/\/rozewines.com\/de\/wp-json\/wp\/v2\/types\/product"}],"replies":[{"embeddable":true,"href":"https:\/\/rozewines.com\/de\/wp-json\/wp\/v2\/comments?post=6537"}],"wp:featuredmedia":[{"embeddable":true,"href":"https:\/\/rozewines.com\/de\/wp-json\/wp\/v2\/media\/6390"}],"wp:attachment":[{"href":"https:\/\/rozewines.com\/de\/wp-json\/wp\/v2\/media?parent=6537"}],"wp:term":[{"taxonomy":"brand","embeddable":true,"href":"https:\/\/rozewines.com\/de\/wp-json\/wp\/v2\/brand?post=6537"},{"taxonomy":"colour","embeddable":true,"href":"https:\/\/rozewines.com\/de\/wp-json\/wp\/v2\/colour?post=6537"},{"taxonomy":"flavour","embeddable":true,"href":"https:\/\/rozewines.com\/de\/wp-json\/wp\/v2\/flavour?post=6537"},{"taxonomy":"grape-variety","embeddable":true,"href":"https:\/\/rozewines.com\/de\/wp-json\/wp\/v2\/grape-variety?post=6537"},{"taxonomy":"harvest-year","embeddable":true,"href":"https:\/\/rozewines.com\/de\/wp-json\/wp\/v2\/harvest-year?post=6537"},{"taxonomy":"region","embeddable":true,"href":"https:\/\/rozewines.com\/de\/wp-json\/wp\/v2\/region?post=6537"},{"taxonomy":"size","embeddable":true,"href":"https:\/\/rozewines.com\/de\/wp-json\/wp\/v2\/size?post=6537"},{"taxonomy":"style","embeddable":true,"href":"https:\/\/rozewines.com\/de\/wp-json\/wp\/v2\/style?post=6537"},{"taxonomy":"technology","embeddable":true,"href":"https:\/\/rozewines.com\/de\/wp-json\/wp\/v2\/technology?post=6537"},{"taxonomy":"product_cat","embeddable":true,"href":"https:\/\/rozewines.com\/de\/wp-json\/wp\/v2\/product_cat?post=6537"},{"taxonomy":"product_tag","embeddable":true,"href":"https:\/\/rozewines.com\/de\/wp-json\/wp\/v2\/product_tag?post=6537"}],"curies":[{"name":"wp","href":"https:\/\/api.w.org\/{rel}","templated":true}]}}