{"id":6538,"date":"2024-08-31T11:32:25","date_gmt":"2024-08-31T11:32:25","guid":{"rendered":"https:\/\/rozewines.com\/product\/grw-kindzmarauli\/"},"modified":"2024-12-24T21:21:36","modified_gmt":"2024-12-24T21:21:36","slug":"grw-kindzmarauli","status":"publish","type":"product","link":"https:\/\/rozewines.com\/de\/produkt\/grw-kindzmarauli\/","title":{"rendered":"GRW &#8211; Kindzmarauli"},"content":{"rendered":"<p>Ein roter, halbs\u00fc\u00dfer Wein, der Eleganz und Leichtigkeit verk\u00f6rpert. Diese fesselnde Mischung bietet eine samtige Textur und eine sanfte S\u00fc\u00dfe, die zum Genuss einl\u00e4dt. Verlockende Aromen, in denen sich die saftigen Noten von schwarzen Pflaumen und reifen Brombeeren mit der wohligen W\u00e4rme der Vanille vermischen. Erfreuen Sie sich an den subtilen Noten von Schwarzkirsche, die jedem Schluck Tiefe und Vielfalt verleihen.<\/p>\n","protected":false},"excerpt":{"rendered":"<p>Ein roter, halbs\u00fc\u00dfer Wein, der Eleganz und Leichtigkeit verk\u00f6rpert. Diese fesselnde Mischung bietet eine samtige Textur und eine sanfte S\u00fc\u00dfe, die zum Genuss einl\u00e4dt. Verlockende Aromen, in denen sich die saftigen Noten von schwarzen Pflaumen und reifen Brombeeren mit der wohligen W\u00e4rme der Vanille vermischen. Erfreuen Sie sich an den subtilen Noten von Schwarzkirsche, die &hellip; <a href=\"https:\/\/rozewines.com\/de\/produkt\/grw-kindzmarauli\/\">Continued<\/a><\/p>\n","protected":false},"featured_media":6398,"comment_status":"closed","ping_status":"closed","template":"","meta":{"_acf_changed":false},"brand":[1814],"colour":[1140],"flavour":[1010,1066,999],"grape-variety":[1283],"harvest-year":[],"region":[1294],"size":[1598],"style":[1270],"technology":[1116],"product_cat":[1382],"product_tag":[],"ams_default_variation_id":0,"ams_product_points_reward":[],"ams_product_discount_percentage":0,"ams_price_to_display":11.7,"acf":[],"ams_acf":[{"key":"food_pairings","label":"Food pairings","value":"Zartbitter-Schokoladenfondant, Pflaumenkuchen, serviert mit Vanilleeis"},{"key":"alcohol_percentage","label":"Alcohol percentage","value":"11"},{"key":"details","label":"Details","value":{"":null,"acidity":"1","body":"2","sweetness":"4","tannin":"1"}},{"key":"zero_sulfites","label":"Zero sulfites","value":false}],"yoast_head":"<!-- This site is optimized with the Yoast SEO plugin v22.6 - https:\/\/yoast.com\/wordpress\/plugins\/seo\/ -->\n<title>GRW - Kindzmarauli - Roze wines<\/title>\n<meta name=\"robots\" content=\"index, follow, max-snippet:-1, max-image-preview:large, max-video-preview:-1\" \/>\n<link rel=\"canonical\" href=\"https:\/\/rozewines.com\/de\/produkt\/grw-kindzmarauli\/\" \/>\n<meta property=\"og:locale\" content=\"de_DE\" \/>\n<meta property=\"og:type\" content=\"article\" \/>\n<meta property=\"og:title\" content=\"GRW - Kindzmarauli - Roze wines\" \/>\n<meta property=\"og:description\" content=\"Ein roter, halbs\u00fc\u00dfer Wein, der Eleganz und Leichtigkeit verk\u00f6rpert. Diese fesselnde Mischung bietet eine samtige Textur und eine sanfte S\u00fc\u00dfe, die zum Genuss einl\u00e4dt. Verlockende Aromen, in denen sich die saftigen Noten von schwarzen Pflaumen und reifen Brombeeren mit der wohligen W\u00e4rme der Vanille vermischen. Erfreuen Sie sich an den subtilen Noten von Schwarzkirsche, die &hellip; Continued\" \/>\n<meta property=\"og:url\" content=\"https:\/\/rozewines.com\/de\/produkt\/grw-kindzmarauli\/\" \/>\n<meta property=\"og:site_name\" content=\"Roze wines\" \/>\n<meta property=\"article:modified_time\" content=\"2024-12-24T21:21:36+00:00\" \/>\n<meta property=\"og:image\" content=\"https:\/\/rozewines.com\/app\/uploads\/2024\/08\/GRW-Kindzmarauli.jpg\" \/>\n\t<meta property=\"og:image:width\" content=\"7785\" \/>\n\t<meta property=\"og:image:height\" content=\"7785\" \/>\n\t<meta property=\"og:image:type\" content=\"image\/jpeg\" \/>\n<meta name=\"twitter:card\" content=\"summary_large_image\" \/>\n<meta name=\"twitter:label1\" content=\"Est. reading time\" \/>\n\t<meta name=\"twitter:data1\" content=\"1 minute\" \/>\n<script type=\"application\/ld+json\" class=\"yoast-schema-graph\">{\"@context\":\"https:\/\/schema.org\",\"@graph\":[{\"@type\":\"WebPage\",\"@id\":\"https:\/\/rozewines.com\/de\/produkt\/grw-kindzmarauli\/\",\"url\":\"https:\/\/rozewines.com\/de\/produkt\/grw-kindzmarauli\/\",\"name\":\"GRW - Kindzmarauli - Roze wines\",\"isPartOf\":{\"@id\":\"https:\/\/rozewines.com\/#website\"},\"primaryImageOfPage\":{\"@id\":\"https:\/\/rozewines.com\/de\/produkt\/grw-kindzmarauli\/#primaryimage\"},\"image\":{\"@id\":\"https:\/\/rozewines.com\/de\/produkt\/grw-kindzmarauli\/#primaryimage\"},\"thumbnailUrl\":\"https:\/\/rozewines.com\/app\/uploads\/2024\/08\/GRW-Kindzmarauli.jpg\",\"datePublished\":\"2024-08-31T11:32:25+00:00\",\"dateModified\":\"2024-12-24T21:21:36+00:00\",\"breadcrumb\":{\"@id\":\"https:\/\/rozewines.com\/de\/produkt\/grw-kindzmarauli\/#breadcrumb\"},\"inLanguage\":\"de-DE\",\"potentialAction\":[{\"@type\":\"ReadAction\",\"target\":[\"https:\/\/rozewines.com\/de\/produkt\/grw-kindzmarauli\/\"]}]},{\"@type\":\"ImageObject\",\"inLanguage\":\"de-DE\",\"@id\":\"https:\/\/rozewines.com\/de\/produkt\/grw-kindzmarauli\/#primaryimage\",\"url\":\"https:\/\/rozewines.com\/app\/uploads\/2024\/08\/GRW-Kindzmarauli.jpg\",\"contentUrl\":\"https:\/\/rozewines.com\/app\/uploads\/2024\/08\/GRW-Kindzmarauli.jpg\",\"width\":7785,\"height\":7785},{\"@type\":\"BreadcrumbList\",\"@id\":\"https:\/\/rozewines.com\/de\/produkt\/grw-kindzmarauli\/#breadcrumb\",\"itemListElement\":[{\"@type\":\"ListItem\",\"position\":1,\"name\":\"Home\",\"item\":\"https:\/\/rozewines.com\/de\/\"},{\"@type\":\"ListItem\",\"position\":2,\"name\":\"Unsere Weine\",\"item\":\"https:\/\/rozewines.com\/de\/musu-vins\/\"},{\"@type\":\"ListItem\",\"position\":3,\"name\":\"GRW &#8211; Kindzmarauli\"}]},{\"@type\":\"WebSite\",\"@id\":\"https:\/\/rozewines.com\/#website\",\"url\":\"https:\/\/rozewines.com\/\",\"name\":\"Roze wines\",\"description\":\"\",\"publisher\":{\"@id\":\"https:\/\/rozewines.com\/#organization\"},\"potentialAction\":[{\"@type\":\"SearchAction\",\"target\":{\"@type\":\"EntryPoint\",\"urlTemplate\":\"https:\/\/rozewines.com\/?s={search_term_string}\"},\"query-input\":\"required name=search_term_string\"}],\"inLanguage\":\"de-DE\"},{\"@type\":\"Organization\",\"@id\":\"https:\/\/rozewines.com\/#organization\",\"name\":\"Roze wines\",\"url\":\"https:\/\/rozewines.com\/\",\"logo\":{\"@type\":\"ImageObject\",\"inLanguage\":\"de-DE\",\"@id\":\"https:\/\/rozewines.com\/#\/schema\/logo\/image\/\",\"url\":\"https:\/\/rozewines.com\/app\/uploads\/2024\/05\/logo.svg\",\"contentUrl\":\"https:\/\/rozewines.com\/app\/uploads\/2024\/05\/logo.svg\",\"width\":144,\"height\":68,\"caption\":\"Roze wines\"},\"image\":{\"@id\":\"https:\/\/rozewines.com\/#\/schema\/logo\/image\/\"}}]}<\/script>\n<!-- \/ Yoast SEO plugin. -->","yoast_head_json":{"title":"GRW - Kindzmarauli - Roze wines","robots":{"index":"index","follow":"follow","max-snippet":"max-snippet:-1","max-image-preview":"max-image-preview:large","max-video-preview":"max-video-preview:-1"},"canonical":"https:\/\/rozewines.com\/de\/produkt\/grw-kindzmarauli\/","og_locale":"de_DE","og_type":"article","og_title":"GRW - Kindzmarauli - Roze wines","og_description":"Ein roter, halbs\u00fc\u00dfer Wein, der Eleganz und Leichtigkeit verk\u00f6rpert. Diese fesselnde Mischung bietet eine samtige Textur und eine sanfte S\u00fc\u00dfe, die zum Genuss einl\u00e4dt. Verlockende Aromen, in denen sich die saftigen Noten von schwarzen Pflaumen und reifen Brombeeren mit der wohligen W\u00e4rme der Vanille vermischen. Erfreuen Sie sich an den subtilen Noten von Schwarzkirsche, die &hellip; Continued","og_url":"https:\/\/rozewines.com\/de\/produkt\/grw-kindzmarauli\/","og_site_name":"Roze wines","article_modified_time":"2024-12-24T21:21:36+00:00","og_image":[{"width":7785,"height":7785,"url":"https:\/\/rozewines.com\/app\/uploads\/2024\/08\/GRW-Kindzmarauli.jpg","type":"image\/jpeg"}],"twitter_card":"summary_large_image","twitter_misc":{"Est. reading time":"1 minute"},"schema":{"@context":"https:\/\/schema.org","@graph":[{"@type":"WebPage","@id":"https:\/\/rozewines.com\/de\/produkt\/grw-kindzmarauli\/","url":"https:\/\/rozewines.com\/de\/produkt\/grw-kindzmarauli\/","name":"GRW - Kindzmarauli - Roze wines","isPartOf":{"@id":"https:\/\/rozewines.com\/#website"},"primaryImageOfPage":{"@id":"https:\/\/rozewines.com\/de\/produkt\/grw-kindzmarauli\/#primaryimage"},"image":{"@id":"https:\/\/rozewines.com\/de\/produkt\/grw-kindzmarauli\/#primaryimage"},"thumbnailUrl":"https:\/\/rozewines.com\/app\/uploads\/2024\/08\/GRW-Kindzmarauli.jpg","datePublished":"2024-08-31T11:32:25+00:00","dateModified":"2024-12-24T21:21:36+00:00","breadcrumb":{"@id":"https:\/\/rozewines.com\/de\/produkt\/grw-kindzmarauli\/#breadcrumb"},"inLanguage":"de-DE","potentialAction":[{"@type":"ReadAction","target":["https:\/\/rozewines.com\/de\/produkt\/grw-kindzmarauli\/"]}]},{"@type":"ImageObject","inLanguage":"de-DE","@id":"https:\/\/rozewines.com\/de\/produkt\/grw-kindzmarauli\/#primaryimage","url":"https:\/\/rozewines.com\/app\/uploads\/2024\/08\/GRW-Kindzmarauli.jpg","contentUrl":"https:\/\/rozewines.com\/app\/uploads\/2024\/08\/GRW-Kindzmarauli.jpg","width":7785,"height":7785},{"@type":"BreadcrumbList","@id":"https:\/\/rozewines.com\/de\/produkt\/grw-kindzmarauli\/#breadcrumb","itemListElement":[{"@type":"ListItem","position":1,"name":"Home","item":"https:\/\/rozewines.com\/de\/"},{"@type":"ListItem","position":2,"name":"Unsere Weine","item":"https:\/\/rozewines.com\/de\/musu-vins\/"},{"@type":"ListItem","position":3,"name":"GRW &#8211; Kindzmarauli"}]},{"@type":"WebSite","@id":"https:\/\/rozewines.com\/#website","url":"https:\/\/rozewines.com\/","name":"Roze wines","description":"","publisher":{"@id":"https:\/\/rozewines.com\/#organization"},"potentialAction":[{"@type":"SearchAction","target":{"@type":"EntryPoint","urlTemplate":"https:\/\/rozewines.com\/?s={search_term_string}"},"query-input":"required name=search_term_string"}],"inLanguage":"de-DE"},{"@type":"Organization","@id":"https:\/\/rozewines.com\/#organization","name":"Roze wines","url":"https:\/\/rozewines.com\/","logo":{"@type":"ImageObject","inLanguage":"de-DE","@id":"https:\/\/rozewines.com\/#\/schema\/logo\/image\/","url":"https:\/\/rozewines.com\/app\/uploads\/2024\/05\/logo.svg","contentUrl":"https:\/\/rozewines.com\/app\/uploads\/2024\/05\/logo.svg","width":144,"height":68,"caption":"Roze wines"},"image":{"@id":"https:\/\/rozewines.com\/#\/schema\/logo\/image\/"}}]}},"_links":{"self":[{"href":"https:\/\/rozewines.com\/de\/wp-json\/wp\/v2\/product\/6538"}],"collection":[{"href":"https:\/\/rozewines.com\/de\/wp-json\/wp\/v2\/product"}],"about":[{"href":"https:\/\/rozewines.com\/de\/wp-json\/wp\/v2\/types\/product"}],"replies":[{"embeddable":true,"href":"https:\/\/rozewines.com\/de\/wp-json\/wp\/v2\/comments?post=6538"}],"wp:featuredmedia":[{"embeddable":true,"href":"https:\/\/rozewines.com\/de\/wp-json\/wp\/v2\/media\/6398"}],"wp:attachment":[{"href":"https:\/\/rozewines.com\/de\/wp-json\/wp\/v2\/media?parent=6538"}],"wp:term":[{"taxonomy":"brand","embeddable":true,"href":"https:\/\/rozewines.com\/de\/wp-json\/wp\/v2\/brand?post=6538"},{"taxonomy":"colour","embeddable":true,"href":"https:\/\/rozewines.com\/de\/wp-json\/wp\/v2\/colour?post=6538"},{"taxonomy":"flavour","embeddable":true,"href":"https:\/\/rozewines.com\/de\/wp-json\/wp\/v2\/flavour?post=6538"},{"taxonomy":"grape-variety","embeddable":true,"href":"https:\/\/rozewines.com\/de\/wp-json\/wp\/v2\/grape-variety?post=6538"},{"taxonomy":"harvest-year","embeddable":true,"href":"https:\/\/rozewines.com\/de\/wp-json\/wp\/v2\/harvest-year?post=6538"},{"taxonomy":"region","embeddable":true,"href":"https:\/\/rozewines.com\/de\/wp-json\/wp\/v2\/region?post=6538"},{"taxonomy":"size","embeddable":true,"href":"https:\/\/rozewines.com\/de\/wp-json\/wp\/v2\/size?post=6538"},{"taxonomy":"style","embeddable":true,"href":"https:\/\/rozewines.com\/de\/wp-json\/wp\/v2\/style?post=6538"},{"taxonomy":"technology","embeddable":true,"href":"https:\/\/rozewines.com\/de\/wp-json\/wp\/v2\/technology?post=6538"},{"taxonomy":"product_cat","embeddable":true,"href":"https:\/\/rozewines.com\/de\/wp-json\/wp\/v2\/product_cat?post=6538"},{"taxonomy":"product_tag","embeddable":true,"href":"https:\/\/rozewines.com\/de\/wp-json\/wp\/v2\/product_tag?post=6538"}],"curies":[{"name":"wp","href":"https:\/\/api.w.org\/{rel}","templated":true}]}}