{"id":6542,"date":"2024-08-31T11:32:25","date_gmt":"2024-08-31T11:32:25","guid":{"rendered":"https:\/\/rozewines.com\/product\/grw-mukuzani\/"},"modified":"2024-08-31T11:42:49","modified_gmt":"2024-08-31T11:42:49","slug":"grw-mukuzani","status":"publish","type":"product","link":"https:\/\/rozewines.com\/de\/produkt\/grw-mukuzani\/","title":{"rendered":"GRW &#8211; Mukuzani"},"content":{"rendered":"<p>Ein k\u00f6stlicher Rotwein, der f\u00fcr den t\u00e4glichen Genuss gemacht ist. Mit seinem mittleren K\u00f6rper und seiner erfrischenden S\u00e4ure ist dieser Wein die perfekte Wahl f\u00fcr entspannte Momente. Aromen von Kirschen verflechten sich mit der S\u00fc\u00dfe von Maulbeeren, perfekte Kombination von Eichenaromen wie Vanille-Tabak. Der Wein ist leicht und unvergesslich und l\u00e4dt Sie dazu ein, sich den einfachen Freuden des Lebens hinzugeben.<\/p>\n","protected":false},"excerpt":{"rendered":"<p>Ein k\u00f6stlicher Rotwein, der f\u00fcr den t\u00e4glichen Genuss gemacht ist. Mit seinem mittleren K\u00f6rper und seiner erfrischenden S\u00e4ure ist dieser Wein die perfekte Wahl f\u00fcr entspannte Momente. Aromen von Kirschen verflechten sich mit der S\u00fc\u00dfe von Maulbeeren, perfekte Kombination von Eichenaromen wie Vanille-Tabak. Der Wein ist leicht und unvergesslich und l\u00e4dt Sie dazu ein, sich &hellip; <a href=\"https:\/\/rozewines.com\/de\/produkt\/grw-mukuzani\/\">Continued<\/a><\/p>\n","protected":false},"featured_media":6414,"comment_status":"closed","ping_status":"open","template":"","meta":{"_acf_changed":false},"brand":[1814],"colour":[1140],"flavour":[1010,999,1534],"grape-variety":[1283],"harvest-year":[],"region":[1294],"size":[1598],"style":[1271],"technology":[1116],"product_cat":[1382],"product_tag":[],"ams_default_variation_id":0,"ams_product_points_reward":[],"ams_product_discount_percentage":0,"ams_price_to_display":10.8,"acf":[],"ams_acf":[{"key":"food_pairings","label":"Food pairings","value":"Pilzrisotto, Steak Burger"},{"key":"alcohol_percentage","label":"Alcohol percentage","value":"12"}],"yoast_head":"<!-- This site is optimized with the Yoast SEO plugin v22.6 - https:\/\/yoast.com\/wordpress\/plugins\/seo\/ -->\n<title>GRW - Mukuzani - Roze wines<\/title>\n<meta name=\"robots\" content=\"index, follow, max-snippet:-1, max-image-preview:large, max-video-preview:-1\" \/>\n<link rel=\"canonical\" href=\"https:\/\/rozewines.com\/de\/produkt\/grw-mukuzani\/\" \/>\n<meta property=\"og:locale\" content=\"de_DE\" \/>\n<meta property=\"og:type\" content=\"article\" \/>\n<meta property=\"og:title\" content=\"GRW - Mukuzani - Roze wines\" \/>\n<meta property=\"og:description\" content=\"Ein k\u00f6stlicher Rotwein, der f\u00fcr den t\u00e4glichen Genuss gemacht ist. Mit seinem mittleren K\u00f6rper und seiner erfrischenden S\u00e4ure ist dieser Wein die perfekte Wahl f\u00fcr entspannte Momente. Aromen von Kirschen verflechten sich mit der S\u00fc\u00dfe von Maulbeeren, perfekte Kombination von Eichenaromen wie Vanille-Tabak. Der Wein ist leicht und unvergesslich und l\u00e4dt Sie dazu ein, sich &hellip; Continued\" \/>\n<meta property=\"og:url\" content=\"https:\/\/rozewines.com\/de\/produkt\/grw-mukuzani\/\" \/>\n<meta property=\"og:site_name\" content=\"Roze wines\" \/>\n<meta property=\"article:modified_time\" content=\"2024-08-31T11:42:49+00:00\" \/>\n<meta property=\"og:image\" content=\"https:\/\/rozewines.com\/app\/uploads\/2024\/08\/GRW-Mukuzani.jpg\" \/>\n\t<meta property=\"og:image:width\" content=\"7820\" \/>\n\t<meta property=\"og:image:height\" content=\"7820\" \/>\n\t<meta property=\"og:image:type\" content=\"image\/jpeg\" \/>\n<meta name=\"twitter:card\" content=\"summary_large_image\" \/>\n<script type=\"application\/ld+json\" class=\"yoast-schema-graph\">{\"@context\":\"https:\/\/schema.org\",\"@graph\":[{\"@type\":\"WebPage\",\"@id\":\"https:\/\/rozewines.com\/de\/produkt\/grw-mukuzani\/\",\"url\":\"https:\/\/rozewines.com\/de\/produkt\/grw-mukuzani\/\",\"name\":\"GRW - Mukuzani - Roze wines\",\"isPartOf\":{\"@id\":\"https:\/\/rozewines.com\/#website\"},\"primaryImageOfPage\":{\"@id\":\"https:\/\/rozewines.com\/de\/produkt\/grw-mukuzani\/#primaryimage\"},\"image\":{\"@id\":\"https:\/\/rozewines.com\/de\/produkt\/grw-mukuzani\/#primaryimage\"},\"thumbnailUrl\":\"https:\/\/rozewines.com\/app\/uploads\/2024\/08\/GRW-Mukuzani.jpg\",\"datePublished\":\"2024-08-31T11:32:25+00:00\",\"dateModified\":\"2024-08-31T11:42:49+00:00\",\"breadcrumb\":{\"@id\":\"https:\/\/rozewines.com\/de\/produkt\/grw-mukuzani\/#breadcrumb\"},\"inLanguage\":\"de-DE\",\"potentialAction\":[{\"@type\":\"ReadAction\",\"target\":[\"https:\/\/rozewines.com\/de\/produkt\/grw-mukuzani\/\"]}]},{\"@type\":\"ImageObject\",\"inLanguage\":\"de-DE\",\"@id\":\"https:\/\/rozewines.com\/de\/produkt\/grw-mukuzani\/#primaryimage\",\"url\":\"https:\/\/rozewines.com\/app\/uploads\/2024\/08\/GRW-Mukuzani.jpg\",\"contentUrl\":\"https:\/\/rozewines.com\/app\/uploads\/2024\/08\/GRW-Mukuzani.jpg\",\"width\":7820,\"height\":7820},{\"@type\":\"BreadcrumbList\",\"@id\":\"https:\/\/rozewines.com\/de\/produkt\/grw-mukuzani\/#breadcrumb\",\"itemListElement\":[{\"@type\":\"ListItem\",\"position\":1,\"name\":\"Home\",\"item\":\"https:\/\/rozewines.com\/de\/\"},{\"@type\":\"ListItem\",\"position\":2,\"name\":\"Unsere Weine\",\"item\":\"https:\/\/rozewines.com\/de\/musu-vins\/\"},{\"@type\":\"ListItem\",\"position\":3,\"name\":\"GRW &#8211; Mukuzani\"}]},{\"@type\":\"WebSite\",\"@id\":\"https:\/\/rozewines.com\/#website\",\"url\":\"https:\/\/rozewines.com\/\",\"name\":\"Roze wines\",\"description\":\"\",\"publisher\":{\"@id\":\"https:\/\/rozewines.com\/#organization\"},\"potentialAction\":[{\"@type\":\"SearchAction\",\"target\":{\"@type\":\"EntryPoint\",\"urlTemplate\":\"https:\/\/rozewines.com\/?s={search_term_string}\"},\"query-input\":\"required name=search_term_string\"}],\"inLanguage\":\"de-DE\"},{\"@type\":\"Organization\",\"@id\":\"https:\/\/rozewines.com\/#organization\",\"name\":\"Roze wines\",\"url\":\"https:\/\/rozewines.com\/\",\"logo\":{\"@type\":\"ImageObject\",\"inLanguage\":\"de-DE\",\"@id\":\"https:\/\/rozewines.com\/#\/schema\/logo\/image\/\",\"url\":\"https:\/\/rozewines.com\/app\/uploads\/2024\/05\/logo.svg\",\"contentUrl\":\"https:\/\/rozewines.com\/app\/uploads\/2024\/05\/logo.svg\",\"width\":144,\"height\":68,\"caption\":\"Roze wines\"},\"image\":{\"@id\":\"https:\/\/rozewines.com\/#\/schema\/logo\/image\/\"}}]}<\/script>\n<!-- \/ Yoast SEO plugin. -->","yoast_head_json":{"title":"GRW - Mukuzani - Roze wines","robots":{"index":"index","follow":"follow","max-snippet":"max-snippet:-1","max-image-preview":"max-image-preview:large","max-video-preview":"max-video-preview:-1"},"canonical":"https:\/\/rozewines.com\/de\/produkt\/grw-mukuzani\/","og_locale":"de_DE","og_type":"article","og_title":"GRW - Mukuzani - Roze wines","og_description":"Ein k\u00f6stlicher Rotwein, der f\u00fcr den t\u00e4glichen Genuss gemacht ist. Mit seinem mittleren K\u00f6rper und seiner erfrischenden S\u00e4ure ist dieser Wein die perfekte Wahl f\u00fcr entspannte Momente. Aromen von Kirschen verflechten sich mit der S\u00fc\u00dfe von Maulbeeren, perfekte Kombination von Eichenaromen wie Vanille-Tabak. Der Wein ist leicht und unvergesslich und l\u00e4dt Sie dazu ein, sich &hellip; Continued","og_url":"https:\/\/rozewines.com\/de\/produkt\/grw-mukuzani\/","og_site_name":"Roze wines","article_modified_time":"2024-08-31T11:42:49+00:00","og_image":[{"width":7820,"height":7820,"url":"https:\/\/rozewines.com\/app\/uploads\/2024\/08\/GRW-Mukuzani.jpg","type":"image\/jpeg"}],"twitter_card":"summary_large_image","schema":{"@context":"https:\/\/schema.org","@graph":[{"@type":"WebPage","@id":"https:\/\/rozewines.com\/de\/produkt\/grw-mukuzani\/","url":"https:\/\/rozewines.com\/de\/produkt\/grw-mukuzani\/","name":"GRW - Mukuzani - Roze wines","isPartOf":{"@id":"https:\/\/rozewines.com\/#website"},"primaryImageOfPage":{"@id":"https:\/\/rozewines.com\/de\/produkt\/grw-mukuzani\/#primaryimage"},"image":{"@id":"https:\/\/rozewines.com\/de\/produkt\/grw-mukuzani\/#primaryimage"},"thumbnailUrl":"https:\/\/rozewines.com\/app\/uploads\/2024\/08\/GRW-Mukuzani.jpg","datePublished":"2024-08-31T11:32:25+00:00","dateModified":"2024-08-31T11:42:49+00:00","breadcrumb":{"@id":"https:\/\/rozewines.com\/de\/produkt\/grw-mukuzani\/#breadcrumb"},"inLanguage":"de-DE","potentialAction":[{"@type":"ReadAction","target":["https:\/\/rozewines.com\/de\/produkt\/grw-mukuzani\/"]}]},{"@type":"ImageObject","inLanguage":"de-DE","@id":"https:\/\/rozewines.com\/de\/produkt\/grw-mukuzani\/#primaryimage","url":"https:\/\/rozewines.com\/app\/uploads\/2024\/08\/GRW-Mukuzani.jpg","contentUrl":"https:\/\/rozewines.com\/app\/uploads\/2024\/08\/GRW-Mukuzani.jpg","width":7820,"height":7820},{"@type":"BreadcrumbList","@id":"https:\/\/rozewines.com\/de\/produkt\/grw-mukuzani\/#breadcrumb","itemListElement":[{"@type":"ListItem","position":1,"name":"Home","item":"https:\/\/rozewines.com\/de\/"},{"@type":"ListItem","position":2,"name":"Unsere Weine","item":"https:\/\/rozewines.com\/de\/musu-vins\/"},{"@type":"ListItem","position":3,"name":"GRW &#8211; Mukuzani"}]},{"@type":"WebSite","@id":"https:\/\/rozewines.com\/#website","url":"https:\/\/rozewines.com\/","name":"Roze wines","description":"","publisher":{"@id":"https:\/\/rozewines.com\/#organization"},"potentialAction":[{"@type":"SearchAction","target":{"@type":"EntryPoint","urlTemplate":"https:\/\/rozewines.com\/?s={search_term_string}"},"query-input":"required name=search_term_string"}],"inLanguage":"de-DE"},{"@type":"Organization","@id":"https:\/\/rozewines.com\/#organization","name":"Roze wines","url":"https:\/\/rozewines.com\/","logo":{"@type":"ImageObject","inLanguage":"de-DE","@id":"https:\/\/rozewines.com\/#\/schema\/logo\/image\/","url":"https:\/\/rozewines.com\/app\/uploads\/2024\/05\/logo.svg","contentUrl":"https:\/\/rozewines.com\/app\/uploads\/2024\/05\/logo.svg","width":144,"height":68,"caption":"Roze wines"},"image":{"@id":"https:\/\/rozewines.com\/#\/schema\/logo\/image\/"}}]}},"_links":{"self":[{"href":"https:\/\/rozewines.com\/de\/wp-json\/wp\/v2\/product\/6542"}],"collection":[{"href":"https:\/\/rozewines.com\/de\/wp-json\/wp\/v2\/product"}],"about":[{"href":"https:\/\/rozewines.com\/de\/wp-json\/wp\/v2\/types\/product"}],"replies":[{"embeddable":true,"href":"https:\/\/rozewines.com\/de\/wp-json\/wp\/v2\/comments?post=6542"}],"wp:featuredmedia":[{"embeddable":true,"href":"https:\/\/rozewines.com\/de\/wp-json\/wp\/v2\/media\/6414"}],"wp:attachment":[{"href":"https:\/\/rozewines.com\/de\/wp-json\/wp\/v2\/media?parent=6542"}],"wp:term":[{"taxonomy":"brand","embeddable":true,"href":"https:\/\/rozewines.com\/de\/wp-json\/wp\/v2\/brand?post=6542"},{"taxonomy":"colour","embeddable":true,"href":"https:\/\/rozewines.com\/de\/wp-json\/wp\/v2\/colour?post=6542"},{"taxonomy":"flavour","embeddable":true,"href":"https:\/\/rozewines.com\/de\/wp-json\/wp\/v2\/flavour?post=6542"},{"taxonomy":"grape-variety","embeddable":true,"href":"https:\/\/rozewines.com\/de\/wp-json\/wp\/v2\/grape-variety?post=6542"},{"taxonomy":"harvest-year","embeddable":true,"href":"https:\/\/rozewines.com\/de\/wp-json\/wp\/v2\/harvest-year?post=6542"},{"taxonomy":"region","embeddable":true,"href":"https:\/\/rozewines.com\/de\/wp-json\/wp\/v2\/region?post=6542"},{"taxonomy":"size","embeddable":true,"href":"https:\/\/rozewines.com\/de\/wp-json\/wp\/v2\/size?post=6542"},{"taxonomy":"style","embeddable":true,"href":"https:\/\/rozewines.com\/de\/wp-json\/wp\/v2\/style?post=6542"},{"taxonomy":"technology","embeddable":true,"href":"https:\/\/rozewines.com\/de\/wp-json\/wp\/v2\/technology?post=6542"},{"taxonomy":"product_cat","embeddable":true,"href":"https:\/\/rozewines.com\/de\/wp-json\/wp\/v2\/product_cat?post=6542"},{"taxonomy":"product_tag","embeddable":true,"href":"https:\/\/rozewines.com\/de\/wp-json\/wp\/v2\/product_tag?post=6542"}],"curies":[{"name":"wp","href":"https:\/\/api.w.org\/{rel}","templated":true}]}}