{"id":6545,"date":"2024-08-31T11:32:25","date_gmt":"2024-08-31T11:32:25","guid":{"rendered":"https:\/\/rozewines.com\/product\/grw-sauvignon-blanc\/"},"modified":"2024-08-31T11:42:50","modified_gmt":"2024-08-31T11:42:50","slug":"grw-sauvignon-blanc","status":"publish","type":"product","link":"https:\/\/rozewines.com\/de\/produkt\/grw-sauvignon-blanc\/","title":{"rendered":"GRW &#8211; Sauvignon Blanc"},"content":{"rendered":"<p>Der Wein hat eine tief zitronengelbe Farbe, die auf den ersten Blick viel verspricht, was sich in der Nase durch eine gro\u00dfe aromatische Intensit\u00e4t mit Kr\u00e4uter- und Melonend\u00fcften zeigt, die sich mit dem Geruch von Feuerstein vermischen, zu dem sich Noten von Zitrusfr\u00fcchten, Holunderbl\u00fcten und gr\u00fcnem Paprika gesellen. Im Mund ist er im wahrsten Sinne des Wortes erstaunlich, weich und voll, aber gleichzeitig delikat und ausgewogen, mit einer bemerkenswerten Nachhaltigkeit.  Nicht verf\u00fcgbar<\/p>\n","protected":false},"excerpt":{"rendered":"<p>Der Wein hat eine tief zitronengelbe Farbe, die auf den ersten Blick viel verspricht, was sich in der Nase durch eine gro\u00dfe aromatische Intensit\u00e4t mit Kr\u00e4uter- und Melonend\u00fcften zeigt, die sich mit dem Geruch von Feuerstein vermischen, zu dem sich Noten von Zitrusfr\u00fcchten, Holunderbl\u00fcten und gr\u00fcnem Paprika gesellen. Im Mund ist er im wahrsten Sinne &hellip; <a href=\"https:\/\/rozewines.com\/de\/produkt\/grw-sauvignon-blanc\/\">Continued<\/a><\/p>\n","protected":false},"featured_media":6426,"comment_status":"closed","ping_status":"closed","template":"","meta":{"_acf_changed":false},"brand":[1814],"colour":[1143],"flavour":[1033,1614,1052],"grape-variety":[1719],"harvest-year":[],"region":[1294],"size":[1598],"style":[1271],"technology":[1116],"product_cat":[1382],"product_tag":[],"ams_default_variation_id":0,"ams_product_points_reward":[],"ams_product_discount_percentage":0,"ams_price_to_display":12.2,"acf":[],"ams_acf":[{"key":"food_pairings","label":"Food pairings","value":"Frischer Lachs, Asiarollen"},{"key":"alcohol_percentage","label":"Alcohol percentage","value":"12"},{"key":"details","label":"Details","value":{"":null,"acidity":"3","body":"2","sweetness":"1","tannin":"0"}}],"yoast_head":"<!-- This site is optimized with the Yoast SEO plugin v22.6 - https:\/\/yoast.com\/wordpress\/plugins\/seo\/ -->\n<title>GRW - Sauvignon Blanc - Roze wines<\/title>\n<meta name=\"robots\" content=\"index, follow, max-snippet:-1, max-image-preview:large, max-video-preview:-1\" \/>\n<link rel=\"canonical\" href=\"https:\/\/rozewines.com\/de\/produkt\/grw-sauvignon-blanc\/\" \/>\n<meta property=\"og:locale\" content=\"de_DE\" \/>\n<meta property=\"og:type\" content=\"article\" \/>\n<meta property=\"og:title\" content=\"GRW - Sauvignon Blanc - Roze wines\" \/>\n<meta property=\"og:description\" content=\"Der Wein hat eine tief zitronengelbe Farbe, die auf den ersten Blick viel verspricht, was sich in der Nase durch eine gro\u00dfe aromatische Intensit\u00e4t mit Kr\u00e4uter- und Melonend\u00fcften zeigt, die sich mit dem Geruch von Feuerstein vermischen, zu dem sich Noten von Zitrusfr\u00fcchten, Holunderbl\u00fcten und gr\u00fcnem Paprika gesellen. Im Mund ist er im wahrsten Sinne &hellip; Continued\" \/>\n<meta property=\"og:url\" content=\"https:\/\/rozewines.com\/de\/produkt\/grw-sauvignon-blanc\/\" \/>\n<meta property=\"og:site_name\" content=\"Roze wines\" \/>\n<meta property=\"article:modified_time\" content=\"2024-08-31T11:42:50+00:00\" \/>\n<meta property=\"og:image\" content=\"https:\/\/rozewines.com\/app\/uploads\/2024\/08\/GRW-Sauvignon-Blanc.jpg\" \/>\n\t<meta property=\"og:image:width\" content=\"7732\" \/>\n\t<meta property=\"og:image:height\" content=\"7732\" \/>\n\t<meta property=\"og:image:type\" content=\"image\/jpeg\" \/>\n<meta name=\"twitter:card\" content=\"summary_large_image\" \/>\n<script type=\"application\/ld+json\" class=\"yoast-schema-graph\">{\"@context\":\"https:\/\/schema.org\",\"@graph\":[{\"@type\":\"WebPage\",\"@id\":\"https:\/\/rozewines.com\/de\/produkt\/grw-sauvignon-blanc\/\",\"url\":\"https:\/\/rozewines.com\/de\/produkt\/grw-sauvignon-blanc\/\",\"name\":\"GRW - Sauvignon Blanc - Roze wines\",\"isPartOf\":{\"@id\":\"https:\/\/rozewines.com\/#website\"},\"primaryImageOfPage\":{\"@id\":\"https:\/\/rozewines.com\/de\/produkt\/grw-sauvignon-blanc\/#primaryimage\"},\"image\":{\"@id\":\"https:\/\/rozewines.com\/de\/produkt\/grw-sauvignon-blanc\/#primaryimage\"},\"thumbnailUrl\":\"https:\/\/rozewines.com\/app\/uploads\/2024\/08\/GRW-Sauvignon-Blanc.jpg\",\"datePublished\":\"2024-08-31T11:32:25+00:00\",\"dateModified\":\"2024-08-31T11:42:50+00:00\",\"breadcrumb\":{\"@id\":\"https:\/\/rozewines.com\/de\/produkt\/grw-sauvignon-blanc\/#breadcrumb\"},\"inLanguage\":\"de-DE\",\"potentialAction\":[{\"@type\":\"ReadAction\",\"target\":[\"https:\/\/rozewines.com\/de\/produkt\/grw-sauvignon-blanc\/\"]}]},{\"@type\":\"ImageObject\",\"inLanguage\":\"de-DE\",\"@id\":\"https:\/\/rozewines.com\/de\/produkt\/grw-sauvignon-blanc\/#primaryimage\",\"url\":\"https:\/\/rozewines.com\/app\/uploads\/2024\/08\/GRW-Sauvignon-Blanc.jpg\",\"contentUrl\":\"https:\/\/rozewines.com\/app\/uploads\/2024\/08\/GRW-Sauvignon-Blanc.jpg\",\"width\":7732,\"height\":7732},{\"@type\":\"BreadcrumbList\",\"@id\":\"https:\/\/rozewines.com\/de\/produkt\/grw-sauvignon-blanc\/#breadcrumb\",\"itemListElement\":[{\"@type\":\"ListItem\",\"position\":1,\"name\":\"Home\",\"item\":\"https:\/\/rozewines.com\/de\/\"},{\"@type\":\"ListItem\",\"position\":2,\"name\":\"Unsere Weine\",\"item\":\"https:\/\/rozewines.com\/de\/musu-vins\/\"},{\"@type\":\"ListItem\",\"position\":3,\"name\":\"GRW &#8211; Sauvignon Blanc\"}]},{\"@type\":\"WebSite\",\"@id\":\"https:\/\/rozewines.com\/#website\",\"url\":\"https:\/\/rozewines.com\/\",\"name\":\"Roze wines\",\"description\":\"\",\"publisher\":{\"@id\":\"https:\/\/rozewines.com\/#organization\"},\"potentialAction\":[{\"@type\":\"SearchAction\",\"target\":{\"@type\":\"EntryPoint\",\"urlTemplate\":\"https:\/\/rozewines.com\/?s={search_term_string}\"},\"query-input\":\"required name=search_term_string\"}],\"inLanguage\":\"de-DE\"},{\"@type\":\"Organization\",\"@id\":\"https:\/\/rozewines.com\/#organization\",\"name\":\"Roze wines\",\"url\":\"https:\/\/rozewines.com\/\",\"logo\":{\"@type\":\"ImageObject\",\"inLanguage\":\"de-DE\",\"@id\":\"https:\/\/rozewines.com\/#\/schema\/logo\/image\/\",\"url\":\"https:\/\/rozewines.com\/app\/uploads\/2024\/05\/logo.svg\",\"contentUrl\":\"https:\/\/rozewines.com\/app\/uploads\/2024\/05\/logo.svg\",\"width\":144,\"height\":68,\"caption\":\"Roze wines\"},\"image\":{\"@id\":\"https:\/\/rozewines.com\/#\/schema\/logo\/image\/\"}}]}<\/script>\n<!-- \/ Yoast SEO plugin. -->","yoast_head_json":{"title":"GRW - Sauvignon Blanc - Roze wines","robots":{"index":"index","follow":"follow","max-snippet":"max-snippet:-1","max-image-preview":"max-image-preview:large","max-video-preview":"max-video-preview:-1"},"canonical":"https:\/\/rozewines.com\/de\/produkt\/grw-sauvignon-blanc\/","og_locale":"de_DE","og_type":"article","og_title":"GRW - Sauvignon Blanc - Roze wines","og_description":"Der Wein hat eine tief zitronengelbe Farbe, die auf den ersten Blick viel verspricht, was sich in der Nase durch eine gro\u00dfe aromatische Intensit\u00e4t mit Kr\u00e4uter- und Melonend\u00fcften zeigt, die sich mit dem Geruch von Feuerstein vermischen, zu dem sich Noten von Zitrusfr\u00fcchten, Holunderbl\u00fcten und gr\u00fcnem Paprika gesellen. Im Mund ist er im wahrsten Sinne &hellip; Continued","og_url":"https:\/\/rozewines.com\/de\/produkt\/grw-sauvignon-blanc\/","og_site_name":"Roze wines","article_modified_time":"2024-08-31T11:42:50+00:00","og_image":[{"width":7732,"height":7732,"url":"https:\/\/rozewines.com\/app\/uploads\/2024\/08\/GRW-Sauvignon-Blanc.jpg","type":"image\/jpeg"}],"twitter_card":"summary_large_image","schema":{"@context":"https:\/\/schema.org","@graph":[{"@type":"WebPage","@id":"https:\/\/rozewines.com\/de\/produkt\/grw-sauvignon-blanc\/","url":"https:\/\/rozewines.com\/de\/produkt\/grw-sauvignon-blanc\/","name":"GRW - Sauvignon Blanc - Roze wines","isPartOf":{"@id":"https:\/\/rozewines.com\/#website"},"primaryImageOfPage":{"@id":"https:\/\/rozewines.com\/de\/produkt\/grw-sauvignon-blanc\/#primaryimage"},"image":{"@id":"https:\/\/rozewines.com\/de\/produkt\/grw-sauvignon-blanc\/#primaryimage"},"thumbnailUrl":"https:\/\/rozewines.com\/app\/uploads\/2024\/08\/GRW-Sauvignon-Blanc.jpg","datePublished":"2024-08-31T11:32:25+00:00","dateModified":"2024-08-31T11:42:50+00:00","breadcrumb":{"@id":"https:\/\/rozewines.com\/de\/produkt\/grw-sauvignon-blanc\/#breadcrumb"},"inLanguage":"de-DE","potentialAction":[{"@type":"ReadAction","target":["https:\/\/rozewines.com\/de\/produkt\/grw-sauvignon-blanc\/"]}]},{"@type":"ImageObject","inLanguage":"de-DE","@id":"https:\/\/rozewines.com\/de\/produkt\/grw-sauvignon-blanc\/#primaryimage","url":"https:\/\/rozewines.com\/app\/uploads\/2024\/08\/GRW-Sauvignon-Blanc.jpg","contentUrl":"https:\/\/rozewines.com\/app\/uploads\/2024\/08\/GRW-Sauvignon-Blanc.jpg","width":7732,"height":7732},{"@type":"BreadcrumbList","@id":"https:\/\/rozewines.com\/de\/produkt\/grw-sauvignon-blanc\/#breadcrumb","itemListElement":[{"@type":"ListItem","position":1,"name":"Home","item":"https:\/\/rozewines.com\/de\/"},{"@type":"ListItem","position":2,"name":"Unsere Weine","item":"https:\/\/rozewines.com\/de\/musu-vins\/"},{"@type":"ListItem","position":3,"name":"GRW &#8211; Sauvignon Blanc"}]},{"@type":"WebSite","@id":"https:\/\/rozewines.com\/#website","url":"https:\/\/rozewines.com\/","name":"Roze wines","description":"","publisher":{"@id":"https:\/\/rozewines.com\/#organization"},"potentialAction":[{"@type":"SearchAction","target":{"@type":"EntryPoint","urlTemplate":"https:\/\/rozewines.com\/?s={search_term_string}"},"query-input":"required name=search_term_string"}],"inLanguage":"de-DE"},{"@type":"Organization","@id":"https:\/\/rozewines.com\/#organization","name":"Roze wines","url":"https:\/\/rozewines.com\/","logo":{"@type":"ImageObject","inLanguage":"de-DE","@id":"https:\/\/rozewines.com\/#\/schema\/logo\/image\/","url":"https:\/\/rozewines.com\/app\/uploads\/2024\/05\/logo.svg","contentUrl":"https:\/\/rozewines.com\/app\/uploads\/2024\/05\/logo.svg","width":144,"height":68,"caption":"Roze wines"},"image":{"@id":"https:\/\/rozewines.com\/#\/schema\/logo\/image\/"}}]}},"_links":{"self":[{"href":"https:\/\/rozewines.com\/de\/wp-json\/wp\/v2\/product\/6545"}],"collection":[{"href":"https:\/\/rozewines.com\/de\/wp-json\/wp\/v2\/product"}],"about":[{"href":"https:\/\/rozewines.com\/de\/wp-json\/wp\/v2\/types\/product"}],"replies":[{"embeddable":true,"href":"https:\/\/rozewines.com\/de\/wp-json\/wp\/v2\/comments?post=6545"}],"wp:featuredmedia":[{"embeddable":true,"href":"https:\/\/rozewines.com\/de\/wp-json\/wp\/v2\/media\/6426"}],"wp:attachment":[{"href":"https:\/\/rozewines.com\/de\/wp-json\/wp\/v2\/media?parent=6545"}],"wp:term":[{"taxonomy":"brand","embeddable":true,"href":"https:\/\/rozewines.com\/de\/wp-json\/wp\/v2\/brand?post=6545"},{"taxonomy":"colour","embeddable":true,"href":"https:\/\/rozewines.com\/de\/wp-json\/wp\/v2\/colour?post=6545"},{"taxonomy":"flavour","embeddable":true,"href":"https:\/\/rozewines.com\/de\/wp-json\/wp\/v2\/flavour?post=6545"},{"taxonomy":"grape-variety","embeddable":true,"href":"https:\/\/rozewines.com\/de\/wp-json\/wp\/v2\/grape-variety?post=6545"},{"taxonomy":"harvest-year","embeddable":true,"href":"https:\/\/rozewines.com\/de\/wp-json\/wp\/v2\/harvest-year?post=6545"},{"taxonomy":"region","embeddable":true,"href":"https:\/\/rozewines.com\/de\/wp-json\/wp\/v2\/region?post=6545"},{"taxonomy":"size","embeddable":true,"href":"https:\/\/rozewines.com\/de\/wp-json\/wp\/v2\/size?post=6545"},{"taxonomy":"style","embeddable":true,"href":"https:\/\/rozewines.com\/de\/wp-json\/wp\/v2\/style?post=6545"},{"taxonomy":"technology","embeddable":true,"href":"https:\/\/rozewines.com\/de\/wp-json\/wp\/v2\/technology?post=6545"},{"taxonomy":"product_cat","embeddable":true,"href":"https:\/\/rozewines.com\/de\/wp-json\/wp\/v2\/product_cat?post=6545"},{"taxonomy":"product_tag","embeddable":true,"href":"https:\/\/rozewines.com\/de\/wp-json\/wp\/v2\/product_tag?post=6545"}],"curies":[{"name":"wp","href":"https:\/\/api.w.org\/{rel}","templated":true}]}}