{"id":6547,"date":"2024-08-31T11:32:25","date_gmt":"2024-08-31T11:32:25","guid":{"rendered":"https:\/\/rozewines.com\/product\/rezos-wine-kindzmarauli\/"},"modified":"2024-09-01T10:22:18","modified_gmt":"2024-09-01T10:22:18","slug":"rezos-wine-kindzmarauli","status":"publish","type":"product","link":"https:\/\/rozewines.com\/de\/produkt\/rezos-wine-kindzmarauli\/","title":{"rendered":"Rezo&#8217;s Wine &#8211; Kindzmarauli"},"content":{"rendered":"<p>Er erfreut die Sinne mit seinem fruchtigen und aromatischen Charme. Dieser samtige Wein bietet ein sanftes und genussvolles Erlebnis, perfekt zum Schl\u00fcrfen und Genie\u00dfen. Verlockende Aromen von reicher Pflaumenmarmelade, Brombeeren, Geb\u00e4ck und delikatem . Mit seiner ausgewogenen S\u00fc\u00dfe und geschmeidigen Textur verspricht der Kindzmarauli ein wohliges Weinerlebnis und ist damit ein idealer Begleiter f\u00fcr entspannte Abende und fr\u00f6hliche Feste.<\/p>\n","protected":false},"excerpt":{"rendered":"<p>Er erfreut die Sinne mit seinem fruchtigen und aromatischen Charme. Dieser samtige Wein bietet ein sanftes und genussvolles Erlebnis, perfekt zum Schl\u00fcrfen und Genie\u00dfen. Verlockende Aromen von reicher Pflaumenmarmelade, Brombeeren, Geb\u00e4ck und delikatem . Mit seiner ausgewogenen S\u00fc\u00dfe und geschmeidigen Textur verspricht der Kindzmarauli ein wohliges Weinerlebnis und ist damit ein idealer Begleiter f\u00fcr entspannte &hellip; <a href=\"https:\/\/rozewines.com\/de\/produkt\/rezos-wine-kindzmarauli\/\">Continued<\/a><\/p>\n","protected":false},"featured_media":6434,"comment_status":"closed","ping_status":"closed","template":"","meta":{"_acf_changed":false},"brand":[1819],"colour":[1140],"flavour":[1002,997,1066],"grape-variety":[1283],"harvest-year":[],"region":[1294],"size":[1598],"style":[1270],"technology":[1116],"product_cat":[1382],"product_tag":[],"ams_default_variation_id":0,"ams_product_points_reward":[],"ams_product_discount_percentage":0,"ams_price_to_display":16.2,"acf":[],"ams_acf":[{"key":"food_pairings","label":"Food pairings","value":"Pelamuschi, K\u00e4sekuchen mit Schokolade"},{"key":"alcohol_percentage","label":"Alcohol percentage","value":"11"},{"key":"details","label":"Details","value":{"":null,"acidity":"1","body":"2","sweetness":"3","tannin":"0"}}],"yoast_head":"<!-- This site is optimized with the Yoast SEO plugin v22.6 - https:\/\/yoast.com\/wordpress\/plugins\/seo\/ -->\n<title>Rezo&#039;s Wine - Kindzmarauli - Roze wines<\/title>\n<meta name=\"robots\" content=\"index, follow, max-snippet:-1, max-image-preview:large, max-video-preview:-1\" \/>\n<link rel=\"canonical\" href=\"https:\/\/rozewines.com\/produkt\/rezos-wine-kindzmarauli\/\" \/>\n<meta property=\"og:locale\" content=\"de_DE\" \/>\n<meta property=\"og:type\" content=\"article\" \/>\n<meta property=\"og:title\" content=\"Rezo&#039;s Wine - Kindzmarauli - Roze wines\" \/>\n<meta property=\"og:description\" content=\"Er erfreut die Sinne mit seinem fruchtigen und aromatischen Charme. Dieser samtige Wein bietet ein sanftes und genussvolles Erlebnis, perfekt zum Schl\u00fcrfen und Genie\u00dfen. Verlockende Aromen von reicher Pflaumenmarmelade, Brombeeren, Geb\u00e4ck und delikatem . Mit seiner ausgewogenen S\u00fc\u00dfe und geschmeidigen Textur verspricht der Kindzmarauli ein wohliges Weinerlebnis und ist damit ein idealer Begleiter f\u00fcr entspannte &hellip; Continued\" \/>\n<meta property=\"og:url\" content=\"https:\/\/rozewines.com\/produkt\/rezos-wine-kindzmarauli\/\" \/>\n<meta property=\"og:site_name\" content=\"Roze wines\" \/>\n<meta property=\"article:modified_time\" content=\"2024-09-01T10:22:18+00:00\" \/>\n<meta property=\"og:image\" content=\"https:\/\/rozewines.com\/app\/uploads\/2024\/08\/Rezos-Wine-Kindzmarauli.jpg\" \/>\n\t<meta property=\"og:image:width\" content=\"7820\" \/>\n\t<meta property=\"og:image:height\" content=\"7820\" \/>\n\t<meta property=\"og:image:type\" content=\"image\/jpeg\" \/>\n<meta name=\"twitter:card\" content=\"summary_large_image\" \/>\n<meta name=\"twitter:label1\" content=\"Est. reading time\" \/>\n\t<meta name=\"twitter:data1\" content=\"1 minute\" \/>\n<script type=\"application\/ld+json\" class=\"yoast-schema-graph\">{\"@context\":\"https:\/\/schema.org\",\"@graph\":[{\"@type\":\"WebPage\",\"@id\":\"https:\/\/rozewines.com\/produkt\/rezos-wine-kindzmarauli\/\",\"url\":\"https:\/\/rozewines.com\/produkt\/rezos-wine-kindzmarauli\/\",\"name\":\"Rezo's Wine - Kindzmarauli - Roze wines\",\"isPartOf\":{\"@id\":\"https:\/\/rozewines.com\/#website\"},\"primaryImageOfPage\":{\"@id\":\"https:\/\/rozewines.com\/produkt\/rezos-wine-kindzmarauli\/#primaryimage\"},\"image\":{\"@id\":\"https:\/\/rozewines.com\/produkt\/rezos-wine-kindzmarauli\/#primaryimage\"},\"thumbnailUrl\":\"https:\/\/rozewines.com\/app\/uploads\/2024\/08\/Rezos-Wine-Kindzmarauli.jpg\",\"datePublished\":\"2024-08-31T11:32:25+00:00\",\"dateModified\":\"2024-09-01T10:22:18+00:00\",\"breadcrumb\":{\"@id\":\"https:\/\/rozewines.com\/produkt\/rezos-wine-kindzmarauli\/#breadcrumb\"},\"inLanguage\":\"de-DE\",\"potentialAction\":[{\"@type\":\"ReadAction\",\"target\":[\"https:\/\/rozewines.com\/produkt\/rezos-wine-kindzmarauli\/\"]}]},{\"@type\":\"ImageObject\",\"inLanguage\":\"de-DE\",\"@id\":\"https:\/\/rozewines.com\/produkt\/rezos-wine-kindzmarauli\/#primaryimage\",\"url\":\"https:\/\/rozewines.com\/app\/uploads\/2024\/08\/Rezos-Wine-Kindzmarauli.jpg\",\"contentUrl\":\"https:\/\/rozewines.com\/app\/uploads\/2024\/08\/Rezos-Wine-Kindzmarauli.jpg\",\"width\":7820,\"height\":7820},{\"@type\":\"BreadcrumbList\",\"@id\":\"https:\/\/rozewines.com\/produkt\/rezos-wine-kindzmarauli\/#breadcrumb\",\"itemListElement\":[{\"@type\":\"ListItem\",\"position\":1,\"name\":\"Home\",\"item\":\"https:\/\/rozewines.com\/de\/\"},{\"@type\":\"ListItem\",\"position\":2,\"name\":\"Unsere Weine\",\"item\":\"https:\/\/rozewines.com\/de\/musu-vins\/\"},{\"@type\":\"ListItem\",\"position\":3,\"name\":\"Rezo&#8217;s Wine &#8211; Kindzmarauli\"}]},{\"@type\":\"WebSite\",\"@id\":\"https:\/\/rozewines.com\/#website\",\"url\":\"https:\/\/rozewines.com\/\",\"name\":\"Roze wines\",\"description\":\"\",\"publisher\":{\"@id\":\"https:\/\/rozewines.com\/#organization\"},\"potentialAction\":[{\"@type\":\"SearchAction\",\"target\":{\"@type\":\"EntryPoint\",\"urlTemplate\":\"https:\/\/rozewines.com\/?s={search_term_string}\"},\"query-input\":\"required name=search_term_string\"}],\"inLanguage\":\"de-DE\"},{\"@type\":\"Organization\",\"@id\":\"https:\/\/rozewines.com\/#organization\",\"name\":\"Roze wines\",\"url\":\"https:\/\/rozewines.com\/\",\"logo\":{\"@type\":\"ImageObject\",\"inLanguage\":\"de-DE\",\"@id\":\"https:\/\/rozewines.com\/#\/schema\/logo\/image\/\",\"url\":\"https:\/\/rozewines.com\/app\/uploads\/2024\/05\/logo.svg\",\"contentUrl\":\"https:\/\/rozewines.com\/app\/uploads\/2024\/05\/logo.svg\",\"width\":144,\"height\":68,\"caption\":\"Roze wines\"},\"image\":{\"@id\":\"https:\/\/rozewines.com\/#\/schema\/logo\/image\/\"}}]}<\/script>\n<!-- \/ Yoast SEO plugin. -->","yoast_head_json":{"title":"Rezo's Wine - Kindzmarauli - Roze wines","robots":{"index":"index","follow":"follow","max-snippet":"max-snippet:-1","max-image-preview":"max-image-preview:large","max-video-preview":"max-video-preview:-1"},"canonical":"https:\/\/rozewines.com\/produkt\/rezos-wine-kindzmarauli\/","og_locale":"de_DE","og_type":"article","og_title":"Rezo's Wine - Kindzmarauli - Roze wines","og_description":"Er erfreut die Sinne mit seinem fruchtigen und aromatischen Charme. Dieser samtige Wein bietet ein sanftes und genussvolles Erlebnis, perfekt zum Schl\u00fcrfen und Genie\u00dfen. Verlockende Aromen von reicher Pflaumenmarmelade, Brombeeren, Geb\u00e4ck und delikatem . Mit seiner ausgewogenen S\u00fc\u00dfe und geschmeidigen Textur verspricht der Kindzmarauli ein wohliges Weinerlebnis und ist damit ein idealer Begleiter f\u00fcr entspannte &hellip; Continued","og_url":"https:\/\/rozewines.com\/produkt\/rezos-wine-kindzmarauli\/","og_site_name":"Roze wines","article_modified_time":"2024-09-01T10:22:18+00:00","og_image":[{"width":7820,"height":7820,"url":"https:\/\/rozewines.com\/app\/uploads\/2024\/08\/Rezos-Wine-Kindzmarauli.jpg","type":"image\/jpeg"}],"twitter_card":"summary_large_image","twitter_misc":{"Est. reading time":"1 minute"},"schema":{"@context":"https:\/\/schema.org","@graph":[{"@type":"WebPage","@id":"https:\/\/rozewines.com\/produkt\/rezos-wine-kindzmarauli\/","url":"https:\/\/rozewines.com\/produkt\/rezos-wine-kindzmarauli\/","name":"Rezo's Wine - Kindzmarauli - Roze wines","isPartOf":{"@id":"https:\/\/rozewines.com\/#website"},"primaryImageOfPage":{"@id":"https:\/\/rozewines.com\/produkt\/rezos-wine-kindzmarauli\/#primaryimage"},"image":{"@id":"https:\/\/rozewines.com\/produkt\/rezos-wine-kindzmarauli\/#primaryimage"},"thumbnailUrl":"https:\/\/rozewines.com\/app\/uploads\/2024\/08\/Rezos-Wine-Kindzmarauli.jpg","datePublished":"2024-08-31T11:32:25+00:00","dateModified":"2024-09-01T10:22:18+00:00","breadcrumb":{"@id":"https:\/\/rozewines.com\/produkt\/rezos-wine-kindzmarauli\/#breadcrumb"},"inLanguage":"de-DE","potentialAction":[{"@type":"ReadAction","target":["https:\/\/rozewines.com\/produkt\/rezos-wine-kindzmarauli\/"]}]},{"@type":"ImageObject","inLanguage":"de-DE","@id":"https:\/\/rozewines.com\/produkt\/rezos-wine-kindzmarauli\/#primaryimage","url":"https:\/\/rozewines.com\/app\/uploads\/2024\/08\/Rezos-Wine-Kindzmarauli.jpg","contentUrl":"https:\/\/rozewines.com\/app\/uploads\/2024\/08\/Rezos-Wine-Kindzmarauli.jpg","width":7820,"height":7820},{"@type":"BreadcrumbList","@id":"https:\/\/rozewines.com\/produkt\/rezos-wine-kindzmarauli\/#breadcrumb","itemListElement":[{"@type":"ListItem","position":1,"name":"Home","item":"https:\/\/rozewines.com\/de\/"},{"@type":"ListItem","position":2,"name":"Unsere Weine","item":"https:\/\/rozewines.com\/de\/musu-vins\/"},{"@type":"ListItem","position":3,"name":"Rezo&#8217;s Wine &#8211; Kindzmarauli"}]},{"@type":"WebSite","@id":"https:\/\/rozewines.com\/#website","url":"https:\/\/rozewines.com\/","name":"Roze wines","description":"","publisher":{"@id":"https:\/\/rozewines.com\/#organization"},"potentialAction":[{"@type":"SearchAction","target":{"@type":"EntryPoint","urlTemplate":"https:\/\/rozewines.com\/?s={search_term_string}"},"query-input":"required name=search_term_string"}],"inLanguage":"de-DE"},{"@type":"Organization","@id":"https:\/\/rozewines.com\/#organization","name":"Roze wines","url":"https:\/\/rozewines.com\/","logo":{"@type":"ImageObject","inLanguage":"de-DE","@id":"https:\/\/rozewines.com\/#\/schema\/logo\/image\/","url":"https:\/\/rozewines.com\/app\/uploads\/2024\/05\/logo.svg","contentUrl":"https:\/\/rozewines.com\/app\/uploads\/2024\/05\/logo.svg","width":144,"height":68,"caption":"Roze wines"},"image":{"@id":"https:\/\/rozewines.com\/#\/schema\/logo\/image\/"}}]}},"_links":{"self":[{"href":"https:\/\/rozewines.com\/de\/wp-json\/wp\/v2\/product\/6547"}],"collection":[{"href":"https:\/\/rozewines.com\/de\/wp-json\/wp\/v2\/product"}],"about":[{"href":"https:\/\/rozewines.com\/de\/wp-json\/wp\/v2\/types\/product"}],"replies":[{"embeddable":true,"href":"https:\/\/rozewines.com\/de\/wp-json\/wp\/v2\/comments?post=6547"}],"wp:featuredmedia":[{"embeddable":true,"href":"https:\/\/rozewines.com\/de\/wp-json\/wp\/v2\/media\/6434"}],"wp:attachment":[{"href":"https:\/\/rozewines.com\/de\/wp-json\/wp\/v2\/media?parent=6547"}],"wp:term":[{"taxonomy":"brand","embeddable":true,"href":"https:\/\/rozewines.com\/de\/wp-json\/wp\/v2\/brand?post=6547"},{"taxonomy":"colour","embeddable":true,"href":"https:\/\/rozewines.com\/de\/wp-json\/wp\/v2\/colour?post=6547"},{"taxonomy":"flavour","embeddable":true,"href":"https:\/\/rozewines.com\/de\/wp-json\/wp\/v2\/flavour?post=6547"},{"taxonomy":"grape-variety","embeddable":true,"href":"https:\/\/rozewines.com\/de\/wp-json\/wp\/v2\/grape-variety?post=6547"},{"taxonomy":"harvest-year","embeddable":true,"href":"https:\/\/rozewines.com\/de\/wp-json\/wp\/v2\/harvest-year?post=6547"},{"taxonomy":"region","embeddable":true,"href":"https:\/\/rozewines.com\/de\/wp-json\/wp\/v2\/region?post=6547"},{"taxonomy":"size","embeddable":true,"href":"https:\/\/rozewines.com\/de\/wp-json\/wp\/v2\/size?post=6547"},{"taxonomy":"style","embeddable":true,"href":"https:\/\/rozewines.com\/de\/wp-json\/wp\/v2\/style?post=6547"},{"taxonomy":"technology","embeddable":true,"href":"https:\/\/rozewines.com\/de\/wp-json\/wp\/v2\/technology?post=6547"},{"taxonomy":"product_cat","embeddable":true,"href":"https:\/\/rozewines.com\/de\/wp-json\/wp\/v2\/product_cat?post=6547"},{"taxonomy":"product_tag","embeddable":true,"href":"https:\/\/rozewines.com\/de\/wp-json\/wp\/v2\/product_tag?post=6547"}],"curies":[{"name":"wp","href":"https:\/\/api.w.org\/{rel}","templated":true}]}}