{"id":6549,"date":"2024-08-31T11:32:25","date_gmt":"2024-08-31T11:32:25","guid":{"rendered":"https:\/\/rozewines.com\/product\/rezos-wine-saperavi\/"},"modified":"2024-08-31T11:42:52","modified_gmt":"2024-08-31T11:42:52","slug":"rezos-wine-saperavi","status":"publish","type":"product","link":"https:\/\/rozewines.com\/de\/produkt\/rezos-wine-saperavi\/","title":{"rendered":"Rezo&#8217;s Wine &#8211; Saperavi"},"content":{"rendered":"<p>Ein wahrhaft gro\u00dfartiger Ausdruck des Saperavi von Rezos Wine. Die Fr\u00fcchte f\u00fcr diesen Wein wurden entrappt, wobei die Beeren nicht gequetscht wurden, um die nat\u00fcrlichen Fruchtaromen zu erhalten und eine langsame, kontrollierte Tannin- und Geschmacksextraktion zu erm\u00f6glichen.  Er zeigt lebhafte Aromen von Blaubeeren und schwarzen Pflaumen mit einem Hauch von leckerer Feigenmarmelade.<\/p>\n","protected":false},"excerpt":{"rendered":"<p>Ein wahrhaft gro\u00dfartiger Ausdruck des Saperavi von Rezos Wine. Die Fr\u00fcchte f\u00fcr diesen Wein wurden entrappt, wobei die Beeren nicht gequetscht wurden, um die nat\u00fcrlichen Fruchtaromen zu erhalten und eine langsame, kontrollierte Tannin- und Geschmacksextraktion zu erm\u00f6glichen. Er zeigt lebhafte Aromen von Blaubeeren und schwarzen Pflaumen mit einem Hauch von leckerer Feigenmarmelade.<\/p>\n","protected":false},"featured_media":6442,"comment_status":"closed","ping_status":"closed","template":"","meta":{"_acf_changed":false},"brand":[1819],"colour":[1140],"flavour":[1088,1581,1004],"grape-variety":[1283],"harvest-year":[],"region":[1294],"size":[1598],"style":[1271],"technology":[1694],"product_cat":[1382],"product_tag":[],"ams_default_variation_id":0,"ams_product_points_reward":[],"ams_product_discount_percentage":0,"ams_price_to_display":21,"acf":[],"ams_acf":[{"key":"food_pairings","label":"Food pairings","value":"Hirschragout, Gebackene Pilze"},{"key":"alcohol_percentage","label":"Alcohol percentage","value":"13.5"}],"yoast_head":"<!-- This site is optimized with the Yoast SEO plugin v22.6 - https:\/\/yoast.com\/wordpress\/plugins\/seo\/ -->\n<title>Rezo&#039;s Wine - Saperavi - Roze wines<\/title>\n<meta name=\"robots\" content=\"index, follow, max-snippet:-1, max-image-preview:large, max-video-preview:-1\" \/>\n<link rel=\"canonical\" href=\"https:\/\/rozewines.com\/de\/produkt\/rezos-wine-saperavi\/\" \/>\n<meta property=\"og:locale\" content=\"de_DE\" \/>\n<meta property=\"og:type\" content=\"article\" \/>\n<meta property=\"og:title\" content=\"Rezo&#039;s Wine - Saperavi - Roze wines\" \/>\n<meta property=\"og:description\" content=\"Ein wahrhaft gro\u00dfartiger Ausdruck des Saperavi von Rezos Wine. Die Fr\u00fcchte f\u00fcr diesen Wein wurden entrappt, wobei die Beeren nicht gequetscht wurden, um die nat\u00fcrlichen Fruchtaromen zu erhalten und eine langsame, kontrollierte Tannin- und Geschmacksextraktion zu erm\u00f6glichen. Er zeigt lebhafte Aromen von Blaubeeren und schwarzen Pflaumen mit einem Hauch von leckerer Feigenmarmelade.\" \/>\n<meta property=\"og:url\" content=\"https:\/\/rozewines.com\/de\/produkt\/rezos-wine-saperavi\/\" \/>\n<meta property=\"og:site_name\" content=\"Roze wines\" \/>\n<meta property=\"article:modified_time\" content=\"2024-08-31T11:42:52+00:00\" \/>\n<meta property=\"og:image\" content=\"https:\/\/rozewines.com\/app\/uploads\/2024\/08\/Rezos-Wine-Saperavi.jpg\" \/>\n\t<meta property=\"og:image:width\" content=\"7732\" \/>\n\t<meta property=\"og:image:height\" content=\"7732\" \/>\n\t<meta property=\"og:image:type\" content=\"image\/jpeg\" \/>\n<meta name=\"twitter:card\" content=\"summary_large_image\" \/>\n<script type=\"application\/ld+json\" class=\"yoast-schema-graph\">{\"@context\":\"https:\/\/schema.org\",\"@graph\":[{\"@type\":\"WebPage\",\"@id\":\"https:\/\/rozewines.com\/de\/produkt\/rezos-wine-saperavi\/\",\"url\":\"https:\/\/rozewines.com\/de\/produkt\/rezos-wine-saperavi\/\",\"name\":\"Rezo's Wine - Saperavi - Roze wines\",\"isPartOf\":{\"@id\":\"https:\/\/rozewines.com\/#website\"},\"primaryImageOfPage\":{\"@id\":\"https:\/\/rozewines.com\/de\/produkt\/rezos-wine-saperavi\/#primaryimage\"},\"image\":{\"@id\":\"https:\/\/rozewines.com\/de\/produkt\/rezos-wine-saperavi\/#primaryimage\"},\"thumbnailUrl\":\"https:\/\/rozewines.com\/app\/uploads\/2024\/08\/Rezos-Wine-Saperavi.jpg\",\"datePublished\":\"2024-08-31T11:32:25+00:00\",\"dateModified\":\"2024-08-31T11:42:52+00:00\",\"breadcrumb\":{\"@id\":\"https:\/\/rozewines.com\/de\/produkt\/rezos-wine-saperavi\/#breadcrumb\"},\"inLanguage\":\"de-DE\",\"potentialAction\":[{\"@type\":\"ReadAction\",\"target\":[\"https:\/\/rozewines.com\/de\/produkt\/rezos-wine-saperavi\/\"]}]},{\"@type\":\"ImageObject\",\"inLanguage\":\"de-DE\",\"@id\":\"https:\/\/rozewines.com\/de\/produkt\/rezos-wine-saperavi\/#primaryimage\",\"url\":\"https:\/\/rozewines.com\/app\/uploads\/2024\/08\/Rezos-Wine-Saperavi.jpg\",\"contentUrl\":\"https:\/\/rozewines.com\/app\/uploads\/2024\/08\/Rezos-Wine-Saperavi.jpg\",\"width\":7732,\"height\":7732},{\"@type\":\"BreadcrumbList\",\"@id\":\"https:\/\/rozewines.com\/de\/produkt\/rezos-wine-saperavi\/#breadcrumb\",\"itemListElement\":[{\"@type\":\"ListItem\",\"position\":1,\"name\":\"Home\",\"item\":\"https:\/\/rozewines.com\/de\/\"},{\"@type\":\"ListItem\",\"position\":2,\"name\":\"Unsere Weine\",\"item\":\"https:\/\/rozewines.com\/de\/musu-vins\/\"},{\"@type\":\"ListItem\",\"position\":3,\"name\":\"Rezo&#8217;s Wine &#8211; Saperavi\"}]},{\"@type\":\"WebSite\",\"@id\":\"https:\/\/rozewines.com\/#website\",\"url\":\"https:\/\/rozewines.com\/\",\"name\":\"Roze wines\",\"description\":\"\",\"publisher\":{\"@id\":\"https:\/\/rozewines.com\/#organization\"},\"potentialAction\":[{\"@type\":\"SearchAction\",\"target\":{\"@type\":\"EntryPoint\",\"urlTemplate\":\"https:\/\/rozewines.com\/?s={search_term_string}\"},\"query-input\":\"required name=search_term_string\"}],\"inLanguage\":\"de-DE\"},{\"@type\":\"Organization\",\"@id\":\"https:\/\/rozewines.com\/#organization\",\"name\":\"Roze wines\",\"url\":\"https:\/\/rozewines.com\/\",\"logo\":{\"@type\":\"ImageObject\",\"inLanguage\":\"de-DE\",\"@id\":\"https:\/\/rozewines.com\/#\/schema\/logo\/image\/\",\"url\":\"https:\/\/rozewines.com\/app\/uploads\/2024\/05\/logo.svg\",\"contentUrl\":\"https:\/\/rozewines.com\/app\/uploads\/2024\/05\/logo.svg\",\"width\":144,\"height\":68,\"caption\":\"Roze wines\"},\"image\":{\"@id\":\"https:\/\/rozewines.com\/#\/schema\/logo\/image\/\"}}]}<\/script>\n<!-- \/ Yoast SEO plugin. -->","yoast_head_json":{"title":"Rezo's Wine - Saperavi - Roze wines","robots":{"index":"index","follow":"follow","max-snippet":"max-snippet:-1","max-image-preview":"max-image-preview:large","max-video-preview":"max-video-preview:-1"},"canonical":"https:\/\/rozewines.com\/de\/produkt\/rezos-wine-saperavi\/","og_locale":"de_DE","og_type":"article","og_title":"Rezo's Wine - Saperavi - Roze wines","og_description":"Ein wahrhaft gro\u00dfartiger Ausdruck des Saperavi von Rezos Wine. Die Fr\u00fcchte f\u00fcr diesen Wein wurden entrappt, wobei die Beeren nicht gequetscht wurden, um die nat\u00fcrlichen Fruchtaromen zu erhalten und eine langsame, kontrollierte Tannin- und Geschmacksextraktion zu erm\u00f6glichen. Er zeigt lebhafte Aromen von Blaubeeren und schwarzen Pflaumen mit einem Hauch von leckerer Feigenmarmelade.","og_url":"https:\/\/rozewines.com\/de\/produkt\/rezos-wine-saperavi\/","og_site_name":"Roze wines","article_modified_time":"2024-08-31T11:42:52+00:00","og_image":[{"width":7732,"height":7732,"url":"https:\/\/rozewines.com\/app\/uploads\/2024\/08\/Rezos-Wine-Saperavi.jpg","type":"image\/jpeg"}],"twitter_card":"summary_large_image","schema":{"@context":"https:\/\/schema.org","@graph":[{"@type":"WebPage","@id":"https:\/\/rozewines.com\/de\/produkt\/rezos-wine-saperavi\/","url":"https:\/\/rozewines.com\/de\/produkt\/rezos-wine-saperavi\/","name":"Rezo's Wine - Saperavi - Roze wines","isPartOf":{"@id":"https:\/\/rozewines.com\/#website"},"primaryImageOfPage":{"@id":"https:\/\/rozewines.com\/de\/produkt\/rezos-wine-saperavi\/#primaryimage"},"image":{"@id":"https:\/\/rozewines.com\/de\/produkt\/rezos-wine-saperavi\/#primaryimage"},"thumbnailUrl":"https:\/\/rozewines.com\/app\/uploads\/2024\/08\/Rezos-Wine-Saperavi.jpg","datePublished":"2024-08-31T11:32:25+00:00","dateModified":"2024-08-31T11:42:52+00:00","breadcrumb":{"@id":"https:\/\/rozewines.com\/de\/produkt\/rezos-wine-saperavi\/#breadcrumb"},"inLanguage":"de-DE","potentialAction":[{"@type":"ReadAction","target":["https:\/\/rozewines.com\/de\/produkt\/rezos-wine-saperavi\/"]}]},{"@type":"ImageObject","inLanguage":"de-DE","@id":"https:\/\/rozewines.com\/de\/produkt\/rezos-wine-saperavi\/#primaryimage","url":"https:\/\/rozewines.com\/app\/uploads\/2024\/08\/Rezos-Wine-Saperavi.jpg","contentUrl":"https:\/\/rozewines.com\/app\/uploads\/2024\/08\/Rezos-Wine-Saperavi.jpg","width":7732,"height":7732},{"@type":"BreadcrumbList","@id":"https:\/\/rozewines.com\/de\/produkt\/rezos-wine-saperavi\/#breadcrumb","itemListElement":[{"@type":"ListItem","position":1,"name":"Home","item":"https:\/\/rozewines.com\/de\/"},{"@type":"ListItem","position":2,"name":"Unsere Weine","item":"https:\/\/rozewines.com\/de\/musu-vins\/"},{"@type":"ListItem","position":3,"name":"Rezo&#8217;s Wine &#8211; Saperavi"}]},{"@type":"WebSite","@id":"https:\/\/rozewines.com\/#website","url":"https:\/\/rozewines.com\/","name":"Roze wines","description":"","publisher":{"@id":"https:\/\/rozewines.com\/#organization"},"potentialAction":[{"@type":"SearchAction","target":{"@type":"EntryPoint","urlTemplate":"https:\/\/rozewines.com\/?s={search_term_string}"},"query-input":"required name=search_term_string"}],"inLanguage":"de-DE"},{"@type":"Organization","@id":"https:\/\/rozewines.com\/#organization","name":"Roze wines","url":"https:\/\/rozewines.com\/","logo":{"@type":"ImageObject","inLanguage":"de-DE","@id":"https:\/\/rozewines.com\/#\/schema\/logo\/image\/","url":"https:\/\/rozewines.com\/app\/uploads\/2024\/05\/logo.svg","contentUrl":"https:\/\/rozewines.com\/app\/uploads\/2024\/05\/logo.svg","width":144,"height":68,"caption":"Roze wines"},"image":{"@id":"https:\/\/rozewines.com\/#\/schema\/logo\/image\/"}}]}},"_links":{"self":[{"href":"https:\/\/rozewines.com\/de\/wp-json\/wp\/v2\/product\/6549"}],"collection":[{"href":"https:\/\/rozewines.com\/de\/wp-json\/wp\/v2\/product"}],"about":[{"href":"https:\/\/rozewines.com\/de\/wp-json\/wp\/v2\/types\/product"}],"replies":[{"embeddable":true,"href":"https:\/\/rozewines.com\/de\/wp-json\/wp\/v2\/comments?post=6549"}],"wp:featuredmedia":[{"embeddable":true,"href":"https:\/\/rozewines.com\/de\/wp-json\/wp\/v2\/media\/6442"}],"wp:attachment":[{"href":"https:\/\/rozewines.com\/de\/wp-json\/wp\/v2\/media?parent=6549"}],"wp:term":[{"taxonomy":"brand","embeddable":true,"href":"https:\/\/rozewines.com\/de\/wp-json\/wp\/v2\/brand?post=6549"},{"taxonomy":"colour","embeddable":true,"href":"https:\/\/rozewines.com\/de\/wp-json\/wp\/v2\/colour?post=6549"},{"taxonomy":"flavour","embeddable":true,"href":"https:\/\/rozewines.com\/de\/wp-json\/wp\/v2\/flavour?post=6549"},{"taxonomy":"grape-variety","embeddable":true,"href":"https:\/\/rozewines.com\/de\/wp-json\/wp\/v2\/grape-variety?post=6549"},{"taxonomy":"harvest-year","embeddable":true,"href":"https:\/\/rozewines.com\/de\/wp-json\/wp\/v2\/harvest-year?post=6549"},{"taxonomy":"region","embeddable":true,"href":"https:\/\/rozewines.com\/de\/wp-json\/wp\/v2\/region?post=6549"},{"taxonomy":"size","embeddable":true,"href":"https:\/\/rozewines.com\/de\/wp-json\/wp\/v2\/size?post=6549"},{"taxonomy":"style","embeddable":true,"href":"https:\/\/rozewines.com\/de\/wp-json\/wp\/v2\/style?post=6549"},{"taxonomy":"technology","embeddable":true,"href":"https:\/\/rozewines.com\/de\/wp-json\/wp\/v2\/technology?post=6549"},{"taxonomy":"product_cat","embeddable":true,"href":"https:\/\/rozewines.com\/de\/wp-json\/wp\/v2\/product_cat?post=6549"},{"taxonomy":"product_tag","embeddable":true,"href":"https:\/\/rozewines.com\/de\/wp-json\/wp\/v2\/product_tag?post=6549"}],"curies":[{"name":"wp","href":"https:\/\/api.w.org\/{rel}","templated":true}]}}