{"id":6550,"date":"2024-08-31T11:32:25","date_gmt":"2024-08-31T11:32:25","guid":{"rendered":"https:\/\/rozewines.com\/product\/rezos-wine-tsinandali\/"},"modified":"2024-08-31T11:42:52","modified_gmt":"2024-08-31T11:42:52","slug":"rezos-wine-tsinandali","status":"publish","type":"product","link":"https:\/\/rozewines.com\/de\/produkt\/rezos-wine-tsinandali\/","title":{"rendered":"Rezo&#8217;s Wine &#8211; Tsinandali"},"content":{"rendered":"<p>Ein klassischer Wei\u00dfwein, der f\u00fcr seine Frische, Knackigkeit und Kr\u00e4uternoten bekannt ist. Dieser Wein bietet einen erfrischenden und lebendigen Geschmack mit einer herrlichen Aromenvielfalt. Tauchen Sie ein in die verlockenden D\u00fcfte von Limette, Zitrone, Pfirsich und erfrischender Minze. Mit seinen ausgewogenen Kr\u00e4uternoten und seinem knackigen Charakter ist der Wein lebendig und belebend, mit einer Erfahrung, die die Essenz des Terroirs von Kachetien einf\u00e4ngt.<\/p>\n","protected":false},"excerpt":{"rendered":"<p>Ein klassischer Wei\u00dfwein, der f\u00fcr seine Frische, Knackigkeit und Kr\u00e4uternoten bekannt ist. Dieser Wein bietet einen erfrischenden und lebendigen Geschmack mit einer herrlichen Aromenvielfalt. Tauchen Sie ein in die verlockenden D\u00fcfte von Limette, Zitrone, Pfirsich und erfrischender Minze. Mit seinen ausgewogenen Kr\u00e4uternoten und seinem knackigen Charakter ist der Wein lebendig und belebend, mit einer Erfahrung, &hellip; <a href=\"https:\/\/rozewines.com\/de\/produkt\/rezos-wine-tsinandali\/\">Continued<\/a><\/p>\n","protected":false},"featured_media":6446,"comment_status":"closed","ping_status":"closed","template":"","meta":{"_acf_changed":false},"brand":[1819],"colour":[1143],"flavour":[1615,1048,1044],"grape-variety":[],"harvest-year":[],"region":[1294],"size":[1598],"style":[1271],"technology":[1116],"product_cat":[1382],"product_tag":[],"ams_default_variation_id":0,"ams_product_points_reward":[],"ams_product_discount_percentage":0,"ams_price_to_display":15.6,"acf":[],"ams_acf":[{"key":"food_pairings","label":"Food pairings","value":"Gebackener Fisch, frische Salate"},{"key":"alcohol_percentage","label":"Alcohol percentage","value":"12"}],"yoast_head":"<!-- This site is optimized with the Yoast SEO plugin v22.6 - https:\/\/yoast.com\/wordpress\/plugins\/seo\/ -->\n<title>Rezo&#039;s Wine - Tsinandali - Roze wines<\/title>\n<meta name=\"robots\" content=\"index, follow, max-snippet:-1, max-image-preview:large, max-video-preview:-1\" \/>\n<link rel=\"canonical\" href=\"https:\/\/rozewines.com\/de\/produkt\/rezos-wine-tsinandali\/\" \/>\n<meta property=\"og:locale\" content=\"de_DE\" \/>\n<meta property=\"og:type\" content=\"article\" \/>\n<meta property=\"og:title\" content=\"Rezo&#039;s Wine - Tsinandali - Roze wines\" \/>\n<meta property=\"og:description\" content=\"Ein klassischer Wei\u00dfwein, der f\u00fcr seine Frische, Knackigkeit und Kr\u00e4uternoten bekannt ist. Dieser Wein bietet einen erfrischenden und lebendigen Geschmack mit einer herrlichen Aromenvielfalt. Tauchen Sie ein in die verlockenden D\u00fcfte von Limette, Zitrone, Pfirsich und erfrischender Minze. Mit seinen ausgewogenen Kr\u00e4uternoten und seinem knackigen Charakter ist der Wein lebendig und belebend, mit einer Erfahrung, &hellip; Continued\" \/>\n<meta property=\"og:url\" content=\"https:\/\/rozewines.com\/de\/produkt\/rezos-wine-tsinandali\/\" \/>\n<meta property=\"og:site_name\" content=\"Roze wines\" \/>\n<meta property=\"article:modified_time\" content=\"2024-08-31T11:42:52+00:00\" \/>\n<meta property=\"og:image\" content=\"https:\/\/rozewines.com\/app\/uploads\/2024\/08\/Rezos-Wine-Tsinandali.jpg\" \/>\n\t<meta property=\"og:image:width\" content=\"7820\" \/>\n\t<meta property=\"og:image:height\" content=\"7820\" \/>\n\t<meta property=\"og:image:type\" content=\"image\/jpeg\" \/>\n<meta name=\"twitter:card\" content=\"summary_large_image\" \/>\n<script type=\"application\/ld+json\" class=\"yoast-schema-graph\">{\"@context\":\"https:\/\/schema.org\",\"@graph\":[{\"@type\":\"WebPage\",\"@id\":\"https:\/\/rozewines.com\/de\/produkt\/rezos-wine-tsinandali\/\",\"url\":\"https:\/\/rozewines.com\/de\/produkt\/rezos-wine-tsinandali\/\",\"name\":\"Rezo's Wine - Tsinandali - Roze wines\",\"isPartOf\":{\"@id\":\"https:\/\/rozewines.com\/#website\"},\"primaryImageOfPage\":{\"@id\":\"https:\/\/rozewines.com\/de\/produkt\/rezos-wine-tsinandali\/#primaryimage\"},\"image\":{\"@id\":\"https:\/\/rozewines.com\/de\/produkt\/rezos-wine-tsinandali\/#primaryimage\"},\"thumbnailUrl\":\"https:\/\/rozewines.com\/app\/uploads\/2024\/08\/Rezos-Wine-Tsinandali.jpg\",\"datePublished\":\"2024-08-31T11:32:25+00:00\",\"dateModified\":\"2024-08-31T11:42:52+00:00\",\"breadcrumb\":{\"@id\":\"https:\/\/rozewines.com\/de\/produkt\/rezos-wine-tsinandali\/#breadcrumb\"},\"inLanguage\":\"de-DE\",\"potentialAction\":[{\"@type\":\"ReadAction\",\"target\":[\"https:\/\/rozewines.com\/de\/produkt\/rezos-wine-tsinandali\/\"]}]},{\"@type\":\"ImageObject\",\"inLanguage\":\"de-DE\",\"@id\":\"https:\/\/rozewines.com\/de\/produkt\/rezos-wine-tsinandali\/#primaryimage\",\"url\":\"https:\/\/rozewines.com\/app\/uploads\/2024\/08\/Rezos-Wine-Tsinandali.jpg\",\"contentUrl\":\"https:\/\/rozewines.com\/app\/uploads\/2024\/08\/Rezos-Wine-Tsinandali.jpg\",\"width\":7820,\"height\":7820},{\"@type\":\"BreadcrumbList\",\"@id\":\"https:\/\/rozewines.com\/de\/produkt\/rezos-wine-tsinandali\/#breadcrumb\",\"itemListElement\":[{\"@type\":\"ListItem\",\"position\":1,\"name\":\"Home\",\"item\":\"https:\/\/rozewines.com\/de\/\"},{\"@type\":\"ListItem\",\"position\":2,\"name\":\"Unsere Weine\",\"item\":\"https:\/\/rozewines.com\/de\/musu-vins\/\"},{\"@type\":\"ListItem\",\"position\":3,\"name\":\"Rezo&#8217;s Wine &#8211; Tsinandali\"}]},{\"@type\":\"WebSite\",\"@id\":\"https:\/\/rozewines.com\/#website\",\"url\":\"https:\/\/rozewines.com\/\",\"name\":\"Roze wines\",\"description\":\"\",\"publisher\":{\"@id\":\"https:\/\/rozewines.com\/#organization\"},\"potentialAction\":[{\"@type\":\"SearchAction\",\"target\":{\"@type\":\"EntryPoint\",\"urlTemplate\":\"https:\/\/rozewines.com\/?s={search_term_string}\"},\"query-input\":\"required name=search_term_string\"}],\"inLanguage\":\"de-DE\"},{\"@type\":\"Organization\",\"@id\":\"https:\/\/rozewines.com\/#organization\",\"name\":\"Roze wines\",\"url\":\"https:\/\/rozewines.com\/\",\"logo\":{\"@type\":\"ImageObject\",\"inLanguage\":\"de-DE\",\"@id\":\"https:\/\/rozewines.com\/#\/schema\/logo\/image\/\",\"url\":\"https:\/\/rozewines.com\/app\/uploads\/2024\/05\/logo.svg\",\"contentUrl\":\"https:\/\/rozewines.com\/app\/uploads\/2024\/05\/logo.svg\",\"width\":144,\"height\":68,\"caption\":\"Roze wines\"},\"image\":{\"@id\":\"https:\/\/rozewines.com\/#\/schema\/logo\/image\/\"}}]}<\/script>\n<!-- \/ Yoast SEO plugin. -->","yoast_head_json":{"title":"Rezo's Wine - Tsinandali - Roze wines","robots":{"index":"index","follow":"follow","max-snippet":"max-snippet:-1","max-image-preview":"max-image-preview:large","max-video-preview":"max-video-preview:-1"},"canonical":"https:\/\/rozewines.com\/de\/produkt\/rezos-wine-tsinandali\/","og_locale":"de_DE","og_type":"article","og_title":"Rezo's Wine - Tsinandali - Roze wines","og_description":"Ein klassischer Wei\u00dfwein, der f\u00fcr seine Frische, Knackigkeit und Kr\u00e4uternoten bekannt ist. Dieser Wein bietet einen erfrischenden und lebendigen Geschmack mit einer herrlichen Aromenvielfalt. Tauchen Sie ein in die verlockenden D\u00fcfte von Limette, Zitrone, Pfirsich und erfrischender Minze. Mit seinen ausgewogenen Kr\u00e4uternoten und seinem knackigen Charakter ist der Wein lebendig und belebend, mit einer Erfahrung, &hellip; Continued","og_url":"https:\/\/rozewines.com\/de\/produkt\/rezos-wine-tsinandali\/","og_site_name":"Roze wines","article_modified_time":"2024-08-31T11:42:52+00:00","og_image":[{"width":7820,"height":7820,"url":"https:\/\/rozewines.com\/app\/uploads\/2024\/08\/Rezos-Wine-Tsinandali.jpg","type":"image\/jpeg"}],"twitter_card":"summary_large_image","schema":{"@context":"https:\/\/schema.org","@graph":[{"@type":"WebPage","@id":"https:\/\/rozewines.com\/de\/produkt\/rezos-wine-tsinandali\/","url":"https:\/\/rozewines.com\/de\/produkt\/rezos-wine-tsinandali\/","name":"Rezo's Wine - Tsinandali - Roze wines","isPartOf":{"@id":"https:\/\/rozewines.com\/#website"},"primaryImageOfPage":{"@id":"https:\/\/rozewines.com\/de\/produkt\/rezos-wine-tsinandali\/#primaryimage"},"image":{"@id":"https:\/\/rozewines.com\/de\/produkt\/rezos-wine-tsinandali\/#primaryimage"},"thumbnailUrl":"https:\/\/rozewines.com\/app\/uploads\/2024\/08\/Rezos-Wine-Tsinandali.jpg","datePublished":"2024-08-31T11:32:25+00:00","dateModified":"2024-08-31T11:42:52+00:00","breadcrumb":{"@id":"https:\/\/rozewines.com\/de\/produkt\/rezos-wine-tsinandali\/#breadcrumb"},"inLanguage":"de-DE","potentialAction":[{"@type":"ReadAction","target":["https:\/\/rozewines.com\/de\/produkt\/rezos-wine-tsinandali\/"]}]},{"@type":"ImageObject","inLanguage":"de-DE","@id":"https:\/\/rozewines.com\/de\/produkt\/rezos-wine-tsinandali\/#primaryimage","url":"https:\/\/rozewines.com\/app\/uploads\/2024\/08\/Rezos-Wine-Tsinandali.jpg","contentUrl":"https:\/\/rozewines.com\/app\/uploads\/2024\/08\/Rezos-Wine-Tsinandali.jpg","width":7820,"height":7820},{"@type":"BreadcrumbList","@id":"https:\/\/rozewines.com\/de\/produkt\/rezos-wine-tsinandali\/#breadcrumb","itemListElement":[{"@type":"ListItem","position":1,"name":"Home","item":"https:\/\/rozewines.com\/de\/"},{"@type":"ListItem","position":2,"name":"Unsere Weine","item":"https:\/\/rozewines.com\/de\/musu-vins\/"},{"@type":"ListItem","position":3,"name":"Rezo&#8217;s Wine &#8211; Tsinandali"}]},{"@type":"WebSite","@id":"https:\/\/rozewines.com\/#website","url":"https:\/\/rozewines.com\/","name":"Roze wines","description":"","publisher":{"@id":"https:\/\/rozewines.com\/#organization"},"potentialAction":[{"@type":"SearchAction","target":{"@type":"EntryPoint","urlTemplate":"https:\/\/rozewines.com\/?s={search_term_string}"},"query-input":"required name=search_term_string"}],"inLanguage":"de-DE"},{"@type":"Organization","@id":"https:\/\/rozewines.com\/#organization","name":"Roze wines","url":"https:\/\/rozewines.com\/","logo":{"@type":"ImageObject","inLanguage":"de-DE","@id":"https:\/\/rozewines.com\/#\/schema\/logo\/image\/","url":"https:\/\/rozewines.com\/app\/uploads\/2024\/05\/logo.svg","contentUrl":"https:\/\/rozewines.com\/app\/uploads\/2024\/05\/logo.svg","width":144,"height":68,"caption":"Roze wines"},"image":{"@id":"https:\/\/rozewines.com\/#\/schema\/logo\/image\/"}}]}},"_links":{"self":[{"href":"https:\/\/rozewines.com\/de\/wp-json\/wp\/v2\/product\/6550"}],"collection":[{"href":"https:\/\/rozewines.com\/de\/wp-json\/wp\/v2\/product"}],"about":[{"href":"https:\/\/rozewines.com\/de\/wp-json\/wp\/v2\/types\/product"}],"replies":[{"embeddable":true,"href":"https:\/\/rozewines.com\/de\/wp-json\/wp\/v2\/comments?post=6550"}],"wp:featuredmedia":[{"embeddable":true,"href":"https:\/\/rozewines.com\/de\/wp-json\/wp\/v2\/media\/6446"}],"wp:attachment":[{"href":"https:\/\/rozewines.com\/de\/wp-json\/wp\/v2\/media?parent=6550"}],"wp:term":[{"taxonomy":"brand","embeddable":true,"href":"https:\/\/rozewines.com\/de\/wp-json\/wp\/v2\/brand?post=6550"},{"taxonomy":"colour","embeddable":true,"href":"https:\/\/rozewines.com\/de\/wp-json\/wp\/v2\/colour?post=6550"},{"taxonomy":"flavour","embeddable":true,"href":"https:\/\/rozewines.com\/de\/wp-json\/wp\/v2\/flavour?post=6550"},{"taxonomy":"grape-variety","embeddable":true,"href":"https:\/\/rozewines.com\/de\/wp-json\/wp\/v2\/grape-variety?post=6550"},{"taxonomy":"harvest-year","embeddable":true,"href":"https:\/\/rozewines.com\/de\/wp-json\/wp\/v2\/harvest-year?post=6550"},{"taxonomy":"region","embeddable":true,"href":"https:\/\/rozewines.com\/de\/wp-json\/wp\/v2\/region?post=6550"},{"taxonomy":"size","embeddable":true,"href":"https:\/\/rozewines.com\/de\/wp-json\/wp\/v2\/size?post=6550"},{"taxonomy":"style","embeddable":true,"href":"https:\/\/rozewines.com\/de\/wp-json\/wp\/v2\/style?post=6550"},{"taxonomy":"technology","embeddable":true,"href":"https:\/\/rozewines.com\/de\/wp-json\/wp\/v2\/technology?post=6550"},{"taxonomy":"product_cat","embeddable":true,"href":"https:\/\/rozewines.com\/de\/wp-json\/wp\/v2\/product_cat?post=6550"},{"taxonomy":"product_tag","embeddable":true,"href":"https:\/\/rozewines.com\/de\/wp-json\/wp\/v2\/product_tag?post=6550"}],"curies":[{"name":"wp","href":"https:\/\/api.w.org\/{rel}","templated":true}]}}