{"id":6765,"date":"2024-11-04T18:35:47","date_gmt":"2024-11-04T18:35:47","guid":{"rendered":"https:\/\/rozewines.com\/product\/goldsmith-erste-serie\/"},"modified":"2024-11-04T18:44:30","modified_gmt":"2024-11-04T18:44:30","slug":"goldsmith-erste-serie","status":"publish","type":"product","link":"https:\/\/rozewines.com\/de\/produkt\/goldsmith-erste-serie\/","title":{"rendered":"Goldsmith &#8211; erste Serie"},"content":{"rendered":"<p>\u201eGoldsmith 1st Series\u201c wird aus verschiedenen endemischen georgischen Trauben hergestellt. Es ist ein traditionelles georgisches Getr\u00e4nk, das mit modernen Ans\u00e4tzen hergestellt wird. Jede Flasche der 1. Serie wird speziell mit Sorgfalt und Aufmerksamkeit hergestellt. Goldsmith 1st Series ist ein georgisches Craft-Getr\u00e4nk, das Ihnen den georgischen Chacha auf eine ganz andere Art und Weise n\u00e4her bringt.                            Die 1. Serie reift in F\u00e4ssern, wo Sie den einzigartigen Geschmack und das Aroma von Eichenholz sp\u00fcren werden, was das Getr\u00e4nk dieser Serie noch raffinierter und angenehmer macht. Jede Flasche der 1. Serie enth\u00e4lt eine Mischung aus Spirituosen unterschiedlichen Alters aus individuell ausgew\u00e4hlten F\u00e4ssern.<\/p>\n","protected":false},"excerpt":{"rendered":"<p>\u201eGoldsmith 1st Series\u201c wird aus verschiedenen endemischen georgischen Trauben hergestellt. Es ist ein traditionelles georgisches Getr\u00e4nk, das mit modernen Ans\u00e4tzen hergestellt wird. Jede Flasche der 1. Serie wird speziell mit Sorgfalt und Aufmerksamkeit hergestellt. Goldsmith 1st Series ist ein georgisches Craft-Getr\u00e4nk, das Ihnen den georgischen Chacha auf eine ganz andere Art und Weise n\u00e4her bringt. &hellip; <a href=\"https:\/\/rozewines.com\/de\/produkt\/goldsmith-erste-serie\/\">Continued<\/a><\/p>\n","protected":false},"featured_media":6796,"comment_status":"closed","ping_status":"closed","template":"","meta":{"_acf_changed":false},"brand":[1788],"colour":[],"flavour":[],"grape-variety":[],"harvest-year":[],"region":[],"size":[],"style":[],"technology":[],"product_cat":[1385],"product_tag":[],"ams_default_variation_id":0,"ams_product_points_reward":[],"ams_product_discount_percentage":0,"ams_price_to_display":21,"acf":[],"ams_acf":[{"key":"food_pairings","label":"Food pairings","value":""},{"key":"alcohol_percentage","label":"Alcohol percentage","value":"40"},{"key":"details","label":"Details","value":{"":null,"acidity":"0","body":"0","sweetness":"0","tannin":"0"}}],"yoast_head":"<!-- This site is optimized with the Yoast SEO plugin v22.6 - https:\/\/yoast.com\/wordpress\/plugins\/seo\/ -->\n<title>Goldsmith - erste Serie - Roze wines<\/title>\n<meta name=\"robots\" content=\"index, follow, max-snippet:-1, max-image-preview:large, max-video-preview:-1\" \/>\n<link rel=\"canonical\" href=\"https:\/\/rozewines.com\/de\/produkt\/goldsmith-erste-serie\/\" \/>\n<meta property=\"og:locale\" content=\"de_DE\" \/>\n<meta property=\"og:type\" content=\"article\" \/>\n<meta property=\"og:title\" content=\"Goldsmith - erste Serie - Roze wines\" \/>\n<meta property=\"og:description\" content=\"\u201eGoldsmith 1st Series\u201c wird aus verschiedenen endemischen georgischen Trauben hergestellt. Es ist ein traditionelles georgisches Getr\u00e4nk, das mit modernen Ans\u00e4tzen hergestellt wird. Jede Flasche der 1. Serie wird speziell mit Sorgfalt und Aufmerksamkeit hergestellt. Goldsmith 1st Series ist ein georgisches Craft-Getr\u00e4nk, das Ihnen den georgischen Chacha auf eine ganz andere Art und Weise n\u00e4her bringt. &hellip; Continued\" \/>\n<meta property=\"og:url\" content=\"https:\/\/rozewines.com\/de\/produkt\/goldsmith-erste-serie\/\" \/>\n<meta property=\"og:site_name\" content=\"Roze wines\" \/>\n<meta property=\"article:modified_time\" content=\"2024-11-04T18:44:30+00:00\" \/>\n<meta property=\"og:image\" content=\"https:\/\/rozewines.com\/app\/uploads\/2024\/11\/EYW_5085-scaled.jpg\" \/>\n\t<meta property=\"og:image:width\" content=\"2560\" \/>\n\t<meta property=\"og:image:height\" content=\"2560\" \/>\n\t<meta property=\"og:image:type\" content=\"image\/jpeg\" \/>\n<meta name=\"twitter:card\" content=\"summary_large_image\" \/>\n<meta name=\"twitter:label1\" content=\"Est. reading time\" \/>\n\t<meta name=\"twitter:data1\" content=\"1 minute\" \/>\n<script type=\"application\/ld+json\" class=\"yoast-schema-graph\">{\"@context\":\"https:\/\/schema.org\",\"@graph\":[{\"@type\":\"WebPage\",\"@id\":\"https:\/\/rozewines.com\/de\/produkt\/goldsmith-erste-serie\/\",\"url\":\"https:\/\/rozewines.com\/de\/produkt\/goldsmith-erste-serie\/\",\"name\":\"Goldsmith - erste Serie - Roze wines\",\"isPartOf\":{\"@id\":\"https:\/\/rozewines.com\/#website\"},\"primaryImageOfPage\":{\"@id\":\"https:\/\/rozewines.com\/de\/produkt\/goldsmith-erste-serie\/#primaryimage\"},\"image\":{\"@id\":\"https:\/\/rozewines.com\/de\/produkt\/goldsmith-erste-serie\/#primaryimage\"},\"thumbnailUrl\":\"https:\/\/rozewines.com\/app\/uploads\/2024\/11\/EYW_5085-scaled.jpg\",\"datePublished\":\"2024-11-04T18:35:47+00:00\",\"dateModified\":\"2024-11-04T18:44:30+00:00\",\"breadcrumb\":{\"@id\":\"https:\/\/rozewines.com\/de\/produkt\/goldsmith-erste-serie\/#breadcrumb\"},\"inLanguage\":\"de-DE\",\"potentialAction\":[{\"@type\":\"ReadAction\",\"target\":[\"https:\/\/rozewines.com\/de\/produkt\/goldsmith-erste-serie\/\"]}]},{\"@type\":\"ImageObject\",\"inLanguage\":\"de-DE\",\"@id\":\"https:\/\/rozewines.com\/de\/produkt\/goldsmith-erste-serie\/#primaryimage\",\"url\":\"https:\/\/rozewines.com\/app\/uploads\/2024\/11\/EYW_5085-scaled.jpg\",\"contentUrl\":\"https:\/\/rozewines.com\/app\/uploads\/2024\/11\/EYW_5085-scaled.jpg\",\"width\":2560,\"height\":2560},{\"@type\":\"BreadcrumbList\",\"@id\":\"https:\/\/rozewines.com\/de\/produkt\/goldsmith-erste-serie\/#breadcrumb\",\"itemListElement\":[{\"@type\":\"ListItem\",\"position\":1,\"name\":\"Home\",\"item\":\"https:\/\/rozewines.com\/de\/\"},{\"@type\":\"ListItem\",\"position\":2,\"name\":\"Unsere Weine\",\"item\":\"https:\/\/rozewines.com\/de\/musu-vins\/\"},{\"@type\":\"ListItem\",\"position\":3,\"name\":\"Goldsmith &#8211; erste Serie\"}]},{\"@type\":\"WebSite\",\"@id\":\"https:\/\/rozewines.com\/#website\",\"url\":\"https:\/\/rozewines.com\/\",\"name\":\"Roze wines\",\"description\":\"\",\"publisher\":{\"@id\":\"https:\/\/rozewines.com\/#organization\"},\"potentialAction\":[{\"@type\":\"SearchAction\",\"target\":{\"@type\":\"EntryPoint\",\"urlTemplate\":\"https:\/\/rozewines.com\/?s={search_term_string}\"},\"query-input\":\"required name=search_term_string\"}],\"inLanguage\":\"de-DE\"},{\"@type\":\"Organization\",\"@id\":\"https:\/\/rozewines.com\/#organization\",\"name\":\"Roze wines\",\"url\":\"https:\/\/rozewines.com\/\",\"logo\":{\"@type\":\"ImageObject\",\"inLanguage\":\"de-DE\",\"@id\":\"https:\/\/rozewines.com\/#\/schema\/logo\/image\/\",\"url\":\"https:\/\/rozewines.com\/app\/uploads\/2024\/05\/logo.svg\",\"contentUrl\":\"https:\/\/rozewines.com\/app\/uploads\/2024\/05\/logo.svg\",\"width\":144,\"height\":68,\"caption\":\"Roze wines\"},\"image\":{\"@id\":\"https:\/\/rozewines.com\/#\/schema\/logo\/image\/\"}}]}<\/script>\n<!-- \/ Yoast SEO plugin. -->","yoast_head_json":{"title":"Goldsmith - erste Serie - Roze wines","robots":{"index":"index","follow":"follow","max-snippet":"max-snippet:-1","max-image-preview":"max-image-preview:large","max-video-preview":"max-video-preview:-1"},"canonical":"https:\/\/rozewines.com\/de\/produkt\/goldsmith-erste-serie\/","og_locale":"de_DE","og_type":"article","og_title":"Goldsmith - erste Serie - Roze wines","og_description":"\u201eGoldsmith 1st Series\u201c wird aus verschiedenen endemischen georgischen Trauben hergestellt. Es ist ein traditionelles georgisches Getr\u00e4nk, das mit modernen Ans\u00e4tzen hergestellt wird. Jede Flasche der 1. Serie wird speziell mit Sorgfalt und Aufmerksamkeit hergestellt. Goldsmith 1st Series ist ein georgisches Craft-Getr\u00e4nk, das Ihnen den georgischen Chacha auf eine ganz andere Art und Weise n\u00e4her bringt. &hellip; Continued","og_url":"https:\/\/rozewines.com\/de\/produkt\/goldsmith-erste-serie\/","og_site_name":"Roze wines","article_modified_time":"2024-11-04T18:44:30+00:00","og_image":[{"width":2560,"height":2560,"url":"https:\/\/rozewines.com\/app\/uploads\/2024\/11\/EYW_5085-scaled.jpg","type":"image\/jpeg"}],"twitter_card":"summary_large_image","twitter_misc":{"Est. reading time":"1 minute"},"schema":{"@context":"https:\/\/schema.org","@graph":[{"@type":"WebPage","@id":"https:\/\/rozewines.com\/de\/produkt\/goldsmith-erste-serie\/","url":"https:\/\/rozewines.com\/de\/produkt\/goldsmith-erste-serie\/","name":"Goldsmith - erste Serie - Roze wines","isPartOf":{"@id":"https:\/\/rozewines.com\/#website"},"primaryImageOfPage":{"@id":"https:\/\/rozewines.com\/de\/produkt\/goldsmith-erste-serie\/#primaryimage"},"image":{"@id":"https:\/\/rozewines.com\/de\/produkt\/goldsmith-erste-serie\/#primaryimage"},"thumbnailUrl":"https:\/\/rozewines.com\/app\/uploads\/2024\/11\/EYW_5085-scaled.jpg","datePublished":"2024-11-04T18:35:47+00:00","dateModified":"2024-11-04T18:44:30+00:00","breadcrumb":{"@id":"https:\/\/rozewines.com\/de\/produkt\/goldsmith-erste-serie\/#breadcrumb"},"inLanguage":"de-DE","potentialAction":[{"@type":"ReadAction","target":["https:\/\/rozewines.com\/de\/produkt\/goldsmith-erste-serie\/"]}]},{"@type":"ImageObject","inLanguage":"de-DE","@id":"https:\/\/rozewines.com\/de\/produkt\/goldsmith-erste-serie\/#primaryimage","url":"https:\/\/rozewines.com\/app\/uploads\/2024\/11\/EYW_5085-scaled.jpg","contentUrl":"https:\/\/rozewines.com\/app\/uploads\/2024\/11\/EYW_5085-scaled.jpg","width":2560,"height":2560},{"@type":"BreadcrumbList","@id":"https:\/\/rozewines.com\/de\/produkt\/goldsmith-erste-serie\/#breadcrumb","itemListElement":[{"@type":"ListItem","position":1,"name":"Home","item":"https:\/\/rozewines.com\/de\/"},{"@type":"ListItem","position":2,"name":"Unsere Weine","item":"https:\/\/rozewines.com\/de\/musu-vins\/"},{"@type":"ListItem","position":3,"name":"Goldsmith &#8211; erste Serie"}]},{"@type":"WebSite","@id":"https:\/\/rozewines.com\/#website","url":"https:\/\/rozewines.com\/","name":"Roze wines","description":"","publisher":{"@id":"https:\/\/rozewines.com\/#organization"},"potentialAction":[{"@type":"SearchAction","target":{"@type":"EntryPoint","urlTemplate":"https:\/\/rozewines.com\/?s={search_term_string}"},"query-input":"required name=search_term_string"}],"inLanguage":"de-DE"},{"@type":"Organization","@id":"https:\/\/rozewines.com\/#organization","name":"Roze wines","url":"https:\/\/rozewines.com\/","logo":{"@type":"ImageObject","inLanguage":"de-DE","@id":"https:\/\/rozewines.com\/#\/schema\/logo\/image\/","url":"https:\/\/rozewines.com\/app\/uploads\/2024\/05\/logo.svg","contentUrl":"https:\/\/rozewines.com\/app\/uploads\/2024\/05\/logo.svg","width":144,"height":68,"caption":"Roze wines"},"image":{"@id":"https:\/\/rozewines.com\/#\/schema\/logo\/image\/"}}]}},"_links":{"self":[{"href":"https:\/\/rozewines.com\/de\/wp-json\/wp\/v2\/product\/6765"}],"collection":[{"href":"https:\/\/rozewines.com\/de\/wp-json\/wp\/v2\/product"}],"about":[{"href":"https:\/\/rozewines.com\/de\/wp-json\/wp\/v2\/types\/product"}],"replies":[{"embeddable":true,"href":"https:\/\/rozewines.com\/de\/wp-json\/wp\/v2\/comments?post=6765"}],"wp:featuredmedia":[{"embeddable":true,"href":"https:\/\/rozewines.com\/de\/wp-json\/wp\/v2\/media\/6796"}],"wp:attachment":[{"href":"https:\/\/rozewines.com\/de\/wp-json\/wp\/v2\/media?parent=6765"}],"wp:term":[{"taxonomy":"brand","embeddable":true,"href":"https:\/\/rozewines.com\/de\/wp-json\/wp\/v2\/brand?post=6765"},{"taxonomy":"colour","embeddable":true,"href":"https:\/\/rozewines.com\/de\/wp-json\/wp\/v2\/colour?post=6765"},{"taxonomy":"flavour","embeddable":true,"href":"https:\/\/rozewines.com\/de\/wp-json\/wp\/v2\/flavour?post=6765"},{"taxonomy":"grape-variety","embeddable":true,"href":"https:\/\/rozewines.com\/de\/wp-json\/wp\/v2\/grape-variety?post=6765"},{"taxonomy":"harvest-year","embeddable":true,"href":"https:\/\/rozewines.com\/de\/wp-json\/wp\/v2\/harvest-year?post=6765"},{"taxonomy":"region","embeddable":true,"href":"https:\/\/rozewines.com\/de\/wp-json\/wp\/v2\/region?post=6765"},{"taxonomy":"size","embeddable":true,"href":"https:\/\/rozewines.com\/de\/wp-json\/wp\/v2\/size?post=6765"},{"taxonomy":"style","embeddable":true,"href":"https:\/\/rozewines.com\/de\/wp-json\/wp\/v2\/style?post=6765"},{"taxonomy":"technology","embeddable":true,"href":"https:\/\/rozewines.com\/de\/wp-json\/wp\/v2\/technology?post=6765"},{"taxonomy":"product_cat","embeddable":true,"href":"https:\/\/rozewines.com\/de\/wp-json\/wp\/v2\/product_cat?post=6765"},{"taxonomy":"product_tag","embeddable":true,"href":"https:\/\/rozewines.com\/de\/wp-json\/wp\/v2\/product_tag?post=6765"}],"curies":[{"name":"wp","href":"https:\/\/api.w.org\/{rel}","templated":true}]}}