{"id":7176,"date":"2025-01-21T20:34:04","date_gmt":"2025-01-21T20:34:04","guid":{"rendered":"https:\/\/rozewines.com\/product\/simoneti-saperavi\/"},"modified":"2025-02-04T12:40:08","modified_gmt":"2025-02-04T12:40:08","slug":"simoneti-saperavi","status":"publish","type":"product","link":"https:\/\/rozewines.com\/de\/produkt\/simoneti-saperavi\/","title":{"rendered":"Simoneti &#8211; Saperavi"},"content":{"rendered":"<p>&#8220;Eine der edelsten Rebsorten und der Superstar der ostgeorgischen Rotweine \u2013 &#8220;&#8221;Saperavi&#8221;&#8221;.<br \/>\nDieser Wein beweist seine Zeitlosigkeit, ebenso wie die Themen in Orwells ikonischen Werken. Mit seinem runden und flexiblen Charakter beeindruckt er.<br \/>\nGereift 18 Monate in franz\u00f6sischen Eichenf\u00e4ssern, stammen die Trauben aus unseren Tsinandali-Weinbergen. Die rubinrote Farbe wird erg\u00e4nzt durch reiche Aromen von Brombeeren und Pflaumen \u2013 eine perfekte Kombination aus frischen Tanninen und hoher S\u00e4ure.<br \/>\n&#8220;<\/p>\n","protected":false},"excerpt":{"rendered":"<p>&#8220;Eine der edelsten Rebsorten und der Superstar der ostgeorgischen Rotweine \u2013 &#8220;&#8221;Saperavi&#8221;&#8221;. Dieser Wein beweist seine Zeitlosigkeit, ebenso wie die Themen in Orwells ikonischen Werken. Mit seinem runden und flexiblen Charakter beeindruckt er. Gereift 18 Monate in franz\u00f6sischen Eichenf\u00e4ssern, stammen die Trauben aus unseren Tsinandali-Weinbergen. Die rubinrote Farbe wird erg\u00e4nzt durch reiche Aromen von Brombeeren &hellip; <a href=\"https:\/\/rozewines.com\/de\/produkt\/simoneti-saperavi\/\">Continued<\/a><\/p>\n","protected":false},"featured_media":7148,"comment_status":"closed","ping_status":"closed","template":"","meta":{"_acf_changed":false},"brand":[1820],"colour":[1140],"flavour":[1010,1581,1004],"grape-variety":[1283],"harvest-year":[],"region":[1294],"size":[1598],"style":[1271],"technology":[1116],"product_cat":[1382],"product_tag":[],"ams_default_variation_id":0,"ams_product_points_reward":[],"ams_product_discount_percentage":0,"ams_price_to_display":21.75,"acf":[],"ams_acf":[{"key":"zero_sulfites","label":"Zero sulfites","value":false},{"key":"food_pairings","label":"Food pairings","value":"Rib-Eye-Steak, Apkhazura"},{"key":"alcohol_percentage","label":"Alcohol percentage","value":"Kahetija"}],"yoast_head":"<!-- This site is optimized with the Yoast SEO plugin v22.6 - https:\/\/yoast.com\/wordpress\/plugins\/seo\/ -->\n<title>Simoneti - Saperavi - Roze wines<\/title>\n<meta name=\"robots\" content=\"index, follow, max-snippet:-1, max-image-preview:large, max-video-preview:-1\" \/>\n<link rel=\"canonical\" href=\"https:\/\/rozewines.com\/produkt\/simoneti-saperavi\/\" \/>\n<meta property=\"og:locale\" content=\"de_DE\" \/>\n<meta property=\"og:type\" content=\"article\" \/>\n<meta property=\"og:title\" content=\"Simoneti - Saperavi - Roze wines\" \/>\n<meta property=\"og:description\" content=\"&#8220;Eine der edelsten Rebsorten und der Superstar der ostgeorgischen Rotweine \u2013 &#8220;&#8221;Saperavi&#8221;&#8221;. Dieser Wein beweist seine Zeitlosigkeit, ebenso wie die Themen in Orwells ikonischen Werken. Mit seinem runden und flexiblen Charakter beeindruckt er. Gereift 18 Monate in franz\u00f6sischen Eichenf\u00e4ssern, stammen die Trauben aus unseren Tsinandali-Weinbergen. Die rubinrote Farbe wird erg\u00e4nzt durch reiche Aromen von Brombeeren &hellip; Continued\" \/>\n<meta property=\"og:url\" content=\"https:\/\/rozewines.com\/produkt\/simoneti-saperavi\/\" \/>\n<meta property=\"og:site_name\" content=\"Roze wines\" \/>\n<meta property=\"article:modified_time\" content=\"2025-02-04T12:40:08+00:00\" \/>\n<meta property=\"og:image\" content=\"https:\/\/rozewines.com\/app\/uploads\/2025\/01\/Simoneti-Saperavi.jpg\" \/>\n\t<meta property=\"og:image:width\" content=\"8256\" \/>\n\t<meta property=\"og:image:height\" content=\"8256\" \/>\n\t<meta property=\"og:image:type\" content=\"image\/jpeg\" \/>\n<meta name=\"twitter:card\" content=\"summary_large_image\" \/>\n<meta name=\"twitter:label1\" content=\"Est. reading time\" \/>\n\t<meta name=\"twitter:data1\" content=\"1 minute\" \/>\n<script type=\"application\/ld+json\" class=\"yoast-schema-graph\">{\"@context\":\"https:\/\/schema.org\",\"@graph\":[{\"@type\":\"WebPage\",\"@id\":\"https:\/\/rozewines.com\/produkt\/simoneti-saperavi\/\",\"url\":\"https:\/\/rozewines.com\/produkt\/simoneti-saperavi\/\",\"name\":\"Simoneti - Saperavi - Roze wines\",\"isPartOf\":{\"@id\":\"https:\/\/rozewines.com\/#website\"},\"primaryImageOfPage\":{\"@id\":\"https:\/\/rozewines.com\/produkt\/simoneti-saperavi\/#primaryimage\"},\"image\":{\"@id\":\"https:\/\/rozewines.com\/produkt\/simoneti-saperavi\/#primaryimage\"},\"thumbnailUrl\":\"https:\/\/rozewines.com\/app\/uploads\/2025\/01\/Simoneti-Saperavi.jpg\",\"datePublished\":\"2025-01-21T20:34:04+00:00\",\"dateModified\":\"2025-02-04T12:40:08+00:00\",\"breadcrumb\":{\"@id\":\"https:\/\/rozewines.com\/produkt\/simoneti-saperavi\/#breadcrumb\"},\"inLanguage\":\"de-DE\",\"potentialAction\":[{\"@type\":\"ReadAction\",\"target\":[\"https:\/\/rozewines.com\/produkt\/simoneti-saperavi\/\"]}]},{\"@type\":\"ImageObject\",\"inLanguage\":\"de-DE\",\"@id\":\"https:\/\/rozewines.com\/produkt\/simoneti-saperavi\/#primaryimage\",\"url\":\"https:\/\/rozewines.com\/app\/uploads\/2025\/01\/Simoneti-Saperavi.jpg\",\"contentUrl\":\"https:\/\/rozewines.com\/app\/uploads\/2025\/01\/Simoneti-Saperavi.jpg\",\"width\":8256,\"height\":8256},{\"@type\":\"BreadcrumbList\",\"@id\":\"https:\/\/rozewines.com\/produkt\/simoneti-saperavi\/#breadcrumb\",\"itemListElement\":[{\"@type\":\"ListItem\",\"position\":1,\"name\":\"Home\",\"item\":\"https:\/\/rozewines.com\/de\/\"},{\"@type\":\"ListItem\",\"position\":2,\"name\":\"Unsere Weine\",\"item\":\"https:\/\/rozewines.com\/de\/musu-vins\/\"},{\"@type\":\"ListItem\",\"position\":3,\"name\":\"Simoneti &#8211; Saperavi\"}]},{\"@type\":\"WebSite\",\"@id\":\"https:\/\/rozewines.com\/#website\",\"url\":\"https:\/\/rozewines.com\/\",\"name\":\"Roze wines\",\"description\":\"\",\"publisher\":{\"@id\":\"https:\/\/rozewines.com\/#organization\"},\"potentialAction\":[{\"@type\":\"SearchAction\",\"target\":{\"@type\":\"EntryPoint\",\"urlTemplate\":\"https:\/\/rozewines.com\/?s={search_term_string}\"},\"query-input\":\"required name=search_term_string\"}],\"inLanguage\":\"de-DE\"},{\"@type\":\"Organization\",\"@id\":\"https:\/\/rozewines.com\/#organization\",\"name\":\"Roze wines\",\"url\":\"https:\/\/rozewines.com\/\",\"logo\":{\"@type\":\"ImageObject\",\"inLanguage\":\"de-DE\",\"@id\":\"https:\/\/rozewines.com\/#\/schema\/logo\/image\/\",\"url\":\"https:\/\/rozewines.com\/app\/uploads\/2024\/05\/logo.svg\",\"contentUrl\":\"https:\/\/rozewines.com\/app\/uploads\/2024\/05\/logo.svg\",\"width\":144,\"height\":68,\"caption\":\"Roze wines\"},\"image\":{\"@id\":\"https:\/\/rozewines.com\/#\/schema\/logo\/image\/\"}}]}<\/script>\n<!-- \/ Yoast SEO plugin. -->","yoast_head_json":{"title":"Simoneti - Saperavi - Roze wines","robots":{"index":"index","follow":"follow","max-snippet":"max-snippet:-1","max-image-preview":"max-image-preview:large","max-video-preview":"max-video-preview:-1"},"canonical":"https:\/\/rozewines.com\/produkt\/simoneti-saperavi\/","og_locale":"de_DE","og_type":"article","og_title":"Simoneti - Saperavi - Roze wines","og_description":"&#8220;Eine der edelsten Rebsorten und der Superstar der ostgeorgischen Rotweine \u2013 &#8220;&#8221;Saperavi&#8221;&#8221;. Dieser Wein beweist seine Zeitlosigkeit, ebenso wie die Themen in Orwells ikonischen Werken. Mit seinem runden und flexiblen Charakter beeindruckt er. Gereift 18 Monate in franz\u00f6sischen Eichenf\u00e4ssern, stammen die Trauben aus unseren Tsinandali-Weinbergen. Die rubinrote Farbe wird erg\u00e4nzt durch reiche Aromen von Brombeeren &hellip; Continued","og_url":"https:\/\/rozewines.com\/produkt\/simoneti-saperavi\/","og_site_name":"Roze wines","article_modified_time":"2025-02-04T12:40:08+00:00","og_image":[{"width":8256,"height":8256,"url":"https:\/\/rozewines.com\/app\/uploads\/2025\/01\/Simoneti-Saperavi.jpg","type":"image\/jpeg"}],"twitter_card":"summary_large_image","twitter_misc":{"Est. reading time":"1 minute"},"schema":{"@context":"https:\/\/schema.org","@graph":[{"@type":"WebPage","@id":"https:\/\/rozewines.com\/produkt\/simoneti-saperavi\/","url":"https:\/\/rozewines.com\/produkt\/simoneti-saperavi\/","name":"Simoneti - Saperavi - Roze wines","isPartOf":{"@id":"https:\/\/rozewines.com\/#website"},"primaryImageOfPage":{"@id":"https:\/\/rozewines.com\/produkt\/simoneti-saperavi\/#primaryimage"},"image":{"@id":"https:\/\/rozewines.com\/produkt\/simoneti-saperavi\/#primaryimage"},"thumbnailUrl":"https:\/\/rozewines.com\/app\/uploads\/2025\/01\/Simoneti-Saperavi.jpg","datePublished":"2025-01-21T20:34:04+00:00","dateModified":"2025-02-04T12:40:08+00:00","breadcrumb":{"@id":"https:\/\/rozewines.com\/produkt\/simoneti-saperavi\/#breadcrumb"},"inLanguage":"de-DE","potentialAction":[{"@type":"ReadAction","target":["https:\/\/rozewines.com\/produkt\/simoneti-saperavi\/"]}]},{"@type":"ImageObject","inLanguage":"de-DE","@id":"https:\/\/rozewines.com\/produkt\/simoneti-saperavi\/#primaryimage","url":"https:\/\/rozewines.com\/app\/uploads\/2025\/01\/Simoneti-Saperavi.jpg","contentUrl":"https:\/\/rozewines.com\/app\/uploads\/2025\/01\/Simoneti-Saperavi.jpg","width":8256,"height":8256},{"@type":"BreadcrumbList","@id":"https:\/\/rozewines.com\/produkt\/simoneti-saperavi\/#breadcrumb","itemListElement":[{"@type":"ListItem","position":1,"name":"Home","item":"https:\/\/rozewines.com\/de\/"},{"@type":"ListItem","position":2,"name":"Unsere Weine","item":"https:\/\/rozewines.com\/de\/musu-vins\/"},{"@type":"ListItem","position":3,"name":"Simoneti &#8211; Saperavi"}]},{"@type":"WebSite","@id":"https:\/\/rozewines.com\/#website","url":"https:\/\/rozewines.com\/","name":"Roze wines","description":"","publisher":{"@id":"https:\/\/rozewines.com\/#organization"},"potentialAction":[{"@type":"SearchAction","target":{"@type":"EntryPoint","urlTemplate":"https:\/\/rozewines.com\/?s={search_term_string}"},"query-input":"required name=search_term_string"}],"inLanguage":"de-DE"},{"@type":"Organization","@id":"https:\/\/rozewines.com\/#organization","name":"Roze wines","url":"https:\/\/rozewines.com\/","logo":{"@type":"ImageObject","inLanguage":"de-DE","@id":"https:\/\/rozewines.com\/#\/schema\/logo\/image\/","url":"https:\/\/rozewines.com\/app\/uploads\/2024\/05\/logo.svg","contentUrl":"https:\/\/rozewines.com\/app\/uploads\/2024\/05\/logo.svg","width":144,"height":68,"caption":"Roze wines"},"image":{"@id":"https:\/\/rozewines.com\/#\/schema\/logo\/image\/"}}]}},"_links":{"self":[{"href":"https:\/\/rozewines.com\/de\/wp-json\/wp\/v2\/product\/7176"}],"collection":[{"href":"https:\/\/rozewines.com\/de\/wp-json\/wp\/v2\/product"}],"about":[{"href":"https:\/\/rozewines.com\/de\/wp-json\/wp\/v2\/types\/product"}],"replies":[{"embeddable":true,"href":"https:\/\/rozewines.com\/de\/wp-json\/wp\/v2\/comments?post=7176"}],"wp:featuredmedia":[{"embeddable":true,"href":"https:\/\/rozewines.com\/de\/wp-json\/wp\/v2\/media\/7148"}],"wp:attachment":[{"href":"https:\/\/rozewines.com\/de\/wp-json\/wp\/v2\/media?parent=7176"}],"wp:term":[{"taxonomy":"brand","embeddable":true,"href":"https:\/\/rozewines.com\/de\/wp-json\/wp\/v2\/brand?post=7176"},{"taxonomy":"colour","embeddable":true,"href":"https:\/\/rozewines.com\/de\/wp-json\/wp\/v2\/colour?post=7176"},{"taxonomy":"flavour","embeddable":true,"href":"https:\/\/rozewines.com\/de\/wp-json\/wp\/v2\/flavour?post=7176"},{"taxonomy":"grape-variety","embeddable":true,"href":"https:\/\/rozewines.com\/de\/wp-json\/wp\/v2\/grape-variety?post=7176"},{"taxonomy":"harvest-year","embeddable":true,"href":"https:\/\/rozewines.com\/de\/wp-json\/wp\/v2\/harvest-year?post=7176"},{"taxonomy":"region","embeddable":true,"href":"https:\/\/rozewines.com\/de\/wp-json\/wp\/v2\/region?post=7176"},{"taxonomy":"size","embeddable":true,"href":"https:\/\/rozewines.com\/de\/wp-json\/wp\/v2\/size?post=7176"},{"taxonomy":"style","embeddable":true,"href":"https:\/\/rozewines.com\/de\/wp-json\/wp\/v2\/style?post=7176"},{"taxonomy":"technology","embeddable":true,"href":"https:\/\/rozewines.com\/de\/wp-json\/wp\/v2\/technology?post=7176"},{"taxonomy":"product_cat","embeddable":true,"href":"https:\/\/rozewines.com\/de\/wp-json\/wp\/v2\/product_cat?post=7176"},{"taxonomy":"product_tag","embeddable":true,"href":"https:\/\/rozewines.com\/de\/wp-json\/wp\/v2\/product_tag?post=7176"}],"curies":[{"name":"wp","href":"https:\/\/api.w.org\/{rel}","templated":true}]}}