{"id":7179,"date":"2025-01-21T20:34:04","date_gmt":"2025-01-21T20:34:04","guid":{"rendered":"https:\/\/rozewines.com\/product\/simoneti-rkatsiteli-2\/"},"modified":"2025-02-04T12:40:47","modified_gmt":"2025-02-04T12:40:47","slug":"simoneti-rkatsiteli-2","status":"publish","type":"product","link":"https:\/\/rozewines.com\/de\/produkt\/simoneti-rkatsiteli-2\/","title":{"rendered":"Simoneti &#8211; Rkatsiteli"},"content":{"rendered":"<p>&#8220;Der Weinberg liegt in Georgiens ber\u00fchmtester Weinregion Kachetien, wo die Weinbaupraktiken seit Generationen unver\u00e4ndert geblieben sind. Diese Cuv\u00e9e aus der einheimischen Rkatsiteli-Traube wird 5 Monate lang in Qvevri (gro\u00dfen unterirdischen Tonamphoren) vergoren und gereift.<br \/>\nDieser Wein ist ein perfektes Beispiel f\u00fcr den georgischen Charakter im Wein \u2013 sehr frisch mit einem tief bernsteinfarbenen Farbton, begleitet von Aromen von Trockenfr\u00fcchten und k\u00f6stlicher Feigenmarmelade, wie sie Gro\u00dfm\u00fctter fr\u00fcher gemacht haben.<br \/>\nAm Gaumen eine perfekte Balance aus S\u00e4ure, Noten von trockenem Gras und Trockenfr\u00fcchten.&#8221;<\/p>\n","protected":false},"excerpt":{"rendered":"<p>&#8220;Der Weinberg liegt in Georgiens ber\u00fchmtester Weinregion Kachetien, wo die Weinbaupraktiken seit Generationen unver\u00e4ndert geblieben sind. Diese Cuv\u00e9e aus der einheimischen Rkatsiteli-Traube wird 5 Monate lang in Qvevri (gro\u00dfen unterirdischen Tonamphoren) vergoren und gereift. Dieser Wein ist ein perfektes Beispiel f\u00fcr den georgischen Charakter im Wein \u2013 sehr frisch mit einem tief bernsteinfarbenen Farbton, begleitet &hellip; <a href=\"https:\/\/rozewines.com\/de\/produkt\/simoneti-rkatsiteli-2\/\">Continued<\/a><\/p>\n","protected":false},"featured_media":7140,"comment_status":"closed","ping_status":"closed","template":"","meta":{"_acf_changed":false},"brand":[1820],"colour":[1139],"flavour":[1536,1068,1613],"grape-variety":[1356],"harvest-year":[],"region":[1294],"size":[1598],"style":[1271],"technology":[1694],"product_cat":[1382],"product_tag":[],"ams_default_variation_id":0,"ams_product_points_reward":[],"ams_product_discount_percentage":0,"ams_price_to_display":18.8,"acf":[],"ams_acf":[{"key":"zero_sulfites","label":"Zero sulfites","value":false},{"key":"food_pairings","label":"Food pairings","value":"Gegrilltes Lamm, Ziegenk\u00e4se, Auberginen mit N\u00fcssen"},{"key":"alcohol_percentage","label":"Alcohol percentage","value":"Kahetija"},{"key":"details","label":"Details","value":{"":null,"acidity":"2","body":"3","sweetness":"0","tannin":"3"}}],"yoast_head":"<!-- This site is optimized with the Yoast SEO plugin v22.6 - https:\/\/yoast.com\/wordpress\/plugins\/seo\/ -->\n<title>Simoneti - Rkatsiteli - Roze wines<\/title>\n<meta name=\"robots\" content=\"index, follow, max-snippet:-1, max-image-preview:large, max-video-preview:-1\" \/>\n<link rel=\"canonical\" href=\"https:\/\/rozewines.com\/de\/produkt\/simoneti-rkatsiteli-2\/\" \/>\n<meta property=\"og:locale\" content=\"de_DE\" \/>\n<meta property=\"og:type\" content=\"article\" \/>\n<meta property=\"og:title\" content=\"Simoneti - Rkatsiteli - Roze wines\" \/>\n<meta property=\"og:description\" content=\"&#8220;Der Weinberg liegt in Georgiens ber\u00fchmtester Weinregion Kachetien, wo die Weinbaupraktiken seit Generationen unver\u00e4ndert geblieben sind. Diese Cuv\u00e9e aus der einheimischen Rkatsiteli-Traube wird 5 Monate lang in Qvevri (gro\u00dfen unterirdischen Tonamphoren) vergoren und gereift. Dieser Wein ist ein perfektes Beispiel f\u00fcr den georgischen Charakter im Wein \u2013 sehr frisch mit einem tief bernsteinfarbenen Farbton, begleitet &hellip; Continued\" \/>\n<meta property=\"og:url\" content=\"https:\/\/rozewines.com\/de\/produkt\/simoneti-rkatsiteli-2\/\" \/>\n<meta property=\"og:site_name\" content=\"Roze wines\" \/>\n<meta property=\"article:modified_time\" content=\"2025-02-04T12:40:47+00:00\" \/>\n<meta property=\"og:image\" content=\"https:\/\/rozewines.com\/app\/uploads\/2025\/01\/Simoneti-Rkatsiteli-Amber.jpg\" \/>\n\t<meta property=\"og:image:width\" content=\"8256\" \/>\n\t<meta property=\"og:image:height\" content=\"8256\" \/>\n\t<meta property=\"og:image:type\" content=\"image\/jpeg\" \/>\n<meta name=\"twitter:card\" content=\"summary_large_image\" \/>\n<meta name=\"twitter:label1\" content=\"Est. reading time\" \/>\n\t<meta name=\"twitter:data1\" content=\"1 minute\" \/>\n<script type=\"application\/ld+json\" class=\"yoast-schema-graph\">{\"@context\":\"https:\/\/schema.org\",\"@graph\":[{\"@type\":\"WebPage\",\"@id\":\"https:\/\/rozewines.com\/de\/produkt\/simoneti-rkatsiteli-2\/\",\"url\":\"https:\/\/rozewines.com\/de\/produkt\/simoneti-rkatsiteli-2\/\",\"name\":\"Simoneti - Rkatsiteli - Roze wines\",\"isPartOf\":{\"@id\":\"https:\/\/rozewines.com\/#website\"},\"primaryImageOfPage\":{\"@id\":\"https:\/\/rozewines.com\/de\/produkt\/simoneti-rkatsiteli-2\/#primaryimage\"},\"image\":{\"@id\":\"https:\/\/rozewines.com\/de\/produkt\/simoneti-rkatsiteli-2\/#primaryimage\"},\"thumbnailUrl\":\"https:\/\/rozewines.com\/app\/uploads\/2025\/01\/Simoneti-Rkatsiteli-Amber.jpg\",\"datePublished\":\"2025-01-21T20:34:04+00:00\",\"dateModified\":\"2025-02-04T12:40:47+00:00\",\"breadcrumb\":{\"@id\":\"https:\/\/rozewines.com\/de\/produkt\/simoneti-rkatsiteli-2\/#breadcrumb\"},\"inLanguage\":\"de-DE\",\"potentialAction\":[{\"@type\":\"ReadAction\",\"target\":[\"https:\/\/rozewines.com\/de\/produkt\/simoneti-rkatsiteli-2\/\"]}]},{\"@type\":\"ImageObject\",\"inLanguage\":\"de-DE\",\"@id\":\"https:\/\/rozewines.com\/de\/produkt\/simoneti-rkatsiteli-2\/#primaryimage\",\"url\":\"https:\/\/rozewines.com\/app\/uploads\/2025\/01\/Simoneti-Rkatsiteli-Amber.jpg\",\"contentUrl\":\"https:\/\/rozewines.com\/app\/uploads\/2025\/01\/Simoneti-Rkatsiteli-Amber.jpg\",\"width\":8256,\"height\":8256},{\"@type\":\"BreadcrumbList\",\"@id\":\"https:\/\/rozewines.com\/de\/produkt\/simoneti-rkatsiteli-2\/#breadcrumb\",\"itemListElement\":[{\"@type\":\"ListItem\",\"position\":1,\"name\":\"Home\",\"item\":\"https:\/\/rozewines.com\/de\/\"},{\"@type\":\"ListItem\",\"position\":2,\"name\":\"Unsere Weine\",\"item\":\"https:\/\/rozewines.com\/de\/musu-vins\/\"},{\"@type\":\"ListItem\",\"position\":3,\"name\":\"Simoneti &#8211; Rkatsiteli\"}]},{\"@type\":\"WebSite\",\"@id\":\"https:\/\/rozewines.com\/#website\",\"url\":\"https:\/\/rozewines.com\/\",\"name\":\"Roze wines\",\"description\":\"\",\"publisher\":{\"@id\":\"https:\/\/rozewines.com\/#organization\"},\"potentialAction\":[{\"@type\":\"SearchAction\",\"target\":{\"@type\":\"EntryPoint\",\"urlTemplate\":\"https:\/\/rozewines.com\/?s={search_term_string}\"},\"query-input\":\"required name=search_term_string\"}],\"inLanguage\":\"de-DE\"},{\"@type\":\"Organization\",\"@id\":\"https:\/\/rozewines.com\/#organization\",\"name\":\"Roze wines\",\"url\":\"https:\/\/rozewines.com\/\",\"logo\":{\"@type\":\"ImageObject\",\"inLanguage\":\"de-DE\",\"@id\":\"https:\/\/rozewines.com\/#\/schema\/logo\/image\/\",\"url\":\"https:\/\/rozewines.com\/app\/uploads\/2024\/05\/logo.svg\",\"contentUrl\":\"https:\/\/rozewines.com\/app\/uploads\/2024\/05\/logo.svg\",\"width\":144,\"height\":68,\"caption\":\"Roze wines\"},\"image\":{\"@id\":\"https:\/\/rozewines.com\/#\/schema\/logo\/image\/\"}}]}<\/script>\n<!-- \/ Yoast SEO plugin. -->","yoast_head_json":{"title":"Simoneti - Rkatsiteli - Roze wines","robots":{"index":"index","follow":"follow","max-snippet":"max-snippet:-1","max-image-preview":"max-image-preview:large","max-video-preview":"max-video-preview:-1"},"canonical":"https:\/\/rozewines.com\/de\/produkt\/simoneti-rkatsiteli-2\/","og_locale":"de_DE","og_type":"article","og_title":"Simoneti - Rkatsiteli - Roze wines","og_description":"&#8220;Der Weinberg liegt in Georgiens ber\u00fchmtester Weinregion Kachetien, wo die Weinbaupraktiken seit Generationen unver\u00e4ndert geblieben sind. Diese Cuv\u00e9e aus der einheimischen Rkatsiteli-Traube wird 5 Monate lang in Qvevri (gro\u00dfen unterirdischen Tonamphoren) vergoren und gereift. Dieser Wein ist ein perfektes Beispiel f\u00fcr den georgischen Charakter im Wein \u2013 sehr frisch mit einem tief bernsteinfarbenen Farbton, begleitet &hellip; Continued","og_url":"https:\/\/rozewines.com\/de\/produkt\/simoneti-rkatsiteli-2\/","og_site_name":"Roze wines","article_modified_time":"2025-02-04T12:40:47+00:00","og_image":[{"width":8256,"height":8256,"url":"https:\/\/rozewines.com\/app\/uploads\/2025\/01\/Simoneti-Rkatsiteli-Amber.jpg","type":"image\/jpeg"}],"twitter_card":"summary_large_image","twitter_misc":{"Est. reading time":"1 minute"},"schema":{"@context":"https:\/\/schema.org","@graph":[{"@type":"WebPage","@id":"https:\/\/rozewines.com\/de\/produkt\/simoneti-rkatsiteli-2\/","url":"https:\/\/rozewines.com\/de\/produkt\/simoneti-rkatsiteli-2\/","name":"Simoneti - Rkatsiteli - Roze wines","isPartOf":{"@id":"https:\/\/rozewines.com\/#website"},"primaryImageOfPage":{"@id":"https:\/\/rozewines.com\/de\/produkt\/simoneti-rkatsiteli-2\/#primaryimage"},"image":{"@id":"https:\/\/rozewines.com\/de\/produkt\/simoneti-rkatsiteli-2\/#primaryimage"},"thumbnailUrl":"https:\/\/rozewines.com\/app\/uploads\/2025\/01\/Simoneti-Rkatsiteli-Amber.jpg","datePublished":"2025-01-21T20:34:04+00:00","dateModified":"2025-02-04T12:40:47+00:00","breadcrumb":{"@id":"https:\/\/rozewines.com\/de\/produkt\/simoneti-rkatsiteli-2\/#breadcrumb"},"inLanguage":"de-DE","potentialAction":[{"@type":"ReadAction","target":["https:\/\/rozewines.com\/de\/produkt\/simoneti-rkatsiteli-2\/"]}]},{"@type":"ImageObject","inLanguage":"de-DE","@id":"https:\/\/rozewines.com\/de\/produkt\/simoneti-rkatsiteli-2\/#primaryimage","url":"https:\/\/rozewines.com\/app\/uploads\/2025\/01\/Simoneti-Rkatsiteli-Amber.jpg","contentUrl":"https:\/\/rozewines.com\/app\/uploads\/2025\/01\/Simoneti-Rkatsiteli-Amber.jpg","width":8256,"height":8256},{"@type":"BreadcrumbList","@id":"https:\/\/rozewines.com\/de\/produkt\/simoneti-rkatsiteli-2\/#breadcrumb","itemListElement":[{"@type":"ListItem","position":1,"name":"Home","item":"https:\/\/rozewines.com\/de\/"},{"@type":"ListItem","position":2,"name":"Unsere Weine","item":"https:\/\/rozewines.com\/de\/musu-vins\/"},{"@type":"ListItem","position":3,"name":"Simoneti &#8211; Rkatsiteli"}]},{"@type":"WebSite","@id":"https:\/\/rozewines.com\/#website","url":"https:\/\/rozewines.com\/","name":"Roze wines","description":"","publisher":{"@id":"https:\/\/rozewines.com\/#organization"},"potentialAction":[{"@type":"SearchAction","target":{"@type":"EntryPoint","urlTemplate":"https:\/\/rozewines.com\/?s={search_term_string}"},"query-input":"required name=search_term_string"}],"inLanguage":"de-DE"},{"@type":"Organization","@id":"https:\/\/rozewines.com\/#organization","name":"Roze wines","url":"https:\/\/rozewines.com\/","logo":{"@type":"ImageObject","inLanguage":"de-DE","@id":"https:\/\/rozewines.com\/#\/schema\/logo\/image\/","url":"https:\/\/rozewines.com\/app\/uploads\/2024\/05\/logo.svg","contentUrl":"https:\/\/rozewines.com\/app\/uploads\/2024\/05\/logo.svg","width":144,"height":68,"caption":"Roze wines"},"image":{"@id":"https:\/\/rozewines.com\/#\/schema\/logo\/image\/"}}]}},"_links":{"self":[{"href":"https:\/\/rozewines.com\/de\/wp-json\/wp\/v2\/product\/7179"}],"collection":[{"href":"https:\/\/rozewines.com\/de\/wp-json\/wp\/v2\/product"}],"about":[{"href":"https:\/\/rozewines.com\/de\/wp-json\/wp\/v2\/types\/product"}],"replies":[{"embeddable":true,"href":"https:\/\/rozewines.com\/de\/wp-json\/wp\/v2\/comments?post=7179"}],"wp:featuredmedia":[{"embeddable":true,"href":"https:\/\/rozewines.com\/de\/wp-json\/wp\/v2\/media\/7140"}],"wp:attachment":[{"href":"https:\/\/rozewines.com\/de\/wp-json\/wp\/v2\/media?parent=7179"}],"wp:term":[{"taxonomy":"brand","embeddable":true,"href":"https:\/\/rozewines.com\/de\/wp-json\/wp\/v2\/brand?post=7179"},{"taxonomy":"colour","embeddable":true,"href":"https:\/\/rozewines.com\/de\/wp-json\/wp\/v2\/colour?post=7179"},{"taxonomy":"flavour","embeddable":true,"href":"https:\/\/rozewines.com\/de\/wp-json\/wp\/v2\/flavour?post=7179"},{"taxonomy":"grape-variety","embeddable":true,"href":"https:\/\/rozewines.com\/de\/wp-json\/wp\/v2\/grape-variety?post=7179"},{"taxonomy":"harvest-year","embeddable":true,"href":"https:\/\/rozewines.com\/de\/wp-json\/wp\/v2\/harvest-year?post=7179"},{"taxonomy":"region","embeddable":true,"href":"https:\/\/rozewines.com\/de\/wp-json\/wp\/v2\/region?post=7179"},{"taxonomy":"size","embeddable":true,"href":"https:\/\/rozewines.com\/de\/wp-json\/wp\/v2\/size?post=7179"},{"taxonomy":"style","embeddable":true,"href":"https:\/\/rozewines.com\/de\/wp-json\/wp\/v2\/style?post=7179"},{"taxonomy":"technology","embeddable":true,"href":"https:\/\/rozewines.com\/de\/wp-json\/wp\/v2\/technology?post=7179"},{"taxonomy":"product_cat","embeddable":true,"href":"https:\/\/rozewines.com\/de\/wp-json\/wp\/v2\/product_cat?post=7179"},{"taxonomy":"product_tag","embeddable":true,"href":"https:\/\/rozewines.com\/de\/wp-json\/wp\/v2\/product_tag?post=7179"}],"curies":[{"name":"wp","href":"https:\/\/api.w.org\/{rel}","templated":true}]}}