{"id":7182,"date":"2025-01-21T20:34:04","date_gmt":"2025-01-21T20:34:04","guid":{"rendered":"https:\/\/rozewines.com\/product\/simoneti-aleksandrouli\/"},"modified":"2025-02-04T12:42:17","modified_gmt":"2025-02-04T12:42:17","slug":"simoneti-aleksandrouli","status":"publish","type":"product","link":"https:\/\/rozewines.com\/de\/produkt\/simoneti-aleksandrouli\/","title":{"rendered":"Simoneti &#8211; Aleksandrouli"},"content":{"rendered":"<p>Der perfekte Begleiter f\u00fcr junge Weinliebhaber: Eine der \u00e4ltesten und beliebtesten roten Rebsorten, Aleksandrouli, w\u00e4chst in den \u00f6stlichen Weinbergen Kachetiens, einer der gr\u00f6\u00dften Weinbaugebiete Georgiens.<br \/>\nEin sehr eleganter Ros\u00e9 mit frischen und sanften Noten von Erdbeere und roter Johannisbeere. Perfekt f\u00fcr einen romantischen Abend mit den Liebsten.<\/p>\n","protected":false},"excerpt":{"rendered":"<p>Der perfekte Begleiter f\u00fcr junge Weinliebhaber: Eine der \u00e4ltesten und beliebtesten roten Rebsorten, Aleksandrouli, w\u00e4chst in den \u00f6stlichen Weinbergen Kachetiens, einer der gr\u00f6\u00dften Weinbaugebiete Georgiens. Ein sehr eleganter Ros\u00e9 mit frischen und sanften Noten von Erdbeere und roter Johannisbeere. Perfekt f\u00fcr einen romantischen Abend mit den Liebsten.<\/p>\n","protected":false},"featured_media":7116,"comment_status":"closed","ping_status":"closed","template":"","meta":{"_acf_changed":false},"brand":[1820],"colour":[1141],"flavour":[1080,1071,1075],"grape-variety":[1698],"harvest-year":[],"region":[1294],"size":[1598],"style":[1271],"technology":[1116],"product_cat":[1382],"product_tag":[],"ams_default_variation_id":0,"ams_product_points_reward":[],"ams_product_discount_percentage":0,"ams_price_to_display":29,"acf":[],"ams_acf":[{"key":"zero_sulfites","label":"Zero sulfites","value":false},{"key":"food_pairings","label":"Food pairings","value":"Oktopus mit gegrillten Kartoffeln, Garnelensalat, Sardinen"},{"key":"alcohol_percentage","label":"Alcohol percentage","value":"Kahetija"}],"yoast_head":"<!-- This site is optimized with the Yoast SEO plugin v22.6 - https:\/\/yoast.com\/wordpress\/plugins\/seo\/ -->\n<title>Simoneti - Aleksandrouli - Roze wines<\/title>\n<meta name=\"robots\" content=\"index, follow, max-snippet:-1, max-image-preview:large, max-video-preview:-1\" \/>\n<link rel=\"canonical\" href=\"https:\/\/rozewines.com\/produkt\/simoneti-aleksandrouli\/\" \/>\n<meta property=\"og:locale\" content=\"de_DE\" \/>\n<meta property=\"og:type\" content=\"article\" \/>\n<meta property=\"og:title\" content=\"Simoneti - Aleksandrouli - Roze wines\" \/>\n<meta property=\"og:description\" content=\"Der perfekte Begleiter f\u00fcr junge Weinliebhaber: Eine der \u00e4ltesten und beliebtesten roten Rebsorten, Aleksandrouli, w\u00e4chst in den \u00f6stlichen Weinbergen Kachetiens, einer der gr\u00f6\u00dften Weinbaugebiete Georgiens. Ein sehr eleganter Ros\u00e9 mit frischen und sanften Noten von Erdbeere und roter Johannisbeere. Perfekt f\u00fcr einen romantischen Abend mit den Liebsten.\" \/>\n<meta property=\"og:url\" content=\"https:\/\/rozewines.com\/produkt\/simoneti-aleksandrouli\/\" \/>\n<meta property=\"og:site_name\" content=\"Roze wines\" \/>\n<meta property=\"article:modified_time\" content=\"2025-02-04T12:42:17+00:00\" \/>\n<meta property=\"og:image\" content=\"https:\/\/rozewines.com\/app\/uploads\/2025\/01\/Simoneti-Aleksandrouli.jpg\" \/>\n\t<meta property=\"og:image:width\" content=\"7851\" \/>\n\t<meta property=\"og:image:height\" content=\"7851\" \/>\n\t<meta property=\"og:image:type\" content=\"image\/jpeg\" \/>\n<meta name=\"twitter:card\" content=\"summary_large_image\" \/>\n<meta name=\"twitter:label1\" content=\"Est. reading time\" \/>\n\t<meta name=\"twitter:data1\" content=\"1 minute\" \/>\n<script type=\"application\/ld+json\" class=\"yoast-schema-graph\">{\"@context\":\"https:\/\/schema.org\",\"@graph\":[{\"@type\":\"WebPage\",\"@id\":\"https:\/\/rozewines.com\/produkt\/simoneti-aleksandrouli\/\",\"url\":\"https:\/\/rozewines.com\/produkt\/simoneti-aleksandrouli\/\",\"name\":\"Simoneti - Aleksandrouli - Roze wines\",\"isPartOf\":{\"@id\":\"https:\/\/rozewines.com\/#website\"},\"primaryImageOfPage\":{\"@id\":\"https:\/\/rozewines.com\/produkt\/simoneti-aleksandrouli\/#primaryimage\"},\"image\":{\"@id\":\"https:\/\/rozewines.com\/produkt\/simoneti-aleksandrouli\/#primaryimage\"},\"thumbnailUrl\":\"https:\/\/rozewines.com\/app\/uploads\/2025\/01\/Simoneti-Aleksandrouli.jpg\",\"datePublished\":\"2025-01-21T20:34:04+00:00\",\"dateModified\":\"2025-02-04T12:42:17+00:00\",\"breadcrumb\":{\"@id\":\"https:\/\/rozewines.com\/produkt\/simoneti-aleksandrouli\/#breadcrumb\"},\"inLanguage\":\"de-DE\",\"potentialAction\":[{\"@type\":\"ReadAction\",\"target\":[\"https:\/\/rozewines.com\/produkt\/simoneti-aleksandrouli\/\"]}]},{\"@type\":\"ImageObject\",\"inLanguage\":\"de-DE\",\"@id\":\"https:\/\/rozewines.com\/produkt\/simoneti-aleksandrouli\/#primaryimage\",\"url\":\"https:\/\/rozewines.com\/app\/uploads\/2025\/01\/Simoneti-Aleksandrouli.jpg\",\"contentUrl\":\"https:\/\/rozewines.com\/app\/uploads\/2025\/01\/Simoneti-Aleksandrouli.jpg\",\"width\":7851,\"height\":7851},{\"@type\":\"BreadcrumbList\",\"@id\":\"https:\/\/rozewines.com\/produkt\/simoneti-aleksandrouli\/#breadcrumb\",\"itemListElement\":[{\"@type\":\"ListItem\",\"position\":1,\"name\":\"Home\",\"item\":\"https:\/\/rozewines.com\/de\/\"},{\"@type\":\"ListItem\",\"position\":2,\"name\":\"Unsere Weine\",\"item\":\"https:\/\/rozewines.com\/de\/musu-vins\/\"},{\"@type\":\"ListItem\",\"position\":3,\"name\":\"Simoneti &#8211; Aleksandrouli\"}]},{\"@type\":\"WebSite\",\"@id\":\"https:\/\/rozewines.com\/#website\",\"url\":\"https:\/\/rozewines.com\/\",\"name\":\"Roze wines\",\"description\":\"\",\"publisher\":{\"@id\":\"https:\/\/rozewines.com\/#organization\"},\"potentialAction\":[{\"@type\":\"SearchAction\",\"target\":{\"@type\":\"EntryPoint\",\"urlTemplate\":\"https:\/\/rozewines.com\/?s={search_term_string}\"},\"query-input\":\"required name=search_term_string\"}],\"inLanguage\":\"de-DE\"},{\"@type\":\"Organization\",\"@id\":\"https:\/\/rozewines.com\/#organization\",\"name\":\"Roze wines\",\"url\":\"https:\/\/rozewines.com\/\",\"logo\":{\"@type\":\"ImageObject\",\"inLanguage\":\"de-DE\",\"@id\":\"https:\/\/rozewines.com\/#\/schema\/logo\/image\/\",\"url\":\"https:\/\/rozewines.com\/app\/uploads\/2024\/05\/logo.svg\",\"contentUrl\":\"https:\/\/rozewines.com\/app\/uploads\/2024\/05\/logo.svg\",\"width\":144,\"height\":68,\"caption\":\"Roze wines\"},\"image\":{\"@id\":\"https:\/\/rozewines.com\/#\/schema\/logo\/image\/\"}}]}<\/script>\n<!-- \/ Yoast SEO plugin. -->","yoast_head_json":{"title":"Simoneti - Aleksandrouli - Roze wines","robots":{"index":"index","follow":"follow","max-snippet":"max-snippet:-1","max-image-preview":"max-image-preview:large","max-video-preview":"max-video-preview:-1"},"canonical":"https:\/\/rozewines.com\/produkt\/simoneti-aleksandrouli\/","og_locale":"de_DE","og_type":"article","og_title":"Simoneti - Aleksandrouli - Roze wines","og_description":"Der perfekte Begleiter f\u00fcr junge Weinliebhaber: Eine der \u00e4ltesten und beliebtesten roten Rebsorten, Aleksandrouli, w\u00e4chst in den \u00f6stlichen Weinbergen Kachetiens, einer der gr\u00f6\u00dften Weinbaugebiete Georgiens. Ein sehr eleganter Ros\u00e9 mit frischen und sanften Noten von Erdbeere und roter Johannisbeere. Perfekt f\u00fcr einen romantischen Abend mit den Liebsten.","og_url":"https:\/\/rozewines.com\/produkt\/simoneti-aleksandrouli\/","og_site_name":"Roze wines","article_modified_time":"2025-02-04T12:42:17+00:00","og_image":[{"width":7851,"height":7851,"url":"https:\/\/rozewines.com\/app\/uploads\/2025\/01\/Simoneti-Aleksandrouli.jpg","type":"image\/jpeg"}],"twitter_card":"summary_large_image","twitter_misc":{"Est. reading time":"1 minute"},"schema":{"@context":"https:\/\/schema.org","@graph":[{"@type":"WebPage","@id":"https:\/\/rozewines.com\/produkt\/simoneti-aleksandrouli\/","url":"https:\/\/rozewines.com\/produkt\/simoneti-aleksandrouli\/","name":"Simoneti - Aleksandrouli - Roze wines","isPartOf":{"@id":"https:\/\/rozewines.com\/#website"},"primaryImageOfPage":{"@id":"https:\/\/rozewines.com\/produkt\/simoneti-aleksandrouli\/#primaryimage"},"image":{"@id":"https:\/\/rozewines.com\/produkt\/simoneti-aleksandrouli\/#primaryimage"},"thumbnailUrl":"https:\/\/rozewines.com\/app\/uploads\/2025\/01\/Simoneti-Aleksandrouli.jpg","datePublished":"2025-01-21T20:34:04+00:00","dateModified":"2025-02-04T12:42:17+00:00","breadcrumb":{"@id":"https:\/\/rozewines.com\/produkt\/simoneti-aleksandrouli\/#breadcrumb"},"inLanguage":"de-DE","potentialAction":[{"@type":"ReadAction","target":["https:\/\/rozewines.com\/produkt\/simoneti-aleksandrouli\/"]}]},{"@type":"ImageObject","inLanguage":"de-DE","@id":"https:\/\/rozewines.com\/produkt\/simoneti-aleksandrouli\/#primaryimage","url":"https:\/\/rozewines.com\/app\/uploads\/2025\/01\/Simoneti-Aleksandrouli.jpg","contentUrl":"https:\/\/rozewines.com\/app\/uploads\/2025\/01\/Simoneti-Aleksandrouli.jpg","width":7851,"height":7851},{"@type":"BreadcrumbList","@id":"https:\/\/rozewines.com\/produkt\/simoneti-aleksandrouli\/#breadcrumb","itemListElement":[{"@type":"ListItem","position":1,"name":"Home","item":"https:\/\/rozewines.com\/de\/"},{"@type":"ListItem","position":2,"name":"Unsere Weine","item":"https:\/\/rozewines.com\/de\/musu-vins\/"},{"@type":"ListItem","position":3,"name":"Simoneti &#8211; Aleksandrouli"}]},{"@type":"WebSite","@id":"https:\/\/rozewines.com\/#website","url":"https:\/\/rozewines.com\/","name":"Roze wines","description":"","publisher":{"@id":"https:\/\/rozewines.com\/#organization"},"potentialAction":[{"@type":"SearchAction","target":{"@type":"EntryPoint","urlTemplate":"https:\/\/rozewines.com\/?s={search_term_string}"},"query-input":"required name=search_term_string"}],"inLanguage":"de-DE"},{"@type":"Organization","@id":"https:\/\/rozewines.com\/#organization","name":"Roze wines","url":"https:\/\/rozewines.com\/","logo":{"@type":"ImageObject","inLanguage":"de-DE","@id":"https:\/\/rozewines.com\/#\/schema\/logo\/image\/","url":"https:\/\/rozewines.com\/app\/uploads\/2024\/05\/logo.svg","contentUrl":"https:\/\/rozewines.com\/app\/uploads\/2024\/05\/logo.svg","width":144,"height":68,"caption":"Roze wines"},"image":{"@id":"https:\/\/rozewines.com\/#\/schema\/logo\/image\/"}}]}},"_links":{"self":[{"href":"https:\/\/rozewines.com\/de\/wp-json\/wp\/v2\/product\/7182"}],"collection":[{"href":"https:\/\/rozewines.com\/de\/wp-json\/wp\/v2\/product"}],"about":[{"href":"https:\/\/rozewines.com\/de\/wp-json\/wp\/v2\/types\/product"}],"replies":[{"embeddable":true,"href":"https:\/\/rozewines.com\/de\/wp-json\/wp\/v2\/comments?post=7182"}],"wp:featuredmedia":[{"embeddable":true,"href":"https:\/\/rozewines.com\/de\/wp-json\/wp\/v2\/media\/7116"}],"wp:attachment":[{"href":"https:\/\/rozewines.com\/de\/wp-json\/wp\/v2\/media?parent=7182"}],"wp:term":[{"taxonomy":"brand","embeddable":true,"href":"https:\/\/rozewines.com\/de\/wp-json\/wp\/v2\/brand?post=7182"},{"taxonomy":"colour","embeddable":true,"href":"https:\/\/rozewines.com\/de\/wp-json\/wp\/v2\/colour?post=7182"},{"taxonomy":"flavour","embeddable":true,"href":"https:\/\/rozewines.com\/de\/wp-json\/wp\/v2\/flavour?post=7182"},{"taxonomy":"grape-variety","embeddable":true,"href":"https:\/\/rozewines.com\/de\/wp-json\/wp\/v2\/grape-variety?post=7182"},{"taxonomy":"harvest-year","embeddable":true,"href":"https:\/\/rozewines.com\/de\/wp-json\/wp\/v2\/harvest-year?post=7182"},{"taxonomy":"region","embeddable":true,"href":"https:\/\/rozewines.com\/de\/wp-json\/wp\/v2\/region?post=7182"},{"taxonomy":"size","embeddable":true,"href":"https:\/\/rozewines.com\/de\/wp-json\/wp\/v2\/size?post=7182"},{"taxonomy":"style","embeddable":true,"href":"https:\/\/rozewines.com\/de\/wp-json\/wp\/v2\/style?post=7182"},{"taxonomy":"technology","embeddable":true,"href":"https:\/\/rozewines.com\/de\/wp-json\/wp\/v2\/technology?post=7182"},{"taxonomy":"product_cat","embeddable":true,"href":"https:\/\/rozewines.com\/de\/wp-json\/wp\/v2\/product_cat?post=7182"},{"taxonomy":"product_tag","embeddable":true,"href":"https:\/\/rozewines.com\/de\/wp-json\/wp\/v2\/product_tag?post=7182"}],"curies":[{"name":"wp","href":"https:\/\/api.w.org\/{rel}","templated":true}]}}