{"id":7185,"date":"2025-01-21T20:34:04","date_gmt":"2025-01-21T20:34:04","guid":{"rendered":"https:\/\/rozewines.com\/product\/simoneti-otskhanuri-sapere\/"},"modified":"2025-02-04T12:41:03","modified_gmt":"2025-02-04T12:41:03","slug":"simoneti-otskhanuri-sapere","status":"publish","type":"product","link":"https:\/\/rozewines.com\/de\/produkt\/simoneti-otskhanuri-sapere\/","title":{"rendered":"Simoneti &#8211; Otskhanuri Sapere"},"content":{"rendered":"<p>&#8220;Die legend\u00e4re Rebsorte &#8220;&#8221;Otskhanuri Sapere&#8221;&#8221; aus Imeretien \u2013 der zweitgr\u00f6\u00dften Weinbauregion Georgiens.<br \/>\nLebendige S\u00e4ure und kr\u00e4ftige Tannine verbinden sich zu einem energiegeladenen Weinerlebnis.<br \/>\nTiefe Aromen von Veilchen und Kirsche, dazu perfekte Eichennoten von Vanille und Tr\u00fcffel \u2013 dieser Jahrgang offenbart vielschichtige Komplexit\u00e4t.<br \/>\n&#8220;<\/p>\n","protected":false},"excerpt":{"rendered":"<p>&#8220;Die legend\u00e4re Rebsorte &#8220;&#8221;Otskhanuri Sapere&#8221;&#8221; aus Imeretien \u2013 der zweitgr\u00f6\u00dften Weinbauregion Georgiens. Lebendige S\u00e4ure und kr\u00e4ftige Tannine verbinden sich zu einem energiegeladenen Weinerlebnis. Tiefe Aromen von Veilchen und Kirsche, dazu perfekte Eichennoten von Vanille und Tr\u00fcffel \u2013 dieser Jahrgang offenbart vielschichtige Komplexit\u00e4t. &#8220;<\/p>\n","protected":false},"featured_media":7136,"comment_status":"closed","ping_status":"closed","template":"","meta":{"_acf_changed":false},"brand":[1820],"colour":[1140],"flavour":[1010,1581,1085],"grape-variety":[1701],"harvest-year":[],"region":[1293],"size":[1598],"style":[1271],"technology":[1116],"product_cat":[1382],"product_tag":[],"ams_default_variation_id":0,"ams_product_points_reward":[],"ams_product_discount_percentage":0,"ams_price_to_display":27.75,"acf":[],"ams_acf":[{"key":"zero_sulfites","label":"Zero sulfites","value":false},{"key":"food_pairings","label":"Food pairings","value":"Imeretische Kupati, Salami Milano, Ziegenk\u00e4se"},{"key":"alcohol_percentage","label":"Alcohol percentage","value":"Imeretija"}],"yoast_head":"<!-- This site is optimized with the Yoast SEO plugin v22.6 - https:\/\/yoast.com\/wordpress\/plugins\/seo\/ -->\n<title>Simoneti - Otskhanuri Sapere - Roze wines<\/title>\n<meta name=\"robots\" content=\"index, follow, max-snippet:-1, max-image-preview:large, max-video-preview:-1\" \/>\n<link rel=\"canonical\" href=\"https:\/\/rozewines.com\/produkt\/simoneti-otskhanuri-sapere\/\" \/>\n<meta property=\"og:locale\" content=\"de_DE\" \/>\n<meta property=\"og:type\" content=\"article\" \/>\n<meta property=\"og:title\" content=\"Simoneti - Otskhanuri Sapere - Roze wines\" \/>\n<meta property=\"og:description\" content=\"&#8220;Die legend\u00e4re Rebsorte &#8220;&#8221;Otskhanuri Sapere&#8221;&#8221; aus Imeretien \u2013 der zweitgr\u00f6\u00dften Weinbauregion Georgiens. Lebendige S\u00e4ure und kr\u00e4ftige Tannine verbinden sich zu einem energiegeladenen Weinerlebnis. Tiefe Aromen von Veilchen und Kirsche, dazu perfekte Eichennoten von Vanille und Tr\u00fcffel \u2013 dieser Jahrgang offenbart vielschichtige Komplexit\u00e4t. &#8220;\" \/>\n<meta property=\"og:url\" content=\"https:\/\/rozewines.com\/produkt\/simoneti-otskhanuri-sapere\/\" \/>\n<meta property=\"og:site_name\" content=\"Roze wines\" \/>\n<meta property=\"article:modified_time\" content=\"2025-02-04T12:41:03+00:00\" \/>\n<meta property=\"og:image\" content=\"https:\/\/rozewines.com\/app\/uploads\/2025\/01\/Simoneti-Otskhanuri-Sapere.jpg\" \/>\n\t<meta property=\"og:image:width\" content=\"8256\" \/>\n\t<meta property=\"og:image:height\" content=\"8256\" \/>\n\t<meta property=\"og:image:type\" content=\"image\/jpeg\" \/>\n<meta name=\"twitter:card\" content=\"summary_large_image\" \/>\n<meta name=\"twitter:label1\" content=\"Est. reading time\" \/>\n\t<meta name=\"twitter:data1\" content=\"1 minute\" \/>\n<script type=\"application\/ld+json\" class=\"yoast-schema-graph\">{\"@context\":\"https:\/\/schema.org\",\"@graph\":[{\"@type\":\"WebPage\",\"@id\":\"https:\/\/rozewines.com\/produkt\/simoneti-otskhanuri-sapere\/\",\"url\":\"https:\/\/rozewines.com\/produkt\/simoneti-otskhanuri-sapere\/\",\"name\":\"Simoneti - Otskhanuri Sapere - Roze wines\",\"isPartOf\":{\"@id\":\"https:\/\/rozewines.com\/#website\"},\"primaryImageOfPage\":{\"@id\":\"https:\/\/rozewines.com\/produkt\/simoneti-otskhanuri-sapere\/#primaryimage\"},\"image\":{\"@id\":\"https:\/\/rozewines.com\/produkt\/simoneti-otskhanuri-sapere\/#primaryimage\"},\"thumbnailUrl\":\"https:\/\/rozewines.com\/app\/uploads\/2025\/01\/Simoneti-Otskhanuri-Sapere.jpg\",\"datePublished\":\"2025-01-21T20:34:04+00:00\",\"dateModified\":\"2025-02-04T12:41:03+00:00\",\"breadcrumb\":{\"@id\":\"https:\/\/rozewines.com\/produkt\/simoneti-otskhanuri-sapere\/#breadcrumb\"},\"inLanguage\":\"de-DE\",\"potentialAction\":[{\"@type\":\"ReadAction\",\"target\":[\"https:\/\/rozewines.com\/produkt\/simoneti-otskhanuri-sapere\/\"]}]},{\"@type\":\"ImageObject\",\"inLanguage\":\"de-DE\",\"@id\":\"https:\/\/rozewines.com\/produkt\/simoneti-otskhanuri-sapere\/#primaryimage\",\"url\":\"https:\/\/rozewines.com\/app\/uploads\/2025\/01\/Simoneti-Otskhanuri-Sapere.jpg\",\"contentUrl\":\"https:\/\/rozewines.com\/app\/uploads\/2025\/01\/Simoneti-Otskhanuri-Sapere.jpg\",\"width\":8256,\"height\":8256},{\"@type\":\"BreadcrumbList\",\"@id\":\"https:\/\/rozewines.com\/produkt\/simoneti-otskhanuri-sapere\/#breadcrumb\",\"itemListElement\":[{\"@type\":\"ListItem\",\"position\":1,\"name\":\"Home\",\"item\":\"https:\/\/rozewines.com\/de\/\"},{\"@type\":\"ListItem\",\"position\":2,\"name\":\"Unsere Weine\",\"item\":\"https:\/\/rozewines.com\/de\/musu-vins\/\"},{\"@type\":\"ListItem\",\"position\":3,\"name\":\"Simoneti &#8211; Otskhanuri Sapere\"}]},{\"@type\":\"WebSite\",\"@id\":\"https:\/\/rozewines.com\/#website\",\"url\":\"https:\/\/rozewines.com\/\",\"name\":\"Roze wines\",\"description\":\"\",\"publisher\":{\"@id\":\"https:\/\/rozewines.com\/#organization\"},\"potentialAction\":[{\"@type\":\"SearchAction\",\"target\":{\"@type\":\"EntryPoint\",\"urlTemplate\":\"https:\/\/rozewines.com\/?s={search_term_string}\"},\"query-input\":\"required name=search_term_string\"}],\"inLanguage\":\"de-DE\"},{\"@type\":\"Organization\",\"@id\":\"https:\/\/rozewines.com\/#organization\",\"name\":\"Roze wines\",\"url\":\"https:\/\/rozewines.com\/\",\"logo\":{\"@type\":\"ImageObject\",\"inLanguage\":\"de-DE\",\"@id\":\"https:\/\/rozewines.com\/#\/schema\/logo\/image\/\",\"url\":\"https:\/\/rozewines.com\/app\/uploads\/2024\/05\/logo.svg\",\"contentUrl\":\"https:\/\/rozewines.com\/app\/uploads\/2024\/05\/logo.svg\",\"width\":144,\"height\":68,\"caption\":\"Roze wines\"},\"image\":{\"@id\":\"https:\/\/rozewines.com\/#\/schema\/logo\/image\/\"}}]}<\/script>\n<!-- \/ Yoast SEO plugin. -->","yoast_head_json":{"title":"Simoneti - Otskhanuri Sapere - Roze wines","robots":{"index":"index","follow":"follow","max-snippet":"max-snippet:-1","max-image-preview":"max-image-preview:large","max-video-preview":"max-video-preview:-1"},"canonical":"https:\/\/rozewines.com\/produkt\/simoneti-otskhanuri-sapere\/","og_locale":"de_DE","og_type":"article","og_title":"Simoneti - Otskhanuri Sapere - Roze wines","og_description":"&#8220;Die legend\u00e4re Rebsorte &#8220;&#8221;Otskhanuri Sapere&#8221;&#8221; aus Imeretien \u2013 der zweitgr\u00f6\u00dften Weinbauregion Georgiens. Lebendige S\u00e4ure und kr\u00e4ftige Tannine verbinden sich zu einem energiegeladenen Weinerlebnis. Tiefe Aromen von Veilchen und Kirsche, dazu perfekte Eichennoten von Vanille und Tr\u00fcffel \u2013 dieser Jahrgang offenbart vielschichtige Komplexit\u00e4t. &#8220;","og_url":"https:\/\/rozewines.com\/produkt\/simoneti-otskhanuri-sapere\/","og_site_name":"Roze wines","article_modified_time":"2025-02-04T12:41:03+00:00","og_image":[{"width":8256,"height":8256,"url":"https:\/\/rozewines.com\/app\/uploads\/2025\/01\/Simoneti-Otskhanuri-Sapere.jpg","type":"image\/jpeg"}],"twitter_card":"summary_large_image","twitter_misc":{"Est. reading time":"1 minute"},"schema":{"@context":"https:\/\/schema.org","@graph":[{"@type":"WebPage","@id":"https:\/\/rozewines.com\/produkt\/simoneti-otskhanuri-sapere\/","url":"https:\/\/rozewines.com\/produkt\/simoneti-otskhanuri-sapere\/","name":"Simoneti - Otskhanuri Sapere - Roze wines","isPartOf":{"@id":"https:\/\/rozewines.com\/#website"},"primaryImageOfPage":{"@id":"https:\/\/rozewines.com\/produkt\/simoneti-otskhanuri-sapere\/#primaryimage"},"image":{"@id":"https:\/\/rozewines.com\/produkt\/simoneti-otskhanuri-sapere\/#primaryimage"},"thumbnailUrl":"https:\/\/rozewines.com\/app\/uploads\/2025\/01\/Simoneti-Otskhanuri-Sapere.jpg","datePublished":"2025-01-21T20:34:04+00:00","dateModified":"2025-02-04T12:41:03+00:00","breadcrumb":{"@id":"https:\/\/rozewines.com\/produkt\/simoneti-otskhanuri-sapere\/#breadcrumb"},"inLanguage":"de-DE","potentialAction":[{"@type":"ReadAction","target":["https:\/\/rozewines.com\/produkt\/simoneti-otskhanuri-sapere\/"]}]},{"@type":"ImageObject","inLanguage":"de-DE","@id":"https:\/\/rozewines.com\/produkt\/simoneti-otskhanuri-sapere\/#primaryimage","url":"https:\/\/rozewines.com\/app\/uploads\/2025\/01\/Simoneti-Otskhanuri-Sapere.jpg","contentUrl":"https:\/\/rozewines.com\/app\/uploads\/2025\/01\/Simoneti-Otskhanuri-Sapere.jpg","width":8256,"height":8256},{"@type":"BreadcrumbList","@id":"https:\/\/rozewines.com\/produkt\/simoneti-otskhanuri-sapere\/#breadcrumb","itemListElement":[{"@type":"ListItem","position":1,"name":"Home","item":"https:\/\/rozewines.com\/de\/"},{"@type":"ListItem","position":2,"name":"Unsere Weine","item":"https:\/\/rozewines.com\/de\/musu-vins\/"},{"@type":"ListItem","position":3,"name":"Simoneti &#8211; Otskhanuri Sapere"}]},{"@type":"WebSite","@id":"https:\/\/rozewines.com\/#website","url":"https:\/\/rozewines.com\/","name":"Roze wines","description":"","publisher":{"@id":"https:\/\/rozewines.com\/#organization"},"potentialAction":[{"@type":"SearchAction","target":{"@type":"EntryPoint","urlTemplate":"https:\/\/rozewines.com\/?s={search_term_string}"},"query-input":"required name=search_term_string"}],"inLanguage":"de-DE"},{"@type":"Organization","@id":"https:\/\/rozewines.com\/#organization","name":"Roze wines","url":"https:\/\/rozewines.com\/","logo":{"@type":"ImageObject","inLanguage":"de-DE","@id":"https:\/\/rozewines.com\/#\/schema\/logo\/image\/","url":"https:\/\/rozewines.com\/app\/uploads\/2024\/05\/logo.svg","contentUrl":"https:\/\/rozewines.com\/app\/uploads\/2024\/05\/logo.svg","width":144,"height":68,"caption":"Roze wines"},"image":{"@id":"https:\/\/rozewines.com\/#\/schema\/logo\/image\/"}}]}},"_links":{"self":[{"href":"https:\/\/rozewines.com\/de\/wp-json\/wp\/v2\/product\/7185"}],"collection":[{"href":"https:\/\/rozewines.com\/de\/wp-json\/wp\/v2\/product"}],"about":[{"href":"https:\/\/rozewines.com\/de\/wp-json\/wp\/v2\/types\/product"}],"replies":[{"embeddable":true,"href":"https:\/\/rozewines.com\/de\/wp-json\/wp\/v2\/comments?post=7185"}],"wp:featuredmedia":[{"embeddable":true,"href":"https:\/\/rozewines.com\/de\/wp-json\/wp\/v2\/media\/7136"}],"wp:attachment":[{"href":"https:\/\/rozewines.com\/de\/wp-json\/wp\/v2\/media?parent=7185"}],"wp:term":[{"taxonomy":"brand","embeddable":true,"href":"https:\/\/rozewines.com\/de\/wp-json\/wp\/v2\/brand?post=7185"},{"taxonomy":"colour","embeddable":true,"href":"https:\/\/rozewines.com\/de\/wp-json\/wp\/v2\/colour?post=7185"},{"taxonomy":"flavour","embeddable":true,"href":"https:\/\/rozewines.com\/de\/wp-json\/wp\/v2\/flavour?post=7185"},{"taxonomy":"grape-variety","embeddable":true,"href":"https:\/\/rozewines.com\/de\/wp-json\/wp\/v2\/grape-variety?post=7185"},{"taxonomy":"harvest-year","embeddable":true,"href":"https:\/\/rozewines.com\/de\/wp-json\/wp\/v2\/harvest-year?post=7185"},{"taxonomy":"region","embeddable":true,"href":"https:\/\/rozewines.com\/de\/wp-json\/wp\/v2\/region?post=7185"},{"taxonomy":"size","embeddable":true,"href":"https:\/\/rozewines.com\/de\/wp-json\/wp\/v2\/size?post=7185"},{"taxonomy":"style","embeddable":true,"href":"https:\/\/rozewines.com\/de\/wp-json\/wp\/v2\/style?post=7185"},{"taxonomy":"technology","embeddable":true,"href":"https:\/\/rozewines.com\/de\/wp-json\/wp\/v2\/technology?post=7185"},{"taxonomy":"product_cat","embeddable":true,"href":"https:\/\/rozewines.com\/de\/wp-json\/wp\/v2\/product_cat?post=7185"},{"taxonomy":"product_tag","embeddable":true,"href":"https:\/\/rozewines.com\/de\/wp-json\/wp\/v2\/product_tag?post=7185"}],"curies":[{"name":"wp","href":"https:\/\/api.w.org\/{rel}","templated":true}]}}