{"id":7206,"date":"2025-01-21T20:34:04","date_gmt":"2025-01-21T20:34:04","guid":{"rendered":"https:\/\/rozewines.com\/product\/queen-kisi\/"},"modified":"2025-02-04T12:41:40","modified_gmt":"2025-02-04T12:41:40","slug":"queen-kisi","status":"publish","type":"product","link":"https:\/\/rozewines.com\/de\/produkt\/queen-kisi\/","title":{"rendered":"Queen &#8211; Kisi"},"content":{"rendered":"<p>&#8220;Die Trauben stammen aus den eigenen Weinbergen des Weinguts in der Provinz Kachetien, am Fu\u00dfe des Kaukasusgebirges.<br \/>\nDiese Weinberge profitieren von der k\u00fchlenden Wirkung der Berge, w\u00e4hrend der Boden reich an schwarzem Schiefer ist.<br \/>\nDie Rebsorte Kisi z\u00e4hlt zu den wichtigsten wei\u00dfen Trauben Ostgeorgiens und wird sowohl f\u00fcr s\u00fc\u00dfe als auch trockene Wei\u00df- oder Orangeweine verwendet.&#8221;<\/p>\n","protected":false},"excerpt":{"rendered":"<p>&#8220;Die Trauben stammen aus den eigenen Weinbergen des Weinguts in der Provinz Kachetien, am Fu\u00dfe des Kaukasusgebirges. Diese Weinberge profitieren von der k\u00fchlenden Wirkung der Berge, w\u00e4hrend der Boden reich an schwarzem Schiefer ist. Die Rebsorte Kisi z\u00e4hlt zu den wichtigsten wei\u00dfen Trauben Ostgeorgiens und wird sowohl f\u00fcr s\u00fc\u00dfe als auch trockene Wei\u00df- oder Orangeweine &hellip; <a href=\"https:\/\/rozewines.com\/de\/produkt\/queen-kisi\/\">Continued<\/a><\/p>\n","protected":false},"featured_media":7112,"comment_status":"closed","ping_status":"closed","template":"","meta":{"_acf_changed":false},"brand":[],"colour":[1143],"flavour":[1524,1722,1531],"grape-variety":[1352],"harvest-year":[],"region":[1294],"size":[1598],"style":[1270],"technology":[1116],"product_cat":[1382],"product_tag":[],"ams_default_variation_id":0,"ams_product_points_reward":[],"ams_product_discount_percentage":0,"ams_price_to_display":18.4,"acf":[],"ams_acf":[{"key":"zero_sulfites","label":"Zero sulfites","value":false},{"key":"food_pairings","label":"Food pairings","value":"Oliven mit K\u00e4se, Comt\u00e9-K\u00e4se"},{"key":"alcohol_percentage","label":"Alcohol percentage","value":"Kahetija"}],"yoast_head":"<!-- This site is optimized with the Yoast SEO plugin v22.6 - https:\/\/yoast.com\/wordpress\/plugins\/seo\/ -->\n<title>Queen - Kisi - Roze wines<\/title>\n<meta name=\"robots\" content=\"index, follow, max-snippet:-1, max-image-preview:large, max-video-preview:-1\" \/>\n<link rel=\"canonical\" href=\"https:\/\/rozewines.com\/produkt\/queen-kisi\/\" \/>\n<meta property=\"og:locale\" content=\"de_DE\" \/>\n<meta property=\"og:type\" content=\"article\" \/>\n<meta property=\"og:title\" content=\"Queen - Kisi - Roze wines\" \/>\n<meta property=\"og:description\" content=\"&#8220;Die Trauben stammen aus den eigenen Weinbergen des Weinguts in der Provinz Kachetien, am Fu\u00dfe des Kaukasusgebirges. Diese Weinberge profitieren von der k\u00fchlenden Wirkung der Berge, w\u00e4hrend der Boden reich an schwarzem Schiefer ist. Die Rebsorte Kisi z\u00e4hlt zu den wichtigsten wei\u00dfen Trauben Ostgeorgiens und wird sowohl f\u00fcr s\u00fc\u00dfe als auch trockene Wei\u00df- oder Orangeweine &hellip; Continued\" \/>\n<meta property=\"og:url\" content=\"https:\/\/rozewines.com\/produkt\/queen-kisi\/\" \/>\n<meta property=\"og:site_name\" content=\"Roze wines\" \/>\n<meta property=\"article:modified_time\" content=\"2025-02-04T12:41:40+00:00\" \/>\n<meta property=\"og:image\" content=\"https:\/\/rozewines.com\/app\/uploads\/2025\/01\/Queen-Kisi.jpg\" \/>\n\t<meta property=\"og:image:width\" content=\"7939\" \/>\n\t<meta property=\"og:image:height\" content=\"7939\" \/>\n\t<meta property=\"og:image:type\" content=\"image\/jpeg\" \/>\n<meta name=\"twitter:card\" content=\"summary_large_image\" \/>\n<meta name=\"twitter:label1\" content=\"Est. reading time\" \/>\n\t<meta name=\"twitter:data1\" content=\"1 minute\" \/>\n<script type=\"application\/ld+json\" class=\"yoast-schema-graph\">{\"@context\":\"https:\/\/schema.org\",\"@graph\":[{\"@type\":\"WebPage\",\"@id\":\"https:\/\/rozewines.com\/produkt\/queen-kisi\/\",\"url\":\"https:\/\/rozewines.com\/produkt\/queen-kisi\/\",\"name\":\"Queen - Kisi - Roze wines\",\"isPartOf\":{\"@id\":\"https:\/\/rozewines.com\/#website\"},\"primaryImageOfPage\":{\"@id\":\"https:\/\/rozewines.com\/produkt\/queen-kisi\/#primaryimage\"},\"image\":{\"@id\":\"https:\/\/rozewines.com\/produkt\/queen-kisi\/#primaryimage\"},\"thumbnailUrl\":\"https:\/\/rozewines.com\/app\/uploads\/2025\/01\/Queen-Kisi.jpg\",\"datePublished\":\"2025-01-21T20:34:04+00:00\",\"dateModified\":\"2025-02-04T12:41:40+00:00\",\"breadcrumb\":{\"@id\":\"https:\/\/rozewines.com\/produkt\/queen-kisi\/#breadcrumb\"},\"inLanguage\":\"de-DE\",\"potentialAction\":[{\"@type\":\"ReadAction\",\"target\":[\"https:\/\/rozewines.com\/produkt\/queen-kisi\/\"]}]},{\"@type\":\"ImageObject\",\"inLanguage\":\"de-DE\",\"@id\":\"https:\/\/rozewines.com\/produkt\/queen-kisi\/#primaryimage\",\"url\":\"https:\/\/rozewines.com\/app\/uploads\/2025\/01\/Queen-Kisi.jpg\",\"contentUrl\":\"https:\/\/rozewines.com\/app\/uploads\/2025\/01\/Queen-Kisi.jpg\",\"width\":7939,\"height\":7939},{\"@type\":\"BreadcrumbList\",\"@id\":\"https:\/\/rozewines.com\/produkt\/queen-kisi\/#breadcrumb\",\"itemListElement\":[{\"@type\":\"ListItem\",\"position\":1,\"name\":\"Home\",\"item\":\"https:\/\/rozewines.com\/de\/\"},{\"@type\":\"ListItem\",\"position\":2,\"name\":\"Unsere Weine\",\"item\":\"https:\/\/rozewines.com\/de\/musu-vins\/\"},{\"@type\":\"ListItem\",\"position\":3,\"name\":\"Queen &#8211; Kisi\"}]},{\"@type\":\"WebSite\",\"@id\":\"https:\/\/rozewines.com\/#website\",\"url\":\"https:\/\/rozewines.com\/\",\"name\":\"Roze wines\",\"description\":\"\",\"publisher\":{\"@id\":\"https:\/\/rozewines.com\/#organization\"},\"potentialAction\":[{\"@type\":\"SearchAction\",\"target\":{\"@type\":\"EntryPoint\",\"urlTemplate\":\"https:\/\/rozewines.com\/?s={search_term_string}\"},\"query-input\":\"required name=search_term_string\"}],\"inLanguage\":\"de-DE\"},{\"@type\":\"Organization\",\"@id\":\"https:\/\/rozewines.com\/#organization\",\"name\":\"Roze wines\",\"url\":\"https:\/\/rozewines.com\/\",\"logo\":{\"@type\":\"ImageObject\",\"inLanguage\":\"de-DE\",\"@id\":\"https:\/\/rozewines.com\/#\/schema\/logo\/image\/\",\"url\":\"https:\/\/rozewines.com\/app\/uploads\/2024\/05\/logo.svg\",\"contentUrl\":\"https:\/\/rozewines.com\/app\/uploads\/2024\/05\/logo.svg\",\"width\":144,\"height\":68,\"caption\":\"Roze wines\"},\"image\":{\"@id\":\"https:\/\/rozewines.com\/#\/schema\/logo\/image\/\"}}]}<\/script>\n<!-- \/ Yoast SEO plugin. -->","yoast_head_json":{"title":"Queen - Kisi - Roze wines","robots":{"index":"index","follow":"follow","max-snippet":"max-snippet:-1","max-image-preview":"max-image-preview:large","max-video-preview":"max-video-preview:-1"},"canonical":"https:\/\/rozewines.com\/produkt\/queen-kisi\/","og_locale":"de_DE","og_type":"article","og_title":"Queen - Kisi - Roze wines","og_description":"&#8220;Die Trauben stammen aus den eigenen Weinbergen des Weinguts in der Provinz Kachetien, am Fu\u00dfe des Kaukasusgebirges. Diese Weinberge profitieren von der k\u00fchlenden Wirkung der Berge, w\u00e4hrend der Boden reich an schwarzem Schiefer ist. Die Rebsorte Kisi z\u00e4hlt zu den wichtigsten wei\u00dfen Trauben Ostgeorgiens und wird sowohl f\u00fcr s\u00fc\u00dfe als auch trockene Wei\u00df- oder Orangeweine &hellip; Continued","og_url":"https:\/\/rozewines.com\/produkt\/queen-kisi\/","og_site_name":"Roze wines","article_modified_time":"2025-02-04T12:41:40+00:00","og_image":[{"width":7939,"height":7939,"url":"https:\/\/rozewines.com\/app\/uploads\/2025\/01\/Queen-Kisi.jpg","type":"image\/jpeg"}],"twitter_card":"summary_large_image","twitter_misc":{"Est. reading time":"1 minute"},"schema":{"@context":"https:\/\/schema.org","@graph":[{"@type":"WebPage","@id":"https:\/\/rozewines.com\/produkt\/queen-kisi\/","url":"https:\/\/rozewines.com\/produkt\/queen-kisi\/","name":"Queen - Kisi - Roze wines","isPartOf":{"@id":"https:\/\/rozewines.com\/#website"},"primaryImageOfPage":{"@id":"https:\/\/rozewines.com\/produkt\/queen-kisi\/#primaryimage"},"image":{"@id":"https:\/\/rozewines.com\/produkt\/queen-kisi\/#primaryimage"},"thumbnailUrl":"https:\/\/rozewines.com\/app\/uploads\/2025\/01\/Queen-Kisi.jpg","datePublished":"2025-01-21T20:34:04+00:00","dateModified":"2025-02-04T12:41:40+00:00","breadcrumb":{"@id":"https:\/\/rozewines.com\/produkt\/queen-kisi\/#breadcrumb"},"inLanguage":"de-DE","potentialAction":[{"@type":"ReadAction","target":["https:\/\/rozewines.com\/produkt\/queen-kisi\/"]}]},{"@type":"ImageObject","inLanguage":"de-DE","@id":"https:\/\/rozewines.com\/produkt\/queen-kisi\/#primaryimage","url":"https:\/\/rozewines.com\/app\/uploads\/2025\/01\/Queen-Kisi.jpg","contentUrl":"https:\/\/rozewines.com\/app\/uploads\/2025\/01\/Queen-Kisi.jpg","width":7939,"height":7939},{"@type":"BreadcrumbList","@id":"https:\/\/rozewines.com\/produkt\/queen-kisi\/#breadcrumb","itemListElement":[{"@type":"ListItem","position":1,"name":"Home","item":"https:\/\/rozewines.com\/de\/"},{"@type":"ListItem","position":2,"name":"Unsere Weine","item":"https:\/\/rozewines.com\/de\/musu-vins\/"},{"@type":"ListItem","position":3,"name":"Queen &#8211; Kisi"}]},{"@type":"WebSite","@id":"https:\/\/rozewines.com\/#website","url":"https:\/\/rozewines.com\/","name":"Roze wines","description":"","publisher":{"@id":"https:\/\/rozewines.com\/#organization"},"potentialAction":[{"@type":"SearchAction","target":{"@type":"EntryPoint","urlTemplate":"https:\/\/rozewines.com\/?s={search_term_string}"},"query-input":"required name=search_term_string"}],"inLanguage":"de-DE"},{"@type":"Organization","@id":"https:\/\/rozewines.com\/#organization","name":"Roze wines","url":"https:\/\/rozewines.com\/","logo":{"@type":"ImageObject","inLanguage":"de-DE","@id":"https:\/\/rozewines.com\/#\/schema\/logo\/image\/","url":"https:\/\/rozewines.com\/app\/uploads\/2024\/05\/logo.svg","contentUrl":"https:\/\/rozewines.com\/app\/uploads\/2024\/05\/logo.svg","width":144,"height":68,"caption":"Roze wines"},"image":{"@id":"https:\/\/rozewines.com\/#\/schema\/logo\/image\/"}}]}},"_links":{"self":[{"href":"https:\/\/rozewines.com\/de\/wp-json\/wp\/v2\/product\/7206"}],"collection":[{"href":"https:\/\/rozewines.com\/de\/wp-json\/wp\/v2\/product"}],"about":[{"href":"https:\/\/rozewines.com\/de\/wp-json\/wp\/v2\/types\/product"}],"replies":[{"embeddable":true,"href":"https:\/\/rozewines.com\/de\/wp-json\/wp\/v2\/comments?post=7206"}],"wp:featuredmedia":[{"embeddable":true,"href":"https:\/\/rozewines.com\/de\/wp-json\/wp\/v2\/media\/7112"}],"wp:attachment":[{"href":"https:\/\/rozewines.com\/de\/wp-json\/wp\/v2\/media?parent=7206"}],"wp:term":[{"taxonomy":"brand","embeddable":true,"href":"https:\/\/rozewines.com\/de\/wp-json\/wp\/v2\/brand?post=7206"},{"taxonomy":"colour","embeddable":true,"href":"https:\/\/rozewines.com\/de\/wp-json\/wp\/v2\/colour?post=7206"},{"taxonomy":"flavour","embeddable":true,"href":"https:\/\/rozewines.com\/de\/wp-json\/wp\/v2\/flavour?post=7206"},{"taxonomy":"grape-variety","embeddable":true,"href":"https:\/\/rozewines.com\/de\/wp-json\/wp\/v2\/grape-variety?post=7206"},{"taxonomy":"harvest-year","embeddable":true,"href":"https:\/\/rozewines.com\/de\/wp-json\/wp\/v2\/harvest-year?post=7206"},{"taxonomy":"region","embeddable":true,"href":"https:\/\/rozewines.com\/de\/wp-json\/wp\/v2\/region?post=7206"},{"taxonomy":"size","embeddable":true,"href":"https:\/\/rozewines.com\/de\/wp-json\/wp\/v2\/size?post=7206"},{"taxonomy":"style","embeddable":true,"href":"https:\/\/rozewines.com\/de\/wp-json\/wp\/v2\/style?post=7206"},{"taxonomy":"technology","embeddable":true,"href":"https:\/\/rozewines.com\/de\/wp-json\/wp\/v2\/technology?post=7206"},{"taxonomy":"product_cat","embeddable":true,"href":"https:\/\/rozewines.com\/de\/wp-json\/wp\/v2\/product_cat?post=7206"},{"taxonomy":"product_tag","embeddable":true,"href":"https:\/\/rozewines.com\/de\/wp-json\/wp\/v2\/product_tag?post=7206"}],"curies":[{"name":"wp","href":"https:\/\/api.w.org\/{rel}","templated":true}]}}