{"id":7209,"date":"2025-01-21T20:34:04","date_gmt":"2025-01-21T20:34:04","guid":{"rendered":"https:\/\/rozewines.com\/product\/one-love-rose\/"},"modified":"2025-02-04T12:41:59","modified_gmt":"2025-02-04T12:41:59","slug":"one-love-rose","status":"publish","type":"product","link":"https:\/\/rozewines.com\/de\/produkt\/one-love-rose\/","title":{"rendered":"One Love &#8211; Rose"},"content":{"rendered":"<p>Eine Verbindung zweier Kulturen \u2013 franz\u00f6sisch und georgisch.<br \/>\nEin Zusammenspiel zweier der \u00e4ltesten Weintraditionen.<br \/>\nElegant und s\u00fc\u00df wie der erste Kuss \u2013 ein Versprechen auf die Sonne des Sommers.<br \/>\nDieser Ros\u00e9wein begleitet unsere Sommertage \u2013 mit den F\u00fc\u00dfen im Sand, auf der Terrasse oder am Pool.<br \/>\nFrisch, blumig und mineralisch, zelebriert er die mediterrane Lebensart mit feinen Nuancen und subtiler Eleganz.<br \/>\nDie Rebsorten Aleksandrouli, Saperavi, Cabernet Sauvignon und Merlot wurden sorgf\u00e4ltig f\u00fcr diesen Ros\u00e9 ausgew\u00e4hlt und verleihen ihm je nach Terroir eine ganz eigene Pers\u00f6nlichkeit.<\/p>\n","protected":false},"excerpt":{"rendered":"<p>Eine Verbindung zweier Kulturen \u2013 franz\u00f6sisch und georgisch. Ein Zusammenspiel zweier der \u00e4ltesten Weintraditionen. Elegant und s\u00fc\u00df wie der erste Kuss \u2013 ein Versprechen auf die Sonne des Sommers. Dieser Ros\u00e9wein begleitet unsere Sommertage \u2013 mit den F\u00fc\u00dfen im Sand, auf der Terrasse oder am Pool. Frisch, blumig und mineralisch, zelebriert er die mediterrane Lebensart &hellip; <a href=\"https:\/\/rozewines.com\/de\/produkt\/one-love-rose\/\">Continued<\/a><\/p>\n","protected":false},"featured_media":7108,"comment_status":"closed","ping_status":"closed","template":"","meta":{"_acf_changed":false},"brand":[1816,1784],"colour":[1141],"flavour":[1080,1010,1531],"grape-variety":[1726],"harvest-year":[],"region":[1727],"size":[1598],"style":[1270],"technology":[1116],"product_cat":[1382],"product_tag":[],"ams_default_variation_id":0,"ams_product_points_reward":[],"ams_product_discount_percentage":0,"ams_price_to_display":17,"acf":[],"ams_acf":[{"key":"zero_sulfites","label":"Zero sulfites","value":false},{"key":"food_pairings","label":"Food pairings","value":"Gegrilltes Gem\u00fcse, Thunfisch, Lachsrollen"},{"key":"alcohol_percentage","label":"Alcohol percentage","value":"Kahetija, Racha"}],"yoast_head":"<!-- This site is optimized with the Yoast SEO plugin v22.6 - https:\/\/yoast.com\/wordpress\/plugins\/seo\/ -->\n<title>One Love - Rose - Roze wines<\/title>\n<meta name=\"robots\" content=\"index, follow, max-snippet:-1, max-image-preview:large, max-video-preview:-1\" \/>\n<link rel=\"canonical\" href=\"https:\/\/rozewines.com\/de\/produkt\/one-love-rose\/\" \/>\n<meta property=\"og:locale\" content=\"de_DE\" \/>\n<meta property=\"og:type\" content=\"article\" \/>\n<meta property=\"og:title\" content=\"One Love - Rose - Roze wines\" \/>\n<meta property=\"og:description\" content=\"Eine Verbindung zweier Kulturen \u2013 franz\u00f6sisch und georgisch. Ein Zusammenspiel zweier der \u00e4ltesten Weintraditionen. Elegant und s\u00fc\u00df wie der erste Kuss \u2013 ein Versprechen auf die Sonne des Sommers. Dieser Ros\u00e9wein begleitet unsere Sommertage \u2013 mit den F\u00fc\u00dfen im Sand, auf der Terrasse oder am Pool. Frisch, blumig und mineralisch, zelebriert er die mediterrane Lebensart &hellip; Continued\" \/>\n<meta property=\"og:url\" content=\"https:\/\/rozewines.com\/de\/produkt\/one-love-rose\/\" \/>\n<meta property=\"og:site_name\" content=\"Roze wines\" \/>\n<meta property=\"article:modified_time\" content=\"2025-02-04T12:41:59+00:00\" \/>\n<meta property=\"og:image\" content=\"https:\/\/rozewines.com\/app\/uploads\/2025\/01\/Onelove-Rose.jpg\" \/>\n\t<meta property=\"og:image:width\" content=\"7856\" \/>\n\t<meta property=\"og:image:height\" content=\"7856\" \/>\n\t<meta property=\"og:image:type\" content=\"image\/jpeg\" \/>\n<meta name=\"twitter:card\" content=\"summary_large_image\" \/>\n<meta name=\"twitter:label1\" content=\"Est. reading time\" \/>\n\t<meta name=\"twitter:data1\" content=\"1 minute\" \/>\n<script type=\"application\/ld+json\" class=\"yoast-schema-graph\">{\"@context\":\"https:\/\/schema.org\",\"@graph\":[{\"@type\":\"WebPage\",\"@id\":\"https:\/\/rozewines.com\/de\/produkt\/one-love-rose\/\",\"url\":\"https:\/\/rozewines.com\/de\/produkt\/one-love-rose\/\",\"name\":\"One Love - Rose - Roze wines\",\"isPartOf\":{\"@id\":\"https:\/\/rozewines.com\/#website\"},\"primaryImageOfPage\":{\"@id\":\"https:\/\/rozewines.com\/de\/produkt\/one-love-rose\/#primaryimage\"},\"image\":{\"@id\":\"https:\/\/rozewines.com\/de\/produkt\/one-love-rose\/#primaryimage\"},\"thumbnailUrl\":\"https:\/\/rozewines.com\/app\/uploads\/2025\/01\/Onelove-Rose.jpg\",\"datePublished\":\"2025-01-21T20:34:04+00:00\",\"dateModified\":\"2025-02-04T12:41:59+00:00\",\"breadcrumb\":{\"@id\":\"https:\/\/rozewines.com\/de\/produkt\/one-love-rose\/#breadcrumb\"},\"inLanguage\":\"de-DE\",\"potentialAction\":[{\"@type\":\"ReadAction\",\"target\":[\"https:\/\/rozewines.com\/de\/produkt\/one-love-rose\/\"]}]},{\"@type\":\"ImageObject\",\"inLanguage\":\"de-DE\",\"@id\":\"https:\/\/rozewines.com\/de\/produkt\/one-love-rose\/#primaryimage\",\"url\":\"https:\/\/rozewines.com\/app\/uploads\/2025\/01\/Onelove-Rose.jpg\",\"contentUrl\":\"https:\/\/rozewines.com\/app\/uploads\/2025\/01\/Onelove-Rose.jpg\",\"width\":7856,\"height\":7856},{\"@type\":\"BreadcrumbList\",\"@id\":\"https:\/\/rozewines.com\/de\/produkt\/one-love-rose\/#breadcrumb\",\"itemListElement\":[{\"@type\":\"ListItem\",\"position\":1,\"name\":\"Home\",\"item\":\"https:\/\/rozewines.com\/de\/\"},{\"@type\":\"ListItem\",\"position\":2,\"name\":\"Unsere Weine\",\"item\":\"https:\/\/rozewines.com\/de\/musu-vins\/\"},{\"@type\":\"ListItem\",\"position\":3,\"name\":\"One Love &#8211; Rose\"}]},{\"@type\":\"WebSite\",\"@id\":\"https:\/\/rozewines.com\/#website\",\"url\":\"https:\/\/rozewines.com\/\",\"name\":\"Roze wines\",\"description\":\"\",\"publisher\":{\"@id\":\"https:\/\/rozewines.com\/#organization\"},\"potentialAction\":[{\"@type\":\"SearchAction\",\"target\":{\"@type\":\"EntryPoint\",\"urlTemplate\":\"https:\/\/rozewines.com\/?s={search_term_string}\"},\"query-input\":\"required name=search_term_string\"}],\"inLanguage\":\"de-DE\"},{\"@type\":\"Organization\",\"@id\":\"https:\/\/rozewines.com\/#organization\",\"name\":\"Roze wines\",\"url\":\"https:\/\/rozewines.com\/\",\"logo\":{\"@type\":\"ImageObject\",\"inLanguage\":\"de-DE\",\"@id\":\"https:\/\/rozewines.com\/#\/schema\/logo\/image\/\",\"url\":\"https:\/\/rozewines.com\/app\/uploads\/2024\/05\/logo.svg\",\"contentUrl\":\"https:\/\/rozewines.com\/app\/uploads\/2024\/05\/logo.svg\",\"width\":144,\"height\":68,\"caption\":\"Roze wines\"},\"image\":{\"@id\":\"https:\/\/rozewines.com\/#\/schema\/logo\/image\/\"}}]}<\/script>\n<!-- \/ Yoast SEO plugin. -->","yoast_head_json":{"title":"One Love - Rose - Roze wines","robots":{"index":"index","follow":"follow","max-snippet":"max-snippet:-1","max-image-preview":"max-image-preview:large","max-video-preview":"max-video-preview:-1"},"canonical":"https:\/\/rozewines.com\/de\/produkt\/one-love-rose\/","og_locale":"de_DE","og_type":"article","og_title":"One Love - Rose - Roze wines","og_description":"Eine Verbindung zweier Kulturen \u2013 franz\u00f6sisch und georgisch. Ein Zusammenspiel zweier der \u00e4ltesten Weintraditionen. Elegant und s\u00fc\u00df wie der erste Kuss \u2013 ein Versprechen auf die Sonne des Sommers. Dieser Ros\u00e9wein begleitet unsere Sommertage \u2013 mit den F\u00fc\u00dfen im Sand, auf der Terrasse oder am Pool. Frisch, blumig und mineralisch, zelebriert er die mediterrane Lebensart &hellip; Continued","og_url":"https:\/\/rozewines.com\/de\/produkt\/one-love-rose\/","og_site_name":"Roze wines","article_modified_time":"2025-02-04T12:41:59+00:00","og_image":[{"width":7856,"height":7856,"url":"https:\/\/rozewines.com\/app\/uploads\/2025\/01\/Onelove-Rose.jpg","type":"image\/jpeg"}],"twitter_card":"summary_large_image","twitter_misc":{"Est. reading time":"1 minute"},"schema":{"@context":"https:\/\/schema.org","@graph":[{"@type":"WebPage","@id":"https:\/\/rozewines.com\/de\/produkt\/one-love-rose\/","url":"https:\/\/rozewines.com\/de\/produkt\/one-love-rose\/","name":"One Love - Rose - Roze wines","isPartOf":{"@id":"https:\/\/rozewines.com\/#website"},"primaryImageOfPage":{"@id":"https:\/\/rozewines.com\/de\/produkt\/one-love-rose\/#primaryimage"},"image":{"@id":"https:\/\/rozewines.com\/de\/produkt\/one-love-rose\/#primaryimage"},"thumbnailUrl":"https:\/\/rozewines.com\/app\/uploads\/2025\/01\/Onelove-Rose.jpg","datePublished":"2025-01-21T20:34:04+00:00","dateModified":"2025-02-04T12:41:59+00:00","breadcrumb":{"@id":"https:\/\/rozewines.com\/de\/produkt\/one-love-rose\/#breadcrumb"},"inLanguage":"de-DE","potentialAction":[{"@type":"ReadAction","target":["https:\/\/rozewines.com\/de\/produkt\/one-love-rose\/"]}]},{"@type":"ImageObject","inLanguage":"de-DE","@id":"https:\/\/rozewines.com\/de\/produkt\/one-love-rose\/#primaryimage","url":"https:\/\/rozewines.com\/app\/uploads\/2025\/01\/Onelove-Rose.jpg","contentUrl":"https:\/\/rozewines.com\/app\/uploads\/2025\/01\/Onelove-Rose.jpg","width":7856,"height":7856},{"@type":"BreadcrumbList","@id":"https:\/\/rozewines.com\/de\/produkt\/one-love-rose\/#breadcrumb","itemListElement":[{"@type":"ListItem","position":1,"name":"Home","item":"https:\/\/rozewines.com\/de\/"},{"@type":"ListItem","position":2,"name":"Unsere Weine","item":"https:\/\/rozewines.com\/de\/musu-vins\/"},{"@type":"ListItem","position":3,"name":"One Love &#8211; Rose"}]},{"@type":"WebSite","@id":"https:\/\/rozewines.com\/#website","url":"https:\/\/rozewines.com\/","name":"Roze wines","description":"","publisher":{"@id":"https:\/\/rozewines.com\/#organization"},"potentialAction":[{"@type":"SearchAction","target":{"@type":"EntryPoint","urlTemplate":"https:\/\/rozewines.com\/?s={search_term_string}"},"query-input":"required name=search_term_string"}],"inLanguage":"de-DE"},{"@type":"Organization","@id":"https:\/\/rozewines.com\/#organization","name":"Roze wines","url":"https:\/\/rozewines.com\/","logo":{"@type":"ImageObject","inLanguage":"de-DE","@id":"https:\/\/rozewines.com\/#\/schema\/logo\/image\/","url":"https:\/\/rozewines.com\/app\/uploads\/2024\/05\/logo.svg","contentUrl":"https:\/\/rozewines.com\/app\/uploads\/2024\/05\/logo.svg","width":144,"height":68,"caption":"Roze wines"},"image":{"@id":"https:\/\/rozewines.com\/#\/schema\/logo\/image\/"}}]}},"_links":{"self":[{"href":"https:\/\/rozewines.com\/de\/wp-json\/wp\/v2\/product\/7209"}],"collection":[{"href":"https:\/\/rozewines.com\/de\/wp-json\/wp\/v2\/product"}],"about":[{"href":"https:\/\/rozewines.com\/de\/wp-json\/wp\/v2\/types\/product"}],"replies":[{"embeddable":true,"href":"https:\/\/rozewines.com\/de\/wp-json\/wp\/v2\/comments?post=7209"}],"wp:featuredmedia":[{"embeddable":true,"href":"https:\/\/rozewines.com\/de\/wp-json\/wp\/v2\/media\/7108"}],"wp:attachment":[{"href":"https:\/\/rozewines.com\/de\/wp-json\/wp\/v2\/media?parent=7209"}],"wp:term":[{"taxonomy":"brand","embeddable":true,"href":"https:\/\/rozewines.com\/de\/wp-json\/wp\/v2\/brand?post=7209"},{"taxonomy":"colour","embeddable":true,"href":"https:\/\/rozewines.com\/de\/wp-json\/wp\/v2\/colour?post=7209"},{"taxonomy":"flavour","embeddable":true,"href":"https:\/\/rozewines.com\/de\/wp-json\/wp\/v2\/flavour?post=7209"},{"taxonomy":"grape-variety","embeddable":true,"href":"https:\/\/rozewines.com\/de\/wp-json\/wp\/v2\/grape-variety?post=7209"},{"taxonomy":"harvest-year","embeddable":true,"href":"https:\/\/rozewines.com\/de\/wp-json\/wp\/v2\/harvest-year?post=7209"},{"taxonomy":"region","embeddable":true,"href":"https:\/\/rozewines.com\/de\/wp-json\/wp\/v2\/region?post=7209"},{"taxonomy":"size","embeddable":true,"href":"https:\/\/rozewines.com\/de\/wp-json\/wp\/v2\/size?post=7209"},{"taxonomy":"style","embeddable":true,"href":"https:\/\/rozewines.com\/de\/wp-json\/wp\/v2\/style?post=7209"},{"taxonomy":"technology","embeddable":true,"href":"https:\/\/rozewines.com\/de\/wp-json\/wp\/v2\/technology?post=7209"},{"taxonomy":"product_cat","embeddable":true,"href":"https:\/\/rozewines.com\/de\/wp-json\/wp\/v2\/product_cat?post=7209"},{"taxonomy":"product_tag","embeddable":true,"href":"https:\/\/rozewines.com\/de\/wp-json\/wp\/v2\/product_tag?post=7209"}],"curies":[{"name":"wp","href":"https:\/\/api.w.org\/{rel}","templated":true}]}}