{"id":7278,"date":"2025-02-04T11:48:07","date_gmt":"2025-02-04T11:48:07","guid":{"rendered":"https:\/\/rozewines.com\/product\/marbano-goruli-mtsvane-2\/"},"modified":"2025-02-04T12:24:11","modified_gmt":"2025-02-04T12:24:11","slug":"marbano-goruli-mtsvane","status":"publish","type":"product","link":"https:\/\/rozewines.com\/de\/produkt\/marbano-goruli-mtsvane\/","title":{"rendered":"Marbano &#8211; Goruli Mtsvane"},"content":{"rendered":"<p>Marbano &#8211; Goruli Mtsvane\u00a0stammt aus dem Herzen Zentralgeorgiens. Dieser einzigartige Jahrgang wurde mit gr\u00f6\u00dfter Sorgfalt hergestellt und erfreut den Gaumen mit einem harmonischen Zusammenspiel von S\u00e4ure und Frische, das ein wahrhaft raffiniertes Erlebnis bietet.\u00a0Aromen von Zitrone, Mineralien und einem Hauch von Zitronentarte. Perfekter Begleiter f\u00fcr sonnige und warme Tage<\/p>\n","protected":false},"excerpt":{"rendered":"<p>Marbano &#8211; Goruli Mtsvane\u00a0stammt aus dem Herzen Zentralgeorgiens. Dieser einzigartige Jahrgang wurde mit gr\u00f6\u00dfter Sorgfalt hergestellt und erfreut den Gaumen mit einem harmonischen Zusammenspiel von S\u00e4ure und Frische, das ein wahrhaft raffiniertes Erlebnis bietet.\u00a0Aromen von Zitrone, Mineralien und einem Hauch von Zitronentarte. Perfekter Begleiter f\u00fcr sonnige und warme Tage<\/p>\n","protected":false},"featured_media":7241,"comment_status":"closed","ping_status":"closed","template":"","meta":{"_acf_changed":false},"brand":[1778],"colour":[1143],"flavour":[1735,1019,1044],"grape-variety":[1345],"harvest-year":[],"region":[1297],"size":[1598],"style":[1271],"technology":[],"product_cat":[1382],"product_tag":[],"ams_default_variation_id":0,"ams_product_points_reward":[],"ams_product_discount_percentage":0,"ams_price_to_display":19,"acf":[],"ams_acf":[{"key":"zero_sulfites","label":"Zero sulfites","value":false},{"key":"food_pairings","label":"Food pairings","value":"Butterpopcorn, Garnelen, Rucolasalat"},{"key":"alcohol_percentage","label":"Alcohol percentage","value":"12.5"},{"key":"details","label":"Details","value":{"":null,"acidity":"3","body":"2","sweetness":"1","tannin":"0"}}],"yoast_head":"<!-- This site is optimized with the Yoast SEO plugin v22.6 - https:\/\/yoast.com\/wordpress\/plugins\/seo\/ -->\n<title>Marbano - Goruli Mtsvane - Roze wines<\/title>\n<meta name=\"robots\" content=\"index, follow, max-snippet:-1, max-image-preview:large, max-video-preview:-1\" \/>\n<link rel=\"canonical\" href=\"https:\/\/rozewines.com\/produkt\/marbano-goruli-mtsvane\/\" \/>\n<meta property=\"og:locale\" content=\"de_DE\" \/>\n<meta property=\"og:type\" content=\"article\" \/>\n<meta property=\"og:title\" content=\"Marbano - Goruli Mtsvane - Roze wines\" \/>\n<meta property=\"og:description\" content=\"Marbano &#8211; Goruli Mtsvane\u00a0stammt aus dem Herzen Zentralgeorgiens. Dieser einzigartige Jahrgang wurde mit gr\u00f6\u00dfter Sorgfalt hergestellt und erfreut den Gaumen mit einem harmonischen Zusammenspiel von S\u00e4ure und Frische, das ein wahrhaft raffiniertes Erlebnis bietet.\u00a0Aromen von Zitrone, Mineralien und einem Hauch von Zitronentarte. Perfekter Begleiter f\u00fcr sonnige und warme Tage\" \/>\n<meta property=\"og:url\" content=\"https:\/\/rozewines.com\/produkt\/marbano-goruli-mtsvane\/\" \/>\n<meta property=\"og:site_name\" content=\"Roze wines\" \/>\n<meta property=\"article:modified_time\" content=\"2025-02-04T12:24:11+00:00\" \/>\n<meta property=\"og:image\" content=\"https:\/\/rozewines.com\/app\/uploads\/2025\/02\/marbano-goruli-mtsvane-scaled.jpg\" \/>\n\t<meta property=\"og:image:width\" content=\"2560\" \/>\n\t<meta property=\"og:image:height\" content=\"2560\" \/>\n\t<meta property=\"og:image:type\" content=\"image\/jpeg\" \/>\n<meta name=\"twitter:card\" content=\"summary_large_image\" \/>\n<script type=\"application\/ld+json\" class=\"yoast-schema-graph\">{\"@context\":\"https:\/\/schema.org\",\"@graph\":[{\"@type\":\"WebPage\",\"@id\":\"https:\/\/rozewines.com\/produkt\/marbano-goruli-mtsvane\/\",\"url\":\"https:\/\/rozewines.com\/produkt\/marbano-goruli-mtsvane\/\",\"name\":\"Marbano - Goruli Mtsvane - Roze wines\",\"isPartOf\":{\"@id\":\"https:\/\/rozewines.com\/#website\"},\"primaryImageOfPage\":{\"@id\":\"https:\/\/rozewines.com\/produkt\/marbano-goruli-mtsvane\/#primaryimage\"},\"image\":{\"@id\":\"https:\/\/rozewines.com\/produkt\/marbano-goruli-mtsvane\/#primaryimage\"},\"thumbnailUrl\":\"https:\/\/rozewines.com\/app\/uploads\/2025\/02\/marbano-goruli-mtsvane-scaled.jpg\",\"datePublished\":\"2025-02-04T11:48:07+00:00\",\"dateModified\":\"2025-02-04T12:24:11+00:00\",\"breadcrumb\":{\"@id\":\"https:\/\/rozewines.com\/produkt\/marbano-goruli-mtsvane\/#breadcrumb\"},\"inLanguage\":\"de-DE\",\"potentialAction\":[{\"@type\":\"ReadAction\",\"target\":[\"https:\/\/rozewines.com\/produkt\/marbano-goruli-mtsvane\/\"]}]},{\"@type\":\"ImageObject\",\"inLanguage\":\"de-DE\",\"@id\":\"https:\/\/rozewines.com\/produkt\/marbano-goruli-mtsvane\/#primaryimage\",\"url\":\"https:\/\/rozewines.com\/app\/uploads\/2025\/02\/marbano-goruli-mtsvane-scaled.jpg\",\"contentUrl\":\"https:\/\/rozewines.com\/app\/uploads\/2025\/02\/marbano-goruli-mtsvane-scaled.jpg\",\"width\":2560,\"height\":2560},{\"@type\":\"BreadcrumbList\",\"@id\":\"https:\/\/rozewines.com\/produkt\/marbano-goruli-mtsvane\/#breadcrumb\",\"itemListElement\":[{\"@type\":\"ListItem\",\"position\":1,\"name\":\"Home\",\"item\":\"https:\/\/rozewines.com\/de\/\"},{\"@type\":\"ListItem\",\"position\":2,\"name\":\"Unsere Weine\",\"item\":\"https:\/\/rozewines.com\/de\/musu-vins\/\"},{\"@type\":\"ListItem\",\"position\":3,\"name\":\"Marbano &#8211; Goruli Mtsvane\"}]},{\"@type\":\"WebSite\",\"@id\":\"https:\/\/rozewines.com\/#website\",\"url\":\"https:\/\/rozewines.com\/\",\"name\":\"Roze wines\",\"description\":\"\",\"publisher\":{\"@id\":\"https:\/\/rozewines.com\/#organization\"},\"potentialAction\":[{\"@type\":\"SearchAction\",\"target\":{\"@type\":\"EntryPoint\",\"urlTemplate\":\"https:\/\/rozewines.com\/?s={search_term_string}\"},\"query-input\":\"required name=search_term_string\"}],\"inLanguage\":\"de-DE\"},{\"@type\":\"Organization\",\"@id\":\"https:\/\/rozewines.com\/#organization\",\"name\":\"Roze wines\",\"url\":\"https:\/\/rozewines.com\/\",\"logo\":{\"@type\":\"ImageObject\",\"inLanguage\":\"de-DE\",\"@id\":\"https:\/\/rozewines.com\/#\/schema\/logo\/image\/\",\"url\":\"https:\/\/rozewines.com\/app\/uploads\/2024\/05\/logo.svg\",\"contentUrl\":\"https:\/\/rozewines.com\/app\/uploads\/2024\/05\/logo.svg\",\"width\":144,\"height\":68,\"caption\":\"Roze wines\"},\"image\":{\"@id\":\"https:\/\/rozewines.com\/#\/schema\/logo\/image\/\"}}]}<\/script>\n<!-- \/ Yoast SEO plugin. -->","yoast_head_json":{"title":"Marbano - Goruli Mtsvane - Roze wines","robots":{"index":"index","follow":"follow","max-snippet":"max-snippet:-1","max-image-preview":"max-image-preview:large","max-video-preview":"max-video-preview:-1"},"canonical":"https:\/\/rozewines.com\/produkt\/marbano-goruli-mtsvane\/","og_locale":"de_DE","og_type":"article","og_title":"Marbano - Goruli Mtsvane - Roze wines","og_description":"Marbano &#8211; Goruli Mtsvane\u00a0stammt aus dem Herzen Zentralgeorgiens. Dieser einzigartige Jahrgang wurde mit gr\u00f6\u00dfter Sorgfalt hergestellt und erfreut den Gaumen mit einem harmonischen Zusammenspiel von S\u00e4ure und Frische, das ein wahrhaft raffiniertes Erlebnis bietet.\u00a0Aromen von Zitrone, Mineralien und einem Hauch von Zitronentarte. Perfekter Begleiter f\u00fcr sonnige und warme Tage","og_url":"https:\/\/rozewines.com\/produkt\/marbano-goruli-mtsvane\/","og_site_name":"Roze wines","article_modified_time":"2025-02-04T12:24:11+00:00","og_image":[{"width":2560,"height":2560,"url":"https:\/\/rozewines.com\/app\/uploads\/2025\/02\/marbano-goruli-mtsvane-scaled.jpg","type":"image\/jpeg"}],"twitter_card":"summary_large_image","schema":{"@context":"https:\/\/schema.org","@graph":[{"@type":"WebPage","@id":"https:\/\/rozewines.com\/produkt\/marbano-goruli-mtsvane\/","url":"https:\/\/rozewines.com\/produkt\/marbano-goruli-mtsvane\/","name":"Marbano - Goruli Mtsvane - Roze wines","isPartOf":{"@id":"https:\/\/rozewines.com\/#website"},"primaryImageOfPage":{"@id":"https:\/\/rozewines.com\/produkt\/marbano-goruli-mtsvane\/#primaryimage"},"image":{"@id":"https:\/\/rozewines.com\/produkt\/marbano-goruli-mtsvane\/#primaryimage"},"thumbnailUrl":"https:\/\/rozewines.com\/app\/uploads\/2025\/02\/marbano-goruli-mtsvane-scaled.jpg","datePublished":"2025-02-04T11:48:07+00:00","dateModified":"2025-02-04T12:24:11+00:00","breadcrumb":{"@id":"https:\/\/rozewines.com\/produkt\/marbano-goruli-mtsvane\/#breadcrumb"},"inLanguage":"de-DE","potentialAction":[{"@type":"ReadAction","target":["https:\/\/rozewines.com\/produkt\/marbano-goruli-mtsvane\/"]}]},{"@type":"ImageObject","inLanguage":"de-DE","@id":"https:\/\/rozewines.com\/produkt\/marbano-goruli-mtsvane\/#primaryimage","url":"https:\/\/rozewines.com\/app\/uploads\/2025\/02\/marbano-goruli-mtsvane-scaled.jpg","contentUrl":"https:\/\/rozewines.com\/app\/uploads\/2025\/02\/marbano-goruli-mtsvane-scaled.jpg","width":2560,"height":2560},{"@type":"BreadcrumbList","@id":"https:\/\/rozewines.com\/produkt\/marbano-goruli-mtsvane\/#breadcrumb","itemListElement":[{"@type":"ListItem","position":1,"name":"Home","item":"https:\/\/rozewines.com\/de\/"},{"@type":"ListItem","position":2,"name":"Unsere Weine","item":"https:\/\/rozewines.com\/de\/musu-vins\/"},{"@type":"ListItem","position":3,"name":"Marbano &#8211; Goruli Mtsvane"}]},{"@type":"WebSite","@id":"https:\/\/rozewines.com\/#website","url":"https:\/\/rozewines.com\/","name":"Roze wines","description":"","publisher":{"@id":"https:\/\/rozewines.com\/#organization"},"potentialAction":[{"@type":"SearchAction","target":{"@type":"EntryPoint","urlTemplate":"https:\/\/rozewines.com\/?s={search_term_string}"},"query-input":"required name=search_term_string"}],"inLanguage":"de-DE"},{"@type":"Organization","@id":"https:\/\/rozewines.com\/#organization","name":"Roze wines","url":"https:\/\/rozewines.com\/","logo":{"@type":"ImageObject","inLanguage":"de-DE","@id":"https:\/\/rozewines.com\/#\/schema\/logo\/image\/","url":"https:\/\/rozewines.com\/app\/uploads\/2024\/05\/logo.svg","contentUrl":"https:\/\/rozewines.com\/app\/uploads\/2024\/05\/logo.svg","width":144,"height":68,"caption":"Roze wines"},"image":{"@id":"https:\/\/rozewines.com\/#\/schema\/logo\/image\/"}}]}},"_links":{"self":[{"href":"https:\/\/rozewines.com\/de\/wp-json\/wp\/v2\/product\/7278"}],"collection":[{"href":"https:\/\/rozewines.com\/de\/wp-json\/wp\/v2\/product"}],"about":[{"href":"https:\/\/rozewines.com\/de\/wp-json\/wp\/v2\/types\/product"}],"replies":[{"embeddable":true,"href":"https:\/\/rozewines.com\/de\/wp-json\/wp\/v2\/comments?post=7278"}],"wp:featuredmedia":[{"embeddable":true,"href":"https:\/\/rozewines.com\/de\/wp-json\/wp\/v2\/media\/7241"}],"wp:attachment":[{"href":"https:\/\/rozewines.com\/de\/wp-json\/wp\/v2\/media?parent=7278"}],"wp:term":[{"taxonomy":"brand","embeddable":true,"href":"https:\/\/rozewines.com\/de\/wp-json\/wp\/v2\/brand?post=7278"},{"taxonomy":"colour","embeddable":true,"href":"https:\/\/rozewines.com\/de\/wp-json\/wp\/v2\/colour?post=7278"},{"taxonomy":"flavour","embeddable":true,"href":"https:\/\/rozewines.com\/de\/wp-json\/wp\/v2\/flavour?post=7278"},{"taxonomy":"grape-variety","embeddable":true,"href":"https:\/\/rozewines.com\/de\/wp-json\/wp\/v2\/grape-variety?post=7278"},{"taxonomy":"harvest-year","embeddable":true,"href":"https:\/\/rozewines.com\/de\/wp-json\/wp\/v2\/harvest-year?post=7278"},{"taxonomy":"region","embeddable":true,"href":"https:\/\/rozewines.com\/de\/wp-json\/wp\/v2\/region?post=7278"},{"taxonomy":"size","embeddable":true,"href":"https:\/\/rozewines.com\/de\/wp-json\/wp\/v2\/size?post=7278"},{"taxonomy":"style","embeddable":true,"href":"https:\/\/rozewines.com\/de\/wp-json\/wp\/v2\/style?post=7278"},{"taxonomy":"technology","embeddable":true,"href":"https:\/\/rozewines.com\/de\/wp-json\/wp\/v2\/technology?post=7278"},{"taxonomy":"product_cat","embeddable":true,"href":"https:\/\/rozewines.com\/de\/wp-json\/wp\/v2\/product_cat?post=7278"},{"taxonomy":"product_tag","embeddable":true,"href":"https:\/\/rozewines.com\/de\/wp-json\/wp\/v2\/product_tag?post=7278"}],"curies":[{"name":"wp","href":"https:\/\/api.w.org\/{rel}","templated":true}]}}