{"id":7279,"date":"2025-02-04T11:48:07","date_gmt":"2025-02-04T11:48:07","guid":{"rendered":"https:\/\/rozewines.com\/product\/marbano-aligote-rkatsiteli\/"},"modified":"2025-02-04T12:24:12","modified_gmt":"2025-02-04T12:24:12","slug":"marbano-aligote-rkatsiteli","status":"publish","type":"product","link":"https:\/\/rozewines.com\/de\/produkt\/marbano-aligote-rkatsiteli\/","title":{"rendered":"Marbano &#8211; Aligote, Rkatsiteli"},"content":{"rendered":"<p>Die\u00a0perfekte Kombination\u00a0aus zwei legend\u00e4ren Rebsorten \u2013\u00a0Aligot\u00e9 und Bolnuri Rkatsiteli. Sorgf\u00e4ltig hergestellt, bietet dieser Wein eine harmonische Mischung aus\u00a0Aromen und Geschmacksnoten. Genie\u00dfen Sie die verlockenden D\u00fcfte von\u00a0Orange, Tee, Trockenfr\u00fcchten und einem Hauch von Kr\u00e4uternoten.<\/p>\n","protected":false},"excerpt":{"rendered":"<p>Die\u00a0perfekte Kombination\u00a0aus zwei legend\u00e4ren Rebsorten \u2013\u00a0Aligot\u00e9 und Bolnuri Rkatsiteli. Sorgf\u00e4ltig hergestellt, bietet dieser Wein eine harmonische Mischung aus\u00a0Aromen und Geschmacksnoten. Genie\u00dfen Sie die verlockenden D\u00fcfte von\u00a0Orange, Tee, Trockenfr\u00fcchten und einem Hauch von Kr\u00e4uternoten.<\/p>\n","protected":false},"featured_media":7233,"comment_status":"closed","ping_status":"closed","template":"","meta":{"_acf_changed":false},"brand":[1778],"colour":[1143],"flavour":[1060,1062,1616],"grape-variety":[],"harvest-year":[],"region":[1297],"size":[1598],"style":[1271],"technology":[],"product_cat":[1382],"product_tag":[],"ams_default_variation_id":0,"ams_product_points_reward":[],"ams_product_discount_percentage":0,"ams_price_to_display":45,"acf":[],"ams_acf":[{"key":"zero_sulfites","label":"Zero sulfites","value":false},{"key":"food_pairings","label":"Food pairings","value":"H\u00e4hnchenpastete, s\u00fc\u00dfer gr\u00fcner Paprika mit Oliven\u00f6l"},{"key":"alcohol_percentage","label":"Alcohol percentage","value":"12.5"},{"key":"details","label":"Details","value":{"":null,"acidity":"3","body":"2","sweetness":"1","tannin":"1"}}],"yoast_head":"<!-- This site is optimized with the Yoast SEO plugin v22.6 - https:\/\/yoast.com\/wordpress\/plugins\/seo\/ -->\n<title>Marbano - Aligote, Rkatsiteli - Roze wines<\/title>\n<meta name=\"robots\" content=\"index, follow, max-snippet:-1, max-image-preview:large, max-video-preview:-1\" \/>\n<link rel=\"canonical\" href=\"https:\/\/rozewines.com\/produkt\/marbano-aligote-rkatsiteli\/\" \/>\n<meta property=\"og:locale\" content=\"de_DE\" \/>\n<meta property=\"og:type\" content=\"article\" \/>\n<meta property=\"og:title\" content=\"Marbano - Aligote, Rkatsiteli - Roze wines\" \/>\n<meta property=\"og:description\" content=\"Die\u00a0perfekte Kombination\u00a0aus zwei legend\u00e4ren Rebsorten \u2013\u00a0Aligot\u00e9 und Bolnuri Rkatsiteli. Sorgf\u00e4ltig hergestellt, bietet dieser Wein eine harmonische Mischung aus\u00a0Aromen und Geschmacksnoten. Genie\u00dfen Sie die verlockenden D\u00fcfte von\u00a0Orange, Tee, Trockenfr\u00fcchten und einem Hauch von Kr\u00e4uternoten.\" \/>\n<meta property=\"og:url\" content=\"https:\/\/rozewines.com\/produkt\/marbano-aligote-rkatsiteli\/\" \/>\n<meta property=\"og:site_name\" content=\"Roze wines\" \/>\n<meta property=\"article:modified_time\" content=\"2025-02-04T12:24:12+00:00\" \/>\n<meta property=\"og:image\" content=\"https:\/\/rozewines.com\/app\/uploads\/2025\/02\/marbano-aligote-rkatsiteli-scaled.jpg\" \/>\n\t<meta property=\"og:image:width\" content=\"2560\" \/>\n\t<meta property=\"og:image:height\" content=\"2560\" \/>\n\t<meta property=\"og:image:type\" content=\"image\/jpeg\" \/>\n<meta name=\"twitter:card\" content=\"summary_large_image\" \/>\n<script type=\"application\/ld+json\" class=\"yoast-schema-graph\">{\"@context\":\"https:\/\/schema.org\",\"@graph\":[{\"@type\":\"WebPage\",\"@id\":\"https:\/\/rozewines.com\/produkt\/marbano-aligote-rkatsiteli\/\",\"url\":\"https:\/\/rozewines.com\/produkt\/marbano-aligote-rkatsiteli\/\",\"name\":\"Marbano - Aligote, Rkatsiteli - Roze wines\",\"isPartOf\":{\"@id\":\"https:\/\/rozewines.com\/#website\"},\"primaryImageOfPage\":{\"@id\":\"https:\/\/rozewines.com\/produkt\/marbano-aligote-rkatsiteli\/#primaryimage\"},\"image\":{\"@id\":\"https:\/\/rozewines.com\/produkt\/marbano-aligote-rkatsiteli\/#primaryimage\"},\"thumbnailUrl\":\"https:\/\/rozewines.com\/app\/uploads\/2025\/02\/marbano-aligote-rkatsiteli-scaled.jpg\",\"datePublished\":\"2025-02-04T11:48:07+00:00\",\"dateModified\":\"2025-02-04T12:24:12+00:00\",\"breadcrumb\":{\"@id\":\"https:\/\/rozewines.com\/produkt\/marbano-aligote-rkatsiteli\/#breadcrumb\"},\"inLanguage\":\"de-DE\",\"potentialAction\":[{\"@type\":\"ReadAction\",\"target\":[\"https:\/\/rozewines.com\/produkt\/marbano-aligote-rkatsiteli\/\"]}]},{\"@type\":\"ImageObject\",\"inLanguage\":\"de-DE\",\"@id\":\"https:\/\/rozewines.com\/produkt\/marbano-aligote-rkatsiteli\/#primaryimage\",\"url\":\"https:\/\/rozewines.com\/app\/uploads\/2025\/02\/marbano-aligote-rkatsiteli-scaled.jpg\",\"contentUrl\":\"https:\/\/rozewines.com\/app\/uploads\/2025\/02\/marbano-aligote-rkatsiteli-scaled.jpg\",\"width\":2560,\"height\":2560},{\"@type\":\"BreadcrumbList\",\"@id\":\"https:\/\/rozewines.com\/produkt\/marbano-aligote-rkatsiteli\/#breadcrumb\",\"itemListElement\":[{\"@type\":\"ListItem\",\"position\":1,\"name\":\"Home\",\"item\":\"https:\/\/rozewines.com\/de\/\"},{\"@type\":\"ListItem\",\"position\":2,\"name\":\"Unsere Weine\",\"item\":\"https:\/\/rozewines.com\/de\/musu-vins\/\"},{\"@type\":\"ListItem\",\"position\":3,\"name\":\"Marbano &#8211; Aligote, Rkatsiteli\"}]},{\"@type\":\"WebSite\",\"@id\":\"https:\/\/rozewines.com\/#website\",\"url\":\"https:\/\/rozewines.com\/\",\"name\":\"Roze wines\",\"description\":\"\",\"publisher\":{\"@id\":\"https:\/\/rozewines.com\/#organization\"},\"potentialAction\":[{\"@type\":\"SearchAction\",\"target\":{\"@type\":\"EntryPoint\",\"urlTemplate\":\"https:\/\/rozewines.com\/?s={search_term_string}\"},\"query-input\":\"required name=search_term_string\"}],\"inLanguage\":\"de-DE\"},{\"@type\":\"Organization\",\"@id\":\"https:\/\/rozewines.com\/#organization\",\"name\":\"Roze wines\",\"url\":\"https:\/\/rozewines.com\/\",\"logo\":{\"@type\":\"ImageObject\",\"inLanguage\":\"de-DE\",\"@id\":\"https:\/\/rozewines.com\/#\/schema\/logo\/image\/\",\"url\":\"https:\/\/rozewines.com\/app\/uploads\/2024\/05\/logo.svg\",\"contentUrl\":\"https:\/\/rozewines.com\/app\/uploads\/2024\/05\/logo.svg\",\"width\":144,\"height\":68,\"caption\":\"Roze wines\"},\"image\":{\"@id\":\"https:\/\/rozewines.com\/#\/schema\/logo\/image\/\"}}]}<\/script>\n<!-- \/ Yoast SEO plugin. -->","yoast_head_json":{"title":"Marbano - Aligote, Rkatsiteli - Roze wines","robots":{"index":"index","follow":"follow","max-snippet":"max-snippet:-1","max-image-preview":"max-image-preview:large","max-video-preview":"max-video-preview:-1"},"canonical":"https:\/\/rozewines.com\/produkt\/marbano-aligote-rkatsiteli\/","og_locale":"de_DE","og_type":"article","og_title":"Marbano - Aligote, Rkatsiteli - Roze wines","og_description":"Die\u00a0perfekte Kombination\u00a0aus zwei legend\u00e4ren Rebsorten \u2013\u00a0Aligot\u00e9 und Bolnuri Rkatsiteli. Sorgf\u00e4ltig hergestellt, bietet dieser Wein eine harmonische Mischung aus\u00a0Aromen und Geschmacksnoten. Genie\u00dfen Sie die verlockenden D\u00fcfte von\u00a0Orange, Tee, Trockenfr\u00fcchten und einem Hauch von Kr\u00e4uternoten.","og_url":"https:\/\/rozewines.com\/produkt\/marbano-aligote-rkatsiteli\/","og_site_name":"Roze wines","article_modified_time":"2025-02-04T12:24:12+00:00","og_image":[{"width":2560,"height":2560,"url":"https:\/\/rozewines.com\/app\/uploads\/2025\/02\/marbano-aligote-rkatsiteli-scaled.jpg","type":"image\/jpeg"}],"twitter_card":"summary_large_image","schema":{"@context":"https:\/\/schema.org","@graph":[{"@type":"WebPage","@id":"https:\/\/rozewines.com\/produkt\/marbano-aligote-rkatsiteli\/","url":"https:\/\/rozewines.com\/produkt\/marbano-aligote-rkatsiteli\/","name":"Marbano - Aligote, Rkatsiteli - Roze wines","isPartOf":{"@id":"https:\/\/rozewines.com\/#website"},"primaryImageOfPage":{"@id":"https:\/\/rozewines.com\/produkt\/marbano-aligote-rkatsiteli\/#primaryimage"},"image":{"@id":"https:\/\/rozewines.com\/produkt\/marbano-aligote-rkatsiteli\/#primaryimage"},"thumbnailUrl":"https:\/\/rozewines.com\/app\/uploads\/2025\/02\/marbano-aligote-rkatsiteli-scaled.jpg","datePublished":"2025-02-04T11:48:07+00:00","dateModified":"2025-02-04T12:24:12+00:00","breadcrumb":{"@id":"https:\/\/rozewines.com\/produkt\/marbano-aligote-rkatsiteli\/#breadcrumb"},"inLanguage":"de-DE","potentialAction":[{"@type":"ReadAction","target":["https:\/\/rozewines.com\/produkt\/marbano-aligote-rkatsiteli\/"]}]},{"@type":"ImageObject","inLanguage":"de-DE","@id":"https:\/\/rozewines.com\/produkt\/marbano-aligote-rkatsiteli\/#primaryimage","url":"https:\/\/rozewines.com\/app\/uploads\/2025\/02\/marbano-aligote-rkatsiteli-scaled.jpg","contentUrl":"https:\/\/rozewines.com\/app\/uploads\/2025\/02\/marbano-aligote-rkatsiteli-scaled.jpg","width":2560,"height":2560},{"@type":"BreadcrumbList","@id":"https:\/\/rozewines.com\/produkt\/marbano-aligote-rkatsiteli\/#breadcrumb","itemListElement":[{"@type":"ListItem","position":1,"name":"Home","item":"https:\/\/rozewines.com\/de\/"},{"@type":"ListItem","position":2,"name":"Unsere Weine","item":"https:\/\/rozewines.com\/de\/musu-vins\/"},{"@type":"ListItem","position":3,"name":"Marbano &#8211; Aligote, Rkatsiteli"}]},{"@type":"WebSite","@id":"https:\/\/rozewines.com\/#website","url":"https:\/\/rozewines.com\/","name":"Roze wines","description":"","publisher":{"@id":"https:\/\/rozewines.com\/#organization"},"potentialAction":[{"@type":"SearchAction","target":{"@type":"EntryPoint","urlTemplate":"https:\/\/rozewines.com\/?s={search_term_string}"},"query-input":"required name=search_term_string"}],"inLanguage":"de-DE"},{"@type":"Organization","@id":"https:\/\/rozewines.com\/#organization","name":"Roze wines","url":"https:\/\/rozewines.com\/","logo":{"@type":"ImageObject","inLanguage":"de-DE","@id":"https:\/\/rozewines.com\/#\/schema\/logo\/image\/","url":"https:\/\/rozewines.com\/app\/uploads\/2024\/05\/logo.svg","contentUrl":"https:\/\/rozewines.com\/app\/uploads\/2024\/05\/logo.svg","width":144,"height":68,"caption":"Roze wines"},"image":{"@id":"https:\/\/rozewines.com\/#\/schema\/logo\/image\/"}}]}},"_links":{"self":[{"href":"https:\/\/rozewines.com\/de\/wp-json\/wp\/v2\/product\/7279"}],"collection":[{"href":"https:\/\/rozewines.com\/de\/wp-json\/wp\/v2\/product"}],"about":[{"href":"https:\/\/rozewines.com\/de\/wp-json\/wp\/v2\/types\/product"}],"replies":[{"embeddable":true,"href":"https:\/\/rozewines.com\/de\/wp-json\/wp\/v2\/comments?post=7279"}],"wp:featuredmedia":[{"embeddable":true,"href":"https:\/\/rozewines.com\/de\/wp-json\/wp\/v2\/media\/7233"}],"wp:attachment":[{"href":"https:\/\/rozewines.com\/de\/wp-json\/wp\/v2\/media?parent=7279"}],"wp:term":[{"taxonomy":"brand","embeddable":true,"href":"https:\/\/rozewines.com\/de\/wp-json\/wp\/v2\/brand?post=7279"},{"taxonomy":"colour","embeddable":true,"href":"https:\/\/rozewines.com\/de\/wp-json\/wp\/v2\/colour?post=7279"},{"taxonomy":"flavour","embeddable":true,"href":"https:\/\/rozewines.com\/de\/wp-json\/wp\/v2\/flavour?post=7279"},{"taxonomy":"grape-variety","embeddable":true,"href":"https:\/\/rozewines.com\/de\/wp-json\/wp\/v2\/grape-variety?post=7279"},{"taxonomy":"harvest-year","embeddable":true,"href":"https:\/\/rozewines.com\/de\/wp-json\/wp\/v2\/harvest-year?post=7279"},{"taxonomy":"region","embeddable":true,"href":"https:\/\/rozewines.com\/de\/wp-json\/wp\/v2\/region?post=7279"},{"taxonomy":"size","embeddable":true,"href":"https:\/\/rozewines.com\/de\/wp-json\/wp\/v2\/size?post=7279"},{"taxonomy":"style","embeddable":true,"href":"https:\/\/rozewines.com\/de\/wp-json\/wp\/v2\/style?post=7279"},{"taxonomy":"technology","embeddable":true,"href":"https:\/\/rozewines.com\/de\/wp-json\/wp\/v2\/technology?post=7279"},{"taxonomy":"product_cat","embeddable":true,"href":"https:\/\/rozewines.com\/de\/wp-json\/wp\/v2\/product_cat?post=7279"},{"taxonomy":"product_tag","embeddable":true,"href":"https:\/\/rozewines.com\/de\/wp-json\/wp\/v2\/product_tag?post=7279"}],"curies":[{"name":"wp","href":"https:\/\/api.w.org\/{rel}","templated":true}]}}