{"id":7280,"date":"2025-02-04T11:48:07","date_gmt":"2025-02-04T11:48:07","guid":{"rendered":"https:\/\/rozewines.com\/product\/marbano-chinuri\/"},"modified":"2025-02-04T12:24:13","modified_gmt":"2025-02-04T12:24:13","slug":"marbano-chinuri","status":"publish","type":"product","link":"https:\/\/rozewines.com\/de\/produkt\/marbano-chinuri\/","title":{"rendered":"Marbano &#8211; Chinuri"},"content":{"rendered":"<p>Marbano &#8211; Chinuri\u00a0ist ein\u00a0Bernsteinwein, hergestellt aus der legend\u00e4ren\u00a0Chinuri-Traube, die in\u00a0Bolnisi, Kartliangebaut wird. Diese uralte Rebsorte wird seit Jahrhunderten in der Region kultiviert und ist f\u00fcr ihre einzigartigen Geschmacks- und Charaktereigenschaften hochgesch\u00e4tzt. Der Bernsteinwein \u00fcberzeugt mit\u00a0eleganter und sanfter Struktur. Intensive Aromen von\u00a0schwarzem Tee, Trockenfr\u00fcchten, die an die warmen und goldenen Herbsttage erinnern.<\/p>\n","protected":false},"excerpt":{"rendered":"<p>Marbano &#8211; Chinuri\u00a0ist ein\u00a0Bernsteinwein, hergestellt aus der legend\u00e4ren\u00a0Chinuri-Traube, die in\u00a0Bolnisi, Kartliangebaut wird. Diese uralte Rebsorte wird seit Jahrhunderten in der Region kultiviert und ist f\u00fcr ihre einzigartigen Geschmacks- und Charaktereigenschaften hochgesch\u00e4tzt. Der Bernsteinwein \u00fcberzeugt mit\u00a0eleganter und sanfter Struktur. Intensive Aromen von\u00a0schwarzem Tee, Trockenfr\u00fcchten, die an die warmen und goldenen Herbsttage erinnern.<\/p>\n","protected":false},"featured_media":7237,"comment_status":"closed","ping_status":"closed","template":"","meta":{"_acf_changed":false},"brand":[1778],"colour":[1139],"flavour":[1536,1062,1744],"grape-variety":[1344],"harvest-year":[],"region":[1297],"size":[1598],"style":[1271],"technology":[1118],"product_cat":[1382],"product_tag":[],"ams_default_variation_id":0,"ams_product_points_reward":[],"ams_product_discount_percentage":0,"ams_price_to_display":23,"acf":[],"ams_acf":[{"key":"zero_sulfites","label":"Zero sulfites","value":false},{"key":"food_pairings","label":"Food pairings","value":"H\u00fchnerleber mit roter Zwiebel"},{"key":"alcohol_percentage","label":"Alcohol percentage","value":"13.5"},{"key":"details","label":"Details","value":{"":null,"acidity":"2","body":"3","sweetness":"0","tannin":"2"}}],"yoast_head":"<!-- This site is optimized with the Yoast SEO plugin v22.6 - https:\/\/yoast.com\/wordpress\/plugins\/seo\/ -->\n<title>Marbano - Chinuri - Roze wines<\/title>\n<meta name=\"robots\" content=\"index, follow, max-snippet:-1, max-image-preview:large, max-video-preview:-1\" \/>\n<link rel=\"canonical\" href=\"https:\/\/rozewines.com\/produkt\/marbano-chinuri\/\" \/>\n<meta property=\"og:locale\" content=\"de_DE\" \/>\n<meta property=\"og:type\" content=\"article\" \/>\n<meta property=\"og:title\" content=\"Marbano - Chinuri - Roze wines\" \/>\n<meta property=\"og:description\" content=\"Marbano &#8211; Chinuri\u00a0ist ein\u00a0Bernsteinwein, hergestellt aus der legend\u00e4ren\u00a0Chinuri-Traube, die in\u00a0Bolnisi, Kartliangebaut wird. Diese uralte Rebsorte wird seit Jahrhunderten in der Region kultiviert und ist f\u00fcr ihre einzigartigen Geschmacks- und Charaktereigenschaften hochgesch\u00e4tzt. Der Bernsteinwein \u00fcberzeugt mit\u00a0eleganter und sanfter Struktur. Intensive Aromen von\u00a0schwarzem Tee, Trockenfr\u00fcchten, die an die warmen und goldenen Herbsttage erinnern.\" \/>\n<meta property=\"og:url\" content=\"https:\/\/rozewines.com\/produkt\/marbano-chinuri\/\" \/>\n<meta property=\"og:site_name\" content=\"Roze wines\" \/>\n<meta property=\"article:modified_time\" content=\"2025-02-04T12:24:13+00:00\" \/>\n<meta property=\"og:image\" content=\"https:\/\/rozewines.com\/app\/uploads\/2025\/02\/marbano-chinuri-scaled.jpg\" \/>\n\t<meta property=\"og:image:width\" content=\"2560\" \/>\n\t<meta property=\"og:image:height\" content=\"2560\" \/>\n\t<meta property=\"og:image:type\" content=\"image\/jpeg\" \/>\n<meta name=\"twitter:card\" content=\"summary_large_image\" \/>\n<script type=\"application\/ld+json\" class=\"yoast-schema-graph\">{\"@context\":\"https:\/\/schema.org\",\"@graph\":[{\"@type\":\"WebPage\",\"@id\":\"https:\/\/rozewines.com\/produkt\/marbano-chinuri\/\",\"url\":\"https:\/\/rozewines.com\/produkt\/marbano-chinuri\/\",\"name\":\"Marbano - Chinuri - Roze wines\",\"isPartOf\":{\"@id\":\"https:\/\/rozewines.com\/#website\"},\"primaryImageOfPage\":{\"@id\":\"https:\/\/rozewines.com\/produkt\/marbano-chinuri\/#primaryimage\"},\"image\":{\"@id\":\"https:\/\/rozewines.com\/produkt\/marbano-chinuri\/#primaryimage\"},\"thumbnailUrl\":\"https:\/\/rozewines.com\/app\/uploads\/2025\/02\/marbano-chinuri-scaled.jpg\",\"datePublished\":\"2025-02-04T11:48:07+00:00\",\"dateModified\":\"2025-02-04T12:24:13+00:00\",\"breadcrumb\":{\"@id\":\"https:\/\/rozewines.com\/produkt\/marbano-chinuri\/#breadcrumb\"},\"inLanguage\":\"de-DE\",\"potentialAction\":[{\"@type\":\"ReadAction\",\"target\":[\"https:\/\/rozewines.com\/produkt\/marbano-chinuri\/\"]}]},{\"@type\":\"ImageObject\",\"inLanguage\":\"de-DE\",\"@id\":\"https:\/\/rozewines.com\/produkt\/marbano-chinuri\/#primaryimage\",\"url\":\"https:\/\/rozewines.com\/app\/uploads\/2025\/02\/marbano-chinuri-scaled.jpg\",\"contentUrl\":\"https:\/\/rozewines.com\/app\/uploads\/2025\/02\/marbano-chinuri-scaled.jpg\",\"width\":2560,\"height\":2560},{\"@type\":\"BreadcrumbList\",\"@id\":\"https:\/\/rozewines.com\/produkt\/marbano-chinuri\/#breadcrumb\",\"itemListElement\":[{\"@type\":\"ListItem\",\"position\":1,\"name\":\"Home\",\"item\":\"https:\/\/rozewines.com\/de\/\"},{\"@type\":\"ListItem\",\"position\":2,\"name\":\"Unsere Weine\",\"item\":\"https:\/\/rozewines.com\/de\/musu-vins\/\"},{\"@type\":\"ListItem\",\"position\":3,\"name\":\"Marbano &#8211; Chinuri\"}]},{\"@type\":\"WebSite\",\"@id\":\"https:\/\/rozewines.com\/#website\",\"url\":\"https:\/\/rozewines.com\/\",\"name\":\"Roze wines\",\"description\":\"\",\"publisher\":{\"@id\":\"https:\/\/rozewines.com\/#organization\"},\"potentialAction\":[{\"@type\":\"SearchAction\",\"target\":{\"@type\":\"EntryPoint\",\"urlTemplate\":\"https:\/\/rozewines.com\/?s={search_term_string}\"},\"query-input\":\"required name=search_term_string\"}],\"inLanguage\":\"de-DE\"},{\"@type\":\"Organization\",\"@id\":\"https:\/\/rozewines.com\/#organization\",\"name\":\"Roze wines\",\"url\":\"https:\/\/rozewines.com\/\",\"logo\":{\"@type\":\"ImageObject\",\"inLanguage\":\"de-DE\",\"@id\":\"https:\/\/rozewines.com\/#\/schema\/logo\/image\/\",\"url\":\"https:\/\/rozewines.com\/app\/uploads\/2024\/05\/logo.svg\",\"contentUrl\":\"https:\/\/rozewines.com\/app\/uploads\/2024\/05\/logo.svg\",\"width\":144,\"height\":68,\"caption\":\"Roze wines\"},\"image\":{\"@id\":\"https:\/\/rozewines.com\/#\/schema\/logo\/image\/\"}}]}<\/script>\n<!-- \/ Yoast SEO plugin. -->","yoast_head_json":{"title":"Marbano - Chinuri - Roze wines","robots":{"index":"index","follow":"follow","max-snippet":"max-snippet:-1","max-image-preview":"max-image-preview:large","max-video-preview":"max-video-preview:-1"},"canonical":"https:\/\/rozewines.com\/produkt\/marbano-chinuri\/","og_locale":"de_DE","og_type":"article","og_title":"Marbano - Chinuri - Roze wines","og_description":"Marbano &#8211; Chinuri\u00a0ist ein\u00a0Bernsteinwein, hergestellt aus der legend\u00e4ren\u00a0Chinuri-Traube, die in\u00a0Bolnisi, Kartliangebaut wird. Diese uralte Rebsorte wird seit Jahrhunderten in der Region kultiviert und ist f\u00fcr ihre einzigartigen Geschmacks- und Charaktereigenschaften hochgesch\u00e4tzt. Der Bernsteinwein \u00fcberzeugt mit\u00a0eleganter und sanfter Struktur. Intensive Aromen von\u00a0schwarzem Tee, Trockenfr\u00fcchten, die an die warmen und goldenen Herbsttage erinnern.","og_url":"https:\/\/rozewines.com\/produkt\/marbano-chinuri\/","og_site_name":"Roze wines","article_modified_time":"2025-02-04T12:24:13+00:00","og_image":[{"width":2560,"height":2560,"url":"https:\/\/rozewines.com\/app\/uploads\/2025\/02\/marbano-chinuri-scaled.jpg","type":"image\/jpeg"}],"twitter_card":"summary_large_image","schema":{"@context":"https:\/\/schema.org","@graph":[{"@type":"WebPage","@id":"https:\/\/rozewines.com\/produkt\/marbano-chinuri\/","url":"https:\/\/rozewines.com\/produkt\/marbano-chinuri\/","name":"Marbano - Chinuri - Roze wines","isPartOf":{"@id":"https:\/\/rozewines.com\/#website"},"primaryImageOfPage":{"@id":"https:\/\/rozewines.com\/produkt\/marbano-chinuri\/#primaryimage"},"image":{"@id":"https:\/\/rozewines.com\/produkt\/marbano-chinuri\/#primaryimage"},"thumbnailUrl":"https:\/\/rozewines.com\/app\/uploads\/2025\/02\/marbano-chinuri-scaled.jpg","datePublished":"2025-02-04T11:48:07+00:00","dateModified":"2025-02-04T12:24:13+00:00","breadcrumb":{"@id":"https:\/\/rozewines.com\/produkt\/marbano-chinuri\/#breadcrumb"},"inLanguage":"de-DE","potentialAction":[{"@type":"ReadAction","target":["https:\/\/rozewines.com\/produkt\/marbano-chinuri\/"]}]},{"@type":"ImageObject","inLanguage":"de-DE","@id":"https:\/\/rozewines.com\/produkt\/marbano-chinuri\/#primaryimage","url":"https:\/\/rozewines.com\/app\/uploads\/2025\/02\/marbano-chinuri-scaled.jpg","contentUrl":"https:\/\/rozewines.com\/app\/uploads\/2025\/02\/marbano-chinuri-scaled.jpg","width":2560,"height":2560},{"@type":"BreadcrumbList","@id":"https:\/\/rozewines.com\/produkt\/marbano-chinuri\/#breadcrumb","itemListElement":[{"@type":"ListItem","position":1,"name":"Home","item":"https:\/\/rozewines.com\/de\/"},{"@type":"ListItem","position":2,"name":"Unsere Weine","item":"https:\/\/rozewines.com\/de\/musu-vins\/"},{"@type":"ListItem","position":3,"name":"Marbano &#8211; Chinuri"}]},{"@type":"WebSite","@id":"https:\/\/rozewines.com\/#website","url":"https:\/\/rozewines.com\/","name":"Roze wines","description":"","publisher":{"@id":"https:\/\/rozewines.com\/#organization"},"potentialAction":[{"@type":"SearchAction","target":{"@type":"EntryPoint","urlTemplate":"https:\/\/rozewines.com\/?s={search_term_string}"},"query-input":"required name=search_term_string"}],"inLanguage":"de-DE"},{"@type":"Organization","@id":"https:\/\/rozewines.com\/#organization","name":"Roze wines","url":"https:\/\/rozewines.com\/","logo":{"@type":"ImageObject","inLanguage":"de-DE","@id":"https:\/\/rozewines.com\/#\/schema\/logo\/image\/","url":"https:\/\/rozewines.com\/app\/uploads\/2024\/05\/logo.svg","contentUrl":"https:\/\/rozewines.com\/app\/uploads\/2024\/05\/logo.svg","width":144,"height":68,"caption":"Roze wines"},"image":{"@id":"https:\/\/rozewines.com\/#\/schema\/logo\/image\/"}}]}},"_links":{"self":[{"href":"https:\/\/rozewines.com\/de\/wp-json\/wp\/v2\/product\/7280"}],"collection":[{"href":"https:\/\/rozewines.com\/de\/wp-json\/wp\/v2\/product"}],"about":[{"href":"https:\/\/rozewines.com\/de\/wp-json\/wp\/v2\/types\/product"}],"replies":[{"embeddable":true,"href":"https:\/\/rozewines.com\/de\/wp-json\/wp\/v2\/comments?post=7280"}],"wp:featuredmedia":[{"embeddable":true,"href":"https:\/\/rozewines.com\/de\/wp-json\/wp\/v2\/media\/7237"}],"wp:attachment":[{"href":"https:\/\/rozewines.com\/de\/wp-json\/wp\/v2\/media?parent=7280"}],"wp:term":[{"taxonomy":"brand","embeddable":true,"href":"https:\/\/rozewines.com\/de\/wp-json\/wp\/v2\/brand?post=7280"},{"taxonomy":"colour","embeddable":true,"href":"https:\/\/rozewines.com\/de\/wp-json\/wp\/v2\/colour?post=7280"},{"taxonomy":"flavour","embeddable":true,"href":"https:\/\/rozewines.com\/de\/wp-json\/wp\/v2\/flavour?post=7280"},{"taxonomy":"grape-variety","embeddable":true,"href":"https:\/\/rozewines.com\/de\/wp-json\/wp\/v2\/grape-variety?post=7280"},{"taxonomy":"harvest-year","embeddable":true,"href":"https:\/\/rozewines.com\/de\/wp-json\/wp\/v2\/harvest-year?post=7280"},{"taxonomy":"region","embeddable":true,"href":"https:\/\/rozewines.com\/de\/wp-json\/wp\/v2\/region?post=7280"},{"taxonomy":"size","embeddable":true,"href":"https:\/\/rozewines.com\/de\/wp-json\/wp\/v2\/size?post=7280"},{"taxonomy":"style","embeddable":true,"href":"https:\/\/rozewines.com\/de\/wp-json\/wp\/v2\/style?post=7280"},{"taxonomy":"technology","embeddable":true,"href":"https:\/\/rozewines.com\/de\/wp-json\/wp\/v2\/technology?post=7280"},{"taxonomy":"product_cat","embeddable":true,"href":"https:\/\/rozewines.com\/de\/wp-json\/wp\/v2\/product_cat?post=7280"},{"taxonomy":"product_tag","embeddable":true,"href":"https:\/\/rozewines.com\/de\/wp-json\/wp\/v2\/product_tag?post=7280"}],"curies":[{"name":"wp","href":"https:\/\/api.w.org\/{rel}","templated":true}]}}