{"id":7282,"date":"2025-02-04T11:48:07","date_gmt":"2025-02-04T11:48:07","guid":{"rendered":"https:\/\/rozewines.com\/product\/marbano-asuretuli-reserve-2022\/"},"modified":"2025-02-04T12:24:15","modified_gmt":"2025-02-04T12:24:15","slug":"marbano-asuretuli-reserve-2022","status":"publish","type":"product","link":"https:\/\/rozewines.com\/de\/produkt\/marbano-asuretuli-reserve-2022\/","title":{"rendered":"Marbano &#8211; Asuretuli Reserve 2022"},"content":{"rendered":"<p>Marbano &#8211; Asuretuli Reserve 2022 \u2013 ein au\u00dfergew\u00f6hnlicher Wein aus der seltensten Rebsorte Zentralgeorgiens, gewonnen aus alten Weinbergen, die ihm eine unvergleichliche Charaktertiefe verleihen.<\/p>\n<p>Dieser Wein zeichnet sich durch frische S\u00e4ure und pr\u00e4sente Tannine aus und nimmt den Genie\u00dfer mit auf eine wahre sensorische Reise. Verf\u00fchrerische Aromen von frischer roter Kirsche, saftiger Himbeere, Granatapfel und einem Hauch von Vanille.<\/p>\n<p>Mit seinem einzigartigen Profil und seiner komplexen Struktur verspricht Asuretuli ein Weinerlebnis, das ebenso besonders wie unvergesslich ist \u2013 perfekt f\u00fcr Kenner, die etwas NEUES und wirklich Au\u00dfergew\u00f6hnliches suchen.<\/p>\n","protected":false},"excerpt":{"rendered":"<p>Marbano &#8211; Asuretuli Reserve 2022 \u2013 ein au\u00dfergew\u00f6hnlicher Wein aus der seltensten Rebsorte Zentralgeorgiens, gewonnen aus alten Weinbergen, die ihm eine unvergleichliche Charaktertiefe verleihen. Dieser Wein zeichnet sich durch frische S\u00e4ure und pr\u00e4sente Tannine aus und nimmt den Genie\u00dfer mit auf eine wahre sensorische Reise. Verf\u00fchrerische Aromen von frischer roter Kirsche, saftiger Himbeere, Granatapfel und &hellip; <a href=\"https:\/\/rozewines.com\/de\/produkt\/marbano-asuretuli-reserve-2022\/\">Continued<\/a><\/p>\n","protected":false},"featured_media":719,"comment_status":"closed","ping_status":"closed","template":"","meta":{"_acf_changed":false},"brand":[1778],"colour":[1140],"flavour":[1741,1581,1738],"grape-variety":[],"harvest-year":[],"region":[1297],"size":[1598],"style":[1271],"technology":[],"product_cat":[1382],"product_tag":[],"ams_default_variation_id":0,"ams_product_points_reward":[],"ams_product_discount_percentage":0,"ams_price_to_display":74,"acf":[],"ams_acf":[{"key":"zero_sulfites","label":"Zero sulfites","value":false},{"key":"food_pairings","label":"Food pairings","value":"Burger, gegrillte Portobello-Pilze"},{"key":"alcohol_percentage","label":"Alcohol percentage","value":"13"},{"key":"details","label":"Details","value":{"":null,"acidity":"4","body":"3","sweetness":"0","tannin":"1"}}],"yoast_head":"<!-- This site is optimized with the Yoast SEO plugin v22.6 - https:\/\/yoast.com\/wordpress\/plugins\/seo\/ -->\n<title>Marbano - Asuretuli Reserve 2022 - Roze wines<\/title>\n<meta name=\"robots\" content=\"index, follow, max-snippet:-1, max-image-preview:large, max-video-preview:-1\" \/>\n<link rel=\"canonical\" href=\"https:\/\/rozewines.com\/produkt\/marbano-asuretuli-reserve-2022\/\" \/>\n<meta property=\"og:locale\" content=\"de_DE\" \/>\n<meta property=\"og:type\" content=\"article\" \/>\n<meta property=\"og:title\" content=\"Marbano - Asuretuli Reserve 2022 - Roze wines\" \/>\n<meta property=\"og:description\" content=\"Marbano &#8211; Asuretuli Reserve 2022 \u2013 ein au\u00dfergew\u00f6hnlicher Wein aus der seltensten Rebsorte Zentralgeorgiens, gewonnen aus alten Weinbergen, die ihm eine unvergleichliche Charaktertiefe verleihen. Dieser Wein zeichnet sich durch frische S\u00e4ure und pr\u00e4sente Tannine aus und nimmt den Genie\u00dfer mit auf eine wahre sensorische Reise. Verf\u00fchrerische Aromen von frischer roter Kirsche, saftiger Himbeere, Granatapfel und &hellip; Continued\" \/>\n<meta property=\"og:url\" content=\"https:\/\/rozewines.com\/produkt\/marbano-asuretuli-reserve-2022\/\" \/>\n<meta property=\"og:site_name\" content=\"Roze wines\" \/>\n<meta property=\"article:modified_time\" content=\"2025-02-04T12:24:15+00:00\" \/>\n<meta property=\"og:image\" content=\"https:\/\/rozewines.com\/app\/uploads\/2024\/04\/Marbano-Asuretuli-Reserve-2019.jpg\" \/>\n\t<meta property=\"og:image:width\" content=\"2160\" \/>\n\t<meta property=\"og:image:height\" content=\"2160\" \/>\n\t<meta property=\"og:image:type\" content=\"image\/jpeg\" \/>\n<meta name=\"twitter:card\" content=\"summary_large_image\" \/>\n<script type=\"application\/ld+json\" class=\"yoast-schema-graph\">{\"@context\":\"https:\/\/schema.org\",\"@graph\":[{\"@type\":\"WebPage\",\"@id\":\"https:\/\/rozewines.com\/produkt\/marbano-asuretuli-reserve-2022\/\",\"url\":\"https:\/\/rozewines.com\/produkt\/marbano-asuretuli-reserve-2022\/\",\"name\":\"Marbano - Asuretuli Reserve 2022 - Roze wines\",\"isPartOf\":{\"@id\":\"https:\/\/rozewines.com\/#website\"},\"primaryImageOfPage\":{\"@id\":\"https:\/\/rozewines.com\/produkt\/marbano-asuretuli-reserve-2022\/#primaryimage\"},\"image\":{\"@id\":\"https:\/\/rozewines.com\/produkt\/marbano-asuretuli-reserve-2022\/#primaryimage\"},\"thumbnailUrl\":\"https:\/\/rozewines.com\/app\/uploads\/2024\/04\/Marbano-Asuretuli-Reserve-2019.jpg\",\"datePublished\":\"2025-02-04T11:48:07+00:00\",\"dateModified\":\"2025-02-04T12:24:15+00:00\",\"breadcrumb\":{\"@id\":\"https:\/\/rozewines.com\/produkt\/marbano-asuretuli-reserve-2022\/#breadcrumb\"},\"inLanguage\":\"de-DE\",\"potentialAction\":[{\"@type\":\"ReadAction\",\"target\":[\"https:\/\/rozewines.com\/produkt\/marbano-asuretuli-reserve-2022\/\"]}]},{\"@type\":\"ImageObject\",\"inLanguage\":\"de-DE\",\"@id\":\"https:\/\/rozewines.com\/produkt\/marbano-asuretuli-reserve-2022\/#primaryimage\",\"url\":\"https:\/\/rozewines.com\/app\/uploads\/2024\/04\/Marbano-Asuretuli-Reserve-2019.jpg\",\"contentUrl\":\"https:\/\/rozewines.com\/app\/uploads\/2024\/04\/Marbano-Asuretuli-Reserve-2019.jpg\",\"width\":2160,\"height\":2160},{\"@type\":\"BreadcrumbList\",\"@id\":\"https:\/\/rozewines.com\/produkt\/marbano-asuretuli-reserve-2022\/#breadcrumb\",\"itemListElement\":[{\"@type\":\"ListItem\",\"position\":1,\"name\":\"Home\",\"item\":\"https:\/\/rozewines.com\/de\/\"},{\"@type\":\"ListItem\",\"position\":2,\"name\":\"Unsere Weine\",\"item\":\"https:\/\/rozewines.com\/de\/musu-vins\/\"},{\"@type\":\"ListItem\",\"position\":3,\"name\":\"Marbano &#8211; Asuretuli Reserve 2022\"}]},{\"@type\":\"WebSite\",\"@id\":\"https:\/\/rozewines.com\/#website\",\"url\":\"https:\/\/rozewines.com\/\",\"name\":\"Roze wines\",\"description\":\"\",\"publisher\":{\"@id\":\"https:\/\/rozewines.com\/#organization\"},\"potentialAction\":[{\"@type\":\"SearchAction\",\"target\":{\"@type\":\"EntryPoint\",\"urlTemplate\":\"https:\/\/rozewines.com\/?s={search_term_string}\"},\"query-input\":\"required name=search_term_string\"}],\"inLanguage\":\"de-DE\"},{\"@type\":\"Organization\",\"@id\":\"https:\/\/rozewines.com\/#organization\",\"name\":\"Roze wines\",\"url\":\"https:\/\/rozewines.com\/\",\"logo\":{\"@type\":\"ImageObject\",\"inLanguage\":\"de-DE\",\"@id\":\"https:\/\/rozewines.com\/#\/schema\/logo\/image\/\",\"url\":\"https:\/\/rozewines.com\/app\/uploads\/2024\/05\/logo.svg\",\"contentUrl\":\"https:\/\/rozewines.com\/app\/uploads\/2024\/05\/logo.svg\",\"width\":144,\"height\":68,\"caption\":\"Roze wines\"},\"image\":{\"@id\":\"https:\/\/rozewines.com\/#\/schema\/logo\/image\/\"}}]}<\/script>\n<!-- \/ Yoast SEO plugin. -->","yoast_head_json":{"title":"Marbano - Asuretuli Reserve 2022 - Roze wines","robots":{"index":"index","follow":"follow","max-snippet":"max-snippet:-1","max-image-preview":"max-image-preview:large","max-video-preview":"max-video-preview:-1"},"canonical":"https:\/\/rozewines.com\/produkt\/marbano-asuretuli-reserve-2022\/","og_locale":"de_DE","og_type":"article","og_title":"Marbano - Asuretuli Reserve 2022 - Roze wines","og_description":"Marbano &#8211; Asuretuli Reserve 2022 \u2013 ein au\u00dfergew\u00f6hnlicher Wein aus der seltensten Rebsorte Zentralgeorgiens, gewonnen aus alten Weinbergen, die ihm eine unvergleichliche Charaktertiefe verleihen. Dieser Wein zeichnet sich durch frische S\u00e4ure und pr\u00e4sente Tannine aus und nimmt den Genie\u00dfer mit auf eine wahre sensorische Reise. Verf\u00fchrerische Aromen von frischer roter Kirsche, saftiger Himbeere, Granatapfel und &hellip; Continued","og_url":"https:\/\/rozewines.com\/produkt\/marbano-asuretuli-reserve-2022\/","og_site_name":"Roze wines","article_modified_time":"2025-02-04T12:24:15+00:00","og_image":[{"width":2160,"height":2160,"url":"https:\/\/rozewines.com\/app\/uploads\/2024\/04\/Marbano-Asuretuli-Reserve-2019.jpg","type":"image\/jpeg"}],"twitter_card":"summary_large_image","schema":{"@context":"https:\/\/schema.org","@graph":[{"@type":"WebPage","@id":"https:\/\/rozewines.com\/produkt\/marbano-asuretuli-reserve-2022\/","url":"https:\/\/rozewines.com\/produkt\/marbano-asuretuli-reserve-2022\/","name":"Marbano - Asuretuli Reserve 2022 - Roze wines","isPartOf":{"@id":"https:\/\/rozewines.com\/#website"},"primaryImageOfPage":{"@id":"https:\/\/rozewines.com\/produkt\/marbano-asuretuli-reserve-2022\/#primaryimage"},"image":{"@id":"https:\/\/rozewines.com\/produkt\/marbano-asuretuli-reserve-2022\/#primaryimage"},"thumbnailUrl":"https:\/\/rozewines.com\/app\/uploads\/2024\/04\/Marbano-Asuretuli-Reserve-2019.jpg","datePublished":"2025-02-04T11:48:07+00:00","dateModified":"2025-02-04T12:24:15+00:00","breadcrumb":{"@id":"https:\/\/rozewines.com\/produkt\/marbano-asuretuli-reserve-2022\/#breadcrumb"},"inLanguage":"de-DE","potentialAction":[{"@type":"ReadAction","target":["https:\/\/rozewines.com\/produkt\/marbano-asuretuli-reserve-2022\/"]}]},{"@type":"ImageObject","inLanguage":"de-DE","@id":"https:\/\/rozewines.com\/produkt\/marbano-asuretuli-reserve-2022\/#primaryimage","url":"https:\/\/rozewines.com\/app\/uploads\/2024\/04\/Marbano-Asuretuli-Reserve-2019.jpg","contentUrl":"https:\/\/rozewines.com\/app\/uploads\/2024\/04\/Marbano-Asuretuli-Reserve-2019.jpg","width":2160,"height":2160},{"@type":"BreadcrumbList","@id":"https:\/\/rozewines.com\/produkt\/marbano-asuretuli-reserve-2022\/#breadcrumb","itemListElement":[{"@type":"ListItem","position":1,"name":"Home","item":"https:\/\/rozewines.com\/de\/"},{"@type":"ListItem","position":2,"name":"Unsere Weine","item":"https:\/\/rozewines.com\/de\/musu-vins\/"},{"@type":"ListItem","position":3,"name":"Marbano &#8211; Asuretuli Reserve 2022"}]},{"@type":"WebSite","@id":"https:\/\/rozewines.com\/#website","url":"https:\/\/rozewines.com\/","name":"Roze wines","description":"","publisher":{"@id":"https:\/\/rozewines.com\/#organization"},"potentialAction":[{"@type":"SearchAction","target":{"@type":"EntryPoint","urlTemplate":"https:\/\/rozewines.com\/?s={search_term_string}"},"query-input":"required name=search_term_string"}],"inLanguage":"de-DE"},{"@type":"Organization","@id":"https:\/\/rozewines.com\/#organization","name":"Roze wines","url":"https:\/\/rozewines.com\/","logo":{"@type":"ImageObject","inLanguage":"de-DE","@id":"https:\/\/rozewines.com\/#\/schema\/logo\/image\/","url":"https:\/\/rozewines.com\/app\/uploads\/2024\/05\/logo.svg","contentUrl":"https:\/\/rozewines.com\/app\/uploads\/2024\/05\/logo.svg","width":144,"height":68,"caption":"Roze wines"},"image":{"@id":"https:\/\/rozewines.com\/#\/schema\/logo\/image\/"}}]}},"_links":{"self":[{"href":"https:\/\/rozewines.com\/de\/wp-json\/wp\/v2\/product\/7282"}],"collection":[{"href":"https:\/\/rozewines.com\/de\/wp-json\/wp\/v2\/product"}],"about":[{"href":"https:\/\/rozewines.com\/de\/wp-json\/wp\/v2\/types\/product"}],"replies":[{"embeddable":true,"href":"https:\/\/rozewines.com\/de\/wp-json\/wp\/v2\/comments?post=7282"}],"wp:featuredmedia":[{"embeddable":true,"href":"https:\/\/rozewines.com\/de\/wp-json\/wp\/v2\/media\/719"}],"wp:attachment":[{"href":"https:\/\/rozewines.com\/de\/wp-json\/wp\/v2\/media?parent=7282"}],"wp:term":[{"taxonomy":"brand","embeddable":true,"href":"https:\/\/rozewines.com\/de\/wp-json\/wp\/v2\/brand?post=7282"},{"taxonomy":"colour","embeddable":true,"href":"https:\/\/rozewines.com\/de\/wp-json\/wp\/v2\/colour?post=7282"},{"taxonomy":"flavour","embeddable":true,"href":"https:\/\/rozewines.com\/de\/wp-json\/wp\/v2\/flavour?post=7282"},{"taxonomy":"grape-variety","embeddable":true,"href":"https:\/\/rozewines.com\/de\/wp-json\/wp\/v2\/grape-variety?post=7282"},{"taxonomy":"harvest-year","embeddable":true,"href":"https:\/\/rozewines.com\/de\/wp-json\/wp\/v2\/harvest-year?post=7282"},{"taxonomy":"region","embeddable":true,"href":"https:\/\/rozewines.com\/de\/wp-json\/wp\/v2\/region?post=7282"},{"taxonomy":"size","embeddable":true,"href":"https:\/\/rozewines.com\/de\/wp-json\/wp\/v2\/size?post=7282"},{"taxonomy":"style","embeddable":true,"href":"https:\/\/rozewines.com\/de\/wp-json\/wp\/v2\/style?post=7282"},{"taxonomy":"technology","embeddable":true,"href":"https:\/\/rozewines.com\/de\/wp-json\/wp\/v2\/technology?post=7282"},{"taxonomy":"product_cat","embeddable":true,"href":"https:\/\/rozewines.com\/de\/wp-json\/wp\/v2\/product_cat?post=7282"},{"taxonomy":"product_tag","embeddable":true,"href":"https:\/\/rozewines.com\/de\/wp-json\/wp\/v2\/product_tag?post=7282"}],"curies":[{"name":"wp","href":"https:\/\/api.w.org\/{rel}","templated":true}]}}