{"id":7283,"date":"2025-02-04T11:48:07","date_gmt":"2025-02-04T11:48:07","guid":{"rendered":"https:\/\/rozewines.com\/product\/marbano-saperavi-khashmi-2022\/"},"modified":"2025-02-04T12:24:15","modified_gmt":"2025-02-04T12:24:15","slug":"marbano-saperavi-khashmi-2022","status":"publish","type":"product","link":"https:\/\/rozewines.com\/de\/produkt\/marbano-saperavi-khashmi-2022\/","title":{"rendered":"Marbano &#8211; Saperavi Khashmi 2022"},"content":{"rendered":"<p>Marbano &#8211; Khashmi Saperavi Qvevri 2022 \u2013 ein kr\u00e4ftiger Qvevri-Wein aus der legend\u00e4ren Khashmi-Appellation.<\/p>\n<p>Dieser vollmundige Jahrgang \u00fcberzeugt mit einer energiegeladenen Struktur, gepr\u00e4gt von hoher S\u00e4ure und kraftvollen Tanninen. Aromen von reifer schwarzer Johannisbeere, rotem Pfeffer, feuchtem Waldboden und einem Hauch von Pilzen.<\/p>\n<p>Mit seinen intensiven Aromen und seinem einzigartigen Terroir bietet dieser Wein eine dynamische Kombination aus S\u00e4ure und Tanninen, die in einem langen, nachhaltigen Abgang m\u00fcndet.<\/p>\n","protected":false},"excerpt":{"rendered":"<p>Marbano &#8211; Khashmi Saperavi Qvevri 2022 \u2013 ein kr\u00e4ftiger Qvevri-Wein aus der legend\u00e4ren Khashmi-Appellation. Dieser vollmundige Jahrgang \u00fcberzeugt mit einer energiegeladenen Struktur, gepr\u00e4gt von hoher S\u00e4ure und kraftvollen Tanninen. Aromen von reifer schwarzer Johannisbeere, rotem Pfeffer, feuchtem Waldboden und einem Hauch von Pilzen. Mit seinen intensiven Aromen und seinem einzigartigen Terroir bietet dieser Wein eine &hellip; <a href=\"https:\/\/rozewines.com\/de\/produkt\/marbano-saperavi-khashmi-2022\/\">Continued<\/a><\/p>\n","protected":false},"featured_media":7245,"comment_status":"closed","ping_status":"closed","template":"","meta":{"_acf_changed":false},"brand":[1778],"colour":[1140],"flavour":[1011,1055,1738],"grape-variety":[1283],"harvest-year":[],"region":[1294],"size":[1598],"style":[1271],"technology":[1118],"product_cat":[1382],"product_tag":[],"ams_default_variation_id":0,"ams_product_points_reward":[],"ams_product_discount_percentage":0,"ams_price_to_display":30,"acf":[],"ams_acf":[{"key":"zero_sulfites","label":"Zero sulfites","value":false},{"key":"food_pairings","label":"Food pairings","value":"Rindfleisch, Lammfleisch"},{"key":"alcohol_percentage","label":"Alcohol percentage","value":"14.5"},{"key":"details","label":"Details","value":{"":null,"acidity":"3","body":"4","sweetness":"0","tannin":"2"}}],"yoast_head":"<!-- This site is optimized with the Yoast SEO plugin v22.6 - https:\/\/yoast.com\/wordpress\/plugins\/seo\/ -->\n<title>Marbano - Saperavi Khashmi 2022 - Roze wines<\/title>\n<meta name=\"robots\" content=\"index, follow, max-snippet:-1, max-image-preview:large, max-video-preview:-1\" \/>\n<link rel=\"canonical\" href=\"https:\/\/rozewines.com\/produkt\/marbano-saperavi-khashmi-2022\/\" \/>\n<meta property=\"og:locale\" content=\"de_DE\" \/>\n<meta property=\"og:type\" content=\"article\" \/>\n<meta property=\"og:title\" content=\"Marbano - Saperavi Khashmi 2022 - Roze wines\" \/>\n<meta property=\"og:description\" content=\"Marbano &#8211; Khashmi Saperavi Qvevri 2022 \u2013 ein kr\u00e4ftiger Qvevri-Wein aus der legend\u00e4ren Khashmi-Appellation. Dieser vollmundige Jahrgang \u00fcberzeugt mit einer energiegeladenen Struktur, gepr\u00e4gt von hoher S\u00e4ure und kraftvollen Tanninen. Aromen von reifer schwarzer Johannisbeere, rotem Pfeffer, feuchtem Waldboden und einem Hauch von Pilzen. Mit seinen intensiven Aromen und seinem einzigartigen Terroir bietet dieser Wein eine &hellip; Continued\" \/>\n<meta property=\"og:url\" content=\"https:\/\/rozewines.com\/produkt\/marbano-saperavi-khashmi-2022\/\" \/>\n<meta property=\"og:site_name\" content=\"Roze wines\" \/>\n<meta property=\"article:modified_time\" content=\"2025-02-04T12:24:15+00:00\" \/>\n<meta property=\"og:image\" content=\"https:\/\/rozewines.com\/app\/uploads\/2025\/02\/Marbano-saperavi-qvevri-scaled.jpg\" \/>\n\t<meta property=\"og:image:width\" content=\"2560\" \/>\n\t<meta property=\"og:image:height\" content=\"2560\" \/>\n\t<meta property=\"og:image:type\" content=\"image\/jpeg\" \/>\n<meta name=\"twitter:card\" content=\"summary_large_image\" \/>\n<script type=\"application\/ld+json\" class=\"yoast-schema-graph\">{\"@context\":\"https:\/\/schema.org\",\"@graph\":[{\"@type\":\"WebPage\",\"@id\":\"https:\/\/rozewines.com\/produkt\/marbano-saperavi-khashmi-2022\/\",\"url\":\"https:\/\/rozewines.com\/produkt\/marbano-saperavi-khashmi-2022\/\",\"name\":\"Marbano - Saperavi Khashmi 2022 - Roze wines\",\"isPartOf\":{\"@id\":\"https:\/\/rozewines.com\/#website\"},\"primaryImageOfPage\":{\"@id\":\"https:\/\/rozewines.com\/produkt\/marbano-saperavi-khashmi-2022\/#primaryimage\"},\"image\":{\"@id\":\"https:\/\/rozewines.com\/produkt\/marbano-saperavi-khashmi-2022\/#primaryimage\"},\"thumbnailUrl\":\"https:\/\/rozewines.com\/app\/uploads\/2025\/02\/Marbano-saperavi-qvevri-scaled.jpg\",\"datePublished\":\"2025-02-04T11:48:07+00:00\",\"dateModified\":\"2025-02-04T12:24:15+00:00\",\"breadcrumb\":{\"@id\":\"https:\/\/rozewines.com\/produkt\/marbano-saperavi-khashmi-2022\/#breadcrumb\"},\"inLanguage\":\"de-DE\",\"potentialAction\":[{\"@type\":\"ReadAction\",\"target\":[\"https:\/\/rozewines.com\/produkt\/marbano-saperavi-khashmi-2022\/\"]}]},{\"@type\":\"ImageObject\",\"inLanguage\":\"de-DE\",\"@id\":\"https:\/\/rozewines.com\/produkt\/marbano-saperavi-khashmi-2022\/#primaryimage\",\"url\":\"https:\/\/rozewines.com\/app\/uploads\/2025\/02\/Marbano-saperavi-qvevri-scaled.jpg\",\"contentUrl\":\"https:\/\/rozewines.com\/app\/uploads\/2025\/02\/Marbano-saperavi-qvevri-scaled.jpg\",\"width\":2560,\"height\":2560},{\"@type\":\"BreadcrumbList\",\"@id\":\"https:\/\/rozewines.com\/produkt\/marbano-saperavi-khashmi-2022\/#breadcrumb\",\"itemListElement\":[{\"@type\":\"ListItem\",\"position\":1,\"name\":\"Home\",\"item\":\"https:\/\/rozewines.com\/de\/\"},{\"@type\":\"ListItem\",\"position\":2,\"name\":\"Unsere Weine\",\"item\":\"https:\/\/rozewines.com\/de\/musu-vins\/\"},{\"@type\":\"ListItem\",\"position\":3,\"name\":\"Marbano &#8211; Saperavi Khashmi 2022\"}]},{\"@type\":\"WebSite\",\"@id\":\"https:\/\/rozewines.com\/#website\",\"url\":\"https:\/\/rozewines.com\/\",\"name\":\"Roze wines\",\"description\":\"\",\"publisher\":{\"@id\":\"https:\/\/rozewines.com\/#organization\"},\"potentialAction\":[{\"@type\":\"SearchAction\",\"target\":{\"@type\":\"EntryPoint\",\"urlTemplate\":\"https:\/\/rozewines.com\/?s={search_term_string}\"},\"query-input\":\"required name=search_term_string\"}],\"inLanguage\":\"de-DE\"},{\"@type\":\"Organization\",\"@id\":\"https:\/\/rozewines.com\/#organization\",\"name\":\"Roze wines\",\"url\":\"https:\/\/rozewines.com\/\",\"logo\":{\"@type\":\"ImageObject\",\"inLanguage\":\"de-DE\",\"@id\":\"https:\/\/rozewines.com\/#\/schema\/logo\/image\/\",\"url\":\"https:\/\/rozewines.com\/app\/uploads\/2024\/05\/logo.svg\",\"contentUrl\":\"https:\/\/rozewines.com\/app\/uploads\/2024\/05\/logo.svg\",\"width\":144,\"height\":68,\"caption\":\"Roze wines\"},\"image\":{\"@id\":\"https:\/\/rozewines.com\/#\/schema\/logo\/image\/\"}}]}<\/script>\n<!-- \/ Yoast SEO plugin. -->","yoast_head_json":{"title":"Marbano - Saperavi Khashmi 2022 - Roze wines","robots":{"index":"index","follow":"follow","max-snippet":"max-snippet:-1","max-image-preview":"max-image-preview:large","max-video-preview":"max-video-preview:-1"},"canonical":"https:\/\/rozewines.com\/produkt\/marbano-saperavi-khashmi-2022\/","og_locale":"de_DE","og_type":"article","og_title":"Marbano - Saperavi Khashmi 2022 - Roze wines","og_description":"Marbano &#8211; Khashmi Saperavi Qvevri 2022 \u2013 ein kr\u00e4ftiger Qvevri-Wein aus der legend\u00e4ren Khashmi-Appellation. Dieser vollmundige Jahrgang \u00fcberzeugt mit einer energiegeladenen Struktur, gepr\u00e4gt von hoher S\u00e4ure und kraftvollen Tanninen. Aromen von reifer schwarzer Johannisbeere, rotem Pfeffer, feuchtem Waldboden und einem Hauch von Pilzen. Mit seinen intensiven Aromen und seinem einzigartigen Terroir bietet dieser Wein eine &hellip; Continued","og_url":"https:\/\/rozewines.com\/produkt\/marbano-saperavi-khashmi-2022\/","og_site_name":"Roze wines","article_modified_time":"2025-02-04T12:24:15+00:00","og_image":[{"width":2560,"height":2560,"url":"https:\/\/rozewines.com\/app\/uploads\/2025\/02\/Marbano-saperavi-qvevri-scaled.jpg","type":"image\/jpeg"}],"twitter_card":"summary_large_image","schema":{"@context":"https:\/\/schema.org","@graph":[{"@type":"WebPage","@id":"https:\/\/rozewines.com\/produkt\/marbano-saperavi-khashmi-2022\/","url":"https:\/\/rozewines.com\/produkt\/marbano-saperavi-khashmi-2022\/","name":"Marbano - Saperavi Khashmi 2022 - Roze wines","isPartOf":{"@id":"https:\/\/rozewines.com\/#website"},"primaryImageOfPage":{"@id":"https:\/\/rozewines.com\/produkt\/marbano-saperavi-khashmi-2022\/#primaryimage"},"image":{"@id":"https:\/\/rozewines.com\/produkt\/marbano-saperavi-khashmi-2022\/#primaryimage"},"thumbnailUrl":"https:\/\/rozewines.com\/app\/uploads\/2025\/02\/Marbano-saperavi-qvevri-scaled.jpg","datePublished":"2025-02-04T11:48:07+00:00","dateModified":"2025-02-04T12:24:15+00:00","breadcrumb":{"@id":"https:\/\/rozewines.com\/produkt\/marbano-saperavi-khashmi-2022\/#breadcrumb"},"inLanguage":"de-DE","potentialAction":[{"@type":"ReadAction","target":["https:\/\/rozewines.com\/produkt\/marbano-saperavi-khashmi-2022\/"]}]},{"@type":"ImageObject","inLanguage":"de-DE","@id":"https:\/\/rozewines.com\/produkt\/marbano-saperavi-khashmi-2022\/#primaryimage","url":"https:\/\/rozewines.com\/app\/uploads\/2025\/02\/Marbano-saperavi-qvevri-scaled.jpg","contentUrl":"https:\/\/rozewines.com\/app\/uploads\/2025\/02\/Marbano-saperavi-qvevri-scaled.jpg","width":2560,"height":2560},{"@type":"BreadcrumbList","@id":"https:\/\/rozewines.com\/produkt\/marbano-saperavi-khashmi-2022\/#breadcrumb","itemListElement":[{"@type":"ListItem","position":1,"name":"Home","item":"https:\/\/rozewines.com\/de\/"},{"@type":"ListItem","position":2,"name":"Unsere Weine","item":"https:\/\/rozewines.com\/de\/musu-vins\/"},{"@type":"ListItem","position":3,"name":"Marbano &#8211; Saperavi Khashmi 2022"}]},{"@type":"WebSite","@id":"https:\/\/rozewines.com\/#website","url":"https:\/\/rozewines.com\/","name":"Roze wines","description":"","publisher":{"@id":"https:\/\/rozewines.com\/#organization"},"potentialAction":[{"@type":"SearchAction","target":{"@type":"EntryPoint","urlTemplate":"https:\/\/rozewines.com\/?s={search_term_string}"},"query-input":"required name=search_term_string"}],"inLanguage":"de-DE"},{"@type":"Organization","@id":"https:\/\/rozewines.com\/#organization","name":"Roze wines","url":"https:\/\/rozewines.com\/","logo":{"@type":"ImageObject","inLanguage":"de-DE","@id":"https:\/\/rozewines.com\/#\/schema\/logo\/image\/","url":"https:\/\/rozewines.com\/app\/uploads\/2024\/05\/logo.svg","contentUrl":"https:\/\/rozewines.com\/app\/uploads\/2024\/05\/logo.svg","width":144,"height":68,"caption":"Roze wines"},"image":{"@id":"https:\/\/rozewines.com\/#\/schema\/logo\/image\/"}}]}},"_links":{"self":[{"href":"https:\/\/rozewines.com\/de\/wp-json\/wp\/v2\/product\/7283"}],"collection":[{"href":"https:\/\/rozewines.com\/de\/wp-json\/wp\/v2\/product"}],"about":[{"href":"https:\/\/rozewines.com\/de\/wp-json\/wp\/v2\/types\/product"}],"replies":[{"embeddable":true,"href":"https:\/\/rozewines.com\/de\/wp-json\/wp\/v2\/comments?post=7283"}],"wp:featuredmedia":[{"embeddable":true,"href":"https:\/\/rozewines.com\/de\/wp-json\/wp\/v2\/media\/7245"}],"wp:attachment":[{"href":"https:\/\/rozewines.com\/de\/wp-json\/wp\/v2\/media?parent=7283"}],"wp:term":[{"taxonomy":"brand","embeddable":true,"href":"https:\/\/rozewines.com\/de\/wp-json\/wp\/v2\/brand?post=7283"},{"taxonomy":"colour","embeddable":true,"href":"https:\/\/rozewines.com\/de\/wp-json\/wp\/v2\/colour?post=7283"},{"taxonomy":"flavour","embeddable":true,"href":"https:\/\/rozewines.com\/de\/wp-json\/wp\/v2\/flavour?post=7283"},{"taxonomy":"grape-variety","embeddable":true,"href":"https:\/\/rozewines.com\/de\/wp-json\/wp\/v2\/grape-variety?post=7283"},{"taxonomy":"harvest-year","embeddable":true,"href":"https:\/\/rozewines.com\/de\/wp-json\/wp\/v2\/harvest-year?post=7283"},{"taxonomy":"region","embeddable":true,"href":"https:\/\/rozewines.com\/de\/wp-json\/wp\/v2\/region?post=7283"},{"taxonomy":"size","embeddable":true,"href":"https:\/\/rozewines.com\/de\/wp-json\/wp\/v2\/size?post=7283"},{"taxonomy":"style","embeddable":true,"href":"https:\/\/rozewines.com\/de\/wp-json\/wp\/v2\/style?post=7283"},{"taxonomy":"technology","embeddable":true,"href":"https:\/\/rozewines.com\/de\/wp-json\/wp\/v2\/technology?post=7283"},{"taxonomy":"product_cat","embeddable":true,"href":"https:\/\/rozewines.com\/de\/wp-json\/wp\/v2\/product_cat?post=7283"},{"taxonomy":"product_tag","embeddable":true,"href":"https:\/\/rozewines.com\/de\/wp-json\/wp\/v2\/product_tag?post=7283"}],"curies":[{"name":"wp","href":"https:\/\/api.w.org\/{rel}","templated":true}]}}