{"id":6620,"date":"2024-09-15T16:56:31","date_gmt":"2024-09-15T16:56:31","guid":{"rendered":"https:\/\/rozewines.com\/delivery-terms-conditions\/"},"modified":"2025-12-13T20:31:06","modified_gmt":"2025-12-13T20:31:06","slug":"delivery-terms-conditions","status":"publish","type":"page","link":"https:\/\/rozewines.com\/en\/delivery-terms-conditions\/","title":{"rendered":"Delivery terms &amp; conditions"},"content":{"rendered":"\n<h3 class=\"wp-block-heading has-xl-font-size\" style=\"padding-bottom:var(--wp--preset--spacing--20)\"><strong>Delivery to Latvia, Lithuania, Estonia:<\/strong><\/h3>\n\n\n\n<p style=\"padding-top:var(--wp--preset--spacing--20);padding-bottom:var(--wp--preset--spacing--20)\"><strong>Omniva<\/strong>:<\/p>\n\n\n\n<ul>\n<li>Delivery Time: 1-2 Working Days<\/li>\n\n\n\n<li>Price: from 3.40 EUR<\/li>\n<\/ul>\n\n\n\n<p style=\"padding-top:var(--wp--preset--spacing--20);padding-bottom:var(--wp--preset--spacing--20)\"><strong>Wolt (Same-Day Deliveries only to Liep\u0101ja)<\/strong>:<\/p>\n\n\n\n<ul>\n<li>Delivery Time: Same Day<\/li>\n\n\n\n<li>Price: Free<\/li>\n\n\n\n<li>Find us on <a href=\"https:\/\/wolt.com\/lv\/lva\/liepaja\/venue\/roze-gourmet-shop\" target=\"_blank\" rel=\"noreferrer noopener\"><span style=\"color: #BFB162;\">Wolt<\/span><\/a><\/li>\n<\/ul>\n\n\n\n<p><\/p>\n\n\n\n<p style=\"padding-top:var(--wp--preset--spacing--20);padding-bottom:var(--wp--preset--spacing--20)\"><strong>UPS Express<\/strong>:<\/p>\n\n\n\n<ul>\n<li>Delivery Time: 5-6 Working Days<\/li>\n\n\n\n<li>Price: Calculated at checkout based on your shipping address<\/li>\n<\/ul>\n\n\n\n<p style=\"padding-top:var(--wp--preset--spacing--20);padding-bottom:var(--wp--preset--spacing--20)\"><strong>UPS Worldwide Saver<\/strong>:<\/p>\n\n\n\n<ul>\n<li>Delivery Time: 1-2 Working Days<\/li>\n\n\n\n<li>Price: Calculated at checkout based on your shipping address<\/li>\n<\/ul>\n\n\n\n<p><\/p>\n\n\n\n<h3 class=\"wp-block-heading has-xl-font-size\" style=\"padding-top:var(--wp--preset--spacing--60);padding-bottom:var(--wp--preset--spacing--20)\"><strong>Local Pickup:<\/strong><\/h3>\n\n\n\n<p style=\"padding-top:var(--wp--preset--spacing--20);padding-bottom:var(--wp--preset--spacing--20)\"><strong>Liep\u0101ja<\/strong>:<\/p>\n\n\n\n<ul>\n<li>Delivery Time: Same Day<\/li>\n\n\n\n<li>Price: Free<\/li>\n\n\n\n<li>Pickup Location: <a href=\"https:\/\/www.google.com\/maps\/place\/\/data=!4m2!3m1!1s0x46faa77dc381fdd7:0x8b73524330f8001e?sa=X&amp;ved=1t:8290&amp;ictx=111\" target=\"_blank\" rel=\"noreferrer noopener\"><span style=\"color: #BFB162;\">Kur\u0161u iela 10, Liep\u0101ja<\/span><\/a><\/li>\n<\/ul>\n\n\n\n<p style=\"padding-top:var(--wp--preset--spacing--20);padding-bottom:var(--wp--preset--spacing--20)\"><strong>R\u012bga<\/strong>:<\/p>\n\n\n\n<ul>\n<li>Delivery Time: Same Day<\/li>\n\n\n\n<li>Price: Free, *The quantity of goods may be limited by the sales representative.<\/li>\n\n\n\n<li>Sales Representative: +371 2 6518668<\/li>\n<\/ul>\n\n\n\n<div style=\"height:41px\" aria-hidden=\"true\" class=\"wp-block-spacer\"><\/div>\n\n\n\n<p><strong>CONSUMPTION OF ALCOHOL HAS NEGATIVE CONSEQUENCES. ALCOHOLIC DRINKS ARE PROHIBITED TO BE SOLD, PURCHASED, OR TRANSFERRED TO MINORS. SALE IS CARRIED OUT UNDER A SPECIAL PERMIT (LICENSE). DELIVERY OF ALCOHOLIC DRINKS IS PROHIBITED MON\u2013SAT BEFORE 10:00 AND AFTER 20:00, AND ON SUNDAYS BEFORE 10:00 AND AFTER 18:00.<\/strong><\/p>\n","protected":false},"excerpt":{"rendered":"<p>Delivery to Latvia, Lithuania, Estonia: Omniva: Wolt (Same-Day Deliveries only to Liep\u0101ja): UPS Express: UPS Worldwide Saver: Local Pickup: Liep\u0101ja: R\u012bga: CONSUMPTION OF ALCOHOL HAS NEGATIVE CONSEQUENCES. ALCOHOLIC DRINKS ARE PROHIBITED TO BE SOLD, PURCHASED, OR TRANSFERRED TO MINORS. SALE IS CARRIED OUT UNDER A SPECIAL PERMIT (LICENSE). DELIVERY OF ALCOHOLIC DRINKS IS PROHIBITED MON\u2013SAT &hellip; <a href=\"https:\/\/rozewines.com\/en\/delivery-terms-conditions\/\">Continued<\/a><\/p>\n","protected":false},"author":2,"featured_media":0,"parent":0,"menu_order":0,"comment_status":"closed","ping_status":"closed","template":"template-custom.blade.php","meta":{"_acf_changed":false,"footnotes":""},"acf":[],"ams_acf":[],"yoast_head":"<!-- This site is optimized with the Yoast SEO plugin v22.6 - https:\/\/yoast.com\/wordpress\/plugins\/seo\/ -->\n<title>Delivery terms &amp; conditions - Roze wines<\/title>\n<meta name=\"robots\" content=\"index, follow, max-snippet:-1, max-image-preview:large, max-video-preview:-1\" \/>\n<link rel=\"canonical\" href=\"https:\/\/rozewines.com\/en\/delivery-terms-conditions\/\" \/>\n<meta property=\"og:locale\" content=\"en_US\" \/>\n<meta property=\"og:type\" content=\"article\" \/>\n<meta property=\"og:title\" content=\"Delivery terms &amp; conditions - Roze wines\" \/>\n<meta property=\"og:description\" content=\"Delivery to Latvia, Lithuania, Estonia: Omniva: Wolt (Same-Day Deliveries only to Liep\u0101ja): UPS Express: UPS Worldwide Saver: Local Pickup: Liep\u0101ja: R\u012bga: CONSUMPTION OF ALCOHOL HAS NEGATIVE CONSEQUENCES. ALCOHOLIC DRINKS ARE PROHIBITED TO BE SOLD, PURCHASED, OR TRANSFERRED TO MINORS. SALE IS CARRIED OUT UNDER A SPECIAL PERMIT (LICENSE). DELIVERY OF ALCOHOLIC DRINKS IS PROHIBITED MON\u2013SAT &hellip; Continued\" \/>\n<meta property=\"og:url\" content=\"https:\/\/rozewines.com\/en\/delivery-terms-conditions\/\" \/>\n<meta property=\"og:site_name\" content=\"Roze wines\" \/>\n<meta property=\"article:modified_time\" content=\"2025-12-13T20:31:06+00:00\" \/>\n<meta name=\"twitter:card\" content=\"summary_large_image\" \/>\n<meta name=\"twitter:label1\" content=\"Est. reading time\" \/>\n\t<meta name=\"twitter:data1\" content=\"1 minute\" \/>\n<script type=\"application\/ld+json\" class=\"yoast-schema-graph\">{\"@context\":\"https:\/\/schema.org\",\"@graph\":[{\"@type\":\"WebPage\",\"@id\":\"https:\/\/rozewines.com\/en\/delivery-terms-conditions\/\",\"url\":\"https:\/\/rozewines.com\/en\/delivery-terms-conditions\/\",\"name\":\"Delivery terms &amp; conditions - Roze wines\",\"isPartOf\":{\"@id\":\"https:\/\/rozewines.com\/#website\"},\"datePublished\":\"2024-09-15T16:56:31+00:00\",\"dateModified\":\"2025-12-13T20:31:06+00:00\",\"breadcrumb\":{\"@id\":\"https:\/\/rozewines.com\/en\/delivery-terms-conditions\/#breadcrumb\"},\"inLanguage\":\"en-US\",\"potentialAction\":[{\"@type\":\"ReadAction\",\"target\":[\"https:\/\/rozewines.com\/en\/delivery-terms-conditions\/\"]}]},{\"@type\":\"BreadcrumbList\",\"@id\":\"https:\/\/rozewines.com\/en\/delivery-terms-conditions\/#breadcrumb\",\"itemListElement\":[{\"@type\":\"ListItem\",\"position\":1,\"name\":\"Home\",\"item\":\"https:\/\/rozewines.com\/en\/\"},{\"@type\":\"ListItem\",\"position\":2,\"name\":\"Delivery terms &amp; conditions\"}]},{\"@type\":\"WebSite\",\"@id\":\"https:\/\/rozewines.com\/#website\",\"url\":\"https:\/\/rozewines.com\/\",\"name\":\"Roze wines\",\"description\":\"\",\"publisher\":{\"@id\":\"https:\/\/rozewines.com\/#organization\"},\"potentialAction\":[{\"@type\":\"SearchAction\",\"target\":{\"@type\":\"EntryPoint\",\"urlTemplate\":\"https:\/\/rozewines.com\/?s={search_term_string}\"},\"query-input\":\"required name=search_term_string\"}],\"inLanguage\":\"en-US\"},{\"@type\":\"Organization\",\"@id\":\"https:\/\/rozewines.com\/#organization\",\"name\":\"Roze wines\",\"url\":\"https:\/\/rozewines.com\/\",\"logo\":{\"@type\":\"ImageObject\",\"inLanguage\":\"en-US\",\"@id\":\"https:\/\/rozewines.com\/#\/schema\/logo\/image\/\",\"url\":\"https:\/\/rozewines.com\/app\/uploads\/2024\/05\/logo.svg\",\"contentUrl\":\"https:\/\/rozewines.com\/app\/uploads\/2024\/05\/logo.svg\",\"width\":144,\"height\":68,\"caption\":\"Roze wines\"},\"image\":{\"@id\":\"https:\/\/rozewines.com\/#\/schema\/logo\/image\/\"}}]}<\/script>\n<!-- \/ Yoast SEO plugin. -->","yoast_head_json":{"title":"Delivery terms &amp; conditions - Roze wines","robots":{"index":"index","follow":"follow","max-snippet":"max-snippet:-1","max-image-preview":"max-image-preview:large","max-video-preview":"max-video-preview:-1"},"canonical":"https:\/\/rozewines.com\/en\/delivery-terms-conditions\/","og_locale":"en_US","og_type":"article","og_title":"Delivery terms &amp; conditions - Roze wines","og_description":"Delivery to Latvia, Lithuania, Estonia: Omniva: Wolt (Same-Day Deliveries only to Liep\u0101ja): UPS Express: UPS Worldwide Saver: Local Pickup: Liep\u0101ja: R\u012bga: CONSUMPTION OF ALCOHOL HAS NEGATIVE CONSEQUENCES. ALCOHOLIC DRINKS ARE PROHIBITED TO BE SOLD, PURCHASED, OR TRANSFERRED TO MINORS. SALE IS CARRIED OUT UNDER A SPECIAL PERMIT (LICENSE). DELIVERY OF ALCOHOLIC DRINKS IS PROHIBITED MON\u2013SAT &hellip; Continued","og_url":"https:\/\/rozewines.com\/en\/delivery-terms-conditions\/","og_site_name":"Roze wines","article_modified_time":"2025-12-13T20:31:06+00:00","twitter_card":"summary_large_image","twitter_misc":{"Est. reading time":"1 minute"},"schema":{"@context":"https:\/\/schema.org","@graph":[{"@type":"WebPage","@id":"https:\/\/rozewines.com\/en\/delivery-terms-conditions\/","url":"https:\/\/rozewines.com\/en\/delivery-terms-conditions\/","name":"Delivery terms &amp; conditions - Roze wines","isPartOf":{"@id":"https:\/\/rozewines.com\/#website"},"datePublished":"2024-09-15T16:56:31+00:00","dateModified":"2025-12-13T20:31:06+00:00","breadcrumb":{"@id":"https:\/\/rozewines.com\/en\/delivery-terms-conditions\/#breadcrumb"},"inLanguage":"en-US","potentialAction":[{"@type":"ReadAction","target":["https:\/\/rozewines.com\/en\/delivery-terms-conditions\/"]}]},{"@type":"BreadcrumbList","@id":"https:\/\/rozewines.com\/en\/delivery-terms-conditions\/#breadcrumb","itemListElement":[{"@type":"ListItem","position":1,"name":"Home","item":"https:\/\/rozewines.com\/en\/"},{"@type":"ListItem","position":2,"name":"Delivery terms &amp; conditions"}]},{"@type":"WebSite","@id":"https:\/\/rozewines.com\/#website","url":"https:\/\/rozewines.com\/","name":"Roze wines","description":"","publisher":{"@id":"https:\/\/rozewines.com\/#organization"},"potentialAction":[{"@type":"SearchAction","target":{"@type":"EntryPoint","urlTemplate":"https:\/\/rozewines.com\/?s={search_term_string}"},"query-input":"required name=search_term_string"}],"inLanguage":"en-US"},{"@type":"Organization","@id":"https:\/\/rozewines.com\/#organization","name":"Roze wines","url":"https:\/\/rozewines.com\/","logo":{"@type":"ImageObject","inLanguage":"en-US","@id":"https:\/\/rozewines.com\/#\/schema\/logo\/image\/","url":"https:\/\/rozewines.com\/app\/uploads\/2024\/05\/logo.svg","contentUrl":"https:\/\/rozewines.com\/app\/uploads\/2024\/05\/logo.svg","width":144,"height":68,"caption":"Roze wines"},"image":{"@id":"https:\/\/rozewines.com\/#\/schema\/logo\/image\/"}}]}},"_links":{"self":[{"href":"https:\/\/rozewines.com\/en\/wp-json\/wp\/v2\/pages\/6620"}],"collection":[{"href":"https:\/\/rozewines.com\/en\/wp-json\/wp\/v2\/pages"}],"about":[{"href":"https:\/\/rozewines.com\/en\/wp-json\/wp\/v2\/types\/page"}],"author":[{"embeddable":true,"href":"https:\/\/rozewines.com\/en\/wp-json\/wp\/v2\/users\/2"}],"replies":[{"embeddable":true,"href":"https:\/\/rozewines.com\/en\/wp-json\/wp\/v2\/comments?post=6620"}],"version-history":[{"count":14,"href":"https:\/\/rozewines.com\/en\/wp-json\/wp\/v2\/pages\/6620\/revisions"}],"predecessor-version":[{"id":8430,"href":"https:\/\/rozewines.com\/en\/wp-json\/wp\/v2\/pages\/6620\/revisions\/8430"}],"wp:attachment":[{"href":"https:\/\/rozewines.com\/en\/wp-json\/wp\/v2\/media?parent=6620"}],"curies":[{"name":"wp","href":"https:\/\/api.w.org\/{rel}","templated":true}]}}