{"id":3022,"date":"2024-05-09T00:20:53","date_gmt":"2024-05-09T00:20:53","guid":{"rendered":"https:\/\/rozewines.com\/product\/zangaura-saperavi-rose-2019\/"},"modified":"2024-12-20T11:54:47","modified_gmt":"2024-12-20T11:54:47","slug":"zangaura-saperavi-rose-2019","status":"publish","type":"product","link":"https:\/\/rozewines.com\/en\/product\/zangaura-saperavi-rose-2019\/","title":{"rendered":"Zangaura &#8211; Saperavi Rose"},"content":{"rendered":"<p>Zangaura &#8211; Saperavi Ros\u00e9 2019, a semi-dry ros\u00e9 wine cherished for its aromatic bouquet, balanced character, and refreshing fullness. Crafted with precision, this ros\u00e9 offers flavors and aromas. Immerse yourself in the enticing scents of ripe raspberry, juicy peach, tart cranberry, and melon. With its harmonious profile and invigorating freshness, each sip promises a delightful journey through the vineyards of Zangaura river banks.<\/p>\n","protected":false},"excerpt":{"rendered":"<p>Zangaura &#8211; Saperavi Ros\u00e9 2019, a semi-dry ros\u00e9 wine cherished for its aromatic bouquet, balanced character, and refreshing fullness. Crafted with precision, this ros\u00e9 offers flavors and aromas. Immerse yourself in the enticing scents of ripe raspberry, juicy peach, tart cranberry, and melon. With its harmonious profile and invigorating freshness, each sip promises a delightful &hellip; <a href=\"https:\/\/rozewines.com\/en\/product\/zangaura-saperavi-rose-2019\/\">Continued<\/a><\/p>\n","protected":false},"featured_media":1014,"comment_status":"closed","ping_status":"closed","template":"","meta":{"_acf_changed":false},"brand":[1791],"colour":[1131],"flavour":[818,862,871],"grape-variety":[1328],"harvest-year":[1151],"region":[1214],"size":[1596],"style":[1220],"technology":[1100],"product_cat":[15],"product_tag":[],"ams_default_variation_id":0,"ams_product_points_reward":[],"ams_product_discount_percentage":0,"ams_price_to_display":18,"acf":[],"ams_acf":[{"key":"food_pairings","label":"Food pairings","value":"Mixed pizza, Asian rolls"},{"key":"alcohol_percentage","label":"Alcohol percentage","value":"12%"},{"key":"details","label":"Details","value":{"":null,"acidity":"3","body":"2","sweetness":"2","tannin":"0"}}],"yoast_head":"<!-- This site is optimized with the Yoast SEO plugin v22.6 - https:\/\/yoast.com\/wordpress\/plugins\/seo\/ -->\n<title>Zangaura - Saperavi Rose - Roze wines<\/title>\n<meta name=\"robots\" content=\"index, follow, max-snippet:-1, max-image-preview:large, max-video-preview:-1\" \/>\n<link rel=\"canonical\" href=\"https:\/\/rozewines.com\/en\/product\/zangaura-saperavi-rose-2019\/\" \/>\n<meta property=\"og:locale\" content=\"en_US\" \/>\n<meta property=\"og:type\" content=\"article\" \/>\n<meta property=\"og:title\" content=\"Zangaura - Saperavi Rose - Roze wines\" \/>\n<meta property=\"og:description\" content=\"Zangaura &#8211; Saperavi Ros\u00e9 2019, a semi-dry ros\u00e9 wine cherished for its aromatic bouquet, balanced character, and refreshing fullness. Crafted with precision, this ros\u00e9 offers flavors and aromas. Immerse yourself in the enticing scents of ripe raspberry, juicy peach, tart cranberry, and melon. With its harmonious profile and invigorating freshness, each sip promises a delightful &hellip; Continued\" \/>\n<meta property=\"og:url\" content=\"https:\/\/rozewines.com\/en\/product\/zangaura-saperavi-rose-2019\/\" \/>\n<meta property=\"og:site_name\" content=\"Roze wines\" \/>\n<meta property=\"article:modified_time\" content=\"2024-12-20T11:54:47+00:00\" \/>\n<meta property=\"og:image\" content=\"https:\/\/rozewines.com\/app\/uploads\/2024\/04\/Zangaura-Saperavi-Rose-2019.jpg\" \/>\n\t<meta property=\"og:image:width\" content=\"2160\" \/>\n\t<meta property=\"og:image:height\" content=\"2160\" \/>\n\t<meta property=\"og:image:type\" content=\"image\/jpeg\" \/>\n<meta name=\"twitter:card\" content=\"summary_large_image\" \/>\n<meta name=\"twitter:label1\" content=\"Est. reading time\" \/>\n\t<meta name=\"twitter:data1\" content=\"1 minute\" \/>\n<script type=\"application\/ld+json\" class=\"yoast-schema-graph\">{\"@context\":\"https:\/\/schema.org\",\"@graph\":[{\"@type\":\"WebPage\",\"@id\":\"https:\/\/rozewines.com\/en\/product\/zangaura-saperavi-rose-2019\/\",\"url\":\"https:\/\/rozewines.com\/en\/product\/zangaura-saperavi-rose-2019\/\",\"name\":\"Zangaura - Saperavi Rose - Roze wines\",\"isPartOf\":{\"@id\":\"https:\/\/rozewines.com\/#website\"},\"primaryImageOfPage\":{\"@id\":\"https:\/\/rozewines.com\/en\/product\/zangaura-saperavi-rose-2019\/#primaryimage\"},\"image\":{\"@id\":\"https:\/\/rozewines.com\/en\/product\/zangaura-saperavi-rose-2019\/#primaryimage\"},\"thumbnailUrl\":\"https:\/\/rozewines.com\/app\/uploads\/2024\/04\/Zangaura-Saperavi-Rose-2019.jpg\",\"datePublished\":\"2024-05-09T00:20:53+00:00\",\"dateModified\":\"2024-12-20T11:54:47+00:00\",\"breadcrumb\":{\"@id\":\"https:\/\/rozewines.com\/en\/product\/zangaura-saperavi-rose-2019\/#breadcrumb\"},\"inLanguage\":\"en-US\",\"potentialAction\":[{\"@type\":\"ReadAction\",\"target\":[\"https:\/\/rozewines.com\/en\/product\/zangaura-saperavi-rose-2019\/\"]}]},{\"@type\":\"ImageObject\",\"inLanguage\":\"en-US\",\"@id\":\"https:\/\/rozewines.com\/en\/product\/zangaura-saperavi-rose-2019\/#primaryimage\",\"url\":\"https:\/\/rozewines.com\/app\/uploads\/2024\/04\/Zangaura-Saperavi-Rose-2019.jpg\",\"contentUrl\":\"https:\/\/rozewines.com\/app\/uploads\/2024\/04\/Zangaura-Saperavi-Rose-2019.jpg\",\"width\":2160,\"height\":2160},{\"@type\":\"BreadcrumbList\",\"@id\":\"https:\/\/rozewines.com\/en\/product\/zangaura-saperavi-rose-2019\/#breadcrumb\",\"itemListElement\":[{\"@type\":\"ListItem\",\"position\":1,\"name\":\"Home\",\"item\":\"https:\/\/rozewines.com\/en\/\"},{\"@type\":\"ListItem\",\"position\":2,\"name\":\"Our wine\",\"item\":\"https:\/\/rozewines.com\/en\/wine\/\"},{\"@type\":\"ListItem\",\"position\":3,\"name\":\"Zangaura &#8211; Saperavi Rose\"}]},{\"@type\":\"WebSite\",\"@id\":\"https:\/\/rozewines.com\/#website\",\"url\":\"https:\/\/rozewines.com\/\",\"name\":\"Roze wines\",\"description\":\"\",\"publisher\":{\"@id\":\"https:\/\/rozewines.com\/#organization\"},\"potentialAction\":[{\"@type\":\"SearchAction\",\"target\":{\"@type\":\"EntryPoint\",\"urlTemplate\":\"https:\/\/rozewines.com\/?s={search_term_string}\"},\"query-input\":\"required name=search_term_string\"}],\"inLanguage\":\"en-US\"},{\"@type\":\"Organization\",\"@id\":\"https:\/\/rozewines.com\/#organization\",\"name\":\"Roze wines\",\"url\":\"https:\/\/rozewines.com\/\",\"logo\":{\"@type\":\"ImageObject\",\"inLanguage\":\"en-US\",\"@id\":\"https:\/\/rozewines.com\/#\/schema\/logo\/image\/\",\"url\":\"https:\/\/rozewines.com\/app\/uploads\/2024\/05\/logo.svg\",\"contentUrl\":\"https:\/\/rozewines.com\/app\/uploads\/2024\/05\/logo.svg\",\"width\":144,\"height\":68,\"caption\":\"Roze wines\"},\"image\":{\"@id\":\"https:\/\/rozewines.com\/#\/schema\/logo\/image\/\"}}]}<\/script>\n<!-- \/ Yoast SEO plugin. -->","yoast_head_json":{"title":"Zangaura - Saperavi Rose - Roze wines","robots":{"index":"index","follow":"follow","max-snippet":"max-snippet:-1","max-image-preview":"max-image-preview:large","max-video-preview":"max-video-preview:-1"},"canonical":"https:\/\/rozewines.com\/en\/product\/zangaura-saperavi-rose-2019\/","og_locale":"en_US","og_type":"article","og_title":"Zangaura - Saperavi Rose - Roze wines","og_description":"Zangaura &#8211; Saperavi Ros\u00e9 2019, a semi-dry ros\u00e9 wine cherished for its aromatic bouquet, balanced character, and refreshing fullness. Crafted with precision, this ros\u00e9 offers flavors and aromas. Immerse yourself in the enticing scents of ripe raspberry, juicy peach, tart cranberry, and melon. With its harmonious profile and invigorating freshness, each sip promises a delightful &hellip; Continued","og_url":"https:\/\/rozewines.com\/en\/product\/zangaura-saperavi-rose-2019\/","og_site_name":"Roze wines","article_modified_time":"2024-12-20T11:54:47+00:00","og_image":[{"width":2160,"height":2160,"url":"https:\/\/rozewines.com\/app\/uploads\/2024\/04\/Zangaura-Saperavi-Rose-2019.jpg","type":"image\/jpeg"}],"twitter_card":"summary_large_image","twitter_misc":{"Est. reading time":"1 minute"},"schema":{"@context":"https:\/\/schema.org","@graph":[{"@type":"WebPage","@id":"https:\/\/rozewines.com\/en\/product\/zangaura-saperavi-rose-2019\/","url":"https:\/\/rozewines.com\/en\/product\/zangaura-saperavi-rose-2019\/","name":"Zangaura - Saperavi Rose - Roze wines","isPartOf":{"@id":"https:\/\/rozewines.com\/#website"},"primaryImageOfPage":{"@id":"https:\/\/rozewines.com\/en\/product\/zangaura-saperavi-rose-2019\/#primaryimage"},"image":{"@id":"https:\/\/rozewines.com\/en\/product\/zangaura-saperavi-rose-2019\/#primaryimage"},"thumbnailUrl":"https:\/\/rozewines.com\/app\/uploads\/2024\/04\/Zangaura-Saperavi-Rose-2019.jpg","datePublished":"2024-05-09T00:20:53+00:00","dateModified":"2024-12-20T11:54:47+00:00","breadcrumb":{"@id":"https:\/\/rozewines.com\/en\/product\/zangaura-saperavi-rose-2019\/#breadcrumb"},"inLanguage":"en-US","potentialAction":[{"@type":"ReadAction","target":["https:\/\/rozewines.com\/en\/product\/zangaura-saperavi-rose-2019\/"]}]},{"@type":"ImageObject","inLanguage":"en-US","@id":"https:\/\/rozewines.com\/en\/product\/zangaura-saperavi-rose-2019\/#primaryimage","url":"https:\/\/rozewines.com\/app\/uploads\/2024\/04\/Zangaura-Saperavi-Rose-2019.jpg","contentUrl":"https:\/\/rozewines.com\/app\/uploads\/2024\/04\/Zangaura-Saperavi-Rose-2019.jpg","width":2160,"height":2160},{"@type":"BreadcrumbList","@id":"https:\/\/rozewines.com\/en\/product\/zangaura-saperavi-rose-2019\/#breadcrumb","itemListElement":[{"@type":"ListItem","position":1,"name":"Home","item":"https:\/\/rozewines.com\/en\/"},{"@type":"ListItem","position":2,"name":"Our wine","item":"https:\/\/rozewines.com\/en\/wine\/"},{"@type":"ListItem","position":3,"name":"Zangaura &#8211; Saperavi Rose"}]},{"@type":"WebSite","@id":"https:\/\/rozewines.com\/#website","url":"https:\/\/rozewines.com\/","name":"Roze wines","description":"","publisher":{"@id":"https:\/\/rozewines.com\/#organization"},"potentialAction":[{"@type":"SearchAction","target":{"@type":"EntryPoint","urlTemplate":"https:\/\/rozewines.com\/?s={search_term_string}"},"query-input":"required name=search_term_string"}],"inLanguage":"en-US"},{"@type":"Organization","@id":"https:\/\/rozewines.com\/#organization","name":"Roze wines","url":"https:\/\/rozewines.com\/","logo":{"@type":"ImageObject","inLanguage":"en-US","@id":"https:\/\/rozewines.com\/#\/schema\/logo\/image\/","url":"https:\/\/rozewines.com\/app\/uploads\/2024\/05\/logo.svg","contentUrl":"https:\/\/rozewines.com\/app\/uploads\/2024\/05\/logo.svg","width":144,"height":68,"caption":"Roze wines"},"image":{"@id":"https:\/\/rozewines.com\/#\/schema\/logo\/image\/"}}]}},"_links":{"self":[{"href":"https:\/\/rozewines.com\/en\/wp-json\/wp\/v2\/product\/3022"}],"collection":[{"href":"https:\/\/rozewines.com\/en\/wp-json\/wp\/v2\/product"}],"about":[{"href":"https:\/\/rozewines.com\/en\/wp-json\/wp\/v2\/types\/product"}],"replies":[{"embeddable":true,"href":"https:\/\/rozewines.com\/en\/wp-json\/wp\/v2\/comments?post=3022"}],"wp:featuredmedia":[{"embeddable":true,"href":"https:\/\/rozewines.com\/en\/wp-json\/wp\/v2\/media\/1014"}],"wp:attachment":[{"href":"https:\/\/rozewines.com\/en\/wp-json\/wp\/v2\/media?parent=3022"}],"wp:term":[{"taxonomy":"brand","embeddable":true,"href":"https:\/\/rozewines.com\/en\/wp-json\/wp\/v2\/brand?post=3022"},{"taxonomy":"colour","embeddable":true,"href":"https:\/\/rozewines.com\/en\/wp-json\/wp\/v2\/colour?post=3022"},{"taxonomy":"flavour","embeddable":true,"href":"https:\/\/rozewines.com\/en\/wp-json\/wp\/v2\/flavour?post=3022"},{"taxonomy":"grape-variety","embeddable":true,"href":"https:\/\/rozewines.com\/en\/wp-json\/wp\/v2\/grape-variety?post=3022"},{"taxonomy":"harvest-year","embeddable":true,"href":"https:\/\/rozewines.com\/en\/wp-json\/wp\/v2\/harvest-year?post=3022"},{"taxonomy":"region","embeddable":true,"href":"https:\/\/rozewines.com\/en\/wp-json\/wp\/v2\/region?post=3022"},{"taxonomy":"size","embeddable":true,"href":"https:\/\/rozewines.com\/en\/wp-json\/wp\/v2\/size?post=3022"},{"taxonomy":"style","embeddable":true,"href":"https:\/\/rozewines.com\/en\/wp-json\/wp\/v2\/style?post=3022"},{"taxonomy":"technology","embeddable":true,"href":"https:\/\/rozewines.com\/en\/wp-json\/wp\/v2\/technology?post=3022"},{"taxonomy":"product_cat","embeddable":true,"href":"https:\/\/rozewines.com\/en\/wp-json\/wp\/v2\/product_cat?post=3022"},{"taxonomy":"product_tag","embeddable":true,"href":"https:\/\/rozewines.com\/en\/wp-json\/wp\/v2\/product_tag?post=3022"}],"curies":[{"name":"wp","href":"https:\/\/api.w.org\/{rel}","templated":true}]}}